{"id":884,"date":"2012-10-14T10:33:38","date_gmt":"2012-10-14T10:33:38","guid":{"rendered":"https:\/\/www.deutsche-gesellschaft-fuer-ordenskunde.de\/DGOWP\/?page_id=884"},"modified":"2017-01-29T11:58:38","modified_gmt":"2017-01-29T11:58:38","slug":"wie-werden-orden-und-ehrenzeichen-bewertet","status":"publish","type":"page","link":"https:\/\/www.deutsche-gesellschaft-fuer-ordenskunde.de\/DGOWP\/dgo\/wie-werden-orden-und-ehrenzeichen-bewertet\/","title":{"rendered":"Wie werden Orden und Ehrenzeichen bewertet?"},"content":{"rendered":"<h1 style=\"text-align: left;\">Wie werden Orden und Ehrenzeichen bewertet?<\/h1>\n<p style=\"text-align: left;\">Seitdem es Orden und Ehrenzeichen gibt unterlagen sie schon immer einer gewissen (Be-) Wertung. Urspr\u00fcnglich nur einem kleinen, ganz bestimmten Personenkreis zugedacht, oder nur f\u00fcr bestimmte Taten oder sehr eng begrenzte Anl\u00e4sse ausgegeben, wandelten sich einige Ehrenzeichen, besonders in der j\u00fcngeren Geschichte Deutschlands, teils zu einer Standartauszeichnung f\u00fcr jedermann.<\/p>\n<figure id=\"attachment_887\" aria-describedby=\"caption-attachment-887\" style=\"width: 195px\" class=\"wp-caption alignleft\"><a href=\"https:\/\/www.deutsche-gesellschaft-fuer-ordenskunde.de\/DGOWP\/wp-content\/uploads\/2012\/10\/P1030001a1.jpg\"><img loading=\"lazy\" decoding=\"async\" class=\"size-medium wp-image-887\" src=\"https:\/\/www.deutsche-gesellschaft-fuer-ordenskunde.de\/DGOWP\/wp-content\/uploads\/2012\/10\/P1030001a1-195x300.jpg\" alt=\"Z\u00e4hringerL\u00f6we\" width=\"195\" height=\"300\" srcset=\"https:\/\/www.deutsche-gesellschaft-fuer-ordenskunde.de\/DGOWP\/wp-content\/uploads\/2012\/10\/P1030001a1-195x300.jpg 195w, https:\/\/www.deutsche-gesellschaft-fuer-ordenskunde.de\/DGOWP\/wp-content\/uploads\/2012\/10\/P1030001a1.jpg 400w\" sizes=\"auto, (max-width: 195px) 100vw, 195px\" \/><\/a><figcaption id=\"caption-attachment-887\" class=\"wp-caption-text\">Orden vom Z\u00e4hringer L\u00f6wen (Baden)<br \/>Ritterkreuz 1. Klasse mit Eichenlaub<\/figcaption><\/figure>\n<figure id=\"attachment_888\" aria-describedby=\"caption-attachment-888\" style=\"width: 194px\" class=\"wp-caption alignright\"><a href=\"https:\/\/www.deutsche-gesellschaft-fuer-ordenskunde.de\/DGOWP\/wp-content\/uploads\/2012\/10\/P1030002a.jpg\"><img loading=\"lazy\" decoding=\"async\" class=\"size-medium wp-image-888\" src=\"https:\/\/www.deutsche-gesellschaft-fuer-ordenskunde.de\/DGOWP\/wp-content\/uploads\/2012\/10\/P1030002a-194x300.jpg\" alt=\"Z\u00e4hringerL\u00f6weR\" width=\"194\" height=\"300\" srcset=\"https:\/\/www.deutsche-gesellschaft-fuer-ordenskunde.de\/DGOWP\/wp-content\/uploads\/2012\/10\/P1030002a-194x300.jpg 194w, https:\/\/www.deutsche-gesellschaft-fuer-ordenskunde.de\/DGOWP\/wp-content\/uploads\/2012\/10\/P1030002a.jpg 400w\" sizes=\"auto, (max-width: 194px) 100vw, 194px\" \/><\/a><figcaption id=\"caption-attachment-888\" class=\"wp-caption-text\">Orden vom Z\u00e4hringer L\u00f6wen (Baden)<br \/>Ritterkreuz 1. Klasse mit Eichenlaub<\/figcaption><\/figure>\n<p style=\"text-align: left;\">\n<p style=\"text-align: left;\">\n<p style=\"text-align: left;\">\n<p style=\"text-align: left;\">\n<p style=\"text-align: left;\">\n<p style=\"text-align: left;\">\n<p style=\"text-align: left;\">\n<p style=\"text-align: left;\">\n<p style=\"text-align: left;\">\n<p style=\"text-align: left;\">Je weiter aber ein Ehrenzeichen in die Masse gestreut, je h\u00e4ufiger es verliehen oder verteilt wurde, desto geringer ist allerdings seine allgemeine Wertsch\u00e4tzung, da es sich dann vom Besonderen in etwas ganz allt\u00e4gliches verwandelt. Auch das Ehrenzeichen selbst verliert meist in einem solchen Falle, schon allein aus seiner massenhaften Herstellung heraus, deutlich an Wert.<br \/>\nWurden bei der Herstellung von hohen und nur selten verliehenen Auszeichnungen oftmals nur Edelmetalle, ja sogar Edelsteine verarbeitet und diese in meisterlicher Handarbeit h\u00f6chst dekorativ in ihre entsprechende Form gebracht, so kamen, nicht zuletzt zur Reduzierung der Herstellungskosten insgesamt, f\u00fcr Massenauszeichnungen, oft nur einfache Materialien und eine maschinelle Anfertigung in Frage.<\/p>\n<p style=\"text-align: left;\">Dies allein macht aber nicht in jedem Fall den Wert einer Auszeichnung aus. Vielmehr ist dieser von verschiedenen Faktoren abh\u00e4ngig. So muss zur Bewertung einer ganz bestimmten Auszeichnung immer hinterfragt werden, aus welchen Beweggr\u00fcnden sie heraus hergestellt und verliehen wurde, an wen die Verleihung stattfand und welche Person die Auszeichnung wann verliehen hatte. Dazu muss man auch eingrenzen wie viele dieser Auszeichnungen heute noch existieren k\u00f6nnten, ob es sich um ein Verleihungsst\u00fcck oder ein Ersatzst\u00fcck handelt und ob eine Verleihungsurkunde oder ein Etui mit dazu geh\u00f6rt. Auch das Ansehen einer Auszeichnung in der Bev\u00f6lkerung kann ihren Wert beeinflussen. Dieser Punkt tritt jedoch in unserer heutigen Gesellschaft meist zur\u00fcck. Fr\u00fcher waren teils Ehrenbezeugungen der Schildwachen, ein Ehrensold, Titel oder andere Privilegien mit der Verleihung einer Auszeichnung verbunden. Dies ist heute nur noch selten der Fall. Oftmals werden heute Auszeichnungen sogar nur noch selten in der \u00d6ffentlichkeit getragen; und wenn, dann in aller Regel nur als Miniatur.<\/p>\n<p style=\"text-align: left;\">Aber auch der ideelle Wert einer Auszeichnung, der oft nur beim Ausgezeichneten selbst oder bei seinen Angeh\u00f6rigen von Bedeutung ist, kann ihren monet\u00e4ren Wert beeinflussen.<br \/>\nEs kommt letztlich also nicht darauf an wie teuer eine Auszeichnung bei seiner Herstellung war; vielmehr muss man besonders bei historischen Auszeichnungen alles \u00fcberblicken, was die Auszeichnung ausmacht. Und das ist nicht immer einfach!<\/p>\n<p style=\"text-align: left;\">Um hier f\u00fcr etwas mehr Information zu sorgen gibt es Bewertungskataloge in denen sich der Wert der meisten Auszeichnungen nachschlagen l\u00e4sst und so immerhin einen ersten Anhalt bieten um wenigstens den monet\u00e4ren Wert einer Auszeichnung einsch\u00e4tzen zu k\u00f6nnen. Dabei sollte aber beachtet werden, dass diese Werte nur eine Richtschnur darstellen. Oftmals weichen die Katalogpreise dann bei Auktionen und in Fachgesch\u00e4ften eklatant ab, was im Grunde aber nicht zu beanstanden w\u00e4re, da sich letztlich die Verkaufspreise wie \u00fcberall auch immer nach dem Angebot und der Nachfrage, sowie nach dem Erhaltungsgrad und dem mitgelieferten Zubeh\u00f6r richten. Deshalb sollte es selbstverst\u00e4ndlich sein, dass Auszeichnungen aus Edelmetall immer einen wesentlich h\u00f6heren Wert erzielen als es nur der reine Materialwert ausmacht. Ebenso sollte es aber genauso selbstverst\u00e4ndlich sein, dass Auszeichnungen aus geringwertigen Materialien einen deutlich h\u00f6heren Wert erzielen k\u00f6nnen, als die gleichen (oder anderen) Auszeichnungen aus Edelmetall.<\/p>\n<p style=\"text-align: left;\">Die Nachfrage an Orden und Ehrenzeichen ist in den letzten Jahren durch \u00d6ffnung des Marktes und fallen von Grenzen immer weiter gestiegen. Wenn man aber einmal einen Bezug zur Seltenheit einer Auszeichnung hergestellt hat und diese dann mit einem \u00e4hnlich seltenen Sammlungsst\u00fcck aus den Gebieten der Philatelie (Briefmarkenkunde) oder der Numismatik (M\u00fcnzkunde) vergleicht kann man erkennen, dass auf dem Gebiete der Phaleristik (Ordenskunde) nicht immer Hochpreise zu bezahlen sind.<br \/>\nVon gewissen Schwankungen einmal abgesehen kann festgestellt werden, dass sich der Wert einer Auszeichnung innerhalb der letzten Jahrzehnte nach oben hin entwickelt hat. Damit man sich davon ein Bild machen kann in welcher Gr\u00f6\u00dfenordnung dies bisher geschehen ist, sollen hier beispielhaft einige Auszeichnungen und die daf\u00fcr im Handel durchschnittlich erzielten Verkaufserl\u00f6se aufgezeigt werden. Als Beispiele sollen hier Auszeichnungen dienen, die jeder Sammler aufgrund ihrer H\u00e4ufigkeit immer mal wieder erwerben kann.<\/p>\n<figure id=\"attachment_885\" aria-describedby=\"caption-attachment-885\" style=\"width: 300px\" class=\"wp-caption aligncenter\"><a href=\"https:\/\/www.deutsche-gesellschaft-fuer-ordenskunde.de\/DGOWP\/wp-content\/uploads\/2012\/10\/Preise.jpg\"><img loading=\"lazy\" decoding=\"async\" class=\"wp-image-885 \" title=\"Preisentwicklung\" src=\"https:\/\/www.deutsche-gesellschaft-fuer-ordenskunde.de\/DGOWP\/wp-content\/uploads\/2012\/10\/Preise-300x207.jpg\" alt=\"Preisentwicklung\" width=\"300\" height=\"207\" srcset=\"https:\/\/www.deutsche-gesellschaft-fuer-ordenskunde.de\/DGOWP\/wp-content\/uploads\/2012\/10\/Preise-300x207.jpg 300w, https:\/\/www.deutsche-gesellschaft-fuer-ordenskunde.de\/DGOWP\/wp-content\/uploads\/2012\/10\/Preise-433x300.jpg 433w, https:\/\/www.deutsche-gesellschaft-fuer-ordenskunde.de\/DGOWP\/wp-content\/uploads\/2012\/10\/Preise.jpg 707w\" sizes=\"auto, (max-width: 300px) 100vw, 300px\" \/><\/a><figcaption id=\"caption-attachment-885\" class=\"wp-caption-text\">Entwicklung der Preise bei Orden zwischen 1970 und 2012<\/figcaption><\/figure>\n<figure id=\"attachment_886\" aria-describedby=\"caption-attachment-886\" style=\"width: 300px\" class=\"wp-caption aligncenter\"><a href=\"https:\/\/www.deutsche-gesellschaft-fuer-ordenskunde.de\/DGOWP\/wp-content\/uploads\/2012\/10\/Preise2.jpg\"><img loading=\"lazy\" decoding=\"async\" class=\"wp-image-886 \" title=\"Preisentwicklung2\" src=\"https:\/\/www.deutsche-gesellschaft-fuer-ordenskunde.de\/DGOWP\/wp-content\/uploads\/2012\/10\/Preise2-300x221.jpg\" alt=\"Preisentwicklung2\" width=\"300\" height=\"221\" srcset=\"https:\/\/www.deutsche-gesellschaft-fuer-ordenskunde.de\/DGOWP\/wp-content\/uploads\/2012\/10\/Preise2-300x221.jpg 300w, https:\/\/www.deutsche-gesellschaft-fuer-ordenskunde.de\/DGOWP\/wp-content\/uploads\/2012\/10\/Preise2-405x300.jpg 405w, https:\/\/www.deutsche-gesellschaft-fuer-ordenskunde.de\/DGOWP\/wp-content\/uploads\/2012\/10\/Preise2.jpg 632w\" sizes=\"auto, (max-width: 300px) 100vw, 300px\" \/><\/a><figcaption id=\"caption-attachment-886\" class=\"wp-caption-text\">Entwicklung der Preise bundesrepublikanischer Auszeichnungen zwischen 1980 und 2012<\/figcaption><\/figure>\n<p style=\"text-align: left;\">Bei heute g\u00fcltigen Orden und Ehrenzeichen lohnt es sich oft nach Auszeichnungen aus privater Hand zu suchen. Aufgrund der immer weiter steigenden Herstellungskosten bei Firmen und Betrieben kann man von Privat solche Auszeichnungen oft zu Summen erwerben, die unter den Verkaufspreisen der Herstellerfirmen liegen.<\/p>\n<p style=\"text-align: left;\">Trotz aller Preissteigerungen muss man aber positiv bedenken, dass das Institut der Deutschen Wirtschaft (IW) in einer Analyse festgestellt hat, dass sich die allgemeinen Preise seit dem Jahr 1950 zwar verf\u00fcnffacht haben, parallel dazu aber die Nettoverdienste um das 25-fache gestiegen sind. Unter diesem Betrachtungswinkel l\u00e4sst sich anf\u00fchren, dass Waren, die nicht (nur) von steigenden Material- und Lohnkosten abh\u00e4ngig sind, wie eben historische Auszeichnungen, in den vergangenen 60 Jahren im Verh\u00e4ltnis zum Einkommen deutlich billiger geworden sind. Grundlage daf\u00fcr ist der Durchschnitts-Nettoverdienst, der im Jahre 1950 bei umgerechnet 0,56 \u20ac pro Stunde und im Jahre 2009 bei 14,05 \u20ac pro Stunde lag.<\/p>\n<figure id=\"attachment_889\" aria-describedby=\"caption-attachment-889\" style=\"width: 300px\" class=\"wp-caption aligncenter\"><a href=\"https:\/\/www.deutsche-gesellschaft-fuer-ordenskunde.de\/DGOWP\/wp-content\/uploads\/2012\/10\/Bild3.jpg\"><img loading=\"lazy\" decoding=\"async\" class=\"wp-image-889 \" title=\"BayerischerVO\" src=\"https:\/\/www.deutsche-gesellschaft-fuer-ordenskunde.de\/DGOWP\/wp-content\/uploads\/2012\/10\/Bild3-300x224.jpg\" alt=\"BayerischerVO\" width=\"300\" height=\"224\" srcset=\"https:\/\/www.deutsche-gesellschaft-fuer-ordenskunde.de\/DGOWP\/wp-content\/uploads\/2012\/10\/Bild3-300x224.jpg 300w, https:\/\/www.deutsche-gesellschaft-fuer-ordenskunde.de\/DGOWP\/wp-content\/uploads\/2012\/10\/Bild3-400x300.jpg 400w, https:\/\/www.deutsche-gesellschaft-fuer-ordenskunde.de\/DGOWP\/wp-content\/uploads\/2012\/10\/Bild3.jpg 625w\" sizes=\"auto, (max-width: 300px) 100vw, 300px\" \/><\/a><figcaption id=\"caption-attachment-889\" class=\"wp-caption-text\">Bundesland Bayern:<br \/>Bayerischer Verdienstorden (Damenausf\u00fchrung)<\/figcaption><\/figure>\n<p style=\"text-align: left;\">Wenn Sie mehr \u00fcber die Phaleristik erfahren wollen, wenden Sie sich an die Deutsche Gesellschaft f\u00fcr Ordenskunde e.V. (DGO) oder werden Sie Mitglied bei uns. Hinweise wie Sie bei uns Mitglied werden k\u00f6nnen finden Sie unter dem Men\u00fcpunkt<a href=\"https:\/\/www.deutsche-gesellschaft-fuer-ordenskunde.de\/DGOWP\/mitglieder\/\"> Mitglied werden<\/a>.<\/p>\n","protected":false},"excerpt":{"rendered":"<p>Wie werden Orden und Ehrenzeichen bewertet? Seitdem es Orden und Ehrenzeichen gibt unterlagen sie schon immer einer gewissen (Be-) Wertung. Urspr\u00fcnglich nur einem kleinen, ganz bestimmten Personenkreis zugedacht, oder nur f\u00fcr bestimmte Taten oder sehr eng begrenzte Anl\u00e4sse ausgegeben, wandelten sich einige Ehrenzeichen, besonders in der j\u00fcngeren Geschichte Deutschlands, teils zu einer Standartauszeichnung f\u00fcr jedermann. &hellip; <\/p>\n<p class=\"link-more\"><a href=\"https:\/\/www.deutsche-gesellschaft-fuer-ordenskunde.de\/DGOWP\/dgo\/wie-werden-orden-und-ehrenzeichen-bewertet\/\" class=\"more-link\"><span class=\"screen-reader-text\">\u201eWie werden Orden und Ehrenzeichen bewertet?\u201c <\/span>weiterlesen<\/a><\/p>\n","protected":false},"author":2,"featured_media":0,"parent":28,"menu_order":0,"comment_status":"closed","ping_status":"closed","template":"","meta":{"ngg_post_thumbnail":0,"footnotes":""},"class_list":["post-884","page","type-page","status-publish","hentry"],"_links":{"self":[{"href":"https:\/\/www.deutsche-gesellschaft-fuer-ordenskunde.de\/DGOWP\/wp-json\/wp\/v2\/pages\/884","targetHints":{"allow":["GET"]}}],"collection":[{"href":"https:\/\/www.deutsche-gesellschaft-fuer-ordenskunde.de\/DGOWP\/wp-json\/wp\/v2\/pages"}],"about":[{"href":"https:\/\/www.deutsche-gesellschaft-fuer-ordenskunde.de\/DGOWP\/wp-json\/wp\/v2\/types\/page"}],"author":[{"embeddable":true,"href":"https:\/\/www.deutsche-gesellschaft-fuer-ordenskunde.de\/DGOWP\/wp-json\/wp\/v2\/users\/2"}],"replies":[{"embeddable":true,"href":"https:\/\/www.deutsche-gesellschaft-fuer-ordenskunde.de\/DGOWP\/wp-json\/wp\/v2\/comments?post=884"}],"version-history":[{"count":0,"href":"https:\/\/www.deutsche-gesellschaft-fuer-ordenskunde.de\/DGOWP\/wp-json\/wp\/v2\/pages\/884\/revisions"}],"up":[{"embeddable":true,"href":"https:\/\/www.deutsche-gesellschaft-fuer-ordenskunde.de\/DGOWP\/wp-json\/wp\/v2\/pages\/28"}],"wp:attachment":[{"href":"https:\/\/www.deutsche-gesellschaft-fuer-ordenskunde.de\/DGOWP\/wp-json\/wp\/v2\/media?parent=884"}],"curies":[{"name":"wp","href":"https:\/\/api.w.org\/{rel}","templated":true}]}}