{"id":815,"date":"2012-10-07T21:51:15","date_gmt":"2012-10-07T21:51:15","guid":{"rendered":"https:\/\/www.deutsche-gesellschaft-fuer-ordenskunde.de\/DGOWP\/?page_id=815"},"modified":"2017-01-29T11:54:38","modified_gmt":"2017-01-29T11:54:38","slug":"wie-schutzt-man-sich-vor-falschungen","status":"publish","type":"page","link":"https:\/\/www.deutsche-gesellschaft-fuer-ordenskunde.de\/DGOWP\/dgo\/wie-schutzt-man-sich-vor-falschungen\/","title":{"rendered":"Wie sch\u00fctzt man sich vor F\u00e4lschungen?"},"content":{"rendered":"<h1 style=\"text-align: left;\">Wie sch\u00fctzt man sich vor F\u00e4lschungen?<\/h1>\n<p style=\"text-align: left;\">Diese Frage besteht oder bestand schon so lange, wie sich Menschen mit dem Sammeln besch\u00e4ftigen.<\/p>\n<p style=\"text-align: left;\">Unter einer F\u00e4lschung versteht man eine Anfertigung die den Anschein erwecken soll, dass es sich dabei um ein originalen Orden oder ein originales Ehrenzeichen aus der Verleihungszeit handelt, welches es aber nicht ist und zum Schaden des Sammlers angefertigt wurde um ihn zu t\u00e4uschen. Zweck dieser F\u00e4lschung ist in aller Regel der Umstand, dass sich die Hersteller der F\u00e4lschungen auf unlauterem Wege in der Form bereichern, dass sie die F\u00e4lschung unter Einsatz von geringen Mitteln anfertigen lassen und danach gewinnbringend ver\u00e4u\u00dfern.<\/p>\n<figure id=\"attachment_816\" aria-describedby=\"caption-attachment-816\" style=\"width: 300px\" class=\"wp-caption aligncenter\"><a href=\"https:\/\/www.deutsche-gesellschaft-fuer-ordenskunde.de\/DGOWP\/wp-content\/uploads\/2012\/10\/1870.jpg\"><img loading=\"lazy\" decoding=\"async\" class=\"size-medium wp-image-816\" title=\"1870\" src=\"https:\/\/www.deutsche-gesellschaft-fuer-ordenskunde.de\/DGOWP\/wp-content\/uploads\/2012\/10\/1870-300x203.jpg\" alt=\"\" width=\"300\" height=\"203\" srcset=\"https:\/\/www.deutsche-gesellschaft-fuer-ordenskunde.de\/DGOWP\/wp-content\/uploads\/2012\/10\/1870-300x203.jpg 300w, https:\/\/www.deutsche-gesellschaft-fuer-ordenskunde.de\/DGOWP\/wp-content\/uploads\/2012\/10\/1870-441x300.jpg 441w, https:\/\/www.deutsche-gesellschaft-fuer-ordenskunde.de\/DGOWP\/wp-content\/uploads\/2012\/10\/1870.jpg 756w\" sizes=\"auto, (max-width: 300px) 100vw, 300px\" \/><\/a><figcaption id=\"caption-attachment-816\" class=\"wp-caption-text\">Eisernes Kreuz 2. Klasse von 1870<br \/>Links: F\u00e4lschung<br \/>Rechts: Original<\/figcaption><\/figure>\n<p style=\"text-align: left;\">Oftmals kann ein erfahrender Sammler eine F\u00e4lschung sofort erkennen; dies ist aber leider nicht immer so. Durch sorf\u00e4ltige Recherche ihrer Hersteller und dem Einsatz bekannter Techniken gibt es F\u00e4lschungen die auf h\u00f6chstem Niveau angefertigt werden und nur noch schwer von einem Original zu unterscheiden sind. Insbesondere im Hochpreissegment, wo zudem wegen der Seltenheit einer Auszeichnung nur wenig Vergleichsm\u00f6glichkeiten zu einem Original bestehen, haben es F\u00e4lscher leichter als bei Massenauszeichnungen die jeder kennt, und welche sich h\u00e4ufig am Markt finden.<\/p>\n<p style=\"text-align: left;\">Nur das vielf\u00e4ltige Wissen um eine Auszeichnung, reiche Erfahrung und eine gewisse Portion an Fingerspitzengef\u00fchl gibt einem die Gew\u00e4hr, dass man eine F\u00e4lschung von einem Orignal unterscheiden kann. Neben dem wissenschaftlichen Nachweis auf dem Gebiet der Materialkunde und den Fertigungstechniken sollte der Sammler auf gute Kontakte zu anderen Sammlern und auf einen guten Bestand an entsprechender Fachliteratur zur\u00fcckgreifen k\u00f6nnen.<\/p>\n<p style=\"text-align: left;\">Nur wenige Sammler werden in der Lage sein sich eine gro\u00dfe und umfassende Handbibliothek zuzulegen, aber im heutigen Bestand \u00f6ffentlicher Bibliotheken gro\u00dfer St\u00e4dte und Universit\u00e4ten, kann sich jeder Sammler ein umfangreiches Grundwissen selbst aneignen.<\/p>\n<p style=\"text-align: left;\"><strong>Dieses Wissen ist heute unumg\u00e4nglich!<\/strong><\/p>\n<p style=\"text-align: left;\">Die Deutsche Gesellschaft f\u00fcr Ordenskunde e.V. (DGO) hilft Ihnen nicht nur bei der Bestimmung von Auszeichnungen, sondern kann Ihnen auch mit Rat und Tat zur Seite stehen wenn es darum geht festzustellen, ob es sich bei einer Auszeichnung um ein Original oder um eine F\u00e4lschung handeln kann. Die DGO verf\u00fcgt \u00fcber zahlreiche Fachleute und Kontakte auf allen Gebieten der Ordenskunde und kann Ihnen, dank der heute m\u00f6glichen Vernetzung \u00fcber das Internet, Ihre Fragen kurzfristig beantworten oder Ihnen bei einer L\u00f6sung zu einer solchen Problemstellung zur Seite stehen.<\/p>\n<p style=\"text-align: left;\">Viele fachkundige Sammler haben sich in der DGO organisiert und k\u00f6nnen Sie unterst\u00fctzen. Wir w\u00fcrden uns freuen Sie als neues Mitglied begr\u00fc\u00dfen zu d\u00fcrfen. Hinweise wie Sie bei uns Mitglied werden k\u00f6nnen finden Sie unter dem Men\u00fcpunkt <a href=\"https:\/\/www.deutsche-gesellschaft-fuer-ordenskunde.de\/DGOWP\/mitglieder\/\">Mitglied werden<\/a>.<\/p>\n","protected":false},"excerpt":{"rendered":"<p>Wie sch\u00fctzt man sich vor F\u00e4lschungen? Diese Frage besteht oder bestand schon so lange, wie sich Menschen mit dem Sammeln besch\u00e4ftigen. Unter einer F\u00e4lschung versteht man eine Anfertigung die den Anschein erwecken soll, dass es sich dabei um ein originalen Orden oder ein originales Ehrenzeichen aus der Verleihungszeit handelt, welches es aber nicht ist und &hellip; <\/p>\n<p class=\"link-more\"><a href=\"https:\/\/www.deutsche-gesellschaft-fuer-ordenskunde.de\/DGOWP\/dgo\/wie-schutzt-man-sich-vor-falschungen\/\" class=\"more-link\"><span class=\"screen-reader-text\">\u201eWie sch\u00fctzt man sich vor F\u00e4lschungen?\u201c <\/span>weiterlesen<\/a><\/p>\n","protected":false},"author":2,"featured_media":0,"parent":28,"menu_order":0,"comment_status":"closed","ping_status":"closed","template":"","meta":{"ngg_post_thumbnail":0,"footnotes":""},"class_list":["post-815","page","type-page","status-publish","hentry"],"_links":{"self":[{"href":"https:\/\/www.deutsche-gesellschaft-fuer-ordenskunde.de\/DGOWP\/wp-json\/wp\/v2\/pages\/815","targetHints":{"allow":["GET"]}}],"collection":[{"href":"https:\/\/www.deutsche-gesellschaft-fuer-ordenskunde.de\/DGOWP\/wp-json\/wp\/v2\/pages"}],"about":[{"href":"https:\/\/www.deutsche-gesellschaft-fuer-ordenskunde.de\/DGOWP\/wp-json\/wp\/v2\/types\/page"}],"author":[{"embeddable":true,"href":"https:\/\/www.deutsche-gesellschaft-fuer-ordenskunde.de\/DGOWP\/wp-json\/wp\/v2\/users\/2"}],"replies":[{"embeddable":true,"href":"https:\/\/www.deutsche-gesellschaft-fuer-ordenskunde.de\/DGOWP\/wp-json\/wp\/v2\/comments?post=815"}],"version-history":[{"count":0,"href":"https:\/\/www.deutsche-gesellschaft-fuer-ordenskunde.de\/DGOWP\/wp-json\/wp\/v2\/pages\/815\/revisions"}],"up":[{"embeddable":true,"href":"https:\/\/www.deutsche-gesellschaft-fuer-ordenskunde.de\/DGOWP\/wp-json\/wp\/v2\/pages\/28"}],"wp:attachment":[{"href":"https:\/\/www.deutsche-gesellschaft-fuer-ordenskunde.de\/DGOWP\/wp-json\/wp\/v2\/media?parent=815"}],"curies":[{"name":"wp","href":"https:\/\/api.w.org\/{rel}","templated":true}]}}