{"id":787,"date":"2012-10-07T17:20:33","date_gmt":"2012-10-07T17:20:33","guid":{"rendered":"https:\/\/www.deutsche-gesellschaft-fuer-ordenskunde.de\/DGOWP\/?page_id=787"},"modified":"2012-10-14T11:50:15","modified_gmt":"2012-10-14T11:50:15","slug":"wie-oder-was-wird-gesammelt","status":"publish","type":"page","link":"https:\/\/www.deutsche-gesellschaft-fuer-ordenskunde.de\/DGOWP\/dgo\/wie-oder-was-wird-gesammelt\/","title":{"rendered":"Wie oder was wird gesammelt?"},"content":{"rendered":"<h1>Wie oder was wird gesammelt?<\/h1>\n<p>Wie bekannt wird heutzutage beinahe alles gesammelt. Am bekanntesten d\u00fcrften Sammlegebiete wie Briefmarken (Philatelie) oder M\u00fcnzen (Numismatik) sein.<\/p>\n<figure id=\"attachment_794\" aria-describedby=\"caption-attachment-794\" style=\"width: 296px\" class=\"wp-caption aligncenter\"><a href=\"https:\/\/www.deutsche-gesellschaft-fuer-ordenskunde.de\/DGOWP\/wp-content\/uploads\/2012\/10\/EK-BroscheVS.jpg\"><img loading=\"lazy\" decoding=\"async\" class=\"size-medium wp-image-794\" title=\"EK-BroscheVS\" src=\"https:\/\/www.deutsche-gesellschaft-fuer-ordenskunde.de\/DGOWP\/wp-content\/uploads\/2012\/10\/EK-BroscheVS-296x300.jpg\" alt=\"\" width=\"296\" height=\"300\" srcset=\"https:\/\/www.deutsche-gesellschaft-fuer-ordenskunde.de\/DGOWP\/wp-content\/uploads\/2012\/10\/EK-BroscheVS-296x300.jpg 296w, https:\/\/www.deutsche-gesellschaft-fuer-ordenskunde.de\/DGOWP\/wp-content\/uploads\/2012\/10\/EK-BroscheVS.jpg 397w\" sizes=\"auto, (max-width: 296px) 100vw, 296px\" \/><\/a><figcaption id=\"caption-attachment-794\" class=\"wp-caption-text\">Geschenkbrosche in Form eines Eisernen Kreuzes von 1914<\/figcaption><\/figure>\n<p>Auf dem Gebiete der Ordenskunde (Phaleristik) werden vornehmlich Auszeichnungen aller Art, deren Etuis, Verleihungsurkunden, andere Dokumente mit phaleristischen Bezug und alte Fachliteratur gesammelt. Dazu geh\u00f6ren alle staatlichen Auszeichnungen, wie Verdienstorden, Ehrenzeichen oder Medaillen, aber auch Auszeichnungen halbstaatlicher oder privater Organisationen und nat\u00fcrlich Auszeichnungen von Vereinen oder deren Abzeichen, sowie Schmuck mit ordenskundlichen Bezug.<\/p>\n<figure id=\"attachment_793\" aria-describedby=\"caption-attachment-793\" style=\"width: 206px\" class=\"wp-caption aligncenter\"><a href=\"https:\/\/www.deutsche-gesellschaft-fuer-ordenskunde.de\/DGOWP\/wp-content\/uploads\/2012\/10\/Leovs.jpg\"><img loading=\"lazy\" decoding=\"async\" class=\"size-medium wp-image-793\" title=\"Leovs\" src=\"https:\/\/www.deutsche-gesellschaft-fuer-ordenskunde.de\/DGOWP\/wp-content\/uploads\/2012\/10\/Leovs-206x300.jpg\" alt=\"\" width=\"206\" height=\"300\" srcset=\"https:\/\/www.deutsche-gesellschaft-fuer-ordenskunde.de\/DGOWP\/wp-content\/uploads\/2012\/10\/Leovs-206x300.jpg 206w, https:\/\/www.deutsche-gesellschaft-fuer-ordenskunde.de\/DGOWP\/wp-content\/uploads\/2012\/10\/Leovs-705x1024.jpg 705w, https:\/\/www.deutsche-gesellschaft-fuer-ordenskunde.de\/DGOWP\/wp-content\/uploads\/2012\/10\/Leovs.jpg 707w\" sizes=\"auto, (max-width: 206px) 100vw, 206px\" \/><\/a><figcaption id=\"caption-attachment-793\" class=\"wp-caption-text\">F\u00fcrstentum Lippe: Leopoldorden<\/figcaption><\/figure>\n<p>Neben den dazu geh\u00f6rigen Dokumenten interessieren sich die Sammler aber auch f\u00fcr die geschichtlichen Hinterg\u00fcnde ihrer Sammelobjekte, Vorschriften, Statuten oder die gesetzlichen Grundlagen, um m\u00f6glichst alles an Informationen zusammenzutragen, was f\u00fcr das Wissen um die Auszeichnung von Wichtigkeit ist.<\/p>\n<figure id=\"attachment_795\" aria-describedby=\"caption-attachment-795\" style=\"width: 300px\" class=\"wp-caption aligncenter\"><a href=\"https:\/\/www.deutsche-gesellschaft-fuer-ordenskunde.de\/DGOWP\/wp-content\/uploads\/2012\/10\/1866Urk.jpg\"><img loading=\"lazy\" decoding=\"async\" class=\"size-medium wp-image-795\" title=\"1866Urk\" src=\"https:\/\/www.deutsche-gesellschaft-fuer-ordenskunde.de\/DGOWP\/wp-content\/uploads\/2012\/10\/1866Urk-300x231.jpg\" alt=\"\" width=\"300\" height=\"231\" srcset=\"https:\/\/www.deutsche-gesellschaft-fuer-ordenskunde.de\/DGOWP\/wp-content\/uploads\/2012\/10\/1866Urk-300x231.jpg 300w, https:\/\/www.deutsche-gesellschaft-fuer-ordenskunde.de\/DGOWP\/wp-content\/uploads\/2012\/10\/1866Urk-388x300.jpg 388w, https:\/\/www.deutsche-gesellschaft-fuer-ordenskunde.de\/DGOWP\/wp-content\/uploads\/2012\/10\/1866Urk.jpg 850w\" sizes=\"auto, (max-width: 300px) 100vw, 300px\" \/><\/a><figcaption id=\"caption-attachment-795\" class=\"wp-caption-text\">Verleihungsurkunde zum Erinnerungskreuz von 1866 &#8211; K\u00f6niggr\u00e4tz<\/figcaption><\/figure>\n<p>Dazu geh\u00f6rt bei vielen eben nicht nur das blo\u00dfe Anh\u00e4ufen von Sammelobjekten, sonderen auch der rege Austausch mit anderen Sammlern, und das Studium von alter und neuer Literatur oder der Besuch von Archiven zur Suche von alten Archivalien aus der Entstehungszeit der Orden.<\/p>\n<figure id=\"attachment_796\" aria-describedby=\"caption-attachment-796\" style=\"width: 195px\" class=\"wp-caption aligncenter\"><a href=\"https:\/\/www.deutsche-gesellschaft-fuer-ordenskunde.de\/DGOWP\/wp-content\/uploads\/2012\/10\/P1030001a.jpg\"><img loading=\"lazy\" decoding=\"async\" class=\"size-medium wp-image-796\" title=\"P1030001a\" src=\"https:\/\/www.deutsche-gesellschaft-fuer-ordenskunde.de\/DGOWP\/wp-content\/uploads\/2012\/10\/P1030001a-195x300.jpg\" alt=\"\" width=\"195\" height=\"300\" srcset=\"https:\/\/www.deutsche-gesellschaft-fuer-ordenskunde.de\/DGOWP\/wp-content\/uploads\/2012\/10\/P1030001a-195x300.jpg 195w, https:\/\/www.deutsche-gesellschaft-fuer-ordenskunde.de\/DGOWP\/wp-content\/uploads\/2012\/10\/P1030001a.jpg 400w\" sizes=\"auto, (max-width: 195px) 100vw, 195px\" \/><\/a><figcaption id=\"caption-attachment-796\" class=\"wp-caption-text\">Herzogtum Baden: Orden vom Z\u00e4hringer L\u00f6wen<\/figcaption><\/figure>\n<p>Je nach dem wie tief man in die Materie einsteigt, kann man seine Sammlung auf unterschiedliche Weise ausrichten. Hier kommen Themensammlungen nach gewissen Anl\u00e4ssen, Personen oder Ereignissen, Zeitabschnitten oder nach geografischen oder historischen Gesichtspunkten in Betracht.<\/p>\n<figure id=\"attachment_797\" aria-describedby=\"caption-attachment-797\" style=\"width: 145px\" class=\"wp-caption aligncenter\"><a href=\"https:\/\/www.deutsche-gesellschaft-fuer-ordenskunde.de\/DGOWP\/wp-content\/uploads\/2012\/10\/10040004.jpg\"><img loading=\"lazy\" decoding=\"async\" class=\"size-medium wp-image-797\" title=\"10040004\" src=\"https:\/\/www.deutsche-gesellschaft-fuer-ordenskunde.de\/DGOWP\/wp-content\/uploads\/2012\/10\/10040004-145x300.jpg\" alt=\"\" width=\"145\" height=\"300\" \/><\/a><figcaption id=\"caption-attachment-797\" class=\"wp-caption-text\">Herzogtum Nassau: Kammerherrenschl\u00fcssel um 1864<\/figcaption><\/figure>\n<p>Andere Sammler wiederum erfreuen sich einfach an den teils h\u00f6chst dekorativen handwerklichen Geschick eines Juweliers und sammeln einfach alle Auszeichnungen die ihnen gefallen.<\/p>\n<figure id=\"attachment_798\" aria-describedby=\"caption-attachment-798\" style=\"width: 300px\" class=\"wp-caption aligncenter\"><a href=\"https:\/\/www.deutsche-gesellschaft-fuer-ordenskunde.de\/DGOWP\/wp-content\/uploads\/2012\/10\/etuimkvs.jpg\"><img loading=\"lazy\" decoding=\"async\" class=\"size-medium wp-image-798\" title=\"etuimkvs\" src=\"https:\/\/www.deutsche-gesellschaft-fuer-ordenskunde.de\/DGOWP\/wp-content\/uploads\/2012\/10\/etuimkvs-300x198.jpg\" alt=\"\" width=\"300\" height=\"198\" srcset=\"https:\/\/www.deutsche-gesellschaft-fuer-ordenskunde.de\/DGOWP\/wp-content\/uploads\/2012\/10\/etuimkvs-300x198.jpg 300w, https:\/\/www.deutsche-gesellschaft-fuer-ordenskunde.de\/DGOWP\/wp-content\/uploads\/2012\/10\/etuimkvs-454x300.jpg 454w, https:\/\/www.deutsche-gesellschaft-fuer-ordenskunde.de\/DGOWP\/wp-content\/uploads\/2012\/10\/etuimkvs.jpg 790w\" sizes=\"auto, (max-width: 300px) 100vw, 300px\" \/><\/a><figcaption id=\"caption-attachment-798\" class=\"wp-caption-text\">K\u00f6nigreich Preu\u00dfen: Verdienstkreuz f\u00fcr Frauen und Jungfrauen<\/figcaption><\/figure>\n<p>Wie man sammelt muss jeder Sammler selbst entscheiden. Auf jeden Fall sollte man daf\u00fcr Sorge tragen, dass die Sammelobjekte so gelagert werden, dass sie keinen Schaden nehmen. So sollten gro\u00dfe Temperaturunterschiede und gro\u00dfe Schwankungen in der Luftfeuchtigkeit vermieden werden. Am besten eignet sich f\u00fcr die Aufbewahrung der Objekte eine Vitrine oder Schauk\u00e4sten die im Fachhandel erworben werden k\u00f6nnen. Im Etui gelagerte Auszeichnungen lassen sich aber auch einfach im Regal oder in einer Schublade lagern solange sie vor Staub gesch\u00fctzt sind. Dokumente werden sicher in dokumentenechten Schutzh\u00fcllen aus Kunststoff oder Papier gelagert. Diese sollten vor UV-Strahlung gesch\u00fctzt aufbewahrt werden um ein Verblassen \u00fcber lange Zeit auszuschlie\u00dfen.<\/p>\n<figure id=\"attachment_802\" aria-describedby=\"caption-attachment-802\" style=\"width: 110px\" class=\"wp-caption aligncenter\"><a href=\"https:\/\/www.deutsche-gesellschaft-fuer-ordenskunde.de\/DGOWP\/wp-content\/uploads\/2012\/10\/kwgmavs1.jpg\"><img loading=\"lazy\" decoding=\"async\" class=\"size-medium wp-image-802\" title=\"kwgmavs\" src=\"https:\/\/www.deutsche-gesellschaft-fuer-ordenskunde.de\/DGOWP\/wp-content\/uploads\/2012\/10\/kwgmavs1-110x300.jpg\" alt=\"\" width=\"110\" height=\"300\" srcset=\"https:\/\/www.deutsche-gesellschaft-fuer-ordenskunde.de\/DGOWP\/wp-content\/uploads\/2012\/10\/kwgmavs1-110x300.jpg 110w, https:\/\/www.deutsche-gesellschaft-fuer-ordenskunde.de\/DGOWP\/wp-content\/uploads\/2012\/10\/kwgmavs1.jpg 282w\" sizes=\"auto, (max-width: 110px) 100vw, 110px\" \/><\/a><figcaption id=\"caption-attachment-802\" class=\"wp-caption-text\">Mitgliedsabzeichen der Kaiser-Wilhelm-Gesellschaft<\/figcaption><\/figure>\n<p>Wer einmal von der Faszination gepackt wird, die von Orden &amp; Ehrenzeichen ausgeht, wird so schnell nicht wieder davon los kommen. Damals mehr als heute waren Orden &amp; Ehrenzeichen eine hohe Ehrerbietung und die Verleihung war f\u00fcr den Inhaber oft an Privilegien gekn\u00fcpft.<\/p>\n<figure id=\"attachment_800\" aria-describedby=\"caption-attachment-800\" style=\"width: 264px\" class=\"wp-caption aligncenter\"><a href=\"https:\/\/www.deutsche-gesellschaft-fuer-ordenskunde.de\/DGOWP\/wp-content\/uploads\/2012\/10\/sternvs.jpg\"><img loading=\"lazy\" decoding=\"async\" class=\"size-medium wp-image-800\" title=\"sternvs\" src=\"https:\/\/www.deutsche-gesellschaft-fuer-ordenskunde.de\/DGOWP\/wp-content\/uploads\/2012\/10\/sternvs-264x300.jpg\" alt=\"\" width=\"264\" height=\"300\" srcset=\"https:\/\/www.deutsche-gesellschaft-fuer-ordenskunde.de\/DGOWP\/wp-content\/uploads\/2012\/10\/sternvs-264x300.jpg 264w, https:\/\/www.deutsche-gesellschaft-fuer-ordenskunde.de\/DGOWP\/wp-content\/uploads\/2012\/10\/sternvs.jpg 569w\" sizes=\"auto, (max-width: 264px) 100vw, 264px\" \/><\/a><figcaption id=\"caption-attachment-800\" class=\"wp-caption-text\">K\u00f6nigreich Preu\u00dfen: Hausorden von Hohenzollern<\/figcaption><\/figure>\n<p>Neben alten Auszeichnungen werden nat\u00fcrlich auch die Orden &amp; Ehrenzeichen gesammelt die heute verliehen werden. Hierbei ist zu beachten, dass zum Erwerb solcher Auszeichnungen bei Herstellerfirmen eine Sammlergenehmigung verlangt wird. Als sichtbarer Dank des Staates werden im Gegensatz zu fr\u00fcher, heute die Auszeichnungen meist nur noch als Miniatur getragen.<\/p>\n<figure id=\"attachment_801\" aria-describedby=\"caption-attachment-801\" style=\"width: 162px\" class=\"wp-caption aligncenter\"><a href=\"https:\/\/www.deutsche-gesellschaft-fuer-ordenskunde.de\/DGOWP\/wp-content\/uploads\/2012\/10\/maxvovs.jpg\"><img loading=\"lazy\" decoding=\"async\" class=\"size-medium wp-image-801\" title=\"maxvovs\" src=\"https:\/\/www.deutsche-gesellschaft-fuer-ordenskunde.de\/DGOWP\/wp-content\/uploads\/2012\/10\/maxvovs-162x300.jpg\" alt=\"\" width=\"162\" height=\"300\" \/><\/a><figcaption id=\"caption-attachment-801\" class=\"wp-caption-text\">Bundesland Bayern: Maximiliansorden f\u00fcr Wissenschaft und Kunst<\/figcaption><\/figure>\n<p>Oft beginnt die Sammlung mit St\u00fccken aus der Familie. Ansonsten kann man Tr\u00f6delm\u00e4rkte oder Fachh\u00e4ndler aufsuchen um seine Sammlung auszuweiten. Ein Gro\u00dfteil von Orden wird heute aber \u00fcber andere Sammler oder Auktionen erworben. In Zeiten von Online-Vernetzung finden sich viele Auktionh\u00e4user und Fachh\u00e4ndler mit ihrem breiten Angebot im Internet.<\/p>\n<figure id=\"attachment_803\" aria-describedby=\"caption-attachment-803\" style=\"width: 297px\" class=\"wp-caption aligncenter\"><a href=\"https:\/\/www.deutsche-gesellschaft-fuer-ordenskunde.de\/DGOWP\/wp-content\/uploads\/2012\/10\/GVKStStLVs.jpg\"><img loading=\"lazy\" decoding=\"async\" class=\"size-medium wp-image-803\" title=\"GVKStStLVs\" src=\"https:\/\/www.deutsche-gesellschaft-fuer-ordenskunde.de\/DGOWP\/wp-content\/uploads\/2012\/10\/GVKStStLVs-297x300.jpg\" alt=\"\" width=\"297\" height=\"300\" srcset=\"https:\/\/www.deutsche-gesellschaft-fuer-ordenskunde.de\/DGOWP\/wp-content\/uploads\/2012\/10\/GVKStStLVs-297x300.jpg 297w, https:\/\/www.deutsche-gesellschaft-fuer-ordenskunde.de\/DGOWP\/wp-content\/uploads\/2012\/10\/GVKStStLVs.jpg 385w\" sizes=\"auto, (max-width: 297px) 100vw, 297px\" \/><\/a><figcaption id=\"caption-attachment-803\" class=\"wp-caption-text\">Bundesrepublik Deutschland: Verdienstorden der Bundesrepublik Deutschland<\/figcaption><\/figure>\n<p>Neben deutschen Auszeichnungen werden nat\u00fcrlich auch die Auszeichnungen aller anderen L\u00e4nder dieser Welt gesammelt.<\/p>\n<figure id=\"attachment_804\" aria-describedby=\"caption-attachment-804\" style=\"width: 171px\" class=\"wp-caption aligncenter\"><a href=\"https:\/\/www.deutsche-gesellschaft-fuer-ordenskunde.de\/DGOWP\/wp-content\/uploads\/2012\/10\/EtuiIsabella.jpg\"><img loading=\"lazy\" decoding=\"async\" class=\"size-medium wp-image-804\" title=\"EtuiIsabella\" src=\"https:\/\/www.deutsche-gesellschaft-fuer-ordenskunde.de\/DGOWP\/wp-content\/uploads\/2012\/10\/EtuiIsabella-171x300.jpg\" alt=\"\" width=\"171\" height=\"300\" srcset=\"https:\/\/www.deutsche-gesellschaft-fuer-ordenskunde.de\/DGOWP\/wp-content\/uploads\/2012\/10\/EtuiIsabella-171x300.jpg 171w, https:\/\/www.deutsche-gesellschaft-fuer-ordenskunde.de\/DGOWP\/wp-content\/uploads\/2012\/10\/EtuiIsabella-585x1024.jpg 585w, https:\/\/www.deutsche-gesellschaft-fuer-ordenskunde.de\/DGOWP\/wp-content\/uploads\/2012\/10\/EtuiIsabella.jpg 588w\" sizes=\"auto, (max-width: 171px) 100vw, 171px\" \/><\/a><figcaption id=\"caption-attachment-804\" class=\"wp-caption-text\">Spanien: Orden Isabella der Katholischen<\/figcaption><\/figure>\n<p>Viele Sammler haben sich in der Deutschen Gesellschaft f\u00fcr Ordenskunde e.V. organisiert. Wir w\u00fcrden uns freuen Sie als neues Mitglied begr\u00fc\u00dfen zu d\u00fcrfen. Hinweise wie Sie bei uns Mitglied werden k\u00f6nnen finden Sie unter dem Men\u00fcpunkt <a href=\"https:\/\/www.deutsche-gesellschaft-fuer-ordenskunde.de\/DGOWP\/mitglieder\/\">Mitglied werden<\/a>.<\/p>\n","protected":false},"excerpt":{"rendered":"<p>Wie oder was wird gesammelt? Wie bekannt wird heutzutage beinahe alles gesammelt. Am bekanntesten d\u00fcrften Sammlegebiete wie Briefmarken (Philatelie) oder M\u00fcnzen (Numismatik) sein. Auf dem Gebiete der Ordenskunde (Phaleristik) werden vornehmlich Auszeichnungen aller Art, deren Etuis, Verleihungsurkunden, andere Dokumente mit phaleristischen Bezug und alte Fachliteratur gesammelt. Dazu geh\u00f6ren alle staatlichen Auszeichnungen, wie Verdienstorden, Ehrenzeichen oder &hellip; <\/p>\n<p class=\"link-more\"><a href=\"https:\/\/www.deutsche-gesellschaft-fuer-ordenskunde.de\/DGOWP\/dgo\/wie-oder-was-wird-gesammelt\/\" class=\"more-link\"><span class=\"screen-reader-text\">\u201eWie oder was wird gesammelt?\u201c <\/span>weiterlesen<\/a><\/p>\n","protected":false},"author":2,"featured_media":0,"parent":28,"menu_order":0,"comment_status":"closed","ping_status":"closed","template":"","meta":{"ngg_post_thumbnail":0,"footnotes":""},"class_list":["post-787","page","type-page","status-publish","hentry"],"_links":{"self":[{"href":"https:\/\/www.deutsche-gesellschaft-fuer-ordenskunde.de\/DGOWP\/wp-json\/wp\/v2\/pages\/787","targetHints":{"allow":["GET"]}}],"collection":[{"href":"https:\/\/www.deutsche-gesellschaft-fuer-ordenskunde.de\/DGOWP\/wp-json\/wp\/v2\/pages"}],"about":[{"href":"https:\/\/www.deutsche-gesellschaft-fuer-ordenskunde.de\/DGOWP\/wp-json\/wp\/v2\/types\/page"}],"author":[{"embeddable":true,"href":"https:\/\/www.deutsche-gesellschaft-fuer-ordenskunde.de\/DGOWP\/wp-json\/wp\/v2\/users\/2"}],"replies":[{"embeddable":true,"href":"https:\/\/www.deutsche-gesellschaft-fuer-ordenskunde.de\/DGOWP\/wp-json\/wp\/v2\/comments?post=787"}],"version-history":[{"count":0,"href":"https:\/\/www.deutsche-gesellschaft-fuer-ordenskunde.de\/DGOWP\/wp-json\/wp\/v2\/pages\/787\/revisions"}],"up":[{"embeddable":true,"href":"https:\/\/www.deutsche-gesellschaft-fuer-ordenskunde.de\/DGOWP\/wp-json\/wp\/v2\/pages\/28"}],"wp:attachment":[{"href":"https:\/\/www.deutsche-gesellschaft-fuer-ordenskunde.de\/DGOWP\/wp-json\/wp\/v2\/media?parent=787"}],"curies":[{"name":"wp","href":"https:\/\/api.w.org\/{rel}","templated":true}]}}