{"id":76,"date":"2012-09-10T10:01:48","date_gmt":"2012-09-10T10:01:48","guid":{"rendered":"https:\/\/www.deutsche-gesellschaft-fuer-ordenskunde.de\/DGOWP\/?page_id=76"},"modified":"2025-01-12T23:40:23","modified_gmt":"2025-01-12T22:40:23","slug":"wissenschaftlicher-beirat","status":"publish","type":"page","link":"https:\/\/www.deutsche-gesellschaft-fuer-ordenskunde.de\/DGOWP\/dgo\/wissenschaftlicher-beirat\/","title":{"rendered":"Wissenschaftlicher Beirat"},"content":{"rendered":"<h1 style=\"text-align: left;\"><a href=\"https:\/\/www.deutsche-gesellschaft-fuer-ordenskunde.de\/DGOWP\/wp-content\/uploads\/2017\/01\/cropped-logo_dgo.jpg\"><img loading=\"lazy\" decoding=\"async\" class=\"size-medium wp-image-2782 aligncenter\" src=\"https:\/\/www.deutsche-gesellschaft-fuer-ordenskunde.de\/DGOWP\/wp-content\/uploads\/2017\/01\/cropped-logo_dgo-300x300.jpg\" alt=\"\" width=\"300\" height=\"300\" srcset=\"https:\/\/www.deutsche-gesellschaft-fuer-ordenskunde.de\/DGOWP\/wp-content\/uploads\/2017\/01\/cropped-logo_dgo-300x300.jpg 300w, https:\/\/www.deutsche-gesellschaft-fuer-ordenskunde.de\/DGOWP\/wp-content\/uploads\/2017\/01\/cropped-logo_dgo-150x150.jpg 150w, https:\/\/www.deutsche-gesellschaft-fuer-ordenskunde.de\/DGOWP\/wp-content\/uploads\/2017\/01\/cropped-logo_dgo-270x270.jpg 270w, https:\/\/www.deutsche-gesellschaft-fuer-ordenskunde.de\/DGOWP\/wp-content\/uploads\/2017\/01\/cropped-logo_dgo-192x192.jpg 192w, https:\/\/www.deutsche-gesellschaft-fuer-ordenskunde.de\/DGOWP\/wp-content\/uploads\/2017\/01\/cropped-logo_dgo-180x180.jpg 180w, https:\/\/www.deutsche-gesellschaft-fuer-ordenskunde.de\/DGOWP\/wp-content\/uploads\/2017\/01\/cropped-logo_dgo-32x32.jpg 32w, https:\/\/www.deutsche-gesellschaft-fuer-ordenskunde.de\/DGOWP\/wp-content\/uploads\/2017\/01\/cropped-logo_dgo.jpg 512w\" sizes=\"auto, (max-width: 300px) 100vw, 300px\" \/><\/a><\/h1>\n<h1 style=\"text-align: left;\">Der Wissenschaftliche Beirat<\/h1>\n<p>Die Einrichtung des Wissenschaftlichen Beirates (WB) der Deutschen Gesellschaft f\u00fcr Ordenskunde (DGO) erfolgte auf dem 4. Gunzenhausener Phaleristik-Symposium im April 1999 <a href=\"#_ftn1\" name=\"_ftnref1\">\u00b9<\/a> in dem Bewusstsein, dass die Phaleristik eine eigenst\u00e4ndige Hilfswissenschaft darstellt, die wesentliche Aspekte zum materiellen und immateriellen Kulturerbe der Auszeichnungssysteme als institutionalisierte Formen der Ehrung herausarbeiten kann. Dabei versieht der WB seine T\u00e4tigkeiten auf der Grundlage von Paragraph 8 der Satzung der DGO.<\/p>\n<p>Mit Ausnahme des Pr\u00e4sidenten der DGO, der qua Amt Mitglied ist, werden die Mitglieder des Wissenschaftlichen Beirates auf Vorschlag des Beirats vom Vorsitzenden berufen. Als ehrenamtlich t\u00e4tige Sachverst\u00e4ndige sollen sie die DGO dabei begleiten, ihre fachliche Arbeit auf einem international konkurrenzf\u00e4higen Niveau durchzuf\u00fchren.<\/p>\n<p>Infolgedessen ber\u00e4t und unterst\u00fctzt der Wissenschaftliche Beirat die Arbeit der DGO durch Gutachten und Stellungnahmen zu Themen der Phaleristik. Die Bestimmung des jeweiligen Gegenstands der Beratungen nimmt der Beirat selbstst\u00e4ndig vor, er tr\u00e4gt jedoch den W\u00fcnschen der DGO zu bestimmten Themen Rechnung. Jedes Gutachten und jede Stellungnahme schlie\u00dft in der Regel mit Handlungs- und Forschungsempfehlungen. Damit \u00fcbernimmt der WB eine wichtige Funktion in der Qualit\u00e4tssicherung.<\/p>\n<p>Der Wissenschaftliche Beirat hat im Wesentlichen folgende Aufgaben:<\/p>\n<ul>\n<li>externe Fachpublikationen zur Phaleristik zu f\u00f6rdern, zu bewerten und Empfehlungen respektive Stellungnahmen auszusprechen,<\/li>\n<li>Mitglieder der DGO bei der Entwicklung und Erstellung mittel- und langfristiger Projekte zur Phaleristik zu unterst\u00fctzen,<\/li>\n<li>die Zusammenarbeit mit anderen wissenschaftlichen Institutionen und Fachverb\u00e4nden zu f\u00f6rdern,<\/li>\n<li>die Durchf\u00fchrung von wissenschaftlichen Phaleristik-Symposien sowie<\/li>\n<li>auf Anfrage fachliche Ausk\u00fcnfte zur Phaleristik zu geben.<\/li>\n<\/ul>\n<p>Dem Wissenschaftlichen Beirat geh\u00f6ren Sachverst\u00e4ndige an, die auf den von der Phaleristik vorrangig bearbeiteten Aufgabenfeldern eine weithin anerkannte fachliche Kompetenz besitzen.<\/p>\n<p>Der Wissenschaftliche Beirat tagt einmal im Jahr in ordentlicher Zusammensetzung sowie dar\u00fcber hinaus nach Bedarf in Ad-hoc-Meetings. Die Koordination der Beiratsarbeit erfolgt durch den Vorsitzenden.<\/p>\n<p>Der Pr\u00e4sident der DGO und der Vorsitzende des Wissenschaftlichen Beirates sind sich in dem Bestreben einig, die Unabh\u00e4ngigkeit und selbstst\u00e4ndige Stellung sowie die interdisziplin\u00e4re wissenschaftliche Ausrichtung des Beirates zu wahren.<\/p>\n<p>Dr. Frank Wernitz<\/p>\n<p>M\u00fcnchen, den 8. Januar 2025<\/p>\n<p><a href=\"#_ftnref1\" name=\"_ftn1\">\u00b9<\/a> Zur Geschichte des WB siehe auch den <a href=\"https:\/\/www.deutsche-gesellschaft-fuer-ordenskunde.de\/DGOWP\/wp-content\/uploads\/2025\/01\/Geschichte_des_WB_Dr_Herfurth_2009.pdf\">Beitrag<\/a> von Dr. Dietrich Herfurth aus dem Jahr 2009.<\/p>\n","protected":false},"excerpt":{"rendered":"<p>Der Wissenschaftliche Beirat Die Einrichtung des Wissenschaftlichen Beirates (WB) der Deutschen Gesellschaft f\u00fcr Ordenskunde (DGO) erfolgte auf dem 4. Gunzenhausener Phaleristik-Symposium im April 1999 \u00b9 in dem Bewusstsein, dass die Phaleristik eine eigenst\u00e4ndige Hilfswissenschaft darstellt, die wesentliche Aspekte zum materiellen und immateriellen Kulturerbe der Auszeichnungssysteme als institutionalisierte Formen der Ehrung herausarbeiten kann. Dabei versieht der &hellip; <\/p>\n<p class=\"link-more\"><a href=\"https:\/\/www.deutsche-gesellschaft-fuer-ordenskunde.de\/DGOWP\/dgo\/wissenschaftlicher-beirat\/\" class=\"more-link\"><span class=\"screen-reader-text\">\u201eWissenschaftlicher Beirat\u201c <\/span>weiterlesen<\/a><\/p>\n","protected":false},"author":2,"featured_media":0,"parent":28,"menu_order":0,"comment_status":"closed","ping_status":"closed","template":"","meta":{"ngg_post_thumbnail":0,"footnotes":""},"class_list":["post-76","page","type-page","status-publish","hentry"],"_links":{"self":[{"href":"https:\/\/www.deutsche-gesellschaft-fuer-ordenskunde.de\/DGOWP\/wp-json\/wp\/v2\/pages\/76","targetHints":{"allow":["GET"]}}],"collection":[{"href":"https:\/\/www.deutsche-gesellschaft-fuer-ordenskunde.de\/DGOWP\/wp-json\/wp\/v2\/pages"}],"about":[{"href":"https:\/\/www.deutsche-gesellschaft-fuer-ordenskunde.de\/DGOWP\/wp-json\/wp\/v2\/types\/page"}],"author":[{"embeddable":true,"href":"https:\/\/www.deutsche-gesellschaft-fuer-ordenskunde.de\/DGOWP\/wp-json\/wp\/v2\/users\/2"}],"replies":[{"embeddable":true,"href":"https:\/\/www.deutsche-gesellschaft-fuer-ordenskunde.de\/DGOWP\/wp-json\/wp\/v2\/comments?post=76"}],"version-history":[{"count":1,"href":"https:\/\/www.deutsche-gesellschaft-fuer-ordenskunde.de\/DGOWP\/wp-json\/wp\/v2\/pages\/76\/revisions"}],"predecessor-version":[{"id":4979,"href":"https:\/\/www.deutsche-gesellschaft-fuer-ordenskunde.de\/DGOWP\/wp-json\/wp\/v2\/pages\/76\/revisions\/4979"}],"up":[{"embeddable":true,"href":"https:\/\/www.deutsche-gesellschaft-fuer-ordenskunde.de\/DGOWP\/wp-json\/wp\/v2\/pages\/28"}],"wp:attachment":[{"href":"https:\/\/www.deutsche-gesellschaft-fuer-ordenskunde.de\/DGOWP\/wp-json\/wp\/v2\/media?parent=76"}],"curies":[{"name":"wp","href":"https:\/\/api.w.org\/{rel}","templated":true}]}}