{"id":749,"date":"2012-09-22T16:54:41","date_gmt":"2012-09-22T16:54:41","guid":{"rendered":"https:\/\/www.deutsche-gesellschaft-fuer-ordenskunde.de\/DGOWP\/?page_id=749"},"modified":"2012-09-22T17:03:20","modified_gmt":"2012-09-22T17:03:20","slug":"original-oder-falschung","status":"publish","type":"page","link":"https:\/\/www.deutsche-gesellschaft-fuer-ordenskunde.de\/DGOWP\/dgo\/original-oder-falschung\/","title":{"rendered":"Original oder F\u00e4lschung"},"content":{"rendered":"<h1>Original oder F\u00e4lschung?<\/h1>\n<p><span style=\"font-family: Helvetica,Arial,sans-serif;\"><span>Vom 4. bis zum 6. Mai 2007 haben die Deutsche Gesellschaft f\u00fcr Ordenskunde e. V. und die \u00d6sterreichische Gesellschaft f\u00fcr Ordenkunde zum ersten Deutsch-\u00d6sterreichischen &#8211; Phaleristischen Symposium zum Thema \u201eF\u00e4lschungen\u201c nach Passau eingeladen. \u00dcber vierzig Teilnehmer (worunter sich sowohl Sammler, wie auch Forscher und H\u00e4ndler befanden) aus Deutschland, \u00d6sterreich und D\u00e4nemark haben daran teilgenommen.<\/span><\/span><\/p>\n<p><span style=\"font-family: Helvetica,Arial,sans-serif;\"><span>Zum Abschlu\u00df der Veranstaltung haben die anwesenden Teilnehmer nach langwierigen, \u00fcberaus sachlich gef\u00fchrten Er\u00f6rterungen und regen Diskussionen folgende Begriffsdefinitionen f\u00fcr Orden und Ehrenzeichen mit \u00fcberw\u00e4ltigender Mehrheit verabschiedet:<\/span><\/span><\/p>\n<p><strong><span style=\"font-family: Helvetica,Arial,sans-serif;\">Originale: <\/span> <\/strong><br \/>\n<span style=\"font-family: Helvetica,Arial,sans-serif;\"><span>Alle verliehenen Exemplare sind Originale.<\/span><\/span><br \/>\n<span style=\"font-family: Helvetica,Arial,sans-serif;\"><span>Dar\u00fcber hinaus bezeichnet man als Originale solche Exemplare, die im Verleihungszeitraum im Auftrag von Berechtigten hergestellt worden sind oder werden und welche die wesentlichen gestalterischen Merkmale von verliehenen Exemplaren aufweisen.<\/span><\/span><\/p>\n<p><strong><span style=\"font-family: Helvetica,Arial,sans-serif;\">Zweitanfertigungen: <\/span> <\/strong><br \/>\n<span style=\"font-family: Helvetica,Arial,sans-serif;\"><span>Zweitanfertigungen (Ersatz-, Trage- und Spangenexemplare, sowie Privatanfertigungen) sind f\u00fcr Beliehene hergestellte St\u00fccke, die sich von Originalen unterscheiden.<\/span><\/span><br \/>\n<span style=\"font-family: Helvetica,Arial,sans-serif;\"><span>Sammlungsanfertigungen und Nachfertigungen sind keine Originale.<\/span><\/span><\/p>\n<p><strong><span style=\"font-family: Helvetica,Arial,sans-serif;\">Kopien: <\/span> <\/strong><br \/>\n<span style=\"font-family: Helvetica,Arial,sans-serif;\"><span>Kopien und Repliken sind ohne T\u00e4uschungsabsicht hergestellte Nachfertigungen von Originalen.<\/span><\/span><\/p>\n<p><strong><span style=\"font-family: Helvetica,Arial,sans-serif;\">F\u00e4lschungen: <\/span> <\/strong><br \/>\n<span style=\"font-family: Helvetica,Arial,sans-serif;\"><span>F\u00e4lschungen sind Exemplare, die in T\u00e4uschungsabsicht hergestellt und\/oder in dieser Absicht in Umlauf gebracht worden sind bzw. werden.<\/span><\/span><br \/>\n<span style=\"font-family: Helvetica,Arial,sans-serif;\"><span>Verf\u00e4lschungen sind nachtr\u00e4gliche Zustandsver\u00e4nderungen an Originalen, die in T\u00e4uschungsabsicht durchgef\u00fchrt werden.<\/span><\/span><\/p>\n<p><span style=\"font-family: Helvetica,Arial,sans-serif;\"><span>Passau, am 6. Mai 2007<\/span><\/span><\/p>\n<p><span style=\"font-family: Helvetica,Arial,sans-serif;\"><span>f\u00fcr die Deutsche Gesellschaft f\u00fcr Ordenskunde e.V.<br \/>\ngez. Rainer Keilbach<br \/>\nPr\u00e4sident<\/span><\/span><\/p>\n<p>f\u00fcr die \u00d6sterreichische<span style=\"font-family: Helvetica,Arial,sans-serif;\"><span> Gesellschaft f\u00fcr Ordenskunde<br \/>\ngez. Dr. Walter Chiba<\/span><\/span><br \/>\n<span style=\"font-family: Helvetica,Arial,sans-serif;\"><span>Pr\u00e4sident<\/span><\/span><\/p>\n","protected":false},"excerpt":{"rendered":"<p>Original oder F\u00e4lschung? Vom 4. bis zum 6. Mai 2007 haben die Deutsche Gesellschaft f\u00fcr Ordenskunde e. V. und die \u00d6sterreichische Gesellschaft f\u00fcr Ordenkunde zum ersten Deutsch-\u00d6sterreichischen &#8211; Phaleristischen Symposium zum Thema \u201eF\u00e4lschungen\u201c nach Passau eingeladen. \u00dcber vierzig Teilnehmer (worunter sich sowohl Sammler, wie auch Forscher und H\u00e4ndler befanden) aus Deutschland, \u00d6sterreich und D\u00e4nemark haben &hellip; <\/p>\n<p class=\"link-more\"><a href=\"https:\/\/www.deutsche-gesellschaft-fuer-ordenskunde.de\/DGOWP\/dgo\/original-oder-falschung\/\" class=\"more-link\"><span class=\"screen-reader-text\">\u201eOriginal oder F\u00e4lschung\u201c <\/span>weiterlesen<\/a><\/p>\n","protected":false},"author":2,"featured_media":0,"parent":28,"menu_order":0,"comment_status":"closed","ping_status":"closed","template":"","meta":{"ngg_post_thumbnail":0,"footnotes":""},"class_list":["post-749","page","type-page","status-publish","hentry"],"_links":{"self":[{"href":"https:\/\/www.deutsche-gesellschaft-fuer-ordenskunde.de\/DGOWP\/wp-json\/wp\/v2\/pages\/749","targetHints":{"allow":["GET"]}}],"collection":[{"href":"https:\/\/www.deutsche-gesellschaft-fuer-ordenskunde.de\/DGOWP\/wp-json\/wp\/v2\/pages"}],"about":[{"href":"https:\/\/www.deutsche-gesellschaft-fuer-ordenskunde.de\/DGOWP\/wp-json\/wp\/v2\/types\/page"}],"author":[{"embeddable":true,"href":"https:\/\/www.deutsche-gesellschaft-fuer-ordenskunde.de\/DGOWP\/wp-json\/wp\/v2\/users\/2"}],"replies":[{"embeddable":true,"href":"https:\/\/www.deutsche-gesellschaft-fuer-ordenskunde.de\/DGOWP\/wp-json\/wp\/v2\/comments?post=749"}],"version-history":[{"count":0,"href":"https:\/\/www.deutsche-gesellschaft-fuer-ordenskunde.de\/DGOWP\/wp-json\/wp\/v2\/pages\/749\/revisions"}],"up":[{"embeddable":true,"href":"https:\/\/www.deutsche-gesellschaft-fuer-ordenskunde.de\/DGOWP\/wp-json\/wp\/v2\/pages\/28"}],"wp:attachment":[{"href":"https:\/\/www.deutsche-gesellschaft-fuer-ordenskunde.de\/DGOWP\/wp-json\/wp\/v2\/media?parent=749"}],"curies":[{"name":"wp","href":"https:\/\/api.w.org\/{rel}","templated":true}]}}