{"id":72,"date":"2012-09-10T09:58:08","date_gmt":"2012-09-10T09:58:08","guid":{"rendered":"https:\/\/www.deutsche-gesellschaft-fuer-ordenskunde.de\/DGOWP\/?page_id=72"},"modified":"2016-02-13T10:41:24","modified_gmt":"2016-02-13T10:41:24","slug":"2012-2","status":"publish","type":"page","link":"https:\/\/www.deutsche-gesellschaft-fuer-ordenskunde.de\/DGOWP\/dgo\/aktivitaten\/2012-2\/","title":{"rendered":"2012"},"content":{"rendered":"<h1><strong><span style=\"text-decoration: underline;\">Jahreshauptversammlung vom 14.09. \u2013 16.09.2012 in Wesel \/ Niederrhein<\/span><\/strong><\/h1>\n<h2><a href=\"https:\/\/www.deutsche-gesellschaft-fuer-ordenskunde.de\/DGOWP\/wp-content\/uploads\/2012\/09\/TeilnehmerJHV2012.jpg\"><img loading=\"lazy\" decoding=\"async\" class=\"aligncenter size-medium wp-image-937\" title=\"TeilnehmerJHV2012\" src=\"https:\/\/www.deutsche-gesellschaft-fuer-ordenskunde.de\/DGOWP\/wp-content\/uploads\/2012\/09\/TeilnehmerJHV2012-300x243.jpg\" alt=\"\" width=\"300\" height=\"243\" srcset=\"https:\/\/www.deutsche-gesellschaft-fuer-ordenskunde.de\/DGOWP\/wp-content\/uploads\/2012\/09\/TeilnehmerJHV2012-300x243.jpg 300w, https:\/\/www.deutsche-gesellschaft-fuer-ordenskunde.de\/DGOWP\/wp-content\/uploads\/2012\/09\/TeilnehmerJHV2012-369x300.jpg 369w, https:\/\/www.deutsche-gesellschaft-fuer-ordenskunde.de\/DGOWP\/wp-content\/uploads\/2012\/09\/TeilnehmerJHV2012.jpg 1013w\" sizes=\"auto, (max-width: 300px) 100vw, 300px\" \/><\/a><\/h2>\n<h2>Kurzbericht zur Jahreshauptversammlung<\/h2>\n<p>\u00dcber vierzig Mitglieder unserer Gesellschaft fanden den Weg in die Garnisonsstadt Wesel. Bereits am Freitag-Nachmittag gingen viele davon auf Entdeckungstour. Pers\u00f6nlich angef\u00fchrt vom Direktor des Preussen-Museums, Dr. V. Veltzke, erfuhren die Teilnehmer viel Wissenswertes \u00fcber die Gr\u00fcndungsgeschichte bis zur 98%tigen Zerst\u00f6rung der Stadt Wesel in den letzten Kriegswochen. Der Abend klang wie \u00fcblich mit anregenden ordenskundlichen Gespr\u00e4chen im Gastraum des Hotels Kaiserhof aus. Trotz des intensiven geselligen Beisammenseins am Vorabend, erschienen alle Teilnehmer p\u00fcnktlich um 10:00 Uhr morgens zur geplanten Museumsf\u00fchrung. Das gro\u00dfe Interesse bedingte die Trennung in 2 Gruppen und beide durften eine intensive F\u00fchrung durch das, im Verh\u00e4ltnis zu anderen H\u00e4usern, junge Museum erleben. Den beiden Exkursionsleitern merkte man ihre Begeisterung regelrecht an und so genossen die Teilnehmer die F\u00fchrung in vollen Z\u00fcgen.<\/p>\n<p>Nach einer kurzen Mittagspause fanden sich dann alle wieder um 14:00 zur offiziellen Jahreshauptversammlung im Konferenzraum des Museums ein.<\/p>\n<p><a href=\"https:\/\/www.deutsche-gesellschaft-fuer-ordenskunde.de\/DGOWP\/wp-content\/uploads\/2012\/09\/Pr\u00e4sidium.jpg\"><img loading=\"lazy\" decoding=\"async\" class=\"aligncenter size-medium wp-image-942\" title=\"Pr\u00e4sidium\" src=\"https:\/\/www.deutsche-gesellschaft-fuer-ordenskunde.de\/DGOWP\/wp-content\/uploads\/2012\/09\/Pr\u00e4sidium-300x206.jpg\" alt=\"\" width=\"300\" height=\"206\" srcset=\"https:\/\/www.deutsche-gesellschaft-fuer-ordenskunde.de\/DGOWP\/wp-content\/uploads\/2012\/09\/Pr\u00e4sidium-300x206.jpg 300w, https:\/\/www.deutsche-gesellschaft-fuer-ordenskunde.de\/DGOWP\/wp-content\/uploads\/2012\/09\/Pr\u00e4sidium-434x300.jpg 434w, https:\/\/www.deutsche-gesellschaft-fuer-ordenskunde.de\/DGOWP\/wp-content\/uploads\/2012\/09\/Pr\u00e4sidium.jpg 809w\" sizes=\"auto, (max-width: 300px) 100vw, 300px\" \/><\/a>Die Tagesordnung wurde wie geplant abgearbeitet, Pr\u00e4sidium sowie Kasse entlastet und schlie\u00dflich w\u00e4hlte das Auditorium Celle als Veranstaltungsort f\u00fcr die kommende HV 2013. Im Anschluss zeichnete unser Pr\u00e4sident langj\u00e4hrige Mitglieder mit Ehrennadeln aus und vergab Verdienstmedaillen an besonders engagierte Mitglieder unserer Gesellschaft. Die Ehrung des Ludvigsen Preistr\u00e4gers, Bastian Br\u00fccker, wurde durch eine Laudatio von Mike Estelmann auf den Laureat eingeleitet und selbiger hielt im Anschluss einen Vortrag um dem Publikum seine neuen Forschungsprojekte n\u00e4her vorzustellen.<\/p>\n<p><a href=\"https:\/\/www.deutsche-gesellschaft-fuer-ordenskunde.de\/DGOWP\/wp-content\/uploads\/2012\/09\/Verleihung.jpg\"><img loading=\"lazy\" decoding=\"async\" class=\"aligncenter size-medium wp-image-939\" title=\"Verleihung\" src=\"https:\/\/www.deutsche-gesellschaft-fuer-ordenskunde.de\/DGOWP\/wp-content\/uploads\/2012\/09\/Verleihung-231x300.jpg\" alt=\"\" width=\"231\" height=\"300\" srcset=\"https:\/\/www.deutsche-gesellschaft-fuer-ordenskunde.de\/DGOWP\/wp-content\/uploads\/2012\/09\/Verleihung-231x300.jpg 231w, https:\/\/www.deutsche-gesellschaft-fuer-ordenskunde.de\/DGOWP\/wp-content\/uploads\/2012\/09\/Verleihung.jpg 668w\" sizes=\"auto, (max-width: 231px) 100vw, 231px\" \/><\/a>Zum Abschluss der Veranstaltung verw\u00f6hnte uns wiederum der Direktor des Museum mit einem Referat in dem er den Konflikt des jungen Kronprinzen Friedrich mit seinem Vater dem Soldatenk\u00f6nig thematisierte. Trotz einiger kleinerer technischen Wackelkontakte riss der Spannungsfaden nicht ab und alle Anwesenden f\u00fchlten sich am Ende bereichert. Insgesamt wird die Veranstaltung, die am Sonntag-Morgen ihren Abschluss im Rahmen einer Sammlerb\u00f6rse fand, als sehr gelungen in Erinnerung bleiben. Das Verdienst darum d\u00fcrfen zum Einen die beiden Organisatoren Herr Markus Bodeux und Herr Bernd Wedeking f\u00fcr sich reklamieren und zum Anderen verdanken wir es der sehr gro\u00dfz\u00fcgige Gastfreundschaft des Preu\u00dfen-Museums in Wesel, dessen Direktor Herrn Dr. Veit Veltzke und seinem Mitarbeiterstab. Das Pr\u00e4sidium m\u00f6chte sich auch auf diesem Weg herzlich bei allen Organisatoren und Teilnehmern bedanken.<\/p>\n<p>F\u00fcr das Pr\u00e4sidium<br \/>\nMike Estelmann<br \/>\n1. Vizepr\u00e4sident<\/p>\n<h2>Programm<\/h2>\n<h3>Freitag, 14.09.2012:<\/h3>\n<p>12:00 Anreise<br \/>\n16:00 Dr. Veit Veltzke, Direktor des Preu\u00dfen-Museums Wesel: Besichtigung der Weseler Zitadelle und des Schill-Denkmals, Treffpunkt Zitadelle.<br \/>\n19:00 Gemeinsames Abendessen (\u00e1 la carte) im Restaurant des Hotels &#8222;Kaiserhof&#8220;, mit anschlie\u00dfendem gem\u00fctlichem Sammelplaudern.<\/p>\n<h3>Samstag, 15.09.2012:<\/h3>\n<p>10:00 Dr. Veit Veltzke u. Mitarbeiter: F\u00fchrung durch die Dauerausstellung des Preu\u00dfen-Museums.<br \/>\n12:30 Mittagspause, M\u00f6glichkeit zum Imbiss im Hotel &#8222;Kaiserhof&#8220;.<br \/>\n14:00 Vortrag Dr. Veit Veltzke: &#8222;Das Jugenddrama des preu\u00dfischen Kronprinzen und die Weseler Wende im Sommer 1730&#8220;.<br \/>\n15:00 Jahreshauptversammlung im Tagungsraum des Preu\u00dfen-Museums.<br \/>\n19:00 Gemeinsames Abendessen (\u00e1 la carte) im Restaurant des Hotels &#8222;Kaiserhof&#8220;. Anschlie\u00dfend Vortrag des Ludvigsen-Preistr\u00e4gers 2012.<\/p>\n<h3>Sonntag, 16.09.2012:<\/h3>\n<p>10:00 Tausch- und Sammlerb\u00f6rse im Preu\u00dfen-Museum (innerhalb des Museums auf der Freifl\u00e4che vor den alten Kasematten-Eing\u00e4ngen).<br \/>\n13:00 Ende der Veranstaltung<\/p>\n","protected":false},"excerpt":{"rendered":"<p>Jahreshauptversammlung vom 14.09. \u2013 16.09.2012 in Wesel \/ Niederrhein Kurzbericht zur Jahreshauptversammlung \u00dcber vierzig Mitglieder unserer Gesellschaft fanden den Weg in die Garnisonsstadt Wesel. Bereits am Freitag-Nachmittag gingen viele davon auf Entdeckungstour. Pers\u00f6nlich angef\u00fchrt vom Direktor des Preussen-Museums, Dr. V. Veltzke, erfuhren die Teilnehmer viel Wissenswertes \u00fcber die Gr\u00fcndungsgeschichte bis zur 98%tigen Zerst\u00f6rung der Stadt &hellip; <\/p>\n<p class=\"link-more\"><a href=\"https:\/\/www.deutsche-gesellschaft-fuer-ordenskunde.de\/DGOWP\/dgo\/aktivitaten\/2012-2\/\" class=\"more-link\"><span class=\"screen-reader-text\">\u201e2012\u201c <\/span>weiterlesen<\/a><\/p>\n","protected":false},"author":2,"featured_media":0,"parent":50,"menu_order":0,"comment_status":"closed","ping_status":"closed","template":"","meta":{"ngg_post_thumbnail":0,"footnotes":""},"class_list":["post-72","page","type-page","status-publish","hentry"],"_links":{"self":[{"href":"https:\/\/www.deutsche-gesellschaft-fuer-ordenskunde.de\/DGOWP\/wp-json\/wp\/v2\/pages\/72","targetHints":{"allow":["GET"]}}],"collection":[{"href":"https:\/\/www.deutsche-gesellschaft-fuer-ordenskunde.de\/DGOWP\/wp-json\/wp\/v2\/pages"}],"about":[{"href":"https:\/\/www.deutsche-gesellschaft-fuer-ordenskunde.de\/DGOWP\/wp-json\/wp\/v2\/types\/page"}],"author":[{"embeddable":true,"href":"https:\/\/www.deutsche-gesellschaft-fuer-ordenskunde.de\/DGOWP\/wp-json\/wp\/v2\/users\/2"}],"replies":[{"embeddable":true,"href":"https:\/\/www.deutsche-gesellschaft-fuer-ordenskunde.de\/DGOWP\/wp-json\/wp\/v2\/comments?post=72"}],"version-history":[{"count":0,"href":"https:\/\/www.deutsche-gesellschaft-fuer-ordenskunde.de\/DGOWP\/wp-json\/wp\/v2\/pages\/72\/revisions"}],"up":[{"embeddable":true,"href":"https:\/\/www.deutsche-gesellschaft-fuer-ordenskunde.de\/DGOWP\/wp-json\/wp\/v2\/pages\/50"}],"wp:attachment":[{"href":"https:\/\/www.deutsche-gesellschaft-fuer-ordenskunde.de\/DGOWP\/wp-json\/wp\/v2\/media?parent=72"}],"curies":[{"name":"wp","href":"https:\/\/api.w.org\/{rel}","templated":true}]}}