{"id":60,"date":"2012-09-10T09:46:45","date_gmt":"2012-09-10T09:46:45","guid":{"rendered":"https:\/\/www.deutsche-gesellschaft-fuer-ordenskunde.de\/DGOWP\/?page_id=60"},"modified":"2012-09-14T20:08:40","modified_gmt":"2012-09-14T20:08:40","slug":"2008-2","status":"publish","type":"page","link":"https:\/\/www.deutsche-gesellschaft-fuer-ordenskunde.de\/DGOWP\/dgo\/aktivitaten\/2008-2\/","title":{"rendered":"2008"},"content":{"rendered":"<div id=\"2008\">\n<h1>Sonderausstellung auf neuem Messegel\u00e4nde Stuttgart<\/h1>\n<p>Erstmals fand die IWB 2008 auf dem neuen Messegel\u00e4nde in Stuttgart statt. Wie im Vorfeld bereits informiert, richtete der BDOS &#8211; Deutsche Gesellschaft f\u00fcr Ordenskunde e.V. eine Sonderausstellung \u00fcber Auszeichnungen des Bundeslandes Baden-W\u00fcrttemberg aus. Bekanntlich verf\u00fcgt das Land ja nicht \u00fcber Orden, sondern tragbare Ehrenzeichen. Das w\u00e4ren die zun\u00e4chst im Jahr 1952 gestiftete Medaille &#8222;f\u00fcr Rettung aus Gefahr&#8220;, sowie die seit 1972 verliehene Verdienstmedaille des Landes Baden-W\u00fcrttemberg.<\/p>\n<p align=\"center\"><a href=\"https:\/\/www.deutsche-gesellschaft-fuer-ordenskunde.de\/DGOWP\/wp-content\/uploads\/2012\/09\/iwb2008_1.jpg\"><img loading=\"lazy\" decoding=\"async\" class=\"aligncenter size-medium wp-image-241\" title=\"iwb2008_1\" src=\"https:\/\/www.deutsche-gesellschaft-fuer-ordenskunde.de\/DGOWP\/wp-content\/uploads\/2012\/09\/iwb2008_1-300x199.jpg\" alt=\"\" width=\"300\" height=\"199\" srcset=\"https:\/\/www.deutsche-gesellschaft-fuer-ordenskunde.de\/DGOWP\/wp-content\/uploads\/2012\/09\/iwb2008_1-300x199.jpg 300w, https:\/\/www.deutsche-gesellschaft-fuer-ordenskunde.de\/DGOWP\/wp-content\/uploads\/2012\/09\/iwb2008_1-450x300.jpg 450w, https:\/\/www.deutsche-gesellschaft-fuer-ordenskunde.de\/DGOWP\/wp-content\/uploads\/2012\/09\/iwb2008_1.jpg 700w\" sizes=\"auto, (max-width: 300px) 100vw, 300px\" \/><\/a>\u00a0\u00a0<a href=\"https:\/\/www.deutsche-gesellschaft-fuer-ordenskunde.de\/DGOWP\/wp-content\/uploads\/2012\/09\/iwb2008_2.jpg\"><img loading=\"lazy\" decoding=\"async\" class=\"aligncenter size-medium wp-image-242\" title=\"iwb2008_2\" src=\"https:\/\/www.deutsche-gesellschaft-fuer-ordenskunde.de\/DGOWP\/wp-content\/uploads\/2012\/09\/iwb2008_2-300x199.jpg\" alt=\"\" width=\"300\" height=\"199\" srcset=\"https:\/\/www.deutsche-gesellschaft-fuer-ordenskunde.de\/DGOWP\/wp-content\/uploads\/2012\/09\/iwb2008_2-300x199.jpg 300w, https:\/\/www.deutsche-gesellschaft-fuer-ordenskunde.de\/DGOWP\/wp-content\/uploads\/2012\/09\/iwb2008_2-450x300.jpg 450w, https:\/\/www.deutsche-gesellschaft-fuer-ordenskunde.de\/DGOWP\/wp-content\/uploads\/2012\/09\/iwb2008_2.jpg 700w\" sizes=\"auto, (max-width: 300px) 100vw, 300px\" \/><\/a>\u00a0 <a href=\"https:\/\/www.deutsche-gesellschaft-fuer-ordenskunde.de\/DGOWP\/wp-content\/uploads\/2012\/09\/iwb2008_3.jpg\"><img loading=\"lazy\" decoding=\"async\" class=\"aligncenter size-medium wp-image-243\" title=\"iwb2008_3\" src=\"https:\/\/www.deutsche-gesellschaft-fuer-ordenskunde.de\/DGOWP\/wp-content\/uploads\/2012\/09\/iwb2008_3-300x199.jpg\" alt=\"\" width=\"300\" height=\"199\" srcset=\"https:\/\/www.deutsche-gesellschaft-fuer-ordenskunde.de\/DGOWP\/wp-content\/uploads\/2012\/09\/iwb2008_3-300x199.jpg 300w, https:\/\/www.deutsche-gesellschaft-fuer-ordenskunde.de\/DGOWP\/wp-content\/uploads\/2012\/09\/iwb2008_3-450x300.jpg 450w, https:\/\/www.deutsche-gesellschaft-fuer-ordenskunde.de\/DGOWP\/wp-content\/uploads\/2012\/09\/iwb2008_3.jpg 700w\" sizes=\"auto, (max-width: 300px) 100vw, 300px\" \/><\/a><\/p>\n<p>F\u00fcr die Anerkennung im Ehrenamt wurden Ehrennadeln gestiftet. Dar\u00fcber hinaus wurden aber auch die verschiedenen Ausf\u00fchrungen der Stauffer Medaille, welche als Ehrengabe des Ministerpr\u00e4sidenten vergeben werden gezeigt. Bekanntlich werden Alters- und Ehejubilaren auch Ehrungen durch den Ministerpr\u00e4sidenten zuteil. Urkunden hiervon rundeten die insgesamt sehr gut gestaltete Ausstellung ab.<\/p>\n<p>Das Innenministerium des Landes zeichnet ebenfalls f\u00fcr die Vergabe von Auszeichnungen im Land Baden-W\u00fcrttemberg verantwortlich. Dies ist bei der Feuerwehr der Fall. Es w\u00e4re mit Leichtigkeit eine gro\u00dfe Sonderschau eigens zu dieser Thematik realisierbar. Es wurden daher nur einige wenige Besonderheiten vorgestellt.<\/p>\n<p><a href=\"https:\/\/www.deutsche-gesellschaft-fuer-ordenskunde.de\/DGOWP\/wp-content\/uploads\/2012\/09\/iwb2008_ende.jpg\"><img loading=\"lazy\" decoding=\"async\" class=\"size-full wp-image-244 aligncenter\" title=\"iwb2008_ende\" src=\"https:\/\/www.deutsche-gesellschaft-fuer-ordenskunde.de\/DGOWP\/wp-content\/uploads\/2012\/09\/iwb2008_ende.jpg\" alt=\"\" width=\"700\" height=\"466\" srcset=\"https:\/\/www.deutsche-gesellschaft-fuer-ordenskunde.de\/DGOWP\/wp-content\/uploads\/2012\/09\/iwb2008_ende.jpg 700w, https:\/\/www.deutsche-gesellschaft-fuer-ordenskunde.de\/DGOWP\/wp-content\/uploads\/2012\/09\/iwb2008_ende-300x199.jpg 300w, https:\/\/www.deutsche-gesellschaft-fuer-ordenskunde.de\/DGOWP\/wp-content\/uploads\/2012\/09\/iwb2008_ende-450x300.jpg 450w\" sizes=\"auto, (max-width: 700px) 100vw, 700px\" \/><\/a><\/p>\n<div align=\"center\"><small>Wieder einmal aktiv im Ehrenamt: v.r. Wolfgang Meier, J\u00fcrgen Lindner, Manfred Schemeit, Frank W\u00f6rner und Rainer Keilbach. Nicht auf dem Foto: Rolf Geiger<\/small><\/div>\n<p>Ein Dank an dieser Stelle wieder einmal der Messe Stuttgart, unserem Messebauunternehmen Siebentritt, dem Standpersonal und allen welchen zum Gelingen dieser Sonderschau beigetragen haben. Die neue Messe in Stuttgart ist eine sch\u00f6ne \u00d6rtlichkeit und wir freuen uns auch in den kommenden Jahren mit Sonderausstellungen vor Ort pr\u00e4sent zu sein.<\/p>\n<h1>Bericht Jahreshauptversammlung \/ Bundestreffen in Altenburg<\/h1>\n<div align=\"center\"><a href=\"https:\/\/www.deutsche-gesellschaft-fuer-ordenskunde.de\/DGOWP\/wp-content\/uploads\/2012\/09\/jhv_2008_1.jpg\"><img loading=\"lazy\" decoding=\"async\" class=\"aligncenter size-full wp-image-245\" title=\"jhv_2008_1\" src=\"https:\/\/www.deutsche-gesellschaft-fuer-ordenskunde.de\/DGOWP\/wp-content\/uploads\/2012\/09\/jhv_2008_1.jpg\" alt=\"\" width=\"800\" height=\"381\" srcset=\"https:\/\/www.deutsche-gesellschaft-fuer-ordenskunde.de\/DGOWP\/wp-content\/uploads\/2012\/09\/jhv_2008_1.jpg 800w, https:\/\/www.deutsche-gesellschaft-fuer-ordenskunde.de\/DGOWP\/wp-content\/uploads\/2012\/09\/jhv_2008_1-300x142.jpg 300w, https:\/\/www.deutsche-gesellschaft-fuer-ordenskunde.de\/DGOWP\/wp-content\/uploads\/2012\/09\/jhv_2008_1-500x238.jpg 500w\" sizes=\"auto, (max-width: 706px) 89vw, (max-width: 767px) 82vw, 740px\" \/><\/a><br \/>\n<small>Fototermin im Residenzschloss Altenburg. 57 Teilnehmer &#8211; darunter 9 Frauen &#8211; sind zu sehen.<\/small><\/div>\n<p>Vom 19. bis 21. September tagten Mitglieder unserer Gesellschaft unter der Schirmherrschaft des Oberb\u00fcrgermeisters Michael Wolf in Altenburg.<\/p>\n<p>Bereits am Freitag Nachmittag hatten sich die Mitglieder eingefunden, um Altenburg bei einer Stadtf\u00fchrung n\u00e4her kennenzulernen. W\u00e4hrend dieser Zeit hatten die Mitglieder des Pr\u00e4sidiums getagt. Am Abend hatte sich eine gro\u00dfe Teilnehmerzahl im Restaurant Ratskeller zum Abendessen und anschlie\u00dfend gemeinsamen Gedankenaustausch eingefunden.<\/p>\n<p>Am Samstag Morgen nahmen die Mitglieder und Interessierten an einer gemeinsamen Schlossf\u00fchrung teil. Diese f\u00fchrte abschlie\u00dfend in den Bachsaal wo der Schirmherr OB Wolf und Pr\u00e4sident Keilbach die Bundestagung er\u00f6ffneten.<\/p>\n<p>Uta K\u00fcnzl wurde im direkten Anschluss an die Gru\u00dfworte f\u00fcr Ihre Unterst\u00fctzung unserer Gesellschaft geehrt (siehe hierzu auch auf den Pr\u00e4sidiumsseiten unseres Vereinsmagazins). Weiter stellte die Museumsleiterin die laufende Ausstellung \u00fcber Herzog Ernst I sowie die \u00dcberlegungen zu einem geplanten Ordensmuseum vor.<\/p>\n<p>Der wissenschaftliche Mitarbeiter Toralf Keil faszinierte die Anwesenden mit einem lebendigen Fachvortrag der etwas anderen Art zur Peron Herzog Ernst I. von Sachsen &#8211; Altenburg.<\/p>\n<p>Noch vor dem Essen wurde die Sonderausstellung: Orden und Auszeichnungen der Gro\u00dfherzoglich und Herzoglichen S\u00e4chsischen Staaten er\u00f6ffnet (hierzu berichtet J\u00f6rg Kebbel in unserem Vereinsmagazin). Nach einer Mittagspause auf dem Schlosshof hielten die Teilnehmer die Jahreshauptversammlung ab, \u00fcber deren Ablauf an gesonderter Stelle informiert wird. Im Anschluss des festlichen Abendbuffet im Bachsaal des Schlosses fanden die Ehrungen statt.<\/p>\n<p>Mit einem phaleristischem Festvortrag von Wolfram Oblentz \u00fcber die Jahreszahlen auf dem Sachsen Ernestinischen Hausorden fand der Abend einen informativen und interessanten Ausklang.<\/p>\n<p>Am Sonntag hatte das Altenburger Schloss &#8211; und Spielkartenmuseum noch eine gro\u00dfe \u00fcberregionale B\u00f6rse organisiert, welche von einer gro\u00dfen Zahl Interessierter besucht wurde.<\/p>\n<h1>29. Sammler-B\u00f6rse Gunzenhausen<\/h1>\n<p align=\"center\"><a href=\"https:\/\/www.deutsche-gesellschaft-fuer-ordenskunde.de\/DGOWP\/wp-content\/uploads\/2012\/09\/gunzenhausen_2007_1_k.jpg\"><img loading=\"lazy\" decoding=\"async\" class=\"aligncenter size-full wp-image-246\" title=\"gunzenhausen_2007_1_k\" src=\"https:\/\/www.deutsche-gesellschaft-fuer-ordenskunde.de\/DGOWP\/wp-content\/uploads\/2012\/09\/gunzenhausen_2007_1_k.jpg\" alt=\"\" width=\"500\" height=\"333\" srcset=\"https:\/\/www.deutsche-gesellschaft-fuer-ordenskunde.de\/DGOWP\/wp-content\/uploads\/2012\/09\/gunzenhausen_2007_1_k.jpg 500w, https:\/\/www.deutsche-gesellschaft-fuer-ordenskunde.de\/DGOWP\/wp-content\/uploads\/2012\/09\/gunzenhausen_2007_1_k-300x199.jpg 300w, https:\/\/www.deutsche-gesellschaft-fuer-ordenskunde.de\/DGOWP\/wp-content\/uploads\/2012\/09\/gunzenhausen_2007_1_k-450x300.jpg 450w\" sizes=\"auto, (max-width: 500px) 100vw, 500px\" \/><\/a> <a href=\"https:\/\/www.deutsche-gesellschaft-fuer-ordenskunde.de\/DGOWP\/wp-content\/uploads\/2012\/09\/gunzenhausen_2007_2_k.jpg\"><img loading=\"lazy\" decoding=\"async\" class=\"aligncenter size-full wp-image-247\" title=\"gunzenhausen_2007_2_k\" src=\"https:\/\/www.deutsche-gesellschaft-fuer-ordenskunde.de\/DGOWP\/wp-content\/uploads\/2012\/09\/gunzenhausen_2007_2_k.jpg\" alt=\"\" width=\"500\" height=\"333\" srcset=\"https:\/\/www.deutsche-gesellschaft-fuer-ordenskunde.de\/DGOWP\/wp-content\/uploads\/2012\/09\/gunzenhausen_2007_2_k.jpg 500w, https:\/\/www.deutsche-gesellschaft-fuer-ordenskunde.de\/DGOWP\/wp-content\/uploads\/2012\/09\/gunzenhausen_2007_2_k-300x199.jpg 300w, https:\/\/www.deutsche-gesellschaft-fuer-ordenskunde.de\/DGOWP\/wp-content\/uploads\/2012\/09\/gunzenhausen_2007_2_k-450x300.jpg 450w\" sizes=\"auto, (max-width: 500px) 100vw, 500px\" \/><\/a><\/p>\n<p>Am 13. und 14. Oktober traf sich die europ\u00e4ische Welt der Sammler und Forscher von Orden und Ehrenzeichen auf der B\u00f6rse in Gunzenhausen. Bereits zum 29. Mal er\u00f6ffnete Wolfgang Schneider nach Gru\u00dfworten des B\u00fcrgermeisters sowie des diesj\u00e4hrigen Schirmherrn Rainer Keilbach die B\u00f6rse und auch die Sonderausstellung zum Thema: Ritterkreuze Deutscher Staaten Der ehemalige stellvertretende Pr\u00e4sident des BDOS &#8211; Deutsche Gesellschaft f\u00fcr Ordenskunde e.V. Dietmar Raksch hatte diese Ausstellung organisiert und erl\u00e4uterte den geladenen sowie interessierten G\u00e4sten seine Ausstellung.<\/p>\n<p>Auch ein weiteres Mal war der BDOS &#8211; Deutsche Gesellschaft f\u00fcr Ordenskunde e.V. an einem Informationsstand f\u00fcr Teilnehmer mit Fragen und Informationen pr\u00e4sent. Auch konnten wir vier neue Mitglieder f\u00fcr unseren Verein gewinnen. Erneut herzlichen Dank an Herrn Wolfgang Schneider, welcher uns wieder den Informationsstand kostenlos zur Verf\u00fcgung stellte.<\/p>\n<\/div>\n","protected":false},"excerpt":{"rendered":"<p>Sonderausstellung auf neuem Messegel\u00e4nde Stuttgart Erstmals fand die IWB 2008 auf dem neuen Messegel\u00e4nde in Stuttgart statt. Wie im Vorfeld bereits informiert, richtete der BDOS &#8211; Deutsche Gesellschaft f\u00fcr Ordenskunde e.V. eine Sonderausstellung \u00fcber Auszeichnungen des Bundeslandes Baden-W\u00fcrttemberg aus. Bekanntlich verf\u00fcgt das Land ja nicht \u00fcber Orden, sondern tragbare Ehrenzeichen. Das w\u00e4ren die zun\u00e4chst im &hellip; <\/p>\n<p class=\"link-more\"><a href=\"https:\/\/www.deutsche-gesellschaft-fuer-ordenskunde.de\/DGOWP\/dgo\/aktivitaten\/2008-2\/\" class=\"more-link\"><span class=\"screen-reader-text\">\u201e2008\u201c <\/span>weiterlesen<\/a><\/p>\n","protected":false},"author":2,"featured_media":0,"parent":50,"menu_order":0,"comment_status":"closed","ping_status":"closed","template":"","meta":{"ngg_post_thumbnail":0,"footnotes":""},"class_list":["post-60","page","type-page","status-publish","hentry"],"_links":{"self":[{"href":"https:\/\/www.deutsche-gesellschaft-fuer-ordenskunde.de\/DGOWP\/wp-json\/wp\/v2\/pages\/60","targetHints":{"allow":["GET"]}}],"collection":[{"href":"https:\/\/www.deutsche-gesellschaft-fuer-ordenskunde.de\/DGOWP\/wp-json\/wp\/v2\/pages"}],"about":[{"href":"https:\/\/www.deutsche-gesellschaft-fuer-ordenskunde.de\/DGOWP\/wp-json\/wp\/v2\/types\/page"}],"author":[{"embeddable":true,"href":"https:\/\/www.deutsche-gesellschaft-fuer-ordenskunde.de\/DGOWP\/wp-json\/wp\/v2\/users\/2"}],"replies":[{"embeddable":true,"href":"https:\/\/www.deutsche-gesellschaft-fuer-ordenskunde.de\/DGOWP\/wp-json\/wp\/v2\/comments?post=60"}],"version-history":[{"count":0,"href":"https:\/\/www.deutsche-gesellschaft-fuer-ordenskunde.de\/DGOWP\/wp-json\/wp\/v2\/pages\/60\/revisions"}],"up":[{"embeddable":true,"href":"https:\/\/www.deutsche-gesellschaft-fuer-ordenskunde.de\/DGOWP\/wp-json\/wp\/v2\/pages\/50"}],"wp:attachment":[{"href":"https:\/\/www.deutsche-gesellschaft-fuer-ordenskunde.de\/DGOWP\/wp-json\/wp\/v2\/media?parent=60"}],"curies":[{"name":"wp","href":"https:\/\/api.w.org\/{rel}","templated":true}]}}