{"id":598,"date":"2012-09-15T14:58:28","date_gmt":"2012-09-15T14:58:28","guid":{"rendered":"https:\/\/www.deutsche-gesellschaft-fuer-ordenskunde.de\/DGOWP\/?page_id=598"},"modified":"2019-05-14T19:39:48","modified_gmt":"2019-05-14T19:39:48","slug":"sachsen-konigreich","status":"publish","type":"page","link":"https:\/\/www.deutsche-gesellschaft-fuer-ordenskunde.de\/DGOWP\/links\/sachsen-konigreich\/","title":{"rendered":"Sachsen-K\u00f6nigreich"},"content":{"rendered":"<h1>Sachsen-K\u00f6nigreich<\/h1>\n<ul>\n<li><a href=\"http:\/\/www.medalnet.net\/St_Heinrich_Orden.htm\">Der Kgl. S\u00e4chsische Milit\u00e4r St.Heinrich Orden<\/a><\/li>\n<li><a href=\"http:\/\/www.medalnet.net\/St_Heinrichs_Orden.htm\">Ein Kurf\u00fcrstlich S\u00e4chsicher Milit\u00e4r St.Heinrichs Orden &#8211; oder Gedanken zur Literaturrecherche<\/a><\/li>\n<li><a href=\"http:\/\/www.medalnet.net\/Krems_Goldene_St_Henrich_Medaille.htm\">Die Verleihung der Goldenen Milit\u00e4r St. Heinrich Medaille an Vizefeldwebel Jakob Krems<\/a><\/li>\n<li><a href=\"http:\/\/www.kunsho.com\/%E5%8B%B2%E7%AB%A0_kunsho\/Sankt_Heinrich.html\">Silberne Medaille des St. Heinrichsordens<\/a><\/li>\n<li><a href=\"http:\/\/www.medalnet.net\/Sachsen_Verleihungsurkunden.htm\">Die Verleihungsurkunden des Kgl. S\u00e4chs. Albrechts-Ordens<\/a><\/li>\n<li><a href=\"http:\/\/www.medalnet.net\/Albrechtsorden_Kleinkreuz.htm\">Das Kleinkreuz des k\u00f6niglich s\u00e4chsischen Albrecht Ordens<\/a><\/li>\n<li><a href=\"http:\/\/www.medalnet.net\/Albrechtsorden_1_Modell.htm\">Der Albrechts-Orden 1.Modell &#8211; Das Gro\u00df- bzw. Komthurkreuz mit Schwertern<\/a><\/li>\n<li><a href=\"http:\/\/www.medalnet.net\/Sachen_Dienstauszeichnungen.htm\">Die Milit\u00e4r-Dienstauszeichnungen des K\u00f6nigreichs Sachsen<\/a><\/li>\n<\/ul>\n","protected":false},"excerpt":{"rendered":"<p>Sachsen-K\u00f6nigreich Der Kgl. S\u00e4chsische Milit\u00e4r St.Heinrich Orden Ein Kurf\u00fcrstlich S\u00e4chsicher Milit\u00e4r St.Heinrichs Orden &#8211; oder Gedanken zur Literaturrecherche Die Verleihung der Goldenen Milit\u00e4r St. Heinrich Medaille an Vizefeldwebel Jakob Krems Silberne Medaille des St. Heinrichsordens Die Verleihungsurkunden des Kgl. S\u00e4chs. Albrechts-Ordens Das Kleinkreuz des k\u00f6niglich s\u00e4chsischen Albrecht Ordens Der Albrechts-Orden 1.Modell &#8211; Das Gro\u00df- bzw. &hellip; <\/p>\n<p class=\"link-more\"><a href=\"https:\/\/www.deutsche-gesellschaft-fuer-ordenskunde.de\/DGOWP\/links\/sachsen-konigreich\/\" class=\"more-link\"><span class=\"screen-reader-text\">\u201eSachsen-K\u00f6nigreich\u201c <\/span>weiterlesen<\/a><\/p>\n","protected":false},"author":2,"featured_media":0,"parent":161,"menu_order":0,"comment_status":"closed","ping_status":"closed","template":"","meta":{"ngg_post_thumbnail":0,"footnotes":""},"class_list":["post-598","page","type-page","status-publish","hentry"],"_links":{"self":[{"href":"https:\/\/www.deutsche-gesellschaft-fuer-ordenskunde.de\/DGOWP\/wp-json\/wp\/v2\/pages\/598","targetHints":{"allow":["GET"]}}],"collection":[{"href":"https:\/\/www.deutsche-gesellschaft-fuer-ordenskunde.de\/DGOWP\/wp-json\/wp\/v2\/pages"}],"about":[{"href":"https:\/\/www.deutsche-gesellschaft-fuer-ordenskunde.de\/DGOWP\/wp-json\/wp\/v2\/types\/page"}],"author":[{"embeddable":true,"href":"https:\/\/www.deutsche-gesellschaft-fuer-ordenskunde.de\/DGOWP\/wp-json\/wp\/v2\/users\/2"}],"replies":[{"embeddable":true,"href":"https:\/\/www.deutsche-gesellschaft-fuer-ordenskunde.de\/DGOWP\/wp-json\/wp\/v2\/comments?post=598"}],"version-history":[{"count":1,"href":"https:\/\/www.deutsche-gesellschaft-fuer-ordenskunde.de\/DGOWP\/wp-json\/wp\/v2\/pages\/598\/revisions"}],"predecessor-version":[{"id":3504,"href":"https:\/\/www.deutsche-gesellschaft-fuer-ordenskunde.de\/DGOWP\/wp-json\/wp\/v2\/pages\/598\/revisions\/3504"}],"up":[{"embeddable":true,"href":"https:\/\/www.deutsche-gesellschaft-fuer-ordenskunde.de\/DGOWP\/wp-json\/wp\/v2\/pages\/161"}],"wp:attachment":[{"href":"https:\/\/www.deutsche-gesellschaft-fuer-ordenskunde.de\/DGOWP\/wp-json\/wp\/v2\/media?parent=598"}],"curies":[{"name":"wp","href":"https:\/\/api.w.org\/{rel}","templated":true}]}}