{"id":596,"date":"2012-09-15T14:57:12","date_gmt":"2012-09-15T14:57:12","guid":{"rendered":"https:\/\/www.deutsche-gesellschaft-fuer-ordenskunde.de\/DGOWP\/?page_id=596"},"modified":"2012-09-15T14:57:12","modified_gmt":"2012-09-15T14:57:12","slug":"sachsen-herzogtumer","status":"publish","type":"page","link":"https:\/\/www.deutsche-gesellschaft-fuer-ordenskunde.de\/DGOWP\/links\/sachsen-herzogtumer\/","title":{"rendered":"Sachsen Herzogt\u00fcmer"},"content":{"rendered":"<h1>Sachsen Herzogt\u00fcmer<\/h1>\n<ul>\n<li><a href=\"http:\/\/www.medalnet.net\/Ernestinischen_Hausordens_fuer_Auslaender.htm\">Orden f\u00fcr Ausl\u00e4nder<\/a><\/li>\n<li><a href=\"http:\/\/www.medalnet.net\/Geheimnis_der_Buchstaben.htm\">Das Geheimnis des Buchstabens &#8222;E&#8220;<\/a><\/li>\n<li><a href=\"http:\/\/www.medalnet.net\/Kriegsverdienste_in_der_Heimat.htm\">Kriegsverdienste in der Heimat<\/a><\/li>\n<li><a href=\"http:\/\/www.medalnet.net\/Sachsen_Ernestinischer_Hausorden.htm\">Der Herzoglich-Sachsen Ernestinische Hausorden<\/a><\/li>\n<\/ul>\n","protected":false},"excerpt":{"rendered":"<p>Sachsen Herzogt\u00fcmer Orden f\u00fcr Ausl\u00e4nder Das Geheimnis des Buchstabens &#8222;E&#8220; Kriegsverdienste in der Heimat Der Herzoglich-Sachsen Ernestinische Hausorden<\/p>\n","protected":false},"author":2,"featured_media":0,"parent":161,"menu_order":0,"comment_status":"closed","ping_status":"closed","template":"","meta":{"ngg_post_thumbnail":0,"footnotes":""},"class_list":["post-596","page","type-page","status-publish","hentry"],"_links":{"self":[{"href":"https:\/\/www.deutsche-gesellschaft-fuer-ordenskunde.de\/DGOWP\/wp-json\/wp\/v2\/pages\/596","targetHints":{"allow":["GET"]}}],"collection":[{"href":"https:\/\/www.deutsche-gesellschaft-fuer-ordenskunde.de\/DGOWP\/wp-json\/wp\/v2\/pages"}],"about":[{"href":"https:\/\/www.deutsche-gesellschaft-fuer-ordenskunde.de\/DGOWP\/wp-json\/wp\/v2\/types\/page"}],"author":[{"embeddable":true,"href":"https:\/\/www.deutsche-gesellschaft-fuer-ordenskunde.de\/DGOWP\/wp-json\/wp\/v2\/users\/2"}],"replies":[{"embeddable":true,"href":"https:\/\/www.deutsche-gesellschaft-fuer-ordenskunde.de\/DGOWP\/wp-json\/wp\/v2\/comments?post=596"}],"version-history":[{"count":0,"href":"https:\/\/www.deutsche-gesellschaft-fuer-ordenskunde.de\/DGOWP\/wp-json\/wp\/v2\/pages\/596\/revisions"}],"up":[{"embeddable":true,"href":"https:\/\/www.deutsche-gesellschaft-fuer-ordenskunde.de\/DGOWP\/wp-json\/wp\/v2\/pages\/161"}],"wp:attachment":[{"href":"https:\/\/www.deutsche-gesellschaft-fuer-ordenskunde.de\/DGOWP\/wp-json\/wp\/v2\/media?parent=596"}],"curies":[{"name":"wp","href":"https:\/\/api.w.org\/{rel}","templated":true}]}}