{"id":594,"date":"2012-09-15T14:55:25","date_gmt":"2012-09-15T14:55:25","guid":{"rendered":"https:\/\/www.deutsche-gesellschaft-fuer-ordenskunde.de\/DGOWP\/?page_id=594"},"modified":"2017-01-20T23:23:15","modified_gmt":"2017-01-20T23:23:15","slug":"preusen","status":"publish","type":"page","link":"https:\/\/www.deutsche-gesellschaft-fuer-ordenskunde.de\/DGOWP\/links\/preusen\/","title":{"rendered":"Preu\u00dfen"},"content":{"rendered":"<h1>Preu\u00dfen<\/h1>\n<ul>\n<li>pour le m\u00e8rite\n<ul>\n<li><a href=\"http:\/\/www.pourlemerite.org\/\">Orden pour le m\u00e9rite<\/a><\/li>\n<li><a href=\"http:\/\/www.medalnet.net\/Der_Pour_le_Merite.htm\">Typologie des Pour le M\u00e8rite<\/a><\/li>\n<li><a href=\"http:\/\/www.medalnet.net\/Godet_Pour_le_Merite_de.htm\">Godet gefertigte Pour le M\u00e9rite<\/a><\/li>\n<li><a href=\"http:\/\/www.medalnet.net\/quastger.htm\">Der Pour le M\u00e8rite des General von Quast<\/a><\/li>\n<li><a href=\"http:\/\/www.medalnet.net\/Eichenlaub_Studie.htm\">Preussisches Eichenlaub zum Orden Pour le M\u00e9rite und Roten Adler Orden<\/a><\/li>\n<\/ul>\n<\/li>\n<li>Roter Adler-Orden\n<ul>\n<li><a href=\"http:\/\/www.medalnet.net\/Adlermalerei.htm\">Adlermalerei<\/a><\/li>\n<li><a href=\"http:\/\/www.medalnet.net\/Rote_Adler_3.htm\">Typologie des Roten Adler Ordens in der 3.Klasse<\/a><\/li>\n<li><a href=\"http:\/\/www.medalnet.net\/Rote_Adler_3_Krone_Schwertern.htm\">Der Rote Adler Orden &#8211; die dritte Klasse mit Krone und Schwertern<\/a><\/li>\n<li><a href=\"http:\/\/www.medalnet.net\/Roter_Adler_Haegele.htm\">Der Rote Adler Orden &#8211; die dritte Klasse mit Schleife und Schwertern<\/a><\/li>\n<li><a href=\"http:\/\/www.medalnet.net\/Nichtchristen_Roter_Adler.htm\">Der Rote Adler Orden f\u00fcr Nichtchristen<\/a><\/li>\n<li><a href=\"http:\/\/www.medalnet.net\/Silber_vergoldet.htm\">Silber vergoldet<\/a><\/li>\n<li><a href=\"http:\/\/www.medalnet.net\/RAO_Medaille.htm\">Die Medaille des K\u00f6niglichen Roten Adler Orden<\/a><\/li>\n<li><a href=\"http:\/\/www.ordensmuseum.de\/Ordensjournal\/Ordensjournal5Feb07KRAO.pdf\">Die Medaillen zum Roten Adler Orden sowie Kronenorden und eine Geschenkbrosche Kaiser Wilhelms II.<\/a><\/li>\n<li><a href=\"http:\/\/www.ordensmuseum.de\/Ordensjournal\/Ordensjournal13Okt07RaoKo.pdf\">Der Preu\u00dfische Rothe Adler-Orden und der K\u00f6nigliche Kronen-Orden. In Urkunde und Bild von F. W. H\u00f6ftmann, Berlin, 1878.<\/a><\/li>\n<\/ul>\n<\/li>\n<li>Kronen-Orden\n<ul>\n<li><a href=\"http:\/\/www.medalnet.net\/Kronenorden_Medaille.htm\">Das letzte Modell der Kronen-Orden-Medaille<\/a><\/li>\n<li><a href=\"https:\/\/www.deutsche-gesellschaft-fuer-ordenskunde.de\/DGOWP\/links\/dokumente\/modelle-des-kronenordens\/\">Die Modelle des Kronenordens<\/a><\/li>\n<li><a href=\"http:\/\/www.medalnet.net\/Kronenorden_Medaillen.htm\">Die Medaille des K\u00f6niglichen Kronenordens<\/a><\/li>\n<\/ul>\n<\/li>\n<li>K\u00f6niglicher Hausorden von Hohenzollern\n<ul>\n<li><a href=\"http:\/\/ordensmuseum.de\/historische-oe\/der-konigliche-hausorden-von-hohenzollern\/\">Hausorden von Hohenzollern<\/a><\/li>\n<li><a href=\"http:\/\/www.medalnet.net\/Adler_der_Ritter.htm\">Der Adler der Ritter<\/a><\/li>\n<\/ul>\n<\/li>\n<li>Eisernes Kreuz\n<ul>\n<li><a href=\"http:\/\/www.kunsho.com\/%E5%8B%B2%E7%AB%A0_kunsho\/Iron_Cross_1870.html\">Eisernes Kreuz 2. Klasse, 1870<\/a><\/li>\n<li><a href=\"http:\/\/www.medalnet.net\/Eisernes_Kreuz_1870.htm\">Betrachtungen zum Eisernen Kreuz der Stiftung 1870 unter besonderer Ber\u00fccksichtigung der Zweiten Klasse<\/a><\/li>\n<li><a href=\"http:\/\/ordensmuseum.de\/historische-oe\/ein-preusisches-urkundenkonvolut\/\">Konvolut von 1870<\/a><\/li>\n<li><a href=\"http:\/\/ordensmuseum.de\/historische-oe\/geschenkbrosche-kaiser-wilhelm-ii\/\">Geschenkbrosche Eisernes Kreuz<\/a><\/li>\n<li><a href=\"http:\/\/www.ordensmuseum.de\/Ordensjournal\/Ordensjournal17Mar10RechEK1870.pdf\">Rechnungen der GOK \u00fcber die Insignien des EK von 1870<\/a><\/li>\n<li><a href=\"http:\/\/ordensmuseum.de\/historische-oe\/verdienstkreuz-fur-frauen-und-jungfrauen\/\">Verdienstkreuz f\u00fcr Frauen und Jungfrauen<\/a><\/li>\n<li><a href=\"http:\/\/www.ordensmuseum.de\/Ordensjournal\/Ordensjournal8Mai07VerlLiJungfr.pdf\">Die Liste der Beliehenen zum Verdienstkreuz f\u00fcr Frauen und Jungfrauen<\/a><\/li>\n<li><a href=\"http:\/\/www.ordensmuseum.de\/Ordensjournal\/Ordensjournal7Arp07Jungfr.pdf\">Das Verdienstkreuz f\u00fcr Frauen und Jungfrauen in Urkunde und Bild<\/a><\/li>\n<li><a href=\"http:\/\/www.trenchfighter.homepage.t-online.de\/40020.html?*session*id*key*=*session*id*val*\">Iron Cross and its winners<\/a><\/li>\n<\/ul>\n<\/li>\n<li>Milit\u00e4rverdienstkreuz\/Milit\u00e4r-Ehrenzeichen\n<ul>\n<li><a href=\"http:\/\/www.medalnet.net\/Militaer_Ehrenzeichen.htm\">Das preu\u00dfische Milit\u00e4r-Ehrenzeichen 1.Klasse<\/a><\/li>\n<li><a href=\"http:\/\/www.medalnet.net\/Unterschied.htm\">Das preu\u00dfische Milit\u00e4rverdienstkreuz<\/a><\/li>\n<\/ul>\n<ul>\n<li><a href=\"http:\/\/www.medalnet.net\/Hofjagdehrenzeichen.htm\">Das Kgl. Preu\u00dfische Hofjagdehrenzeichen<\/a><\/li>\n<li><a href=\"http:\/\/www.medalnet.net\/Metz.htm\">Die Belagerung von Metz<\/a><\/li>\n<li><a href=\"http:\/\/www.medalnet.net\/Hossauer.htm\">Hossauer<\/a><\/li>\n<li><a href=\"http:\/\/ordensmuseum.de\/historische-oe\/die-embleme-der-kaiser-wilhelm-gesellschaft\/\">Kaiser Wilhelm Gesellschaft<\/a><\/li>\n<li><a href=\"http:\/\/www.ordensmuseum.de\/Ordensjournal\/Ordensjournal12Sep07KWG.pdf\">Die Embleme der Kaiser-Wilhelm-Gesellschaft<\/a><\/li>\n<li><a href=\"http:\/\/www.ordensmuseum.de\/Ordensjournal\/Ordensjournal19Mai10Gorgo.pdf\">Das von Wilhelm II. verliehene Gorgo-Abzeichen<\/a><\/li>\n<li><a href=\"http:\/\/www.ordensmuseum.de\/Ordensjournal\/Ordensjournal2Nov06HdAKH.pdf\">Das K\u00f6niglich Preu\u00dfische Verdienstkreuz f\u00fcr Kriegshilfe<\/a><\/li>\n<li><a href=\"http:\/\/www.ordensmuseum.de\/Ordensjournal\/Ordensjournal4Jan07Urk.pdf\">Einstiegshilfen zu preu\u00dfischen Verleihungsurkunden<\/a><\/li>\n<\/ul>\n<\/li>\n<\/ul>\n","protected":false},"excerpt":{"rendered":"<p>Preu\u00dfen pour le m\u00e8rite Orden pour le m\u00e9rite Typologie des Pour le M\u00e8rite Godet gefertigte Pour le M\u00e9rite Der Pour le M\u00e8rite des General von Quast Preussisches Eichenlaub zum Orden Pour le M\u00e9rite und Roten Adler Orden Roter Adler-Orden Adlermalerei Typologie des Roten Adler Ordens in der 3.Klasse Der Rote Adler Orden &#8211; die dritte &hellip; <\/p>\n<p class=\"link-more\"><a href=\"https:\/\/www.deutsche-gesellschaft-fuer-ordenskunde.de\/DGOWP\/links\/preusen\/\" class=\"more-link\"><span class=\"screen-reader-text\">\u201ePreu\u00dfen\u201c <\/span>weiterlesen<\/a><\/p>\n","protected":false},"author":2,"featured_media":0,"parent":161,"menu_order":0,"comment_status":"closed","ping_status":"closed","template":"","meta":{"ngg_post_thumbnail":0,"footnotes":""},"class_list":["post-594","page","type-page","status-publish","hentry"],"_links":{"self":[{"href":"https:\/\/www.deutsche-gesellschaft-fuer-ordenskunde.de\/DGOWP\/wp-json\/wp\/v2\/pages\/594","targetHints":{"allow":["GET"]}}],"collection":[{"href":"https:\/\/www.deutsche-gesellschaft-fuer-ordenskunde.de\/DGOWP\/wp-json\/wp\/v2\/pages"}],"about":[{"href":"https:\/\/www.deutsche-gesellschaft-fuer-ordenskunde.de\/DGOWP\/wp-json\/wp\/v2\/types\/page"}],"author":[{"embeddable":true,"href":"https:\/\/www.deutsche-gesellschaft-fuer-ordenskunde.de\/DGOWP\/wp-json\/wp\/v2\/users\/2"}],"replies":[{"embeddable":true,"href":"https:\/\/www.deutsche-gesellschaft-fuer-ordenskunde.de\/DGOWP\/wp-json\/wp\/v2\/comments?post=594"}],"version-history":[{"count":0,"href":"https:\/\/www.deutsche-gesellschaft-fuer-ordenskunde.de\/DGOWP\/wp-json\/wp\/v2\/pages\/594\/revisions"}],"up":[{"embeddable":true,"href":"https:\/\/www.deutsche-gesellschaft-fuer-ordenskunde.de\/DGOWP\/wp-json\/wp\/v2\/pages\/161"}],"wp:attachment":[{"href":"https:\/\/www.deutsche-gesellschaft-fuer-ordenskunde.de\/DGOWP\/wp-json\/wp\/v2\/media?parent=594"}],"curies":[{"name":"wp","href":"https:\/\/api.w.org\/{rel}","templated":true}]}}