{"id":590,"date":"2012-09-15T14:49:45","date_gmt":"2012-09-15T14:49:45","guid":{"rendered":"https:\/\/www.deutsche-gesellschaft-fuer-ordenskunde.de\/DGOWP\/?page_id=590"},"modified":"2017-06-04T15:40:17","modified_gmt":"2017-06-04T15:40:17","slug":"lippe-detmold","status":"publish","type":"page","link":"https:\/\/www.deutsche-gesellschaft-fuer-ordenskunde.de\/DGOWP\/links\/lippe-detmold\/","title":{"rendered":"Lippe-Detmold"},"content":{"rendered":"<h1>Lippe-Detmold<\/h1>\n<ul>\n<li><a href=\"http:\/\/www.hausorden.de\/\">Hausorden<\/a><\/li>\n<li><a href=\"http:\/\/ordensmuseum.de\/historische-oe\/fuerstlich-lippischer-hausorden\/\">F\u00fcrstlich Lippischer Hausorden<\/a><\/li>\n<li><a href=\"http:\/\/ordensmuseum.de\/historische-oe\/der-furstlich-lippischer-leopold-orden\">F\u00fcrstlich Lippischer Leopold-Orden<\/a><\/li>\n<li><a href=\"http:\/\/www.ordensmuseum.de\/Ordensjournal\/Ordensjournal11August07Leo.pdf\">Der F\u00fcrstlich Lippische Leopoldorden<\/a><\/li>\n<\/ul>\n","protected":false},"excerpt":{"rendered":"<p>Lippe-Detmold Hausorden F\u00fcrstlich Lippischer Hausorden F\u00fcrstlich Lippischer Leopold-Orden Der F\u00fcrstlich Lippische Leopoldorden<\/p>\n","protected":false},"author":2,"featured_media":0,"parent":161,"menu_order":0,"comment_status":"closed","ping_status":"closed","template":"","meta":{"ngg_post_thumbnail":0,"footnotes":""},"class_list":["post-590","page","type-page","status-publish","hentry"],"_links":{"self":[{"href":"https:\/\/www.deutsche-gesellschaft-fuer-ordenskunde.de\/DGOWP\/wp-json\/wp\/v2\/pages\/590","targetHints":{"allow":["GET"]}}],"collection":[{"href":"https:\/\/www.deutsche-gesellschaft-fuer-ordenskunde.de\/DGOWP\/wp-json\/wp\/v2\/pages"}],"about":[{"href":"https:\/\/www.deutsche-gesellschaft-fuer-ordenskunde.de\/DGOWP\/wp-json\/wp\/v2\/types\/page"}],"author":[{"embeddable":true,"href":"https:\/\/www.deutsche-gesellschaft-fuer-ordenskunde.de\/DGOWP\/wp-json\/wp\/v2\/users\/2"}],"replies":[{"embeddable":true,"href":"https:\/\/www.deutsche-gesellschaft-fuer-ordenskunde.de\/DGOWP\/wp-json\/wp\/v2\/comments?post=590"}],"version-history":[{"count":0,"href":"https:\/\/www.deutsche-gesellschaft-fuer-ordenskunde.de\/DGOWP\/wp-json\/wp\/v2\/pages\/590\/revisions"}],"up":[{"embeddable":true,"href":"https:\/\/www.deutsche-gesellschaft-fuer-ordenskunde.de\/DGOWP\/wp-json\/wp\/v2\/pages\/161"}],"wp:attachment":[{"href":"https:\/\/www.deutsche-gesellschaft-fuer-ordenskunde.de\/DGOWP\/wp-json\/wp\/v2\/media?parent=590"}],"curies":[{"name":"wp","href":"https:\/\/api.w.org\/{rel}","templated":true}]}}