{"id":588,"date":"2012-09-15T14:47:53","date_gmt":"2012-09-15T14:47:53","guid":{"rendered":"https:\/\/www.deutsche-gesellschaft-fuer-ordenskunde.de\/DGOWP\/?page_id=588"},"modified":"2012-09-15T14:47:53","modified_gmt":"2012-09-15T14:47:53","slug":"hessen-darmstadt","status":"publish","type":"page","link":"https:\/\/www.deutsche-gesellschaft-fuer-ordenskunde.de\/DGOWP\/links\/hessen-darmstadt\/","title":{"rendered":"Hessen-Darmstadt"},"content":{"rendered":"<h1>Hessen-Darmstadt<\/h1>\n<ul>\n<li><a href=\"http:\/\/www.medalnet.net\/Stern_von_Brabant.htm\">Der Stern von Brabant, Hessen Darmstadt<\/a><\/li>\n<li><a href=\"http:\/\/www.medalnet.net\/Ludwigs_Orden.htm\">Ludwigs Orden Ritterkreuze<\/a><\/li>\n<li><a href=\"http:\/\/www.medalnet.net\/Grosskreuz_Krone_Philip.htm\">Das Gro\u00dfkreuz mit Krone zum Orden Philip des Gro\u00dfm\u00fcthigen<\/a><\/li>\n<li><a href=\"http:\/\/www.medalnet.net\/Orden_Philip_des_Grossmuetigen.htm\">Der Komthurstern mit goldenen Strahlen zum Orden Philip des Gro\u00dfm\u00fcthigen<\/a><\/li>\n<\/ul>\n","protected":false},"excerpt":{"rendered":"<p>Hessen-Darmstadt Der Stern von Brabant, Hessen Darmstadt Ludwigs Orden Ritterkreuze Das Gro\u00dfkreuz mit Krone zum Orden Philip des Gro\u00dfm\u00fcthigen Der Komthurstern mit goldenen Strahlen zum Orden Philip des Gro\u00dfm\u00fcthigen<\/p>\n","protected":false},"author":2,"featured_media":0,"parent":161,"menu_order":0,"comment_status":"closed","ping_status":"closed","template":"","meta":{"ngg_post_thumbnail":0,"footnotes":""},"class_list":["post-588","page","type-page","status-publish","hentry"],"_links":{"self":[{"href":"https:\/\/www.deutsche-gesellschaft-fuer-ordenskunde.de\/DGOWP\/wp-json\/wp\/v2\/pages\/588","targetHints":{"allow":["GET"]}}],"collection":[{"href":"https:\/\/www.deutsche-gesellschaft-fuer-ordenskunde.de\/DGOWP\/wp-json\/wp\/v2\/pages"}],"about":[{"href":"https:\/\/www.deutsche-gesellschaft-fuer-ordenskunde.de\/DGOWP\/wp-json\/wp\/v2\/types\/page"}],"author":[{"embeddable":true,"href":"https:\/\/www.deutsche-gesellschaft-fuer-ordenskunde.de\/DGOWP\/wp-json\/wp\/v2\/users\/2"}],"replies":[{"embeddable":true,"href":"https:\/\/www.deutsche-gesellschaft-fuer-ordenskunde.de\/DGOWP\/wp-json\/wp\/v2\/comments?post=588"}],"version-history":[{"count":0,"href":"https:\/\/www.deutsche-gesellschaft-fuer-ordenskunde.de\/DGOWP\/wp-json\/wp\/v2\/pages\/588\/revisions"}],"up":[{"embeddable":true,"href":"https:\/\/www.deutsche-gesellschaft-fuer-ordenskunde.de\/DGOWP\/wp-json\/wp\/v2\/pages\/161"}],"wp:attachment":[{"href":"https:\/\/www.deutsche-gesellschaft-fuer-ordenskunde.de\/DGOWP\/wp-json\/wp\/v2\/media?parent=588"}],"curies":[{"name":"wp","href":"https:\/\/api.w.org\/{rel}","templated":true}]}}