{"id":586,"date":"2012-09-15T14:45:35","date_gmt":"2012-09-15T14:45:35","guid":{"rendered":"https:\/\/www.deutsche-gesellschaft-fuer-ordenskunde.de\/DGOWP\/?page_id=586"},"modified":"2013-02-16T13:41:44","modified_gmt":"2013-02-16T13:41:44","slug":"deutsches-reich-1871-1918","status":"publish","type":"page","link":"https:\/\/www.deutsche-gesellschaft-fuer-ordenskunde.de\/DGOWP\/links\/deutsches-reich-1871-1918\/","title":{"rendered":"Deutsches Reich 1871-1918"},"content":{"rendered":"<h1>Deutsches Reich 1871-1918<\/h1>\n<ul>\n<li><a href=\"http:\/\/www.medalnet.net\/Kaiserliche_Flugzeugfuehrerabzeichen.htm\">Kaiserliche Flugzeugf\u00fchrerabzeichen<\/a><\/li>\n<li><a href=\"http:\/\/traditionsverband.de\/schutztruppe\/china.html\">China-Denkm\u00fcnze<\/a><\/li>\n<li><a href=\"http:\/\/traditionsverband.de\/schutztruppe\/sw_afrika.html\">S\u00fcdwestafrika-Denkm\u00fcnze<\/a><\/li>\n<li><a href=\"http:\/\/traditionsverband.de\/schutztruppe\/kolonialdenkmuenze.html\">Kolonialdenkm\u00fcnze<\/a><\/li>\n<li><a href=\"https:\/\/www.deutsche-gesellschaft-fuer-ordenskunde.de\/DGOWP\/wp-content\/uploads\/2012\/09\/gefechtsspangen.pdf\">\u00dcbersicht \u00fcber die Gefechtsspangen zur Kolonialdenkm\u00fcnze<\/a><\/li>\n<li><a href=\"http:\/\/www.medalnet.net\/Kolonialdenkmuenze.htm\">Verleihungen der Kolonialdenkm\u00fcnze an Marineangeh\u00f6rige<\/a><\/li>\n<li><a href=\"http:\/\/www.medalnet.net\/Kamerun_1884.htm\">Kamerun 1884<\/a><\/li>\n<li><a href=\"http:\/\/www.medalnet.net\/Kamerun_1891.htm\">Kamerun 1891<\/a><\/li>\n<li><a href=\"http:\/\/www.medalnet.net\/Kamerun_1893.htm\">Kamerun 1893<\/a><\/li>\n<li><a href=\"http:\/\/www.medalnet.net\/Deutschostafrika_1888_89.htm\">Deutschostafrika 1888\/89<\/a><\/li>\n<li><a href=\"http:\/\/www.medalnet.net\/Deutschostafrika_1905_07.htm\">Deutschosafrika 1905-07<\/a><\/li>\n<li><a href=\"http:\/\/www.tsingtau.info\/\">Die Verteidiger von Tsingtau<\/a><\/li>\n<\/ul>\n","protected":false},"excerpt":{"rendered":"<p>Deutsches Reich 1871-1918 Kaiserliche Flugzeugf\u00fchrerabzeichen China-Denkm\u00fcnze S\u00fcdwestafrika-Denkm\u00fcnze Kolonialdenkm\u00fcnze \u00dcbersicht \u00fcber die Gefechtsspangen zur Kolonialdenkm\u00fcnze Verleihungen der Kolonialdenkm\u00fcnze an Marineangeh\u00f6rige Kamerun 1884 Kamerun 1891 Kamerun 1893 Deutschostafrika 1888\/89 Deutschosafrika 1905-07 Die Verteidiger von Tsingtau<\/p>\n","protected":false},"author":2,"featured_media":0,"parent":161,"menu_order":0,"comment_status":"closed","ping_status":"closed","template":"","meta":{"ngg_post_thumbnail":0,"footnotes":""},"class_list":["post-586","page","type-page","status-publish","hentry"],"_links":{"self":[{"href":"https:\/\/www.deutsche-gesellschaft-fuer-ordenskunde.de\/DGOWP\/wp-json\/wp\/v2\/pages\/586","targetHints":{"allow":["GET"]}}],"collection":[{"href":"https:\/\/www.deutsche-gesellschaft-fuer-ordenskunde.de\/DGOWP\/wp-json\/wp\/v2\/pages"}],"about":[{"href":"https:\/\/www.deutsche-gesellschaft-fuer-ordenskunde.de\/DGOWP\/wp-json\/wp\/v2\/types\/page"}],"author":[{"embeddable":true,"href":"https:\/\/www.deutsche-gesellschaft-fuer-ordenskunde.de\/DGOWP\/wp-json\/wp\/v2\/users\/2"}],"replies":[{"embeddable":true,"href":"https:\/\/www.deutsche-gesellschaft-fuer-ordenskunde.de\/DGOWP\/wp-json\/wp\/v2\/comments?post=586"}],"version-history":[{"count":0,"href":"https:\/\/www.deutsche-gesellschaft-fuer-ordenskunde.de\/DGOWP\/wp-json\/wp\/v2\/pages\/586\/revisions"}],"up":[{"embeddable":true,"href":"https:\/\/www.deutsche-gesellschaft-fuer-ordenskunde.de\/DGOWP\/wp-json\/wp\/v2\/pages\/161"}],"wp:attachment":[{"href":"https:\/\/www.deutsche-gesellschaft-fuer-ordenskunde.de\/DGOWP\/wp-json\/wp\/v2\/media?parent=586"}],"curies":[{"name":"wp","href":"https:\/\/api.w.org\/{rel}","templated":true}]}}