{"id":584,"date":"2012-09-15T14:44:30","date_gmt":"2012-09-15T14:44:30","guid":{"rendered":"https:\/\/www.deutsche-gesellschaft-fuer-ordenskunde.de\/DGOWP\/?page_id=584"},"modified":"2013-03-11T12:13:49","modified_gmt":"2013-03-11T12:13:49","slug":"bundesrepublik-deutschland","status":"publish","type":"page","link":"https:\/\/www.deutsche-gesellschaft-fuer-ordenskunde.de\/DGOWP\/links\/bundesrepublik-deutschland\/","title":{"rendered":"Bundesrepublik Deutschland"},"content":{"rendered":"<h1>Bundesrepublik Deutschland<\/h1>\n<ul>\n<li><a href=\"http:\/\/ordensmuseum.de\/bundesverdienstorden\">Verdienstorden der Bundesrepublik Deutschland<\/a><\/li>\n<li><a href=\"http:\/\/www.ordensmuseum.de\/Ordensjournal\/Ordensjournal9Juni07BayVO.pdf\">Der Bayerische Verdienstorden<\/a><\/li>\n<li><a href=\"http:\/\/ordensmuseum.de\/landesverdienstorden\">Landesverdienstorden<\/a><\/li>\n<li><a href=\"http:\/\/www.ordensmuseum.de\/Ordensjournal\/Ordensjournal18Apr10Hersteller.pdf\">Die Herstellungsvorschriften zu den &#8222;57er&#8220; Auszeichnungen<\/a><\/li>\n<li><a href=\"http:\/\/www.ordensmuseum.de\/Ordensjournal\/Ordensjournal16Jan0857er.pdf\">Die &#8222;57er&#8220; Auszeichnungen<\/a><\/li>\n<li><a href=\"http:\/\/www.ordensmuseum.de\/Ordensjournal\/Ordensjournal2Nov06HdAKH.pdf\">\u00dcber die Entstehung eines Ordens in der Neuzeit am Beispiel des Verdienstordens des Freistaats Th\u00fcringen<\/a><\/li>\n<li><a href=\"http:\/\/ordensmuseum.de\/historische-oe\/das-ehrenzeichen-fur-die-freiwillige-polizei-reserve-berlin\/\">Die Ehrenzeichen f\u00fcr die Freiwillige Polizei-Reserve Berlin<\/a><\/li>\n<\/ul>\n","protected":false},"excerpt":{"rendered":"<p>Bundesrepublik Deutschland Verdienstorden der Bundesrepublik Deutschland Der Bayerische Verdienstorden Landesverdienstorden Die Herstellungsvorschriften zu den &#8222;57er&#8220; Auszeichnungen Die &#8222;57er&#8220; Auszeichnungen \u00dcber die Entstehung eines Ordens in der Neuzeit am Beispiel des Verdienstordens des Freistaats Th\u00fcringen Die Ehrenzeichen f\u00fcr die Freiwillige Polizei-Reserve Berlin<\/p>\n","protected":false},"author":2,"featured_media":0,"parent":161,"menu_order":0,"comment_status":"closed","ping_status":"closed","template":"","meta":{"ngg_post_thumbnail":0,"footnotes":""},"class_list":["post-584","page","type-page","status-publish","hentry"],"_links":{"self":[{"href":"https:\/\/www.deutsche-gesellschaft-fuer-ordenskunde.de\/DGOWP\/wp-json\/wp\/v2\/pages\/584","targetHints":{"allow":["GET"]}}],"collection":[{"href":"https:\/\/www.deutsche-gesellschaft-fuer-ordenskunde.de\/DGOWP\/wp-json\/wp\/v2\/pages"}],"about":[{"href":"https:\/\/www.deutsche-gesellschaft-fuer-ordenskunde.de\/DGOWP\/wp-json\/wp\/v2\/types\/page"}],"author":[{"embeddable":true,"href":"https:\/\/www.deutsche-gesellschaft-fuer-ordenskunde.de\/DGOWP\/wp-json\/wp\/v2\/users\/2"}],"replies":[{"embeddable":true,"href":"https:\/\/www.deutsche-gesellschaft-fuer-ordenskunde.de\/DGOWP\/wp-json\/wp\/v2\/comments?post=584"}],"version-history":[{"count":0,"href":"https:\/\/www.deutsche-gesellschaft-fuer-ordenskunde.de\/DGOWP\/wp-json\/wp\/v2\/pages\/584\/revisions"}],"up":[{"embeddable":true,"href":"https:\/\/www.deutsche-gesellschaft-fuer-ordenskunde.de\/DGOWP\/wp-json\/wp\/v2\/pages\/161"}],"wp:attachment":[{"href":"https:\/\/www.deutsche-gesellschaft-fuer-ordenskunde.de\/DGOWP\/wp-json\/wp\/v2\/media?parent=584"}],"curies":[{"name":"wp","href":"https:\/\/api.w.org\/{rel}","templated":true}]}}