{"id":523,"date":"2012-09-15T09:54:25","date_gmt":"2012-09-15T09:54:25","guid":{"rendered":"https:\/\/www.deutsche-gesellschaft-fuer-ordenskunde.de\/DGOWP\/?page_id=523"},"modified":"2014-08-18T20:00:08","modified_gmt":"2014-08-18T20:00:08","slug":"regionalgruppe-nurnberg","status":"publish","type":"page","link":"https:\/\/www.deutsche-gesellschaft-fuer-ordenskunde.de\/DGOWP\/regionalgruppen\/regionalgruppe-nurnberg\/","title":{"rendered":"Regionalgruppe N\u00fcrnberg"},"content":{"rendered":"<h1>Regionalgruppe: N\u00fcrnberg<\/h1>\n<h2>Veranstaltungsort<\/h2>\n<p>Gastst\u00e4tte &#8222;Genossenschaftssaalbau&#8220;<br \/>\nMatth\u00e4us-Herrmann-Platz 2<br \/>\n90471 N\u00fcrnberg &#8211; S\u00fcd<\/p>\n<h3>Wegbeschreibung:<\/h3>\n<p>U-Bahn Haltestelle: Bauernfeindstrasse<br \/>\nAnfahrt \u00fcber A73<br \/>\nAusfahrt Zollhaus &#8211; Centrum und die M\u00fcnchner Stra\u00dfe in die Bauernfeindstra\u00dfe<\/p>\n<h3>Termine<\/h3>\n<p>Termine wechselnd, daher Anfrage beim Regionalgruppenleiter<\/p>\n<h3>Ansprechpartner<\/h3>\n<p>Christian Emmerling<br \/>\nPostfach 1433<br \/>\n90004 N\u00fcrnberg<\/p>\n<p>Tel.: 0911-472200<br \/>\nHandy: 01728114722<br \/>\nE-Mail: <a href=\"mailto:ch.emmerling@web.de\">ch.emmerling@web.de<\/a><\/p>\n","protected":false},"excerpt":{"rendered":"<p>Regionalgruppe: N\u00fcrnberg Veranstaltungsort Gastst\u00e4tte &#8222;Genossenschaftssaalbau&#8220; Matth\u00e4us-Herrmann-Platz 2 90471 N\u00fcrnberg &#8211; S\u00fcd Wegbeschreibung: U-Bahn Haltestelle: Bauernfeindstrasse Anfahrt \u00fcber A73 Ausfahrt Zollhaus &#8211; Centrum und die M\u00fcnchner Stra\u00dfe in die Bauernfeindstra\u00dfe Termine Termine wechselnd, daher Anfrage beim Regionalgruppenleiter Ansprechpartner Christian Emmerling Postfach 1433 90004 N\u00fcrnberg Tel.: 0911-472200 Handy: 01728114722 E-Mail: ch.emmerling@web.de<\/p>\n","protected":false},"author":2,"featured_media":0,"parent":88,"menu_order":0,"comment_status":"closed","ping_status":"closed","template":"","meta":{"ngg_post_thumbnail":0,"footnotes":""},"class_list":["post-523","page","type-page","status-publish","hentry"],"_links":{"self":[{"href":"https:\/\/www.deutsche-gesellschaft-fuer-ordenskunde.de\/DGOWP\/wp-json\/wp\/v2\/pages\/523","targetHints":{"allow":["GET"]}}],"collection":[{"href":"https:\/\/www.deutsche-gesellschaft-fuer-ordenskunde.de\/DGOWP\/wp-json\/wp\/v2\/pages"}],"about":[{"href":"https:\/\/www.deutsche-gesellschaft-fuer-ordenskunde.de\/DGOWP\/wp-json\/wp\/v2\/types\/page"}],"author":[{"embeddable":true,"href":"https:\/\/www.deutsche-gesellschaft-fuer-ordenskunde.de\/DGOWP\/wp-json\/wp\/v2\/users\/2"}],"replies":[{"embeddable":true,"href":"https:\/\/www.deutsche-gesellschaft-fuer-ordenskunde.de\/DGOWP\/wp-json\/wp\/v2\/comments?post=523"}],"version-history":[{"count":0,"href":"https:\/\/www.deutsche-gesellschaft-fuer-ordenskunde.de\/DGOWP\/wp-json\/wp\/v2\/pages\/523\/revisions"}],"up":[{"embeddable":true,"href":"https:\/\/www.deutsche-gesellschaft-fuer-ordenskunde.de\/DGOWP\/wp-json\/wp\/v2\/pages\/88"}],"wp:attachment":[{"href":"https:\/\/www.deutsche-gesellschaft-fuer-ordenskunde.de\/DGOWP\/wp-json\/wp\/v2\/media?parent=523"}],"curies":[{"name":"wp","href":"https:\/\/api.w.org\/{rel}","templated":true}]}}