{"id":5218,"date":"2026-01-14T18:02:23","date_gmt":"2026-01-14T17:02:23","guid":{"rendered":"https:\/\/www.deutsche-gesellschaft-fuer-ordenskunde.de\/DGOWP\/?page_id=5218"},"modified":"2026-01-14T18:11:13","modified_gmt":"2026-01-14T17:11:13","slug":"johannes-paul-koegler","status":"publish","type":"page","link":"https:\/\/www.deutsche-gesellschaft-fuer-ordenskunde.de\/DGOWP\/johannes-paul-koegler\/","title":{"rendered":"Johannes-Paul K\u00f6gler"},"content":{"rendered":"\n<h1 class=\"wp-block-heading has-text-align-center\">Dr. Johannes-Paul K\u00f6gler<\/h1>\n\n\n<div class=\"wp-block-image\">\n<figure class=\"aligncenter size-large\"><img loading=\"lazy\" decoding=\"async\" width=\"683\" height=\"1024\" src=\"https:\/\/www.deutsche-gesellschaft-fuer-ordenskunde.de\/DGOWP\/wp-content\/uploads\/2026\/01\/JPK-683x1024.jpg\" alt=\"\" class=\"wp-image-5220\" srcset=\"https:\/\/www.deutsche-gesellschaft-fuer-ordenskunde.de\/DGOWP\/wp-content\/uploads\/2026\/01\/JPK-683x1024.jpg 683w, https:\/\/www.deutsche-gesellschaft-fuer-ordenskunde.de\/DGOWP\/wp-content\/uploads\/2026\/01\/JPK-200x300.jpg 200w, https:\/\/www.deutsche-gesellschaft-fuer-ordenskunde.de\/DGOWP\/wp-content\/uploads\/2026\/01\/JPK-100x150.jpg 100w, https:\/\/www.deutsche-gesellschaft-fuer-ordenskunde.de\/DGOWP\/wp-content\/uploads\/2026\/01\/JPK-768x1152.jpg 768w, https:\/\/www.deutsche-gesellschaft-fuer-ordenskunde.de\/DGOWP\/wp-content\/uploads\/2026\/01\/JPK.jpg 1024w\" sizes=\"auto, (max-width: 683px) 100vw, 683px\" \/><\/figure>\n<\/div>\n\n\n<p>Dresden, Jahrgang 1985, Offizier in der Bundeswehr im Dienstgrad Oberstleutnant, Studium der Geschichtswissenschaften von 2008 bis 2012 in Hamburg und Kopenhagen, 2012\u20132016 Verwendungen als Zugf\u00fchrer, Ausbildungsoffizier, Offizier f\u00fcr das milit\u00e4rische Nachrichtenwesen und Stabszugf\u00fchrer, 2016\u20132019 Kompaniechef in der Panzergrenadiertruppe, 2018 Promotion in einem phaleristischen Thema, seit 2019 Milit\u00e4rhistorikerstabsoffizier an der Offizierschule in Dresden.<\/p>\n\n\n\n<p><strong>Publikationsverzeichnis (Auswahl)<\/strong><\/p>\n\n\n\n<p><strong>Aktuelles Forschungsprojekt:<\/strong><\/p>\n\n\n\n<p><em>Arbeit und Auszeichnung. Die staatlichen Ehrenzeichen f\u00fcr \u00bbTreue in der Arbeit\u00ab in den deutschen Bundesstaaten bis 1918<\/em><\/p>\n\n\n\n<p>&#8211; Identifikation \u2013 Erinnerung \u2013 Anspruch. Das Ende des K\u00f6nigreiches Hannover im<\/p>\n\n\n\n<p>Spiegel seiner Orden und Ehrenzeichen. In: OuE-Magazin 17. Jg., Heft 100 (Dezember 2015), S. 347\u2013353.<\/p>\n\n\n\n<p>&#8211; \u201eDa ich mir ohne das EK II als minderwertiger Soldat vorkam\u201c. \u00dcber das unbefugte Tragen von Orden und Ehrenzeichen. In: OuE-Magazin 18. Jg., Heft 101 (Februar 2016), S. 19\u201322.<\/p>\n\n\n\n<p>&#8211; Eine Ehre f\u00fcr den Tr\u00e4ger? Ehrenzeichen f\u00fcr Hinterbliebene. In: OuE-Magazin 18. Jg., Heft 106 (Dezember 2016), S. 339\u2013341.<\/p>\n\n\n\n<p>&#8211; Ehre als tragbares Zeichen. Zur politischen, sozialen und kulturgeschichtlichen Bedeutung von Orden und Ehrenzeichen am Beispiel des K\u00f6nigreiches Hannover 1814\u20131866. Baden-Baden 2018.<\/p>\n\n\n\n<p>&#8211; Die Verleihung hannoverscher Orden und Ehrenzeichen nach 1866 als Legitimit\u00e4tsanspruch der welfischen Dynastie im Exil. In: Hannoversche Geschichtsbl\u00e4tter Nr. 73 (2019), S. 230\u2013241.<\/p>\n\n\n\n<p>&#8211; Verwundung und Anerkennung. \u00dcber die Verleihung von Verwundetenauszeichnungen im 20. Jahrhundert. In: Milit\u00e4rgeschichte. Zeitschrift f\u00fcr die historische Bildung, Heft 1\/2022, S. 14\u201318.<\/p>\n\n\n\n<p>&#8211; Wenn der Kalte Krieg hei\u00df geworden w\u00e4re. Die Stadt Hannover in den Verteidigungspl\u00e4nen der NATO. In: Hannoversche Geschichtsbl\u00e4tter Nr. 77 (2023), S. 213\u2013229.<\/p>\n\n\n\n<p>&#8211; \u201eVon den Verteidigern des Vaterlandes wurden wir zu Feinden degradiert\u201c. Deutsche in der Roten Armee. In: Zeitschrift f\u00fcr Geschichtswissenschaft (ZfG) 71. Jg., Heft 6 (Juni 2023), S. 518\u2013539.<\/p>\n\n\n\n<p>&#8211; Die Medaille \u00bbF\u00fcr Treue in der Arbeit\u00ab des Gro\u00dfherzogtums Oldenburg. In: OuE-Magazin 26. Jg., Heft 149 (Februar 2024), S. 4\u20138.<\/p>\n\n\n\n<p>&#8211; Die Ehrendenkm\u00fcnze \u201eF\u00fcr Treue im Dienste\u201c und die bisher nicht beschriebene Ehrendenkm\u00fcnze \u201eF\u00fcr treue Kriegshilfe 1914\u20131918\u201c der Hansestadt L\u00fcbeck. In: OuE-Magazin 26. Jg., Heft 151 (Juni 2024), S. 129\u2013134.<\/p>\n\n\n\n<p>&#8211; \u201eOffenbar leiden die Oberen hier pl\u00f6tzlich an Charakterbronchitis.\u201c Die problematische Beziehung der Bundeswehr zu Veteranenverb\u00e4nden der Wehrmacht am Beispiel der Ordensgemeinschaft der Ritterkreuztr\u00e4ger. In: Veteranenpolitik. Deutsche und internationale Perspektiven auf Veteranen und ihre Verb\u00e4nde. Hrsg. von Nina Leonhard &amp; Dennis Werberg (= Beitr\u00e4ge zur Milit\u00e4rgeschichte, Bd. 84), M\u00fcnchen 2025, S. 181\u2013203.<\/p>\n\n\n\n<p>&#8211; Strategisches Denken f\u00fcr Hitler? Die Wehrmachtakademie 1935\u201338. In: Milit\u00e4rgeschichtliche Zeitschrift (MGZ), Bd. 84 Heft 1 (Mai 2025), S. 62\u2013100.<\/p>\n","protected":false},"excerpt":{"rendered":"<p>Dr. Johannes-Paul K\u00f6gler Dresden, Jahrgang 1985, Offizier in der Bundeswehr im Dienstgrad Oberstleutnant, Studium der Geschichtswissenschaften von 2008 bis 2012 in Hamburg und Kopenhagen, 2012\u20132016 Verwendungen als Zugf\u00fchrer, Ausbildungsoffizier, Offizier f\u00fcr das milit\u00e4rische Nachrichtenwesen und Stabszugf\u00fchrer, 2016\u20132019 Kompaniechef in der Panzergrenadiertruppe, 2018 Promotion in einem phaleristischen Thema, seit 2019 Milit\u00e4rhistorikerstabsoffizier an der Offizierschule in Dresden. &hellip; <\/p>\n<p class=\"link-more\"><a href=\"https:\/\/www.deutsche-gesellschaft-fuer-ordenskunde.de\/DGOWP\/johannes-paul-koegler\/\" class=\"more-link\"><span class=\"screen-reader-text\">\u201eJohannes-Paul K\u00f6gler\u201c <\/span>weiterlesen<\/a><\/p>\n","protected":false},"author":2,"featured_media":0,"parent":0,"menu_order":0,"comment_status":"closed","ping_status":"closed","template":"","meta":{"ngg_post_thumbnail":0,"footnotes":""},"class_list":["post-5218","page","type-page","status-publish","hentry"],"_links":{"self":[{"href":"https:\/\/www.deutsche-gesellschaft-fuer-ordenskunde.de\/DGOWP\/wp-json\/wp\/v2\/pages\/5218","targetHints":{"allow":["GET"]}}],"collection":[{"href":"https:\/\/www.deutsche-gesellschaft-fuer-ordenskunde.de\/DGOWP\/wp-json\/wp\/v2\/pages"}],"about":[{"href":"https:\/\/www.deutsche-gesellschaft-fuer-ordenskunde.de\/DGOWP\/wp-json\/wp\/v2\/types\/page"}],"author":[{"embeddable":true,"href":"https:\/\/www.deutsche-gesellschaft-fuer-ordenskunde.de\/DGOWP\/wp-json\/wp\/v2\/users\/2"}],"replies":[{"embeddable":true,"href":"https:\/\/www.deutsche-gesellschaft-fuer-ordenskunde.de\/DGOWP\/wp-json\/wp\/v2\/comments?post=5218"}],"version-history":[{"count":2,"href":"https:\/\/www.deutsche-gesellschaft-fuer-ordenskunde.de\/DGOWP\/wp-json\/wp\/v2\/pages\/5218\/revisions"}],"predecessor-version":[{"id":5227,"href":"https:\/\/www.deutsche-gesellschaft-fuer-ordenskunde.de\/DGOWP\/wp-json\/wp\/v2\/pages\/5218\/revisions\/5227"}],"wp:attachment":[{"href":"https:\/\/www.deutsche-gesellschaft-fuer-ordenskunde.de\/DGOWP\/wp-json\/wp\/v2\/media?parent=5218"}],"curies":[{"name":"wp","href":"https:\/\/api.w.org\/{rel}","templated":true}]}}