{"id":517,"date":"2012-09-15T09:50:03","date_gmt":"2012-09-15T09:50:03","guid":{"rendered":"https:\/\/www.deutsche-gesellschaft-fuer-ordenskunde.de\/DGOWP\/?page_id=517"},"modified":"2025-12-18T18:20:59","modified_gmt":"2025-12-18T17:20:59","slug":"regionalgruppe-neumunster","status":"publish","type":"page","link":"https:\/\/www.deutsche-gesellschaft-fuer-ordenskunde.de\/DGOWP\/regionalgruppen\/regionalgruppe-neumunster\/","title":{"rendered":"Regionalgruppe Neum\u00fcnster"},"content":{"rendered":"<h1>Regionalgruppe: Neum\u00fcnster<\/h1>\n<h2>Veranstaltungsort<\/h2>\n<p>Sch\u00fctzenverein Neum\u00fcnster e.V.<br \/>\nSch\u00fctzenheim im Raderedder<br \/>\n24536 Neum\u00fcnster<\/p>\n<p class=\"MsoNormal\">Termine immer am Sonntag von 09.00 bis 13.00 Uhr<\/p>\n<h3>Termine 2026<\/h3>\n<p>18.01.2026<br \/>\n08.03.2026<br \/>\n10.05.2026<br \/>\n05.07.2026<\/p>\n<p>Ansprechpartner<\/p>\n<p>Dietmar Raksch<br \/>\nTel.: 01743712481<br \/>\nE-Mail: dietmar-raksch@online.de<\/p>\n","protected":false},"excerpt":{"rendered":"<p>Regionalgruppe: Neum\u00fcnster Veranstaltungsort Sch\u00fctzenverein Neum\u00fcnster e.V. Sch\u00fctzenheim im Raderedder 24536 Neum\u00fcnster Termine immer am Sonntag von 09.00 bis 13.00 Uhr Termine 2026 18.01.2026 08.03.2026 10.05.2026 05.07.2026 Ansprechpartner Dietmar Raksch Tel.: 01743712481 E-Mail: dietmar-raksch@online.de<\/p>\n","protected":false},"author":2,"featured_media":0,"parent":88,"menu_order":0,"comment_status":"closed","ping_status":"closed","template":"","meta":{"ngg_post_thumbnail":0,"footnotes":""},"class_list":["post-517","page","type-page","status-publish","hentry"],"_links":{"self":[{"href":"https:\/\/www.deutsche-gesellschaft-fuer-ordenskunde.de\/DGOWP\/wp-json\/wp\/v2\/pages\/517","targetHints":{"allow":["GET"]}}],"collection":[{"href":"https:\/\/www.deutsche-gesellschaft-fuer-ordenskunde.de\/DGOWP\/wp-json\/wp\/v2\/pages"}],"about":[{"href":"https:\/\/www.deutsche-gesellschaft-fuer-ordenskunde.de\/DGOWP\/wp-json\/wp\/v2\/types\/page"}],"author":[{"embeddable":true,"href":"https:\/\/www.deutsche-gesellschaft-fuer-ordenskunde.de\/DGOWP\/wp-json\/wp\/v2\/users\/2"}],"replies":[{"embeddable":true,"href":"https:\/\/www.deutsche-gesellschaft-fuer-ordenskunde.de\/DGOWP\/wp-json\/wp\/v2\/comments?post=517"}],"version-history":[{"count":2,"href":"https:\/\/www.deutsche-gesellschaft-fuer-ordenskunde.de\/DGOWP\/wp-json\/wp\/v2\/pages\/517\/revisions"}],"predecessor-version":[{"id":5195,"href":"https:\/\/www.deutsche-gesellschaft-fuer-ordenskunde.de\/DGOWP\/wp-json\/wp\/v2\/pages\/517\/revisions\/5195"}],"up":[{"embeddable":true,"href":"https:\/\/www.deutsche-gesellschaft-fuer-ordenskunde.de\/DGOWP\/wp-json\/wp\/v2\/pages\/88"}],"wp:attachment":[{"href":"https:\/\/www.deutsche-gesellschaft-fuer-ordenskunde.de\/DGOWP\/wp-json\/wp\/v2\/media?parent=517"}],"curies":[{"name":"wp","href":"https:\/\/api.w.org\/{rel}","templated":true}]}}