{"id":514,"date":"2012-09-15T09:47:47","date_gmt":"2012-09-15T09:47:47","guid":{"rendered":"https:\/\/www.deutsche-gesellschaft-fuer-ordenskunde.de\/DGOWP\/?page_id=514"},"modified":"2023-09-13T19:10:06","modified_gmt":"2023-09-13T19:10:06","slug":"regionalgruppe-naila-hochfranken","status":"publish","type":"page","link":"https:\/\/www.deutsche-gesellschaft-fuer-ordenskunde.de\/DGOWP\/regionalgruppen\/regionalgruppe-naila-hochfranken\/","title":{"rendered":"Regionalgruppe Naila-Hochfranken"},"content":{"rendered":"<h1>Regionalgruppe: Naila-Hochfranken<\/h1>\n<h2>Veranstaltungsort<\/h2>\n<p>Gastst\u00e4tte Plank<br \/>\nLindenstra\u00dfe 8<br \/>\n95119 Naila-Marxgr\u00fcn<\/p>\n<p>Immer letzter Freitag im Monat.<br \/>\nBeginn: 16:30 Uhr<\/p>\n<p>Im September und Dezember nur nach vorheriger R\u00fccksprache<\/p>\n<h3>Ansprechpartner<\/h3>\n<p>Harald Gei\u00dfler<br \/>\nMobil: 0171 7227834<br \/>\nE-Mail: haraldgeissler@yahoo.de<\/p>\n","protected":false},"excerpt":{"rendered":"<p>Regionalgruppe: Naila-Hochfranken Veranstaltungsort Gastst\u00e4tte Plank Lindenstra\u00dfe 8 95119 Naila-Marxgr\u00fcn Immer letzter Freitag im Monat. Beginn: 16:30 Uhr Im September und Dezember nur nach vorheriger R\u00fccksprache Ansprechpartner Harald Gei\u00dfler Mobil: 0171 7227834 E-Mail: haraldgeissler@yahoo.de<\/p>\n","protected":false},"author":2,"featured_media":0,"parent":88,"menu_order":0,"comment_status":"closed","ping_status":"closed","template":"","meta":{"ngg_post_thumbnail":0,"footnotes":""},"class_list":["post-514","page","type-page","status-publish","hentry"],"_links":{"self":[{"href":"https:\/\/www.deutsche-gesellschaft-fuer-ordenskunde.de\/DGOWP\/wp-json\/wp\/v2\/pages\/514","targetHints":{"allow":["GET"]}}],"collection":[{"href":"https:\/\/www.deutsche-gesellschaft-fuer-ordenskunde.de\/DGOWP\/wp-json\/wp\/v2\/pages"}],"about":[{"href":"https:\/\/www.deutsche-gesellschaft-fuer-ordenskunde.de\/DGOWP\/wp-json\/wp\/v2\/types\/page"}],"author":[{"embeddable":true,"href":"https:\/\/www.deutsche-gesellschaft-fuer-ordenskunde.de\/DGOWP\/wp-json\/wp\/v2\/users\/2"}],"replies":[{"embeddable":true,"href":"https:\/\/www.deutsche-gesellschaft-fuer-ordenskunde.de\/DGOWP\/wp-json\/wp\/v2\/comments?post=514"}],"version-history":[{"count":1,"href":"https:\/\/www.deutsche-gesellschaft-fuer-ordenskunde.de\/DGOWP\/wp-json\/wp\/v2\/pages\/514\/revisions"}],"predecessor-version":[{"id":4701,"href":"https:\/\/www.deutsche-gesellschaft-fuer-ordenskunde.de\/DGOWP\/wp-json\/wp\/v2\/pages\/514\/revisions\/4701"}],"up":[{"embeddable":true,"href":"https:\/\/www.deutsche-gesellschaft-fuer-ordenskunde.de\/DGOWP\/wp-json\/wp\/v2\/pages\/88"}],"wp:attachment":[{"href":"https:\/\/www.deutsche-gesellschaft-fuer-ordenskunde.de\/DGOWP\/wp-json\/wp\/v2\/media?parent=514"}],"curies":[{"name":"wp","href":"https:\/\/api.w.org\/{rel}","templated":true}]}}