{"id":508,"date":"2012-09-15T09:43:05","date_gmt":"2012-09-15T09:43:05","guid":{"rendered":"https:\/\/www.deutsche-gesellschaft-fuer-ordenskunde.de\/DGOWP\/?page_id=508"},"modified":"2026-01-17T22:00:08","modified_gmt":"2026-01-17T21:00:08","slug":"regionalgruppe-koln-bonn","status":"publish","type":"page","link":"https:\/\/www.deutsche-gesellschaft-fuer-ordenskunde.de\/DGOWP\/regionalgruppen\/regionalgruppe-koln-bonn\/","title":{"rendered":"Regionalgruppe K\u00f6ln-Bonn"},"content":{"rendered":"<h1>Regionalgruppe: K\u00f6ln-Bonn<\/h1>\n<h2>Veranstaltungsort:<\/h2>\n<p>Gastst\u00e4tte Burgsch\u00e4nke<br \/>\nBachstr. 51<br \/>\n50354 H\u00fcrth<br \/>\nTel.: 02233\/67151<\/p>\n<p>Beginn: 19:00 Uhr (jeden zweiten Mittwoch in einem ungraden Monat)<\/p>\n<h3>Termine 2026<\/h3>\n<p>14. Januar 2026<br \/>\n11. M\u00e4rz 2026<br \/>\n13. Mai 2026<br \/>\n8. Juli 2026<br \/>\n9. September 2026<br \/>\n11. November 2026<\/p>\n<p>Parkm\u00f6glchkeiten sind neben dem Lokal auf einem \u00f6ffentlichen Parkplatz ausreichend vorhanden. Eine Haltestelle der Stra\u00dfenbahnlinie 18 befindet sich in ca. 400 Meter N\u00e4he zum Restaurant und ist fu\u00dfl\u00e4ufig zu erreichen. Das Lokal bietet eine gute b\u00fcrgerliche K\u00fcche und stellt uns einen Raum abgetrennt vom Thekenbereich zur Verf\u00fcgung.<\/p>\n<p>Gerne w\u00fcrden wir auch G\u00e4ste bei diesen Terminen begr\u00fcssen d\u00fcrfen. Das bedeutet das auch &#8222;Nichtmitglieder&#8220; gerne zu diesen Veranstaltungen dazu kommen k\u00f6nnen.<\/p>\n<p>Kontakt: Bernd Klaedtke (0172-2185101) <span style=\"font-size: 12.0pt; font-family: Arial; mso-fareast-font-family: 'Times New Roman'; mso-ansi-language: DE; mso-fareast-language: DE; mso-bidi-language: AR-SA;\">&nbsp;<a href=\"mailto:Bklaedtke@icloud.com\">Bklaedtke@icloud.com<\/a><a href=\"mailto: Bklaedtke@icloud.com\"><br \/>\n<\/a><\/span>oder Rheinhold Schwabe (0157-52850012 ) <span style=\"font-size: 12.0pt; font-family: Arial; mso-fareast-font-family: 'Times New Roman'; mso-ansi-language: DE; mso-fareast-language: DE; mso-bidi-language: AR-SA;\"><a href=\"mailto:Reinhold.Schwabe@web.de\">Reinhold.Schwabe@web.de<\/a><\/span><\/p>\n","protected":false},"excerpt":{"rendered":"<p>Regionalgruppe: K\u00f6ln-Bonn Veranstaltungsort: Gastst\u00e4tte Burgsch\u00e4nke Bachstr. 51 50354 H\u00fcrth Tel.: 02233\/67151 Beginn: 19:00 Uhr (jeden zweiten Mittwoch in einem ungraden Monat) Termine 2026 14. Januar 2026 11. M\u00e4rz 2026 13. Mai 2026 8. Juli 2026 9. September 2026 11. November 2026 Parkm\u00f6glchkeiten sind neben dem Lokal auf einem \u00f6ffentlichen Parkplatz ausreichend vorhanden. Eine Haltestelle der &hellip; <\/p>\n<p class=\"link-more\"><a href=\"https:\/\/www.deutsche-gesellschaft-fuer-ordenskunde.de\/DGOWP\/regionalgruppen\/regionalgruppe-koln-bonn\/\" class=\"more-link\"><span class=\"screen-reader-text\">\u201eRegionalgruppe K\u00f6ln-Bonn\u201c <\/span>weiterlesen<\/a><\/p>\n","protected":false},"author":2,"featured_media":0,"parent":88,"menu_order":0,"comment_status":"closed","ping_status":"closed","template":"","meta":{"ngg_post_thumbnail":0,"footnotes":""},"class_list":["post-508","page","type-page","status-publish","hentry"],"_links":{"self":[{"href":"https:\/\/www.deutsche-gesellschaft-fuer-ordenskunde.de\/DGOWP\/wp-json\/wp\/v2\/pages\/508","targetHints":{"allow":["GET"]}}],"collection":[{"href":"https:\/\/www.deutsche-gesellschaft-fuer-ordenskunde.de\/DGOWP\/wp-json\/wp\/v2\/pages"}],"about":[{"href":"https:\/\/www.deutsche-gesellschaft-fuer-ordenskunde.de\/DGOWP\/wp-json\/wp\/v2\/types\/page"}],"author":[{"embeddable":true,"href":"https:\/\/www.deutsche-gesellschaft-fuer-ordenskunde.de\/DGOWP\/wp-json\/wp\/v2\/users\/2"}],"replies":[{"embeddable":true,"href":"https:\/\/www.deutsche-gesellschaft-fuer-ordenskunde.de\/DGOWP\/wp-json\/wp\/v2\/comments?post=508"}],"version-history":[{"count":2,"href":"https:\/\/www.deutsche-gesellschaft-fuer-ordenskunde.de\/DGOWP\/wp-json\/wp\/v2\/pages\/508\/revisions"}],"predecessor-version":[{"id":5250,"href":"https:\/\/www.deutsche-gesellschaft-fuer-ordenskunde.de\/DGOWP\/wp-json\/wp\/v2\/pages\/508\/revisions\/5250"}],"up":[{"embeddable":true,"href":"https:\/\/www.deutsche-gesellschaft-fuer-ordenskunde.de\/DGOWP\/wp-json\/wp\/v2\/pages\/88"}],"wp:attachment":[{"href":"https:\/\/www.deutsche-gesellschaft-fuer-ordenskunde.de\/DGOWP\/wp-json\/wp\/v2\/media?parent=508"}],"curies":[{"name":"wp","href":"https:\/\/api.w.org\/{rel}","templated":true}]}}