{"id":5062,"date":"2025-06-03T21:14:30","date_gmt":"2025-06-03T19:14:30","guid":{"rendered":"https:\/\/www.deutsche-gesellschaft-fuer-ordenskunde.de\/DGOWP\/?page_id=5062"},"modified":"2025-06-03T21:14:31","modified_gmt":"2025-06-03T19:14:31","slug":"2025-2","status":"publish","type":"page","link":"https:\/\/www.deutsche-gesellschaft-fuer-ordenskunde.de\/DGOWP\/2025-2\/","title":{"rendered":"2025"},"content":{"rendered":"\n<p><strong>22. Phaleristisches Symposium der DGO<br \/>vom 25.04.2025 bis 27.04.2025 in Altenburg<\/strong><br \/><br \/>Freitag, 25.04.2025<\/p>\n\n\n\n<ul class=\"wp-block-list\">\n<li>Anreise der Teilnehmer<\/li>\n\n\n\n<li>17:30 Geselliges Beisammensein in der Brauerei Altenburg, Brauereistra\u00dfe 20,<br \/>je nach Wetterlage im Biergarten oder im Sudhaus<\/li>\n<\/ul>\n\n\n\n<p>Samstag, 26.04.2025<\/p>\n\n\n\n<ul class=\"wp-block-list\">\n<li>F\u00fcr den Samstagvormittag besteht die M\u00f6glichkeit, den legend\u00e4ren Flohmarkt in Leipzig Markleeberg, 04279 Leipzig, Bornaische Stra\u00dfe 210 auf dem ehemaligen AGRA-Gel\u00e4nde individuell zu besuchen. Der Markt beginnt offiziell ab 05:00 morgens. Es k\u00f6nnen\/sollten Fahrgemeinschaften gebildet werden.<\/li>\n\n\n\n<li>12:00 bis 13:00 Mittagsimbiss im Teehaus\/Orangerie im Schlo\u00dfgarten<\/li>\n\n\n\n<li>13:30 Beginn des Phaleristischen Symposiums im Teehaus<\/li>\n<\/ul>\n\n\n\n<p>VORTR\u00c4GE<\/p>\n\n\n\n<ul class=\"wp-block-list\">\n<li>Dr. Frank WERNITZ<br \/>Orden und Ehrenzeichen als Quellen zur fr\u00fchneuzeitlichen Milit\u00e4rgeschichte, aufgezeigt am Beispiel Preu\u00dfen 1701\u20131806<\/li>\n\n\n\n<li>Eike LEHMANN<br \/>Entwicklung der Auszeichnungen f\u00fcr die Landwirtschaft im F\u00fcrstentum Schwarzburg-Sondershausen und im Freistaat Th\u00fcringen<\/li>\n\n\n\n<li>Bernd D\u00d6BEL<br \/>\u201eNachahmen und t\u00e4uschen\u201c. Die Korrespondenz zwischen Herrn Dr. Klietmann (Berlin) und Herrn Rudolf Umlauf (Wien)<br \/>Kaffeepause gegen 15.15 Uhr<\/li>\n\n\n\n<li>Dr. Johannes-Paul K\u00d6GLER<br \/>Arbeit und Auszeichnung \u2013 Sachstand zur Studie und die Ehrung von Arbeitsjubil\u00e4en am Beispiel des K\u00f6nigreichs Sachsen<\/li>\n\n\n\n<li>Daniel KRAUSE<br \/>Nachtr\u00e4gliche Verleihungen Anhaltiner Ehrenzeichen f\u00fcr den Feldzug 1870\/71<\/li>\n\n\n\n<li>Wolfram OBLENTZ<br \/>Ein seltener Urkundennachlass<\/li>\n\n\n\n<li>Ca. 17:30 Ende des Phaleristischen Symposiums<\/li>\n\n\n\n<li>18:00 Abendessen in der Gastst\u00e4tte Kulisse, Theaterplatz 18<\/li>\n<\/ul>\n\n\n\n<p>Sonntag, 27.04.2025<\/p>\n\n\n\n<ul class=\"wp-block-list\">\n<li>09:00 bis 13:00 Heimatgeschichtliche und milit\u00e4rhistorische Sammlerb\u00f6rse anl\u00e4sslich des 22.Phaleristischen Symposiums der DGO im Teehaus im Schlossgarten.<br \/>Tischgeb\u00fchren f\u00fcr Aussteller 10,-\u20ac\/lfdm, Eintritt 5,-\u20ac,<br \/>Anmeldung Aussteller \u00fcber Frank Hammerschmidt, Tel. 0175 1632566,<br \/>Email: teehausaltenburg@gmail.com<br \/>DGO-Mitgliedsausweise f\u00fcr den freien Eintritt zur Veranstaltung nicht vergessen.<\/li>\n<\/ul>\n\n\n\n<p>Unterk\u00fcnfte:<br \/>Hotel\/Pension Treppengasse unter dem Kennwort \u201eDGO Symposium\u201c.<br \/>Zimmerreservierung bis Ende M\u00e4rz notwendig!<br \/>Kontakt Treppengasse 5\/6, 04600 Altenburg, Tel. 03447 313549,<br \/>EZ mit Fr\u00fchst\u00fcck 90,-\u20ac, DZ mit Fr\u00fchst\u00fcck 112,-\u20ac , hotelpension@treppengasse5.de<br \/><br \/>Hotel Astor 04600 Altenburg, Bahnhofstra\u00dfe 4, Tel. 03447 5870<br \/>Hotel am Ro\u00dfplan 04600 Altenburg, Ro\u00dfplan 8, Tel. 03447 56610<\/p>\n\n\n\n<p>Zur besseren Planbarkeit wird gebeten sich beim Gesch\u00e4ftsf\u00fchrer der DGO<br \/>Christian Bormann, Tel. 0162 7030590 , Email geschaeftsfuehrer@dgo-ev.<br \/>de f\u00fcr die Teilnahme am Symposium anzumelden!<\/p>\n\n\n\n<hr class=\"wp-block-separator has-css-opacity is-style-wide\"\/>\n\n\n\n<p>Liebe Mitglieder und Freunde der DGO,<\/p>\n\n\n\n<p>Am Wochenende um den 24.Mai 2025 sind wir Ausrichter der XVIII. Europ\u00e4ischen Konferenz der Phaleristischen Gesellschaften.<\/p>\n\n\n\n<p>Interessenten melden sich bitte per Mail an <a href=\"mailto:Stuttgart2025@dgo-ev.de\">Stuttgart2025@dgo-ev.de<\/a> an.<\/p>\n\n\n\n<p>Wir weisen darauf hin, dass die Veranstaltung in Englisch stattfindet.<\/p>\n\n\n\n<p>Vorl\u00e4ufiges Programm und Anmeldeformular sind angeh\u00e4ngt.<\/p>\n\n\n\n<div data-wp-interactive=\"core\/file\" class=\"wp-block-file\"><object data-wp-bind--hidden=\"!state.hasPdfPreview\" hidden class=\"wp-block-file__embed\" data=\"https:\/\/www.deutsche-gesellschaft-fuer-ordenskunde.de\/DGOWP\/wp-content\/uploads\/2025\/03\/Stuttgart2025Info.pdf\" type=\"application\/pdf\" style=\"width:100%;height:600px\" aria-label=\"Einbettung von Stuttgart2025Info.\"><\/object><a id=\"wp-block-file--media-bae1d6ec-dc23-40ea-8757-4de0e65c7d27\" href=\"https:\/\/www.deutsche-gesellschaft-fuer-ordenskunde.de\/DGOWP\/wp-content\/uploads\/2025\/03\/Stuttgart2025Info.pdf\">Stuttgart2025Info<\/a><a href=\"https:\/\/www.deutsche-gesellschaft-fuer-ordenskunde.de\/DGOWP\/wp-content\/uploads\/2025\/03\/Stuttgart2025Info.pdf\" class=\"wp-block-file__button wp-element-button\" download aria-describedby=\"wp-block-file--media-bae1d6ec-dc23-40ea-8757-4de0e65c7d27\">Herunterladen<\/a><\/div>\n","protected":false},"excerpt":{"rendered":"<p>22. Phaleristisches Symposium der DGOvom 25.04.2025 bis 27.04.2025 in Altenburg Freitag, 25.04.2025 Samstag, 26.04.2025 VORTR\u00c4GE Sonntag, 27.04.2025 Unterk\u00fcnfte:Hotel\/Pension Treppengasse unter dem Kennwort \u201eDGO Symposium\u201c.Zimmerreservierung bis Ende M\u00e4rz notwendig!Kontakt Treppengasse 5\/6, 04600 Altenburg, Tel. 03447 313549,EZ mit Fr\u00fchst\u00fcck 90,-\u20ac, DZ mit Fr\u00fchst\u00fcck 112,-\u20ac , hotelpension@treppengasse5.de Hotel Astor 04600 Altenburg, Bahnhofstra\u00dfe 4, Tel. 03447 5870Hotel am Ro\u00dfplan &hellip; <\/p>\n<p class=\"link-more\"><a href=\"https:\/\/www.deutsche-gesellschaft-fuer-ordenskunde.de\/DGOWP\/2025-2\/\" class=\"more-link\"><span class=\"screen-reader-text\">\u201e2025\u201c <\/span>weiterlesen<\/a><\/p>\n","protected":false},"author":2,"featured_media":0,"parent":0,"menu_order":0,"comment_status":"closed","ping_status":"closed","template":"","meta":{"ngg_post_thumbnail":0,"footnotes":""},"class_list":["post-5062","page","type-page","status-publish","hentry"],"_links":{"self":[{"href":"https:\/\/www.deutsche-gesellschaft-fuer-ordenskunde.de\/DGOWP\/wp-json\/wp\/v2\/pages\/5062","targetHints":{"allow":["GET"]}}],"collection":[{"href":"https:\/\/www.deutsche-gesellschaft-fuer-ordenskunde.de\/DGOWP\/wp-json\/wp\/v2\/pages"}],"about":[{"href":"https:\/\/www.deutsche-gesellschaft-fuer-ordenskunde.de\/DGOWP\/wp-json\/wp\/v2\/types\/page"}],"author":[{"embeddable":true,"href":"https:\/\/www.deutsche-gesellschaft-fuer-ordenskunde.de\/DGOWP\/wp-json\/wp\/v2\/users\/2"}],"replies":[{"embeddable":true,"href":"https:\/\/www.deutsche-gesellschaft-fuer-ordenskunde.de\/DGOWP\/wp-json\/wp\/v2\/comments?post=5062"}],"version-history":[{"count":1,"href":"https:\/\/www.deutsche-gesellschaft-fuer-ordenskunde.de\/DGOWP\/wp-json\/wp\/v2\/pages\/5062\/revisions"}],"predecessor-version":[{"id":5063,"href":"https:\/\/www.deutsche-gesellschaft-fuer-ordenskunde.de\/DGOWP\/wp-json\/wp\/v2\/pages\/5062\/revisions\/5063"}],"wp:attachment":[{"href":"https:\/\/www.deutsche-gesellschaft-fuer-ordenskunde.de\/DGOWP\/wp-json\/wp\/v2\/media?parent=5062"}],"curies":[{"name":"wp","href":"https:\/\/api.w.org\/{rel}","templated":true}]}}