{"id":502,"date":"2012-09-15T09:39:56","date_gmt":"2012-09-15T09:39:56","guid":{"rendered":"https:\/\/www.deutsche-gesellschaft-fuer-ordenskunde.de\/DGOWP\/?page_id=502"},"modified":"2025-12-07T21:13:12","modified_gmt":"2025-12-07T20:13:12","slug":"regionalgruppe-freiburg","status":"publish","type":"page","link":"https:\/\/www.deutsche-gesellschaft-fuer-ordenskunde.de\/DGOWP\/regionalgruppen\/regionalgruppe-freiburg\/","title":{"rendered":"Regionalgruppe Freiburg"},"content":{"rendered":"<h1>Regionalgruppe: Freiburg-S\u00fcdbaden<\/h1>\n<h2>Veranstaltungsort<\/h2>\n<p>Gastst\u00e4tte Mooswald Bierstube<br \/>Els\u00e4sserstrasse 58<br \/>79110 Freiburg<br \/>Tel.: 0761-61258650<\/p>\n<h3>Termine 2026<\/h3>\n<p>15. Januar<br \/>05. Februar<br \/>05. M\u00e4rz<br \/>02. April<br \/>07. Mai<br \/>11. Juni<br \/>02. Juli<br \/>06. August<br \/>03. September<br \/>01. Oktober<br \/>05. November<br \/>03. Dezember<\/p>\n<p>Jeweils 17:00 bis 21:00 Uhr<\/p>\n<h3>Ansprechpartner<\/h3>\n<p>Werner Metzger<br \/>Tel.: 0170-7816501<br \/>E-Mail: <strong><a href=\"mailto:info.wmetzger@web.de\">info.wmetzger@web.de<\/a><\/strong><\/p>\n\n\n<p><\/p>\n","protected":false},"excerpt":{"rendered":"<p>Regionalgruppe: Freiburg-S\u00fcdbaden Veranstaltungsort Gastst\u00e4tte Mooswald BierstubeEls\u00e4sserstrasse 5879110 FreiburgTel.: 0761-61258650 Termine 2026 15. Januar05. Februar05. M\u00e4rz02. April07. Mai11. Juni02. Juli06. August03. September01. Oktober05. November03. Dezember Jeweils 17:00 bis 21:00 Uhr Ansprechpartner Werner MetzgerTel.: 0170-7816501E-Mail: info.wmetzger@web.de<\/p>\n","protected":false},"author":2,"featured_media":0,"parent":88,"menu_order":0,"comment_status":"closed","ping_status":"closed","template":"","meta":{"ngg_post_thumbnail":0,"footnotes":""},"class_list":["post-502","page","type-page","status-publish","hentry"],"_links":{"self":[{"href":"https:\/\/www.deutsche-gesellschaft-fuer-ordenskunde.de\/DGOWP\/wp-json\/wp\/v2\/pages\/502","targetHints":{"allow":["GET"]}}],"collection":[{"href":"https:\/\/www.deutsche-gesellschaft-fuer-ordenskunde.de\/DGOWP\/wp-json\/wp\/v2\/pages"}],"about":[{"href":"https:\/\/www.deutsche-gesellschaft-fuer-ordenskunde.de\/DGOWP\/wp-json\/wp\/v2\/types\/page"}],"author":[{"embeddable":true,"href":"https:\/\/www.deutsche-gesellschaft-fuer-ordenskunde.de\/DGOWP\/wp-json\/wp\/v2\/users\/2"}],"replies":[{"embeddable":true,"href":"https:\/\/www.deutsche-gesellschaft-fuer-ordenskunde.de\/DGOWP\/wp-json\/wp\/v2\/comments?post=502"}],"version-history":[{"count":1,"href":"https:\/\/www.deutsche-gesellschaft-fuer-ordenskunde.de\/DGOWP\/wp-json\/wp\/v2\/pages\/502\/revisions"}],"predecessor-version":[{"id":5184,"href":"https:\/\/www.deutsche-gesellschaft-fuer-ordenskunde.de\/DGOWP\/wp-json\/wp\/v2\/pages\/502\/revisions\/5184"}],"up":[{"embeddable":true,"href":"https:\/\/www.deutsche-gesellschaft-fuer-ordenskunde.de\/DGOWP\/wp-json\/wp\/v2\/pages\/88"}],"wp:attachment":[{"href":"https:\/\/www.deutsche-gesellschaft-fuer-ordenskunde.de\/DGOWP\/wp-json\/wp\/v2\/media?parent=502"}],"curies":[{"name":"wp","href":"https:\/\/api.w.org\/{rel}","templated":true}]}}