{"id":494,"date":"2012-09-15T09:31:15","date_gmt":"2012-09-15T09:31:15","guid":{"rendered":"https:\/\/www.deutsche-gesellschaft-fuer-ordenskunde.de\/DGOWP\/?page_id=494"},"modified":"2026-01-17T22:00:59","modified_gmt":"2026-01-17T21:00:59","slug":"regionalgruppe-donau-bodensee","status":"publish","type":"page","link":"https:\/\/www.deutsche-gesellschaft-fuer-ordenskunde.de\/DGOWP\/regionalgruppen\/regionalgruppe-donau-bodensee\/","title":{"rendered":"Regionalgruppe Donau-Bodensee"},"content":{"rendered":"\n<h1 class=\"wp-block-heading\">Regionalgruppe: Donau-Bodensee<\/h1>\n\n\n\n<h2 class=\"wp-block-heading\">Veranstaltungsort<\/h2>\n\n\n\n<p>Hotel Restaurant Engel<br \/>Haupstra\u00dfe 104<br \/>78549 Spaichingen<br \/>Tel. 07424 &#8211; 4273<\/p>\n\n\n\n<h2 class=\"wp-block-heading\">Termine 2026<\/h2>\n\n\n\n<p><strong>05. Januar<\/strong> \u2013 Ernst Heinzelmann: <em>Ein Inhaber des Kampfwagenabzeichens der Weimarer Republik<\/em><\/p>\n\n\n\n<p><strong>02. Februar<\/strong> \u2013 (kein Vortrag angegeben)<\/p>\n\n\n\n<p><strong>02. M\u00e4rz<\/strong> \u2013 J\u00fcrgen Lindner: <em>Die W\u00fcrttembergischen Orden und Medaillen in der Zeit nach 1950<\/em><\/p>\n\n\n\n<p><strong>13. April<\/strong> \u2013 Markus Scheytt: <em>Die w\u00fcrttembergische Kriegsdenkm\u00fcnze<\/em><\/p>\n\n\n\n<p><strong>04. Mai<\/strong> \u2013 Frank W\u00f6rner: <em>Eine besondere Bandschnalle<\/em><\/p>\n\n\n\n<p><strong>01. Juni<\/strong> \u2013 Manfred W\u00e4genbauer: <em>1914 Erster Luftangriff der Welt mit Zeppelin VI auf L\u00fcttich unter Kommando Wilhelm von D\u00fccker (PLM)<\/em><\/p>\n\n\n\n<p><strong>06. Juli<\/strong> \u2013 (kein Vortrag angegeben)<\/p>\n\n\n\n<p><strong>03. August<\/strong> \u2013 (kein Vortrag angegeben)<\/p>\n\n\n\n<p><strong>07. September<\/strong> \u2013 Rainer Keilbach: <em>Kleiner Nachlass des Gottlob M\u00fcller aus Reutlingen<\/em><\/p>\n\n\n\n<p><strong>05. Oktober<\/strong> \u2013 (kein Vortrag angegeben)<\/p>\n\n\n\n<p><strong>02. November<\/strong> \u2013 (kein Vortrag angegeben)<\/p>\n\n\n\n<p><strong>07. Dezember<\/strong> \u2013 <em>Jahresausklang<\/em><\/p>\n\n\n\n<p>Termine immer Montags. Beginn jeweils 18.00 Uhr, Vortr\u00e4ge ab 19.00 Uhr<\/p>\n\n\n\n<p>Bei den Terminen besteht die M\u00f6glichkeit der Beratung \u00fcber Orden und Ehrenzeichen und deren Tausch. Nichtmitglieder, G\u00e4ste und Interessierte sind stets willkommen.<\/p>\n\n\n\n<h3 class=\"wp-block-heading\">Ansprechpartner<\/h3>\n\n\n\n<p>Peter Sackner<br \/>Mooswaldweg 8<br \/>79822 Titisee-Neustadt<br \/>Tel. 07651-939779<\/p>\n","protected":false},"excerpt":{"rendered":"<p>Regionalgruppe: Donau-Bodensee Veranstaltungsort Hotel Restaurant EngelHaupstra\u00dfe 10478549 SpaichingenTel. 07424 &#8211; 4273 Termine 2026 05. Januar \u2013 Ernst Heinzelmann: Ein Inhaber des Kampfwagenabzeichens der Weimarer Republik 02. Februar \u2013 (kein Vortrag angegeben) 02. M\u00e4rz \u2013 J\u00fcrgen Lindner: Die W\u00fcrttembergischen Orden und Medaillen in der Zeit nach 1950 13. April \u2013 Markus Scheytt: Die w\u00fcrttembergische Kriegsdenkm\u00fcnze 04. &hellip; <\/p>\n<p class=\"link-more\"><a href=\"https:\/\/www.deutsche-gesellschaft-fuer-ordenskunde.de\/DGOWP\/regionalgruppen\/regionalgruppe-donau-bodensee\/\" class=\"more-link\"><span class=\"screen-reader-text\">\u201eRegionalgruppe Donau-Bodensee\u201c <\/span>weiterlesen<\/a><\/p>\n","protected":false},"author":2,"featured_media":0,"parent":88,"menu_order":0,"comment_status":"closed","ping_status":"closed","template":"","meta":{"ngg_post_thumbnail":0,"footnotes":""},"class_list":["post-494","page","type-page","status-publish","hentry"],"_links":{"self":[{"href":"https:\/\/www.deutsche-gesellschaft-fuer-ordenskunde.de\/DGOWP\/wp-json\/wp\/v2\/pages\/494","targetHints":{"allow":["GET"]}}],"collection":[{"href":"https:\/\/www.deutsche-gesellschaft-fuer-ordenskunde.de\/DGOWP\/wp-json\/wp\/v2\/pages"}],"about":[{"href":"https:\/\/www.deutsche-gesellschaft-fuer-ordenskunde.de\/DGOWP\/wp-json\/wp\/v2\/types\/page"}],"author":[{"embeddable":true,"href":"https:\/\/www.deutsche-gesellschaft-fuer-ordenskunde.de\/DGOWP\/wp-json\/wp\/v2\/users\/2"}],"replies":[{"embeddable":true,"href":"https:\/\/www.deutsche-gesellschaft-fuer-ordenskunde.de\/DGOWP\/wp-json\/wp\/v2\/comments?post=494"}],"version-history":[{"count":2,"href":"https:\/\/www.deutsche-gesellschaft-fuer-ordenskunde.de\/DGOWP\/wp-json\/wp\/v2\/pages\/494\/revisions"}],"predecessor-version":[{"id":5251,"href":"https:\/\/www.deutsche-gesellschaft-fuer-ordenskunde.de\/DGOWP\/wp-json\/wp\/v2\/pages\/494\/revisions\/5251"}],"up":[{"embeddable":true,"href":"https:\/\/www.deutsche-gesellschaft-fuer-ordenskunde.de\/DGOWP\/wp-json\/wp\/v2\/pages\/88"}],"wp:attachment":[{"href":"https:\/\/www.deutsche-gesellschaft-fuer-ordenskunde.de\/DGOWP\/wp-json\/wp\/v2\/media?parent=494"}],"curies":[{"name":"wp","href":"https:\/\/api.w.org\/{rel}","templated":true}]}}