{"id":4925,"date":"2024-12-14T22:12:29","date_gmt":"2024-12-14T21:12:29","guid":{"rendered":"https:\/\/www.deutsche-gesellschaft-fuer-ordenskunde.de\/DGOWP\/?page_id=4925"},"modified":"2024-12-14T23:14:54","modified_gmt":"2024-12-14T22:14:54","slug":"statut","status":"publish","type":"page","link":"https:\/\/www.deutsche-gesellschaft-fuer-ordenskunde.de\/DGOWP\/statut\/","title":{"rendered":"Statut"},"content":{"rendered":"\n<h2 class=\"wp-block-heading has-text-align-center\"><strong>Statut<\/strong><br \/><strong>\u201eVon Hessenthal-Preis f\u00fcr Phaleristik\u201c<\/strong><\/h2>\n\n\n<div class=\"wp-block-image\">\n<figure class=\"aligncenter size-full\"><img loading=\"lazy\" decoding=\"async\" width=\"500\" height=\"500\" src=\"https:\/\/www.deutsche-gesellschaft-fuer-ordenskunde.de\/DGOWP\/wp-content\/uploads\/2024\/12\/von-Hessenthal-Preis-VS.jpg\" alt=\"\" class=\"wp-image-4936\" srcset=\"https:\/\/www.deutsche-gesellschaft-fuer-ordenskunde.de\/DGOWP\/wp-content\/uploads\/2024\/12\/von-Hessenthal-Preis-VS.jpg 500w, https:\/\/www.deutsche-gesellschaft-fuer-ordenskunde.de\/DGOWP\/wp-content\/uploads\/2024\/12\/von-Hessenthal-Preis-VS-300x300.jpg 300w, https:\/\/www.deutsche-gesellschaft-fuer-ordenskunde.de\/DGOWP\/wp-content\/uploads\/2024\/12\/von-Hessenthal-Preis-VS-150x150.jpg 150w, https:\/\/www.deutsche-gesellschaft-fuer-ordenskunde.de\/DGOWP\/wp-content\/uploads\/2024\/12\/von-Hessenthal-Preis-VS-100x100.jpg 100w\" sizes=\"auto, (max-width: 500px) 100vw, 500px\" \/><\/figure>\n<\/div>\n\n\n<p><strong>Pr\u00e4ambel<\/strong><\/p>\n\n\n\n<p>Der \u201eVon Hessenthal-Preis f\u00fcr Phaleristik\u201c (im Folgenden Preis) wurde am 21. November 1988 durch Beschluss des Vorstandes des F\u00f6rderkreises \u201eDeutsches Ordensmuseum FDOM e.&nbsp;V.\u201c gestiftet. Die aus der Verbindung des FDOM e.&nbsp;V. und des Bundes Deutscher Ordenssammler BDOS e.&nbsp;V. hervorgegangene Nachfolge\u00adgesellschaft, seit September 2010 Deutsche Gesellschaft f\u00fcr Ordenskunde e. V. (im Folgenden DGO), ist sein heutiger Rechtstr\u00e4ger.<\/p>\n\n\n\n<p>Der Preis wird ausschlie\u00dflich f\u00fcr herausragende, eigenst\u00e4ndige, wissenschaftliche Arbeiten im Bereich der Phaleristik vergeben. Er soll der Erforschung von Auszeich\u00adnungen und der Klarstellung damit verbundener soziologischer und historischer Aspekte dienen sowie ein differenziertes Verst\u00e4ndnis des Auszeichnungswesens in der \u00d6ffentlichkeit f\u00f6rdern. Mit der Namensgebung soll zugleich der Pionier der Phaleristik Dr. Waldemar Hesse Edler von Hessenthal geehrt werden.<\/p>\n\n\n\n<p><strong>Preis<\/strong><\/p>\n\n\n\n<p>Der\/die Preistr\u00e4ger(in) erh\u00e4lt eine Etuimedaille mit Gravur des Namens und des Jahres der Zuerkennung sowie eine Anstecknadel als Miniatur. Die dazugeh\u00f6rige Urkunde wird vom Pr\u00e4sidenten und dem Vorsitzenden des Wissenschaftlichen Beirates (im Folgenden WB) der DGO gezeichnet.<\/p>\n\n\n\n<p>Der Preis kann j\u00e4hrlich ausschlie\u00dflich an Einzelpersonen im In- und Ausland vergeben werden. Er soll das wissenschaftliche Gesamtschaffen oder eine au\u00dferordentliche und richtungweisende Einzelarbeit, die in der Regel ein Lebenswerk verk\u00f6rpert, w\u00fcrdigen.<\/p>\n\n\n\n<p>Alle Mitglieder der DGO sind berechtigt, eine Anregung zur Auszeichnung einzu\u00adreichen. Diesem namentlichen Vorschlag ist eine schriftliche Begr\u00fcndung, eine Kurz\u00advita sowie ein Publikationsverzeichnis der\/des Vorgeschlagenen beizuf\u00fcgen. Die Preisverleihung erfolgt m\u00f6glichst jeweils im Rahmen der Jahreshauptversammlung der DGO durch ihren Pr\u00e4sidenten.<\/p>\n\n\n\n<p><strong>Jury<\/strong><\/p>\n\n\n\n<p>Zur Pr\u00fcfung und Bewertung der Vorschl\u00e4ge wird eine Jury gebildet. Ihr geh\u00f6ren qua Amt der Pr\u00e4sident der DGO, die Mitglieder des WB der DGO und die lebenden In\u00adhaber*innen des Preises an. Die Wahlleitung liegt beim Vorsitzenden des WB der DGO, der anschlie\u00dfend der Preistr\u00e4gerin bzw. dem Preistr\u00e4ger die Wahl mit Be\u00adgr\u00fcndung er\u00f6ffnet. F\u00fcr den Fall, dass ein Jurymitglied selbst f\u00fcr den Preis vorge\u00adschlagen werden sollte, scheidet es ab diesem Zeitpunkt bis zum Abschluss der ent\u00adsprechenden Wahl aus der Jury aus. An seine Stelle tritt f\u00fcr die betreffende Ent\u00adscheidung ein anderes berufenes Mitglied der DGO.<\/p>\n\n\n\n<p>Die Abstimmung erfolgt durch Umlaufbeschluss. Um Zweck und Wert der Ehrung zu wahren, muss ein strenger Ma\u00dfstab angelegt werden. Diesem Grundsatz sind alle Jurymitglieder verpflichtet. Preistr\u00e4ger*in ist, wer die Mehrheit der abgegebenen Stimmen der Jurymitglieder erh\u00e4lt. Die Entscheidung der Jury ist unanfechtbar, der Rechtsweg ist ausgeschlossen.<\/p>\n\n\n\n<p><strong>Dokumentation<\/strong><\/p>\n\n\n\n<p>\u00dcber die Preisverleihung ist in geeigneter Form im Vereinsmagazin zu informieren. Des Weiteren ist eine Dokumentation zu den Preistr\u00e4ger*innen (jeweils Name und Ver\u00adleihungsjahr des Preises) zu f\u00fchren, die auf der Homepage der DGO einsehbar sein sollte.<\/p>\n\n\n\n<p><strong>Inkraftsetzung<\/strong><\/p>\n\n\n\n<p>Dieses Statut tritt nach dem Vollzug per Unterschrift in Kraft und wird im Vereins\u00admagazin und auf der Homepage der DGO ver\u00f6ffentlicht.<\/p>\n\n\n\n<p>Potsdam und Darmstadt, den 5. April 2024<\/p>\n\n\n\n<figure class=\"wp-block-table is-style-regular\"><table class=\"has-black-color has-text-color has-link-color has-fixed-layout\"><tbody><tr><td>Gez.<\/td><td>Gez.<\/td><\/tr><tr><td>Daniel Krause<\/td><td>Prof. Dr. Lars Adler<\/td><\/tr><tr><td>Pr\u00e4sident der Deutschen Gesellschaft f\u00fcr Ordenskunde e.&nbsp;V.<\/td><td>Vorsitzender des Wissenschaftlichen Beirates der DGO<\/td><\/tr><\/tbody><\/table><\/figure>\n\n\n\n<p><\/p>\n\n\n\n<div class=\"wp-block-buttons has-white-background-color has-background is-layout-flex wp-block-buttons-is-layout-flex\">\n<div class=\"wp-block-button\"><a class=\"wp-block-button__link wp-element-button\" href=\"https:\/\/www.deutsche-gesellschaft-fuer-ordenskunde.de\/DGOWP\/wp-content\/uploads\/2024\/12\/Statut_Von_Hessenthal_Preis_final_2024_03_22.pdf\">Download des Statuts als PDF<\/a><\/div>\n<\/div>\n","protected":false},"excerpt":{"rendered":"<p>Statut\u201eVon Hessenthal-Preis f\u00fcr Phaleristik\u201c Pr\u00e4ambel Der \u201eVon Hessenthal-Preis f\u00fcr Phaleristik\u201c (im Folgenden Preis) wurde am 21. November 1988 durch Beschluss des Vorstandes des F\u00f6rderkreises \u201eDeutsches Ordensmuseum FDOM e.&nbsp;V.\u201c gestiftet. Die aus der Verbindung des FDOM e.&nbsp;V. und des Bundes Deutscher Ordenssammler BDOS e.&nbsp;V. hervorgegangene Nachfolge\u00adgesellschaft, seit September 2010 Deutsche Gesellschaft f\u00fcr Ordenskunde e. V. (im &hellip; <\/p>\n<p class=\"link-more\"><a href=\"https:\/\/www.deutsche-gesellschaft-fuer-ordenskunde.de\/DGOWP\/statut\/\" class=\"more-link\"><span class=\"screen-reader-text\">\u201eStatut\u201c <\/span>weiterlesen<\/a><\/p>\n","protected":false},"author":2,"featured_media":0,"parent":0,"menu_order":0,"comment_status":"closed","ping_status":"closed","template":"","meta":{"ngg_post_thumbnail":0,"footnotes":""},"class_list":["post-4925","page","type-page","status-publish","hentry"],"_links":{"self":[{"href":"https:\/\/www.deutsche-gesellschaft-fuer-ordenskunde.de\/DGOWP\/wp-json\/wp\/v2\/pages\/4925","targetHints":{"allow":["GET"]}}],"collection":[{"href":"https:\/\/www.deutsche-gesellschaft-fuer-ordenskunde.de\/DGOWP\/wp-json\/wp\/v2\/pages"}],"about":[{"href":"https:\/\/www.deutsche-gesellschaft-fuer-ordenskunde.de\/DGOWP\/wp-json\/wp\/v2\/types\/page"}],"author":[{"embeddable":true,"href":"https:\/\/www.deutsche-gesellschaft-fuer-ordenskunde.de\/DGOWP\/wp-json\/wp\/v2\/users\/2"}],"replies":[{"embeddable":true,"href":"https:\/\/www.deutsche-gesellschaft-fuer-ordenskunde.de\/DGOWP\/wp-json\/wp\/v2\/comments?post=4925"}],"version-history":[{"count":2,"href":"https:\/\/www.deutsche-gesellschaft-fuer-ordenskunde.de\/DGOWP\/wp-json\/wp\/v2\/pages\/4925\/revisions"}],"predecessor-version":[{"id":4957,"href":"https:\/\/www.deutsche-gesellschaft-fuer-ordenskunde.de\/DGOWP\/wp-json\/wp\/v2\/pages\/4925\/revisions\/4957"}],"wp:attachment":[{"href":"https:\/\/www.deutsche-gesellschaft-fuer-ordenskunde.de\/DGOWP\/wp-json\/wp\/v2\/media?parent=4925"}],"curies":[{"name":"wp","href":"https:\/\/api.w.org\/{rel}","templated":true}]}}