{"id":4911,"date":"2024-12-07T11:44:15","date_gmt":"2024-12-07T10:44:15","guid":{"rendered":"https:\/\/www.deutsche-gesellschaft-fuer-ordenskunde.de\/DGOWP\/?page_id=4911"},"modified":"2024-12-07T11:45:18","modified_gmt":"2024-12-07T10:45:18","slug":"dipl-betriebsw-fh-sascha-zimmermann","status":"publish","type":"page","link":"https:\/\/www.deutsche-gesellschaft-fuer-ordenskunde.de\/DGOWP\/dipl-betriebsw-fh-sascha-zimmermann\/","title":{"rendered":"Dipl.-Betriebsw. (FH) Sascha Zimmermann"},"content":{"rendered":"\n<h2 class=\"wp-block-heading has-text-align-center\">Dipl.-Betriebsw. (FH) Sascha Zimmermann<\/h2>\n\n\n<div class=\"wp-block-image\">\n<figure class=\"aligncenter size-full\"><img loading=\"lazy\" decoding=\"async\" width=\"500\" height=\"614\" src=\"https:\/\/www.deutsche-gesellschaft-fuer-ordenskunde.de\/DGOWP\/wp-content\/uploads\/2024\/12\/Zimmermann.jpg\" alt=\"\" class=\"wp-image-4912\" srcset=\"https:\/\/www.deutsche-gesellschaft-fuer-ordenskunde.de\/DGOWP\/wp-content\/uploads\/2024\/12\/Zimmermann.jpg 500w, https:\/\/www.deutsche-gesellschaft-fuer-ordenskunde.de\/DGOWP\/wp-content\/uploads\/2024\/12\/Zimmermann-244x300.jpg 244w, https:\/\/www.deutsche-gesellschaft-fuer-ordenskunde.de\/DGOWP\/wp-content\/uploads\/2024\/12\/Zimmermann-122x150.jpg 122w\" sizes=\"auto, (max-width: 500px) 100vw, 500px\" \/><\/figure>\n<\/div>\n\n\n<p>Geboren 1970 in M\u00fcnchen, Fachabitur, 1991 bis 1992 Grundwehrdienst im Gebirgsartilleriebataillon 235, Studium der Betriebswirtschaftslehre an der FH Rosenheim und seit 1994 selbstst\u00e4ndiger Ordensh\u00e4ndler. Von 2012 bis 2018 leitender Experte der Ordensabteilung des internationalen Auktionshauses Hermann Historica in M\u00fcnchen, danach R\u00fcckzug aus dem Alltagsgesch\u00e4ft, um sich der Fertigstellung des Buchprojekts zum Bayerischen Milit\u00e4r-Verdienstorden zu widmen.<\/p>\n\n\n\n<p>Seit dem zehnten Lebensjahr begeisterter Liebhaber der Phaleristik, Sammler und Forscher, seit 1991 Mitglied BDOS dann DGO, seit 2003 Mitglied des Wissenschaftlichen Beirates. Zeitweise langj\u00e4hriges Mitglied verschiedener internationaler Ordensgesellschaften (OMSA 1995, \u00d6GO 1996, OMRS u.a.), seit 2001 Mitglied der Heereskunde und im Freundeskreis Bayerisches Armeemuseum. Teilnehmer der European Conferences of Phaleristic Societies.<\/p>\n\n\n\n<p>Derzeitiger Forschungsschwerpunkt: Die Auszeichnungen im K\u00f6nigreich Bayern und bayerische Soldaten in den Kolonien sowie die Auswertbarkeit antiquarischer Kolonialliteratur f\u00fcr die Ordenskunde. Kontakt: office@zimmermann-orden.de<\/p>\n\n\n\n<p><strong>Ordenskundliche Publikationen:<\/strong><\/p>\n\n\n\n<p>&#8211; \u201eAnmerkungen zum kaiserlich-chinesischen Orden vom Doppelten Drachen\u201c, in: OuE Magazin 7, Juni 2000 (zusammen mit Gustav Andreas Tammann).<\/p>\n\n\n\n<p>&#8211; \u201eZur besseren Unterscheidung von den echt goldenen \u2026 Der Bayerische Milit\u00e4r-Verdienstorden 3. Klasse in seiner letzten Form vom 1. Januar 1917\u201c, in: Offenbacher Phaleristische Studien Bd. 4 (Das Dritte und Vierte Gunzenh\u00e4user Phaleristik-Symposium 1998), Offenbach 2000.<\/p>\n\n\n\n<p>&#8211; \u201eWolfgang Biegel 7.2.1874 \u2013 24.6.1921: Erstellt f\u00fcr den Urenkel Dr. Johannes Biegel\u201c, Privatdruck, M\u00fcnchen 2011.<\/p>\n\n\n\n<p>&#8211; \u201eFotos aus dem F\u00fchrerhauptquartier\u201c. Sonderkatalog der Auktion 22. Oktober 2012 Hermann Historica, M\u00fcnchen 2012 (Die Identifizierung und historische Aufbereitung des Bildmaterials).<\/p>\n\n\n\n<p>&#8211; \u201eNapoleon und Bayern: Katalog zur Bayerischen Landesausstellung 2015; Bayerisches Armeemuseum, Neues Schloss Ingolstadt, 30. April bis 31. Oktober 2015 \/ hrsg. von Margot Hamm &#8230;\u201c [Haus der Bayerischen Geschichte], Augsburg 2015 (Ordensbeschreibungen von Sascha Zimmermann).<\/p>\n\n\n\n<p>&#8211; \u201eDie Freiherrn von Leonrod \u2013 K.&nbsp;B. Kammerherrn, Obersthofmeister, Widerstandsk\u00e4mpfer\u201c, Sonderkatalog der Auktion 78, 15. M\u00e4rz 2019 Hermann Historica, M\u00fcnchen 2019.<\/p>\n\n\n\n<p>&#8211; \u201eDas Verwundetenabzeichen 20. Juli 1944 und seine Verleihungen\u201c, in: OuE-Magazin, Nr. 124 (Dezember 2019), S. 311 ff.<\/p>\n\n\n\n<p>&#8211; \u201eFalsch gewickelt? \u2013 die Identifizierung einer bayerischen Ordensschnalle\u201c, in: OuE-Magazin, Nr. 127 (Juni 2020), S. 152 ff.<\/p>\n\n\n\n<p>&#8211; \u201eHans Ernst von Zieten: Ein vergessener Feldherr der Befreiungskriege: seine Zeit und sein Nachlass\u201c, Wien 2020 (zusammen mit Dr. Gerhard Bauer, dem wissenschaftlichen Direktor des Milit\u00e4rhistorischen Museums Dresden; die Objektbeschreibungen von Sascha Zimmermann).<\/p>\n\n\n\n<p>&#8211; \u201eDer K\u00f6niglich Bayerische Milit\u00e4r-Verdienstorden: Seine Geschichte, Tr\u00e4ger und Dekorationen von 1866 bis 1943\u201c, 3 Bde., Wien, 2024.<\/p>\n\n\n\n<p>&#8211; \u201eDie bayerische Milit\u00e4r-Verdienst-Medaille (Tapferkeitsmedaille) von 1794 bis 1918\u201c, Manuskript in Vorbereitung, M\u00fcnchen 20XX.<\/p>\n","protected":false},"excerpt":{"rendered":"<p>Dipl.-Betriebsw. (FH) Sascha Zimmermann Geboren 1970 in M\u00fcnchen, Fachabitur, 1991 bis 1992 Grundwehrdienst im Gebirgsartilleriebataillon 235, Studium der Betriebswirtschaftslehre an der FH Rosenheim und seit 1994 selbstst\u00e4ndiger Ordensh\u00e4ndler. Von 2012 bis 2018 leitender Experte der Ordensabteilung des internationalen Auktionshauses Hermann Historica in M\u00fcnchen, danach R\u00fcckzug aus dem Alltagsgesch\u00e4ft, um sich der Fertigstellung des Buchprojekts zum &hellip; <\/p>\n<p class=\"link-more\"><a href=\"https:\/\/www.deutsche-gesellschaft-fuer-ordenskunde.de\/DGOWP\/dipl-betriebsw-fh-sascha-zimmermann\/\" class=\"more-link\"><span class=\"screen-reader-text\">\u201eDipl.-Betriebsw. (FH) Sascha Zimmermann\u201c <\/span>weiterlesen<\/a><\/p>\n","protected":false},"author":2,"featured_media":0,"parent":0,"menu_order":0,"comment_status":"closed","ping_status":"closed","template":"","meta":{"ngg_post_thumbnail":0,"footnotes":""},"class_list":["post-4911","page","type-page","status-publish","hentry"],"_links":{"self":[{"href":"https:\/\/www.deutsche-gesellschaft-fuer-ordenskunde.de\/DGOWP\/wp-json\/wp\/v2\/pages\/4911","targetHints":{"allow":["GET"]}}],"collection":[{"href":"https:\/\/www.deutsche-gesellschaft-fuer-ordenskunde.de\/DGOWP\/wp-json\/wp\/v2\/pages"}],"about":[{"href":"https:\/\/www.deutsche-gesellschaft-fuer-ordenskunde.de\/DGOWP\/wp-json\/wp\/v2\/types\/page"}],"author":[{"embeddable":true,"href":"https:\/\/www.deutsche-gesellschaft-fuer-ordenskunde.de\/DGOWP\/wp-json\/wp\/v2\/users\/2"}],"replies":[{"embeddable":true,"href":"https:\/\/www.deutsche-gesellschaft-fuer-ordenskunde.de\/DGOWP\/wp-json\/wp\/v2\/comments?post=4911"}],"version-history":[{"count":2,"href":"https:\/\/www.deutsche-gesellschaft-fuer-ordenskunde.de\/DGOWP\/wp-json\/wp\/v2\/pages\/4911\/revisions"}],"predecessor-version":[{"id":4914,"href":"https:\/\/www.deutsche-gesellschaft-fuer-ordenskunde.de\/DGOWP\/wp-json\/wp\/v2\/pages\/4911\/revisions\/4914"}],"wp:attachment":[{"href":"https:\/\/www.deutsche-gesellschaft-fuer-ordenskunde.de\/DGOWP\/wp-json\/wp\/v2\/media?parent=4911"}],"curies":[{"name":"wp","href":"https:\/\/api.w.org\/{rel}","templated":true}]}}