{"id":4815,"date":"2024-05-31T23:33:03","date_gmt":"2024-05-31T23:33:03","guid":{"rendered":"https:\/\/www.deutsche-gesellschaft-fuer-ordenskunde.de\/DGOWP\/?page_id=4815"},"modified":"2024-07-26T14:27:18","modified_gmt":"2024-07-26T12:27:18","slug":"2024-2","status":"publish","type":"page","link":"https:\/\/www.deutsche-gesellschaft-fuer-ordenskunde.de\/DGOWP\/dgo\/aktivitaten\/2024-2\/","title":{"rendered":"2024"},"content":{"rendered":"\n<h2 class=\"wp-block-heading\">Veranstaltung 50 Jahre DGO<\/h2>\n\n\n\n<p>Die Jubil\u00e4umsveranstaltung zum 50j\u00e4hrigen Bestehen der DGO findet in Ingolstadt vom<\/p>\n\n\n\n<p><strong>20.-22. September 2024<\/strong><\/p>\n\n\n\n<p>statt.<\/p>\n\n\n\n<p>Wir sind dort im Bayrischen Armeemuseum im Schloss (Paradeplatz 4, Ingolstadt) zu Gast.<\/p>\n\n\n\n<p>Das Programm beginnt am Freitag, den 20.09.2024 ab 16 Uhr und endet am Sonntag zur Mittagszeit. Neben Vortr\u00e4gen, Ehrungen und Besichtigungen steht auch eine B\u00f6rse auf dem Programm.<\/p>\n\n\n\n<p>Im Rahmen der Veranstaltung erlaubt sich die DGO zu einem Gala-Dinner einzuladen.<\/p>\n\n\n\n<p><strong>Freitag, 20.09.2024<\/strong><\/p>\n\n\n\n<p>16.00 Uhr: Wir treffen uns vor dem Maritim Hotel und werden zur Stadtf\u00fchrung abgeholt. Dauer ca. 1,5 Stunden.<br \/>ab 18.00 Uhr: Gemeinsames Abendessen (Bayrische Spezialit\u00e4ten) im \u201eReimanns\u201c, Esplanade 10, Ingolstadt<br \/><br \/><strong>Samstag, 21.09.2024<\/strong><\/p>\n\n\n\n<p>10.00 Uhr: Verschiedene F\u00fchrungen in Gruppen im Bayrischen Armeemuseum, Treffunkt vor dem Museum Neues Schloss (Paradeplatz 4)<br \/>14.00 Uhr: Festvortr\u00e4ge, Ehrungen und Ansprachen, D\u00fcrnitz im Neuen Schloss<br \/>18.30 Uhr: Gala-Dinner im Maritim Hotel<br \/>(um angemessene Kleidung -Abendgaderobe- wird gebeten)<br \/><br \/><strong>Sonntag, 22.09.2024<\/strong><br \/><br \/>10.00 bis gegen 12.00 Uhr: B\u00f6rse im Maritim-Hotel<\/p>\n\n\n\n<p><strong>Hotel<\/strong><\/p>\n\n\n\n<p>F\u00fcr die Veranstaltung haben wir ein Zimmerkontingent im Maritim Hotel reservieren lassen. Dieses ist bis 08. August 2024 verf\u00fcgbar und unter dem Stichwort <strong>\u201eDGO 50\u201c<\/strong> abrufbar. Die Buchung kann auch \u00fcber den nachfolgenden Link erfolgen:<\/p>\n\n\n\n<p><a href=\"https:\/\/reservations.travelclick.com\/115180?groupID=4355337&amp;adults=1&amp;languageID=7\">https:\/\/reservations.travelclick.com\/115180?groupID=4355337&amp;adults=1&amp;languageID=7<\/a><\/p>\n\n\n\n<p>Maritim Hotel Ingolstadt, Schlo\u00dfl\u00e4nde 24, 85049 Ingolstadt<\/p>\n\n\n\n<p>Tel: <a href=\"https:\/\/www.google.com\/search?client=firefox-b-d&amp;q=maritim+ingolstadt\">0841 881780<\/a><\/p>\n\n\n\n<p>Comfort Doppelzimmer 163 \u20ac pro Nacht\/Zimmer<\/p>\n\n\n\n<p>Classic Doppelzimmer 148 \u20ac pro Nacht\/Zimmer<\/p>\n\n\n\n<p>Classic Einzelzimmer 131 \u20ac pro Nacht<\/p>\n\n\n\n<p>Die Preise sind incl. Fr\u00fchst\u00fccksbuffet. Es wird empfohlen fr\u00fchzeitig zu buchen.<\/p>\n\n\n\n<p>In diesem Hotel finde auch samstags das Gala-Dinner statt. Das Hotel befindet sich in unmittelbarer N\u00e4he zum Schlo\u00df und zu allen Veranstaltungen.<\/p>\n\n\n\n<p><strong>Anmeldungen<\/strong><\/p>\n\n\n\n<p>Wegen den umfangreichen Vorbereitungen ist <strong><u>zwingend<\/u><\/strong> erforderlich, dass sich die Teilnehmer &nbsp;bei unserem Schatzmeister melden. <strong>Ohne Anmeldung&nbsp; ist eine Teilnahme bei verschiedenen<\/strong> <strong>Veranstaltungen<\/strong> nicht m\u00f6glich. &nbsp;Bitte bei der Meldung Personenzahl mitteilen und &nbsp;auch angeben, wer Interesse an einem Tisch bei der B\u00f6rse hat. Meldungen an: Ulrich Eberhardt Email: <a href=\"mailto:schatzmeister@dgo-ev.de\">schatzmeister@dgo-ev.de<\/a><\/p>\n\n\n\n<p><strong>Wir freuen uns mit Euch die 50 Jahre feiern zu k\u00f6nnen.<\/strong><\/p>\n","protected":false},"excerpt":{"rendered":"<p>Veranstaltung 50 Jahre DGO Die Jubil\u00e4umsveranstaltung zum 50j\u00e4hrigen Bestehen der DGO findet in Ingolstadt vom 20.-22. September 2024 statt. Wir sind dort im Bayrischen Armeemuseum im Schloss (Paradeplatz 4, Ingolstadt) zu Gast. Das Programm beginnt am Freitag, den 20.09.2024 ab 16 Uhr und endet am Sonntag zur Mittagszeit. Neben Vortr\u00e4gen, Ehrungen und Besichtigungen steht auch &hellip; <\/p>\n<p class=\"link-more\"><a href=\"https:\/\/www.deutsche-gesellschaft-fuer-ordenskunde.de\/DGOWP\/dgo\/aktivitaten\/2024-2\/\" class=\"more-link\"><span class=\"screen-reader-text\">\u201e2024\u201c <\/span>weiterlesen<\/a><\/p>\n","protected":false},"author":2,"featured_media":0,"parent":50,"menu_order":0,"comment_status":"closed","ping_status":"closed","template":"","meta":{"ngg_post_thumbnail":0,"footnotes":""},"class_list":["post-4815","page","type-page","status-publish","hentry"],"_links":{"self":[{"href":"https:\/\/www.deutsche-gesellschaft-fuer-ordenskunde.de\/DGOWP\/wp-json\/wp\/v2\/pages\/4815","targetHints":{"allow":["GET"]}}],"collection":[{"href":"https:\/\/www.deutsche-gesellschaft-fuer-ordenskunde.de\/DGOWP\/wp-json\/wp\/v2\/pages"}],"about":[{"href":"https:\/\/www.deutsche-gesellschaft-fuer-ordenskunde.de\/DGOWP\/wp-json\/wp\/v2\/types\/page"}],"author":[{"embeddable":true,"href":"https:\/\/www.deutsche-gesellschaft-fuer-ordenskunde.de\/DGOWP\/wp-json\/wp\/v2\/users\/2"}],"replies":[{"embeddable":true,"href":"https:\/\/www.deutsche-gesellschaft-fuer-ordenskunde.de\/DGOWP\/wp-json\/wp\/v2\/comments?post=4815"}],"version-history":[{"count":2,"href":"https:\/\/www.deutsche-gesellschaft-fuer-ordenskunde.de\/DGOWP\/wp-json\/wp\/v2\/pages\/4815\/revisions"}],"predecessor-version":[{"id":4866,"href":"https:\/\/www.deutsche-gesellschaft-fuer-ordenskunde.de\/DGOWP\/wp-json\/wp\/v2\/pages\/4815\/revisions\/4866"}],"up":[{"embeddable":true,"href":"https:\/\/www.deutsche-gesellschaft-fuer-ordenskunde.de\/DGOWP\/wp-json\/wp\/v2\/pages\/50"}],"wp:attachment":[{"href":"https:\/\/www.deutsche-gesellschaft-fuer-ordenskunde.de\/DGOWP\/wp-json\/wp\/v2\/media?parent=4815"}],"curies":[{"name":"wp","href":"https:\/\/api.w.org\/{rel}","templated":true}]}}