{"id":4812,"date":"2024-05-24T15:50:59","date_gmt":"2024-05-24T15:50:59","guid":{"rendered":"https:\/\/www.deutsche-gesellschaft-fuer-ordenskunde.de\/DGOWP\/?page_id=4812"},"modified":"2024-12-15T13:40:16","modified_gmt":"2024-12-15T12:40:16","slug":"traeger-des-hessenthalpreises","status":"publish","type":"page","link":"https:\/\/www.deutsche-gesellschaft-fuer-ordenskunde.de\/DGOWP\/traeger-des-hessenthalpreises\/","title":{"rendered":"Preistr\u00e4ger"},"content":{"rendered":"\n<h2 class=\"wp-block-heading\">Tr\u00e4ger des v. Hessenthal-Preises f\u00fcr Phaleristik<\/h2>\n\n\n\n<p><strong>1992<\/strong> &#8211; NIMMERGUT, J\u00f6rg (1939\u20132024)<br \/><strong>1993<\/strong> &#8211; BARTEL, Frank (1943\u20132024)<br \/><strong>1994<\/strong> &#8211; SCHUBERSKY, Erast (1920\u20132009)<br \/><strong>1995<\/strong> &#8211; SCHARFENBERG, Dr. med. Gerd (1937\u20132020)<br \/><strong>1996<\/strong> &#8211; SAUERWALD, Dr. med. Peter (1936\u20132022)<br \/><strong>1997<\/strong> &#8211; BERGMANN, Werner (* 1953)<br \/><strong>1999<\/strong> &#8211; FEDER, Klaus (* 1945)<br \/><strong>2002<\/strong> &#8211; ROSENWALD, Walter (1924\u20132012)<br \/><strong>2003<\/strong> &#8211; WEBER, Wilhelm (1924\u20132016)<br \/><strong>2005<\/strong> &#8211; ALTMANN, Fred (1923\u20132008)<br \/><strong>2006<\/strong> &#8211; KAVALIAUSKAS, Vilius (* 1951)<br \/><strong>2007<\/strong> &#8211; HERFURTH, Dr. phil. Dietrich (* 1932)<br \/><strong>2008<\/strong> &#8211; EFLER, Gert (* 1942)<br \/><strong>2010<\/strong> &#8211; TEWES, Lothar (* 1941)<br \/><strong>2013<\/strong> &#8211; GATTINGER, Karl (1936\u20132017)<br \/><strong>2016<\/strong> &#8211; RAFF, Albert (* 1942)<br \/><strong>2022<\/strong> &#8211; MAERZ, Dietrich (* 1953)<br \/><strong>2023<\/strong> &#8211; HENNING, Prof. Dr. phil. Eckart (* 1940)<\/p>\n","protected":false},"excerpt":{"rendered":"<p>Tr\u00e4ger des v. Hessenthal-Preises f\u00fcr Phaleristik 1992 &#8211; NIMMERGUT, J\u00f6rg (1939\u20132024)1993 &#8211; BARTEL, Frank (1943\u20132024)1994 &#8211; SCHUBERSKY, Erast (1920\u20132009)1995 &#8211; SCHARFENBERG, Dr. med. Gerd (1937\u20132020)1996 &#8211; SAUERWALD, Dr. med. Peter (1936\u20132022)1997 &#8211; BERGMANN, Werner (* 1953)1999 &#8211; FEDER, Klaus (* 1945)2002 &#8211; ROSENWALD, Walter (1924\u20132012)2003 &#8211; WEBER, Wilhelm (1924\u20132016)2005 &#8211; ALTMANN, Fred (1923\u20132008)2006 &#8211; KAVALIAUSKAS, &hellip; <\/p>\n<p class=\"link-more\"><a href=\"https:\/\/www.deutsche-gesellschaft-fuer-ordenskunde.de\/DGOWP\/traeger-des-hessenthalpreises\/\" class=\"more-link\"><span class=\"screen-reader-text\">\u201ePreistr\u00e4ger\u201c <\/span>weiterlesen<\/a><\/p>\n","protected":false},"author":2,"featured_media":0,"parent":0,"menu_order":0,"comment_status":"closed","ping_status":"closed","template":"","meta":{"ngg_post_thumbnail":0,"footnotes":""},"class_list":["post-4812","page","type-page","status-publish","hentry"],"_links":{"self":[{"href":"https:\/\/www.deutsche-gesellschaft-fuer-ordenskunde.de\/DGOWP\/wp-json\/wp\/v2\/pages\/4812","targetHints":{"allow":["GET"]}}],"collection":[{"href":"https:\/\/www.deutsche-gesellschaft-fuer-ordenskunde.de\/DGOWP\/wp-json\/wp\/v2\/pages"}],"about":[{"href":"https:\/\/www.deutsche-gesellschaft-fuer-ordenskunde.de\/DGOWP\/wp-json\/wp\/v2\/types\/page"}],"author":[{"embeddable":true,"href":"https:\/\/www.deutsche-gesellschaft-fuer-ordenskunde.de\/DGOWP\/wp-json\/wp\/v2\/users\/2"}],"replies":[{"embeddable":true,"href":"https:\/\/www.deutsche-gesellschaft-fuer-ordenskunde.de\/DGOWP\/wp-json\/wp\/v2\/comments?post=4812"}],"version-history":[{"count":2,"href":"https:\/\/www.deutsche-gesellschaft-fuer-ordenskunde.de\/DGOWP\/wp-json\/wp\/v2\/pages\/4812\/revisions"}],"predecessor-version":[{"id":4962,"href":"https:\/\/www.deutsche-gesellschaft-fuer-ordenskunde.de\/DGOWP\/wp-json\/wp\/v2\/pages\/4812\/revisions\/4962"}],"wp:attachment":[{"href":"https:\/\/www.deutsche-gesellschaft-fuer-ordenskunde.de\/DGOWP\/wp-json\/wp\/v2\/media?parent=4812"}],"curies":[{"name":"wp","href":"https:\/\/api.w.org\/{rel}","templated":true}]}}