{"id":4753,"date":"2024-01-24T11:53:03","date_gmt":"2024-01-24T11:53:03","guid":{"rendered":"https:\/\/www.deutsche-gesellschaft-fuer-ordenskunde.de\/DGOWP\/?page_id=4753"},"modified":"2024-01-24T12:02:15","modified_gmt":"2024-01-24T12:02:15","slug":"leitfaden-zur-erstellung-von-artikeln-fuer-das-vereinsmagazin","status":"publish","type":"page","link":"https:\/\/www.deutsche-gesellschaft-fuer-ordenskunde.de\/DGOWP\/vereinsmagazin\/leitfaden-zur-erstellung-von-artikeln-fuer-das-vereinsmagazin\/","title":{"rendered":"Leitfaden zur Erstellung von Artikeln f\u00fcr das Vereinsmagazin"},"content":{"rendered":"\n<h2 class=\"wp-block-heading\">Leitfaden zur Erstellung von Artikeln f\u00fcr das Vereinsmagazin<\/h2>\n\n\n\n<p><strong>Allgemeines:<\/strong><\/p>\n\n\n\n<ol class=\"wp-block-list\" start=\"1\">\n<li>Die Deutsche Gesellschaft f\u00fcr Ordenskunde e.V. konzentriert sich auf die Erforschung und Dokumentation von Orden, Auszeichnungen und Ehrenzeichen. Wir legen gro\u00dfen Wert auf Objektivit\u00e4t und wissenschaftliche Genauigkeit bei unseren Ver\u00f6ffentlichungen. Unser Ziel ist es, historisch korrekte Informationen und Zusammenh\u00e4nge zu liefern und dadurch einen Beitrag zur Bildung und Aufkl\u00e4rung zu leisten. Wir stehen f\u00fcr Offenheit, Toleranz und Respekt gegen\u00fcber allen Menschen und lehnen Diskriminierung in jeglicher Form ab.<\/li>\n<\/ol>\n\n\n\n<p><strong>Textformalia:<\/strong><\/p>\n\n\n\n<ol class=\"wp-block-list\" start=\"1\">\n<li>Die Texte sind vorzugsweise digital als Worddokument und unformatiert einzureichen. Da die Texte an das Layout der anderen Artikel im Heft angepasst werden m\u00fcssen, gibt es keine Einschr\u00e4nkungen bei der gew\u00e4hlten Schriftgr\u00f6\u00dfe, Layout, R\u00e4nder oder Zeilenabst\u00e4nden.<\/li>\n\n\n\n<li>Es ist auf eine saubere, klare und neutrale Sprache zu achten, bei den Floskeln und umgangssprachlichen Eigenarten genauso vermieden werden sollen, wie unn\u00f6tige F\u00fclls\u00e4tze.<\/li>\n\n\n\n<li>Zur Vermeidung von Verwirrungen auf unn\u00f6tige Abk\u00fcrzungen verzichten und W\u00f6rter ausschreiben.<\/li>\n\n\n\n<li>Die Redaktion beh\u00e4lt sich vor, Texte umzuformulieren und zu korrigieren.<\/li>\n<\/ol>\n\n\n\n<p><strong>Bilder:<\/strong><\/p>\n\n\n\n<ol class=\"wp-block-list\" start=\"1\">\n<li>Bildliche Erg\u00e4nzungen im Text k\u00f6nnen vom Autor durch den Hinweis (z.B. \u201ehier Abbildung 1 einf\u00fcgen\u201c) angezeigt werden. Es muss jedoch beachtet werden, dass durch die Formatierung des Heftes (dreispaltiger Aufbau) die Position des Bildes nicht gew\u00e4hrleistet ist.<\/li>\n\n\n\n<li>Bildunterschriften bitte am Ende des Textes gesondert auff\u00fchren oder als separates Dokument einf\u00fcgen.<\/li>\n\n\n\n<li>Um eine qualitative bildliche Darstellung zu gew\u00e4hrleisten, sollten die Bilder eine Qualit\u00e4t von m\u00f6glichst 300 dpi entsprechen. Einzelne Bilder k\u00f6nnen per E-Mail zugesandt werden. Bei mehreren Bildern k\u00f6nnen diese \u00fcber (das kostenlose Programm) weTransfer.de gesandt werden.<\/li>\n\n\n\n<li>Die Anzahl der Bilder sollte in Relation zum Text stehen. D.h. z.B. f\u00fcr einen zweiseitigen Artikel sollen keine 40 Bilder verwendet werden.<\/li>\n\n\n\n<li>Es ist zu gew\u00e4hrleisten, dass die Bildrechte der jeweiligen Bilder beim Autor liegen. Anderes ist entsprechend zu kennzeichnen.<\/li>\n<\/ol>\n\n\n\n<p><strong>Quellen und Zitationen:<\/strong><\/p>\n\n\n\n<ol class=\"wp-block-list\" start=\"1\">\n<li>Eine sinngem\u00e4\u00dfe \u00dcbernahme und w\u00f6rtliche Zitate fremder Gedankeng\u00e4nge, Befunde u.\u00e4. m\u00fcssen durch eine Literatur- und Quellenangabe kenntlich gemacht werden.<\/li>\n\n\n\n<li>Zitate sind zur besseren Lesbarkeit in Anf\u00fchrungszeichen zu setzen (\u201e\u2026\u201c) und in entsprechender Fu\u00dfnote mit Quellenangaben zu versehen.<\/li>\n<\/ol>\n","protected":false},"excerpt":{"rendered":"<p>Leitfaden zur Erstellung von Artikeln f\u00fcr das Vereinsmagazin Allgemeines: Textformalia: Bilder: Quellen und Zitationen:<\/p>\n","protected":false},"author":2,"featured_media":0,"parent":135,"menu_order":0,"comment_status":"closed","ping_status":"closed","template":"","meta":{"ngg_post_thumbnail":0,"footnotes":""},"class_list":["post-4753","page","type-page","status-publish","hentry"],"_links":{"self":[{"href":"https:\/\/www.deutsche-gesellschaft-fuer-ordenskunde.de\/DGOWP\/wp-json\/wp\/v2\/pages\/4753","targetHints":{"allow":["GET"]}}],"collection":[{"href":"https:\/\/www.deutsche-gesellschaft-fuer-ordenskunde.de\/DGOWP\/wp-json\/wp\/v2\/pages"}],"about":[{"href":"https:\/\/www.deutsche-gesellschaft-fuer-ordenskunde.de\/DGOWP\/wp-json\/wp\/v2\/types\/page"}],"author":[{"embeddable":true,"href":"https:\/\/www.deutsche-gesellschaft-fuer-ordenskunde.de\/DGOWP\/wp-json\/wp\/v2\/users\/2"}],"replies":[{"embeddable":true,"href":"https:\/\/www.deutsche-gesellschaft-fuer-ordenskunde.de\/DGOWP\/wp-json\/wp\/v2\/comments?post=4753"}],"version-history":[{"count":2,"href":"https:\/\/www.deutsche-gesellschaft-fuer-ordenskunde.de\/DGOWP\/wp-json\/wp\/v2\/pages\/4753\/revisions"}],"predecessor-version":[{"id":4757,"href":"https:\/\/www.deutsche-gesellschaft-fuer-ordenskunde.de\/DGOWP\/wp-json\/wp\/v2\/pages\/4753\/revisions\/4757"}],"up":[{"embeddable":true,"href":"https:\/\/www.deutsche-gesellschaft-fuer-ordenskunde.de\/DGOWP\/wp-json\/wp\/v2\/pages\/135"}],"wp:attachment":[{"href":"https:\/\/www.deutsche-gesellschaft-fuer-ordenskunde.de\/DGOWP\/wp-json\/wp\/v2\/media?parent=4753"}],"curies":[{"name":"wp","href":"https:\/\/api.w.org\/{rel}","templated":true}]}}