{"id":4232,"date":"2023-06-15T17:48:38","date_gmt":"2023-06-15T17:48:38","guid":{"rendered":"https:\/\/www.deutsche-gesellschaft-fuer-ordenskunde.de\/DGOWP\/?page_id=4232"},"modified":"2023-06-15T18:00:58","modified_gmt":"2023-06-15T18:00:58","slug":"2022-3","status":"publish","type":"page","link":"https:\/\/www.deutsche-gesellschaft-fuer-ordenskunde.de\/DGOWP\/dgo\/aktivitaten\/2022-3\/","title":{"rendered":"2023"},"content":{"rendered":"\n<h2 class=\"wp-block-heading\">2023<\/h2>\n\n\n\n<p><strong>21. Phaleristisches&nbsp;<\/strong><strong>Symposium<\/strong><strong>&nbsp;der DGO vom 28.04.2023 bis 30.04.2023 in&nbsp;<\/strong><strong>Altenburg<\/strong><\/p>\n\n\n\n<p><strong>Freitag, 28.04.2023<\/strong><\/p>\n\n\n\n<p>\u2013&nbsp;&nbsp;&nbsp;&nbsp;&nbsp;&nbsp;&nbsp;&nbsp;&nbsp;&nbsp;Anreise der Teilnehmer<\/p>\n\n\n\n<p>\u2013&nbsp;&nbsp;&nbsp;&nbsp;&nbsp;&nbsp;&nbsp;&nbsp;&nbsp;&nbsp;16:00 Stadtf\u00fchrung durch die Touristinformation , Treffpunkt Hofg\u00e4rtnerei Schlossberg 1A<\/p>\n\n\n\n<p>\u2013&nbsp;&nbsp;&nbsp;&nbsp;&nbsp;&nbsp;&nbsp;&nbsp;&nbsp;&nbsp;18:00 Geselliges Beisammensein in der Hofg\u00e4rtnerei Schlossberg 1A<\/p>\n\n\n\n<p><strong>Samstag, 29.04.2023<\/strong><\/p>\n\n\n\n<p>\u2013&nbsp;&nbsp;&nbsp;&nbsp;&nbsp;&nbsp;&nbsp;&nbsp;&nbsp;&nbsp;10:00 F\u00fchrung durch das&nbsp;Altenburger Residenzschloss mit Besichtigung der Tagesausstellung Schwarzburger Orden und Ehrenzeichen( Dauer der Ausstellung 29.04. bis 30.04.2023), Treffpunkt Schlosshof<\/p>\n\n\n\n<p>\u2013&nbsp;&nbsp;&nbsp;&nbsp;&nbsp;&nbsp;&nbsp;&nbsp;&nbsp;&nbsp;12:00 bis 13:00 Mittagsimbiss in der Hofg\u00e4rtnerei Schlossberg 1A<\/p>\n\n\n\n<p>\u2013&nbsp;&nbsp;&nbsp;&nbsp;&nbsp;&nbsp;&nbsp;&nbsp;&nbsp;&nbsp;13:30 Beginn des Phaleristischen&nbsp;Symposiums im Bachsaal des Residenzschlosses<\/p>\n\n\n\n<p>\u2013&nbsp;&nbsp;&nbsp;&nbsp;&nbsp;&nbsp;&nbsp;&nbsp;&nbsp;&nbsp;Ca. 17:30 Ende des Phaleristischen&nbsp;Symposiums<\/p>\n\n\n\n<p>\u2013&nbsp;&nbsp;&nbsp;&nbsp;&nbsp;&nbsp;&nbsp;&nbsp;&nbsp;&nbsp;18:00 Abendessen in der Gastst\u00e4tte Kulisse , Theaterplatz 18<\/p>\n\n\n\n<p><strong>Sonntag, 30.04.2023<\/strong><\/p>\n\n\n\n<p>\u2013&nbsp;&nbsp;&nbsp;&nbsp;&nbsp;&nbsp;&nbsp;&nbsp;&nbsp;&nbsp;09:00 bis 13:00 Heimatgeschichtliche und milit\u00e4rhistorische Sammlerb\u00f6rse anl\u00e4sslich des 21. Phaleristischen&nbsp;Symposiums der DGO im Teehaus im Schlossgarten<\/p>\n\n\n\n<p>\u2013&nbsp;&nbsp;&nbsp;&nbsp;&nbsp;&nbsp;&nbsp;&nbsp;&nbsp;&nbsp;13:00 Ende des&nbsp;Symposiums<\/p>\n\n\n\n<div data-wp-interactive=\"core\/file\" class=\"wp-block-file\"><object data-wp-bind--hidden=\"!state.hasPdfPreview\" hidden class=\"wp-block-file__embed\" data=\"https:\/\/www.deutsche-gesellschaft-fuer-ordenskunde.de\/DGOWP\/wp-content\/uploads\/2023\/02\/Vortragsprogramm_21_Phalerisches-Symposium_29_04_2023.pdf\" type=\"application\/pdf\" style=\"width:100%;height:600px\" aria-label=\"Einbettung von Vortragsprogramm_21_Phalerisches-Symposium_29_04_2023.\"><\/object><a id=\"wp-block-file--media-876cf4da-3d01-450d-b6ee-a675080dca86\" href=\"https:\/\/www.deutsche-gesellschaft-fuer-ordenskunde.de\/DGOWP\/wp-content\/uploads\/2023\/02\/Vortragsprogramm_21_Phalerisches-Symposium_29_04_2023.pdf\">Vortragsprogramm_21_Phalerisches-Symposium_29_04_2023<\/a><a href=\"https:\/\/www.deutsche-gesellschaft-fuer-ordenskunde.de\/DGOWP\/wp-content\/uploads\/2023\/02\/Vortragsprogramm_21_Phalerisches-Symposium_29_04_2023.pdf\" class=\"wp-block-file__button wp-element-button\" download aria-describedby=\"wp-block-file--media-876cf4da-3d01-450d-b6ee-a675080dca86\">Herunterladen<\/a><\/div>\n","protected":false},"excerpt":{"rendered":"<p>2023 21. Phaleristisches&nbsp;Symposium&nbsp;der DGO vom 28.04.2023 bis 30.04.2023 in&nbsp;Altenburg Freitag, 28.04.2023 \u2013&nbsp;&nbsp;&nbsp;&nbsp;&nbsp;&nbsp;&nbsp;&nbsp;&nbsp;&nbsp;Anreise der Teilnehmer \u2013&nbsp;&nbsp;&nbsp;&nbsp;&nbsp;&nbsp;&nbsp;&nbsp;&nbsp;&nbsp;16:00 Stadtf\u00fchrung durch die Touristinformation , Treffpunkt Hofg\u00e4rtnerei Schlossberg 1A \u2013&nbsp;&nbsp;&nbsp;&nbsp;&nbsp;&nbsp;&nbsp;&nbsp;&nbsp;&nbsp;18:00 Geselliges Beisammensein in der Hofg\u00e4rtnerei Schlossberg 1A Samstag, 29.04.2023 \u2013&nbsp;&nbsp;&nbsp;&nbsp;&nbsp;&nbsp;&nbsp;&nbsp;&nbsp;&nbsp;10:00 F\u00fchrung durch das&nbsp;Altenburger Residenzschloss mit Besichtigung der Tagesausstellung Schwarzburger Orden und Ehrenzeichen( Dauer der Ausstellung 29.04. bis 30.04.2023), Treffpunkt Schlosshof &hellip; <\/p>\n<p class=\"link-more\"><a href=\"https:\/\/www.deutsche-gesellschaft-fuer-ordenskunde.de\/DGOWP\/dgo\/aktivitaten\/2022-3\/\" class=\"more-link\"><span class=\"screen-reader-text\">\u201e2023\u201c <\/span>weiterlesen<\/a><\/p>\n","protected":false},"author":2,"featured_media":0,"parent":50,"menu_order":0,"comment_status":"closed","ping_status":"closed","template":"","meta":{"ngg_post_thumbnail":0,"footnotes":""},"class_list":["post-4232","page","type-page","status-publish","hentry"],"_links":{"self":[{"href":"https:\/\/www.deutsche-gesellschaft-fuer-ordenskunde.de\/DGOWP\/wp-json\/wp\/v2\/pages\/4232","targetHints":{"allow":["GET"]}}],"collection":[{"href":"https:\/\/www.deutsche-gesellschaft-fuer-ordenskunde.de\/DGOWP\/wp-json\/wp\/v2\/pages"}],"about":[{"href":"https:\/\/www.deutsche-gesellschaft-fuer-ordenskunde.de\/DGOWP\/wp-json\/wp\/v2\/types\/page"}],"author":[{"embeddable":true,"href":"https:\/\/www.deutsche-gesellschaft-fuer-ordenskunde.de\/DGOWP\/wp-json\/wp\/v2\/users\/2"}],"replies":[{"embeddable":true,"href":"https:\/\/www.deutsche-gesellschaft-fuer-ordenskunde.de\/DGOWP\/wp-json\/wp\/v2\/comments?post=4232"}],"version-history":[{"count":2,"href":"https:\/\/www.deutsche-gesellschaft-fuer-ordenskunde.de\/DGOWP\/wp-json\/wp\/v2\/pages\/4232\/revisions"}],"predecessor-version":[{"id":4239,"href":"https:\/\/www.deutsche-gesellschaft-fuer-ordenskunde.de\/DGOWP\/wp-json\/wp\/v2\/pages\/4232\/revisions\/4239"}],"up":[{"embeddable":true,"href":"https:\/\/www.deutsche-gesellschaft-fuer-ordenskunde.de\/DGOWP\/wp-json\/wp\/v2\/pages\/50"}],"wp:attachment":[{"href":"https:\/\/www.deutsche-gesellschaft-fuer-ordenskunde.de\/DGOWP\/wp-json\/wp\/v2\/media?parent=4232"}],"curies":[{"name":"wp","href":"https:\/\/api.w.org\/{rel}","templated":true}]}}