{"id":4140,"date":"2022-12-01T13:52:53","date_gmt":"2022-12-01T13:52:53","guid":{"rendered":"https:\/\/www.deutsche-gesellschaft-fuer-ordenskunde.de\/DGOWP\/?page_id=4140"},"modified":"2022-12-01T14:01:42","modified_gmt":"2022-12-01T14:01:42","slug":"2022-2","status":"publish","type":"page","link":"https:\/\/www.deutsche-gesellschaft-fuer-ordenskunde.de\/DGOWP\/dgo\/aktivitaten\/2022-2\/","title":{"rendered":"2022"},"content":{"rendered":"\n<p><strong>DARMSTADT<\/strong> \u2013 die ehemalige hessische Residenz- und heutige Wissenschaftsstadt als Veranstaltungsort der diesj\u00e4hrigen <strong>Jahreshauptversammlung vom 23. bis 25. September 2022<\/strong><\/p>\n\n\n\n<p>PROGRAMM<\/p>\n\n\n\n<p>Freitag, 23. September 2022<\/p>\n\n\n\n<ul class=\"wp-block-list\">\n<li>16.30 Uhr F\u00fchrung durch die ordenskundlichen Best\u00e4nde des Hessischen Staatsarchivs Darmstadt<br \/>In einer 90-min\u00fctigen F\u00fchrung werden \u2013 neben einer Kurzgeschichte des Hauses \u2013 ein-schl\u00e4gige Zimelien und historische Aktenbest\u00e4nde insbesondere zum gro\u00dfherzoglich hessischen Auszeichnungswesen vorgestellt. Um Anmeldung f\u00fcr die F\u00fchrung wird per E-Mail an untenstehende Adresse gebeten. Treffpunkt ist das Foyer des Hessischen Staatsarchivs Darmstadt, Karolinenplatz 3.<\/li>\n\n\n\n<li>ab 18.30 Uhr Abendessen im Restaurant \u201eHerrngarten\u201c<br \/>In unmittelbarer Nachbarschaft des Hessischen Staatsarchivs (30 m entfernt) befindet das Restaurant \u201eHerrngarten\u201c im Welcome Hotel Darmstadt (Karolinenplatz 4). Hier wird das Abendessen in Buffetform zum Preis von 29,50 \u20ac pro Person (zuz\u00fcglich Getr\u00e4nke nach Verbrauch) angeboten. F\u00fcr die Buchung ist aus organisatorischen Gr\u00fcnden eine verbindliche Anmeldung bis zum 16. September 2022 per E-Mail an untenstehende Adresse erforderlich.<\/li>\n<\/ul>\n\n\n\n<p>Samstag, 24. September 2022<\/p>\n\n\n\n<ul class=\"wp-block-list\">\n<li>10.00 Uhr Er\u00f6ffnung der DGO-Veranstaltung im Eckhart G. Franz-Saal des Hessischen Staatsarchivs Darmstadt<br \/>Begr\u00fc\u00dfung (Prof. Dr. Lars Adler)<br \/>Gru\u00dfworte Vertreter\/in der Stadt Darmstadt<br \/>Gru\u00dfworte Vertreter\/in der Hessischen Hausstiftung<\/li>\n\n\n\n<li>10.30 Uhr Festvortrag \u201eGro\u00dfherzog Ernst Ludwig \u2013 ein moderner F\u00fcrst zwischen Tradition und Jugendstil\u201c von Dr. Bernhard Wenning. Der Vortrag thematisiert u. a. die Pers\u00f6nlichkeit und das Politikverst\u00e4ndnis des letzten Gro\u00dfherzogs von Hessen, sein Engagement f\u00fcr den Jugendstil und nicht zuletzt die epoche\u00acpr\u00e4genden Einfl\u00fcsse auf die Gestaltung von gro\u00dfherzoglich hessischen Auszeichnungen.<\/li>\n\n\n\n<li>11.15 Uhr Einf\u00fchrung in die Kabinettausstellung \u201eDer gro\u00dfherzoglich hessische Verdienstorden Philipps des Gro\u00dfm\u00fctigen 1840\u20131918\u201c von Prof. Dr. Lars Adler. Die Ausstellung wird bis zum 14. Oktober 2022 im Karolinensaal des Hessischen Staatsarchivs Darmstadt zu sehen sein. Zudem ist eine Begleitpublikation geplant, die in der Schriftenreihe der DGO jedoch erst im Fr\u00fchjahr 2023 erscheinen wird.<\/li>\n\n\n\n<li>Anschlie\u00dfend Besichtigung der Ausstellung und Mittagspause<\/li>\n\n\n\n<li>13.30 Uhr Jahreshauptversammlung der DGO im Eckhart G. Franz-Saal (gesonderte Tagungsordnung)<br \/>Alternativ dazu besteht f\u00fcr die \u201eBegleitpersonen\u201c der Tagungsteilnehmer die M\u00f6glichkeit, um 14.00 Uhr an einer vom Darmstadt Service angebotenen 60-min\u00fctigen F\u00fchrung \u201eMathildenh\u00f6he Darmstadt \u2013UNESCO Welterbe\u201c teilzunehmen. Treffpunkt ist der Nordeingang Museum K\u00fcnstlerkolonie, Olbrichweg 13a. Da die F\u00fchrung, die von Frau Heike Jakowski als Guide angeboten wird, f\u00fcr maximal zehn Personen ausgelegt ist, wird um vorherige Anmeldung bis zum 16. September 2022 per E-Mail an untenstehende Adresse gebeten.<\/li>\n\n\n\n<li>ab 18.00 Uhr Gemeinsames Abendessen im Restaurant \u201eSitte\u201c, Karlstr. 15 (etwa 8 Minuten Fu\u00dfweg vom Hessischen Staatsarchiv Darmstadt entfernt)<\/li>\n<\/ul>\n\n\n\n<hr class=\"wp-block-separator has-alpha-channel-opacity is-style-wide\"\/>\n\n\n\n<p><strong>DGO-Fr\u00fchjahresveranstaltung 2022 in Braunschweig<\/strong> <strong>24. bis 26.Juni<\/strong><\/p>\n\n\n\n<p>Das Fr\u00fchjahrstreffen der DGO in Braunschweig stand unter guten Sternen.<\/p>\n\n\n\n<p>Die Teilnehmer unserer Fr\u00fchjahrsveranstaltung waren gut gelaunt und motiviert, die F\u00fchrenden und Vortragenden hochkompetent.<\/p>\n\n\n\n<p>Mein herzlicher Dank an den Organisator, Uli Eberhardt, f\u00fcr die gro\u00dfartige Arbeit.<\/p>\n\n\n\n<p>Bereits die freit\u00e4gliche Stadtf\u00fchrung war gut besucht, gelegentlichen Regenschauern wurde gekonnt ausgewichen. Das f\u00fcr das anschlie\u00dfende gemeinsame Abendessen gebuchte Restaurant \u201eRheinischen Republik\u201c bot aufgrund seiner zahlreichen Fotos internationaler W\u00fcrdentr\u00e4ger der letzten Jahrzehnte auch reichlich Gespr\u00e4chsstoff.<br \/>Samstag vormittags f\u00fchrte uns Dr. Wedemeyer auf einen interessanten Rundgang durch das Schloss und auf die Quadriga, wo auch ordenskundliche Aspekte in den Schlossr\u00e4umen nicht zu kurz kamen.<\/p>\n\n\n\n<p>Die nachmitt\u00e4gliche Vortragsreihe drehte sich ausschlie\u00dflich um welfische Themen. Dr. Paul K\u00f6gler beleuchtete mit zahlreichen Daten und Fakten die Verleihungen Welfischer Orden und Ehrenzeichen als Herrschaftsinstrument im Exil, Dr. Bernhard Wenning erkl\u00e4rte \u2013 auch reichlich humorvoll \u2013 die Auss\u00f6hnung zwischen Welfen und Hohenzollern. Roger Reckewell verzauberte die Zuh\u00f6rerschaft mit der Geschichte eines Tr\u00e4gers der Waterloo-Medaille. Nur ein St\u00fcck Metall, was uns einen Blick in die Zeit und das Leben eines Menschen bot, wie es nur unser Hobby kann.<br \/>Bei der kleinen aber au\u00dferordentlich gut best\u00fcckten Begleit-Ausstellung gab es einiges an Braunschweiger Rarit\u00e4ten zu sehen.<\/p>\n\n\n\n<p>Mit den Herren Reckewell, Fischer und Eberhardt standen auch drei Kenner der Materie f\u00fcr Fragen zur Verf\u00fcgung.<br \/>Die abendlichen Runden an der Hotelbar waren wie \u00fcblich bestens besucht, dass Gespr\u00e4chsbedarf bestand, war u.a. daran zu erkennen, dass die letzten erst um drei Uhr morgens den Weg aufs Ruhelager fanden.<\/p>\n\n\n\n<p>Das ein oder andere St\u00fcck wechselte nat\u00fcrlich beim abendlichen Beisammensein oder der abschlie\u00dfenden B\u00f6rse den Besitzer und alle konnten zufrieden nach Hause fahren.<\/p>\n\n\n\n<p>Braunschweig war ein Erfolg; auf nach Darmstadt im Herbst!<\/p>\n\n\n\n<p><strong>Liebe Mitglieder,<\/strong><\/p>\n\n\n\n<p>bei der Mitgliederversammlung am 18.09. wurde ich zum Pr\u00e4sidenten der DGO gew\u00e4hlt, mein Team wird aus Dr. Bernhard Wenning, Eike Lehmann, Uli Eberhardt und Christian Bormann bestehen.<br \/>Wir werden uns im n\u00e4chsten Magazin etwas umfangreicher vorstellen.<br \/>Zun\u00e4chst m\u00f6chte ich mich beim bisherigen Pr\u00e4sidenten, Bernd D\u00f6bel und dem ehemaligen Pr\u00e4sidium f\u00fcr die geleistete Arbeit bedanken.<br \/>Wir freuen uns sehr \u00fcber das uns entgegengebrachte Vertrauen der Mitglieder und hoffen auf gute Zusammenarbeit im Interesse unserer gemeinsamen Sache.<br \/>Lasst uns gemeinsam nach vorn blicken, unsere Gesellschaft weiterentwickeln und unser Hobby voranbringen.<\/p>\n\n\n\n<p>Daniel Krause<\/p>\n","protected":false},"excerpt":{"rendered":"<p>DARMSTADT \u2013 die ehemalige hessische Residenz- und heutige Wissenschaftsstadt als Veranstaltungsort der diesj\u00e4hrigen Jahreshauptversammlung vom 23. bis 25. September 2022 PROGRAMM Freitag, 23. September 2022 Samstag, 24. September 2022 DGO-Fr\u00fchjahresveranstaltung 2022 in Braunschweig 24. bis 26.Juni Das Fr\u00fchjahrstreffen der DGO in Braunschweig stand unter guten Sternen. Die Teilnehmer unserer Fr\u00fchjahrsveranstaltung waren gut gelaunt und motiviert, &hellip; <\/p>\n<p class=\"link-more\"><a href=\"https:\/\/www.deutsche-gesellschaft-fuer-ordenskunde.de\/DGOWP\/dgo\/aktivitaten\/2022-2\/\" class=\"more-link\"><span class=\"screen-reader-text\">\u201e2022\u201c <\/span>weiterlesen<\/a><\/p>\n","protected":false},"author":2,"featured_media":0,"parent":50,"menu_order":0,"comment_status":"closed","ping_status":"closed","template":"","meta":{"ngg_post_thumbnail":0,"footnotes":""},"class_list":["post-4140","page","type-page","status-publish","hentry"],"_links":{"self":[{"href":"https:\/\/www.deutsche-gesellschaft-fuer-ordenskunde.de\/DGOWP\/wp-json\/wp\/v2\/pages\/4140","targetHints":{"allow":["GET"]}}],"collection":[{"href":"https:\/\/www.deutsche-gesellschaft-fuer-ordenskunde.de\/DGOWP\/wp-json\/wp\/v2\/pages"}],"about":[{"href":"https:\/\/www.deutsche-gesellschaft-fuer-ordenskunde.de\/DGOWP\/wp-json\/wp\/v2\/types\/page"}],"author":[{"embeddable":true,"href":"https:\/\/www.deutsche-gesellschaft-fuer-ordenskunde.de\/DGOWP\/wp-json\/wp\/v2\/users\/2"}],"replies":[{"embeddable":true,"href":"https:\/\/www.deutsche-gesellschaft-fuer-ordenskunde.de\/DGOWP\/wp-json\/wp\/v2\/comments?post=4140"}],"version-history":[{"count":2,"href":"https:\/\/www.deutsche-gesellschaft-fuer-ordenskunde.de\/DGOWP\/wp-json\/wp\/v2\/pages\/4140\/revisions"}],"predecessor-version":[{"id":4148,"href":"https:\/\/www.deutsche-gesellschaft-fuer-ordenskunde.de\/DGOWP\/wp-json\/wp\/v2\/pages\/4140\/revisions\/4148"}],"up":[{"embeddable":true,"href":"https:\/\/www.deutsche-gesellschaft-fuer-ordenskunde.de\/DGOWP\/wp-json\/wp\/v2\/pages\/50"}],"wp:attachment":[{"href":"https:\/\/www.deutsche-gesellschaft-fuer-ordenskunde.de\/DGOWP\/wp-json\/wp\/v2\/media?parent=4140"}],"curies":[{"name":"wp","href":"https:\/\/api.w.org\/{rel}","templated":true}]}}