{"id":4035,"date":"2022-03-08T18:21:12","date_gmt":"2022-03-08T18:21:12","guid":{"rendered":"https:\/\/www.deutsche-gesellschaft-fuer-ordenskunde.de\/DGOWP\/?page_id=4035"},"modified":"2022-03-08T18:30:05","modified_gmt":"2022-03-08T18:30:05","slug":"eike-lehmann","status":"publish","type":"page","link":"https:\/\/www.deutsche-gesellschaft-fuer-ordenskunde.de\/DGOWP\/dgo\/wissenschaftlicher-beirat\/eike-lehmann\/","title":{"rendered":"Eike Lehmann"},"content":{"rendered":"\n<h1 class=\"has-text-align-center wp-block-heading\">Eike Lehmann<\/h1>\n\n\n\n<div class=\"wp-block-image\"><figure class=\"aligncenter size-full is-resized\"><img loading=\"lazy\" decoding=\"async\" src=\"https:\/\/www.deutsche-gesellschaft-fuer-ordenskunde.de\/DGOWP\/wp-content\/uploads\/2022\/03\/ELgross.jpg\" alt=\"\" class=\"wp-image-4042\" width=\"440\" height=\"554\" srcset=\"https:\/\/www.deutsche-gesellschaft-fuer-ordenskunde.de\/DGOWP\/wp-content\/uploads\/2022\/03\/ELgross.jpg 587w, https:\/\/www.deutsche-gesellschaft-fuer-ordenskunde.de\/DGOWP\/wp-content\/uploads\/2022\/03\/ELgross-238x300.jpg 238w, https:\/\/www.deutsche-gesellschaft-fuer-ordenskunde.de\/DGOWP\/wp-content\/uploads\/2022\/03\/ELgross-119x150.jpg 119w\" sizes=\"auto, (max-width: 440px) 100vw, 440px\" \/><\/figure><\/div>\n\n\n\n<p>Jahrgang 1966, wohnt in Berlin, Abitur und Studium der Hochfrequenz- und Nachrichtentechnik mit einem Abschluss als Diplomingenieur, seit 1992 bei der Bundesbeh\u00f6rde f\u00fcr die Frequenzverwaltung.<\/p>\n\n\n\n<p>Seit 1990 Mitglied der DGO e. V. bzw. des BDOS, seit 2021 Vizepr\u00e4sident, Forschungsschwerpunkte: Stiftungsgeschichte von Ehrenzeichen in den deutschen Kleinstaaten bis 1918 und hier besonders aus Braunschweig, Schwarzburg und Reu\u00df<\/p>\n\n\n\n<p><strong>Ordenskundliche Publikationen (in Auswahl):<\/strong><\/p>\n\n\n\n<p><em>&#8211; Die Erinnerungsspange der Stabsbildabteilung der Legion Condor, in OMM &#8211; Bund Deutscher Ordenssammler e.V. 10. Jg, Nr. 40 (Februar 1991), S. 2<\/em><\/p>\n\n\n\n<p><em>&#8211; Das Kriegsverdienstkreuz f\u00fcr Frauen und Jungfrauen, in MILITARIA Jg. 2006 , Heft 5, S. 185 &#8211; 189<\/em><\/p>\n\n\n\n<p><em>&#8211; Kritische Gedanken \u00fcber \u201eDie braunschweigische Milit\u00e4rverdienstmedaille f\u00fcr 1815\u201c, in MILITARIA Jg. 2005, Heft 1, S. 22 &#8211; 24<\/em><\/p>\n\n\n\n<p><em>&#8211; <\/em>zusammen mit Roman Franz,<em> Zur Milit\u00e4r-Verdienstmedaille von Lippe Detmold, in MILITARIA Jg. 2007, Heft 3, S. 107 \u2013 113<\/em><\/p>\n\n\n\n<p><em>&#8211;<\/em>zusammen mit Gerd Scharfenberg,<em> Das Herzoglich Anhaltische Marien-Kreuz von 1918, in OuE-Magazin &nbsp;\u2013 Deutsche Gesellschaft f\u00fcr Ordenskunde e. V. 13. Jg., Nr. 73 (Juni 2011), S. 157 \u2013 165<\/em><\/p>\n\n\n\n<p><em>&#8211; Neue Erkenntnisse zum Milit\u00e4r-Verdienstkreuz des Herzogtums Braunschweig, in OuE-Magazin&nbsp; \u2013 Deutsche Gesellschaft f\u00fcr Ordenskunde e. V. 14. Jg., Nr. 82 (Dezember 2012), S. 327 \u2013 329<\/em><\/p>\n\n\n\n<p><em>&#8211; Das Goldene Erinnerungskreuz, Auf den Spuren eines vergessenen braunschweigischen Ehrenzeichens, in OuE-Magazin&nbsp; \u2013 Deutsche Gesellschaft f\u00fcr Ordenskunde e. V. 15. Jg., Nr. 86 (August 2013), S. 217 \u2013 220<\/em><\/p>\n\n\n\n<p><em>&#8211; Die Medaille \u201eF\u00fcr aufopfernde T\u00e4tigkeit in Kriegszeit\u201c in den F\u00fcrstent\u00fcmern Reu\u00df j\u00fcngerer und \u00e4lterer Linie, in OuE-Magazin &nbsp;\u2013 Deutsche Gesellschaft f\u00fcr Ordenskunde e. V. 16. Jg., Nr. 92 (August 2014), S. 193\u2013198 und in OuE-Magazin &nbsp;\u2013 Deutsche Gesellschaft f\u00fcr Ordenskunde e. V. 17. Jg., Nr. 73 (Dezember 2015), S. 395 \u2013 396<\/em><\/p>\n\n\n\n<p><em>&#8211; Die Verdienstmedaille 1914 der F\u00fcrstent\u00fcmer Schwarzburg-Rudolstadt und Schwarzburg-Sondershausen, in OuE-Magazin &nbsp;\u2013 Deutsche Gesellschaft f\u00fcr Ordenskunde e. V. 18. Jg., Nr. 102 (April 2016), S. 91 \u2013 96<\/em><\/p>\n\n\n\n<p><em>&#8211; Das Ehrenzeichen f\u00fcr Arbeiter und Dienstboten im F\u00fcrstentum Reu\u00df j\u00fcngerer Linie, in OuE-Magazin &nbsp;\u2013 Deutsche Gesellschaft f\u00fcr Ordenskunde e. V. 19. Jg., Nr. 107 (Juni 2017), S. 39 \u2013 43<\/em><\/p>\n\n\n\n<p><em>-Die Ehrenzeichen des Herzoglich Braunschweigischen Orden Heinrichs des L\u00f6wen, in OuE-Magazin &nbsp;\u2013 Deutsche Gesellschaft f\u00fcr Ordenskunde e. V. 20. Jg., Nr. 117 (Oktober 2018), S. 271 \u2013 279<\/em><\/p>\n\n\n\n<p><em>&#8211; Geschichte des braunschweigischen Kriegsverdienstkreuzes, in OuE-Magazin &nbsp;\u2013 Deutsche Gesellschaft f\u00fcr Ordenskunde e. V. 21. &nbsp;Jg., Nr. 122 (August 2019), S. 182 \u2013 195<\/em><\/p>\n\n\n\n<p><em>&#8211; Systematik und Entwicklung des Ordens und der Verdienstkreuze in den F\u00fcrstent\u00fcmern Reu\u00df j\u00fcngerer und \u00e4lterer Linie, in OuE-Magazin&nbsp; \u2013 Deutsche Gesellschaft f\u00fcr Ordenskunde e. V. 22. Jg., Nr. 130 (Dezember 2020), S. 302 \u2013 318<\/em><\/p>\n\n\n\n<p><em>-Auszeichnungen f\u00fcr treue Feuerwehrdienste in den F\u00fcrstent\u00fcmern Reu\u00df und am Anfang der Weimarer Republik, in OuE-Magazin &nbsp;\u2013 Deutsche Gesellschaft f\u00fcr Ordenskunde e. V. 23. Jg., Nr. 135 (Oktober 2021), S. 242 \u2013 255<\/em><\/p>\n","protected":false},"excerpt":{"rendered":"<p>Eike Lehmann Jahrgang 1966, wohnt in Berlin, Abitur und Studium der Hochfrequenz- und Nachrichtentechnik mit einem Abschluss als Diplomingenieur, seit 1992 bei der Bundesbeh\u00f6rde f\u00fcr die Frequenzverwaltung. Seit 1990 Mitglied der DGO e. V. bzw. des BDOS, seit 2021 Vizepr\u00e4sident, Forschungsschwerpunkte: Stiftungsgeschichte von Ehrenzeichen in den deutschen Kleinstaaten bis 1918 und hier besonders aus Braunschweig, &hellip; <\/p>\n<p class=\"link-more\"><a href=\"https:\/\/www.deutsche-gesellschaft-fuer-ordenskunde.de\/DGOWP\/dgo\/wissenschaftlicher-beirat\/eike-lehmann\/\" class=\"more-link\"><span class=\"screen-reader-text\">\u201eEike Lehmann\u201c <\/span>weiterlesen<\/a><\/p>\n","protected":false},"author":2,"featured_media":0,"parent":76,"menu_order":0,"comment_status":"closed","ping_status":"closed","template":"","meta":{"ngg_post_thumbnail":0,"footnotes":""},"class_list":["post-4035","page","type-page","status-publish","hentry"],"_links":{"self":[{"href":"https:\/\/www.deutsche-gesellschaft-fuer-ordenskunde.de\/DGOWP\/wp-json\/wp\/v2\/pages\/4035","targetHints":{"allow":["GET"]}}],"collection":[{"href":"https:\/\/www.deutsche-gesellschaft-fuer-ordenskunde.de\/DGOWP\/wp-json\/wp\/v2\/pages"}],"about":[{"href":"https:\/\/www.deutsche-gesellschaft-fuer-ordenskunde.de\/DGOWP\/wp-json\/wp\/v2\/types\/page"}],"author":[{"embeddable":true,"href":"https:\/\/www.deutsche-gesellschaft-fuer-ordenskunde.de\/DGOWP\/wp-json\/wp\/v2\/users\/2"}],"replies":[{"embeddable":true,"href":"https:\/\/www.deutsche-gesellschaft-fuer-ordenskunde.de\/DGOWP\/wp-json\/wp\/v2\/comments?post=4035"}],"version-history":[{"count":2,"href":"https:\/\/www.deutsche-gesellschaft-fuer-ordenskunde.de\/DGOWP\/wp-json\/wp\/v2\/pages\/4035\/revisions"}],"predecessor-version":[{"id":4043,"href":"https:\/\/www.deutsche-gesellschaft-fuer-ordenskunde.de\/DGOWP\/wp-json\/wp\/v2\/pages\/4035\/revisions\/4043"}],"up":[{"embeddable":true,"href":"https:\/\/www.deutsche-gesellschaft-fuer-ordenskunde.de\/DGOWP\/wp-json\/wp\/v2\/pages\/76"}],"wp:attachment":[{"href":"https:\/\/www.deutsche-gesellschaft-fuer-ordenskunde.de\/DGOWP\/wp-json\/wp\/v2\/media?parent=4035"}],"curies":[{"name":"wp","href":"https:\/\/api.w.org\/{rel}","templated":true}]}}