{"id":3915,"date":"2021-10-23T10:21:20","date_gmt":"2021-10-23T10:21:20","guid":{"rendered":"https:\/\/www.deutsche-gesellschaft-fuer-ordenskunde.de\/DGOWP\/?page_id=3915"},"modified":"2024-03-19T21:32:44","modified_gmt":"2024-03-19T21:32:44","slug":"reuss-fuerstentuemer","status":"publish","type":"page","link":"https:\/\/www.deutsche-gesellschaft-fuer-ordenskunde.de\/DGOWP\/reuss-fuerstentuemer\/","title":{"rendered":"Reu\u00df (F\u00fcrstent\u00fcmer)"},"content":{"rendered":"\n<p class=\"has-large-font-size\">Reu\u00df (F\u00fcrstent\u00fcmer)<\/p>\n\n\n\n<p><\/p>\n\n\n\n<ul class=\"wp-block-list\">\n<li><a href=\"https:\/\/www.deutsche-gesellschaft-fuer-ordenskunde.de\/DGOWP\/wp-content\/uploads\/2021\/10\/Verl_Liste_Feuerwehr_EZ_Reuss_E_Lehmann.pdf\">Ehrenzeichen f\u00fcr Mitglieder der Feuerwehren in den F\u00fcrstent\u00fcmern Reu\u00df (j\u00fcngere und \u00e4ltere Linien), 1894\u20131918<\/a><br \/><strong>Bearbeiter: Eike Lehmann (Stand: 23. Oktober 2021)<\/strong><\/li>\n\n\n\n<li><a href=\"https:\/\/www.deutsche-gesellschaft-fuer-ordenskunde.de\/DGOWP\/wp-content\/uploads\/2024\/03\/R_j_L-Verleihungsliste-Ehrendiplom-Hebammen.pdf\">Ehrendiplom f\u00fcr Hebammen (j\u00fcngere Linie)<\/a><br \/><strong>Bearbeiter: Dr. Johannes-Paul K\u00f6gler (Stand: M\u00e4rz 2024)<\/strong><\/li>\n<\/ul>\n","protected":false},"excerpt":{"rendered":"<p>Reu\u00df (F\u00fcrstent\u00fcmer)<\/p>\n","protected":false},"author":2,"featured_media":0,"parent":0,"menu_order":0,"comment_status":"closed","ping_status":"closed","template":"","meta":{"ngg_post_thumbnail":0,"footnotes":""},"class_list":["post-3915","page","type-page","status-publish","hentry"],"_links":{"self":[{"href":"https:\/\/www.deutsche-gesellschaft-fuer-ordenskunde.de\/DGOWP\/wp-json\/wp\/v2\/pages\/3915","targetHints":{"allow":["GET"]}}],"collection":[{"href":"https:\/\/www.deutsche-gesellschaft-fuer-ordenskunde.de\/DGOWP\/wp-json\/wp\/v2\/pages"}],"about":[{"href":"https:\/\/www.deutsche-gesellschaft-fuer-ordenskunde.de\/DGOWP\/wp-json\/wp\/v2\/types\/page"}],"author":[{"embeddable":true,"href":"https:\/\/www.deutsche-gesellschaft-fuer-ordenskunde.de\/DGOWP\/wp-json\/wp\/v2\/users\/2"}],"replies":[{"embeddable":true,"href":"https:\/\/www.deutsche-gesellschaft-fuer-ordenskunde.de\/DGOWP\/wp-json\/wp\/v2\/comments?post=3915"}],"version-history":[{"count":2,"href":"https:\/\/www.deutsche-gesellschaft-fuer-ordenskunde.de\/DGOWP\/wp-json\/wp\/v2\/pages\/3915\/revisions"}],"predecessor-version":[{"id":4789,"href":"https:\/\/www.deutsche-gesellschaft-fuer-ordenskunde.de\/DGOWP\/wp-json\/wp\/v2\/pages\/3915\/revisions\/4789"}],"wp:attachment":[{"href":"https:\/\/www.deutsche-gesellschaft-fuer-ordenskunde.de\/DGOWP\/wp-json\/wp\/v2\/media?parent=3915"}],"curies":[{"name":"wp","href":"https:\/\/api.w.org\/{rel}","templated":true}]}}