{"id":3881,"date":"2021-10-07T12:44:36","date_gmt":"2021-10-07T12:44:36","guid":{"rendered":"https:\/\/www.deutsche-gesellschaft-fuer-ordenskunde.de\/DGOWP\/?page_id=3881"},"modified":"2021-10-07T12:49:49","modified_gmt":"2021-10-07T12:49:49","slug":"2021-2","status":"publish","type":"page","link":"https:\/\/www.deutsche-gesellschaft-fuer-ordenskunde.de\/DGOWP\/2021-2\/","title":{"rendered":"2021"},"content":{"rendered":"\n<p><strong>Altenburg war wieder ein voller Erfolg!<\/strong><\/p>\n\n\n\n<p>Mit Bangen hat man die letzten Wochen und Monate auf die Zahlen geblickt. Findet das Symposium statt oder nicht? Zu aller Erleichterung \u2013 ja, es fand statt und ja, es war wieder einmal eine rundum gelungene Sache.<br \/>In altbew\u00e4hrter Manier von Detlef Schade und seiner Crew in Zusammenarbeit mit dem Schlo\u00dfmuseum vorbereitet, konnten wir ein sch\u00f6nes ordenskundliches Wochenende verbringen.<\/p>\n\n\n\n<p><br \/>Bereits das freit\u00e4gliche gemeinsame Abendessen fand gro\u00dfen Anklang, konnte man sich doch nach langer Zeit mal wieder in \u201e3D\u201c treffen.<\/p>\n\n\n\n<p><br \/>Samstag stand die Besichtigung der Ausstellung zum Ernestinischen Hausorden auf dem Programm. Diese Ausstellung muss man gesehen haben. Eine derartige Vielfalt an Orden und Ehrenzeichen einer Region wird man so schnell nicht wieder zu Gesicht bekommen. Die Ausstellung l\u00e4uft noch bis Anfang Oktober, von daher hat man noch lange Zeit, Altenburg zu besuchen.<br \/>Ein Schmankerl am Rande \u2013 Andrea Heinrich war nach langer Schlie\u00dfzeit des Museums die erste Besucherin und wurde vom Direktor mit einem Blumenstrau\u00df beschenkt.<\/p>\n\n\n\n<p><br \/>Das anschlie\u00dfende Symposium fand diesmal im \u2013 dem Anlass angemessenen \u2013 Festsaal statt und wurde von Wolfram Oblentz mit einer Buchpr\u00e4sentation des Werks von Ralph Kirmse er\u00f6ffnet, der gleich darauf \u2013 offensichtlich \u00fcberrascht \u2013 mit dem Eric- Ludvigsen- F\u00f6rderpreis ausgezeichnet wurde.<br \/>Das dreib\u00e4ndige Werk wurde ja bereits im letzten Magazin ausf\u00fchrlich besprochen und kann jedem nur w\u00e4rmstens empfohlen werden.<\/p>\n\n\n\n<p><br \/>Auch die weiteren Vortr\u00e4ge; von Ulrich Herr, zu Orden als Gestaltungselemente an Uniformen unter besonderer Ber\u00fccksichtigung des Sachsen-Ernestinischen Hausordens, von Dr. Bernhard v. Wenning- Ingenheim, (Er)Diener(t) vieler Herren (\u2026). Ludwig Freiherr von Gablenz \u2013 Ein Soldat in seiner Zeit, von Daniel Krause zu Fritz von Selle \u2013 das \u201eordenskundliche Musterbeispiel\u201c eines th\u00fcringischen Regimentskommandeurs und zum aktuellen Forschungsstand zum preu\u00df. Hausorden von Hohenzollern im 1. Weltkrieg fanden guten Anklang.<\/p>\n\n\n\n<p><br \/>Die sonnt\u00e4gliche B\u00f6rse unter der bew\u00e4hrten \u00c4gide des Teehausvereins war ausgesprochen gut besucht.<br \/>Fazit \u2013 viel besser geht\u2019s nicht! Altenburg ist eine feste Gr\u00f6\u00dfe in unserer Gesellschaft.<\/p>\n\n\n\n<p>Daniel Krause<\/p>\n\n\n\n<figure class=\"wp-block-image\"><img loading=\"lazy\" decoding=\"async\" width=\"664\" height=\"1024\" src=\"https:\/\/www.deutsche-gesellschaft-fuer-ordenskunde.de\/DGOWP\/wp-content\/uploads\/2021\/07\/2-664x1024.jpg\" alt=\"\" class=\"wp-image-3797\" srcset=\"https:\/\/www.deutsche-gesellschaft-fuer-ordenskunde.de\/DGOWP\/wp-content\/uploads\/2021\/07\/2-664x1024.jpg 664w, https:\/\/www.deutsche-gesellschaft-fuer-ordenskunde.de\/DGOWP\/wp-content\/uploads\/2021\/07\/2-194x300.jpg 194w, https:\/\/www.deutsche-gesellschaft-fuer-ordenskunde.de\/DGOWP\/wp-content\/uploads\/2021\/07\/2-97x150.jpg 97w, https:\/\/www.deutsche-gesellschaft-fuer-ordenskunde.de\/DGOWP\/wp-content\/uploads\/2021\/07\/2-768x1185.jpg 768w, https:\/\/www.deutsche-gesellschaft-fuer-ordenskunde.de\/DGOWP\/wp-content\/uploads\/2021\/07\/2.jpg 972w\" sizes=\"auto, (max-width: 664px) 100vw, 664px\" \/><\/figure>\n\n\n\n<p>Andrea Heinrich wird als Erstbesucherin nach langer Schliesszeit vom Direktor mit Blumen bedacht<\/p>\n\n\n\n<figure class=\"wp-block-image\"><img loading=\"lazy\" decoding=\"async\" width=\"1024\" height=\"839\" src=\"https:\/\/www.deutsche-gesellschaft-fuer-ordenskunde.de\/DGOWP\/wp-content\/uploads\/2021\/07\/1-1024x839.jpg\" alt=\"\" class=\"wp-image-3798\" srcset=\"https:\/\/www.deutsche-gesellschaft-fuer-ordenskunde.de\/DGOWP\/wp-content\/uploads\/2021\/07\/1-1024x839.jpg 1024w, https:\/\/www.deutsche-gesellschaft-fuer-ordenskunde.de\/DGOWP\/wp-content\/uploads\/2021\/07\/1-300x246.jpg 300w, https:\/\/www.deutsche-gesellschaft-fuer-ordenskunde.de\/DGOWP\/wp-content\/uploads\/2021\/07\/1-150x123.jpg 150w, https:\/\/www.deutsche-gesellschaft-fuer-ordenskunde.de\/DGOWP\/wp-content\/uploads\/2021\/07\/1-768x629.jpg 768w, https:\/\/www.deutsche-gesellschaft-fuer-ordenskunde.de\/DGOWP\/wp-content\/uploads\/2021\/07\/1.jpg 1500w\" sizes=\"auto, (max-width: 706px) 89vw, (max-width: 767px) 82vw, 740px\" \/><\/figure>\n\n\n\n<p>Dichtes Gedr\u00e4nge vor den Vitrinen<\/p>\n\n\n\n<figure class=\"wp-block-image\"><img loading=\"lazy\" decoding=\"async\" width=\"1024\" height=\"615\" src=\"https:\/\/www.deutsche-gesellschaft-fuer-ordenskunde.de\/DGOWP\/wp-content\/uploads\/2021\/07\/3-1024x615.jpg\" alt=\"\" class=\"wp-image-3799\" srcset=\"https:\/\/www.deutsche-gesellschaft-fuer-ordenskunde.de\/DGOWP\/wp-content\/uploads\/2021\/07\/3-1024x615.jpg 1024w, https:\/\/www.deutsche-gesellschaft-fuer-ordenskunde.de\/DGOWP\/wp-content\/uploads\/2021\/07\/3-300x180.jpg 300w, https:\/\/www.deutsche-gesellschaft-fuer-ordenskunde.de\/DGOWP\/wp-content\/uploads\/2021\/07\/3-150x90.jpg 150w, https:\/\/www.deutsche-gesellschaft-fuer-ordenskunde.de\/DGOWP\/wp-content\/uploads\/2021\/07\/3-768x461.jpg 768w, https:\/\/www.deutsche-gesellschaft-fuer-ordenskunde.de\/DGOWP\/wp-content\/uploads\/2021\/07\/3.jpg 1500w\" sizes=\"auto, (max-width: 706px) 89vw, (max-width: 767px) 82vw, 740px\" \/><\/figure>\n\n\n\n<figure class=\"wp-block-image\"><img loading=\"lazy\" decoding=\"async\" width=\"957\" height=\"1500\" src=\"https:\/\/www.deutsche-gesellschaft-fuer-ordenskunde.de\/DGOWP\/wp-content\/uploads\/2021\/07\/4-653x1024.jpg\" alt=\"\" class=\"wp-image-3800\" srcset=\"https:\/\/www.deutsche-gesellschaft-fuer-ordenskunde.de\/DGOWP\/wp-content\/uploads\/2021\/07\/4-653x1024.jpg 653w, https:\/\/www.deutsche-gesellschaft-fuer-ordenskunde.de\/DGOWP\/wp-content\/uploads\/2021\/07\/4-191x300.jpg 191w, https:\/\/www.deutsche-gesellschaft-fuer-ordenskunde.de\/DGOWP\/wp-content\/uploads\/2021\/07\/4-96x150.jpg 96w, https:\/\/www.deutsche-gesellschaft-fuer-ordenskunde.de\/DGOWP\/wp-content\/uploads\/2021\/07\/4-768x1204.jpg 768w, https:\/\/www.deutsche-gesellschaft-fuer-ordenskunde.de\/DGOWP\/wp-content\/uploads\/2021\/07\/4.jpg 957w\" sizes=\"auto, (max-width: 706px) 89vw, (max-width: 767px) 82vw, 740px\" \/><\/figure>\n\n\n\n<p>Ein paar Impressionen aus der Ausstellung<\/p>\n","protected":false},"excerpt":{"rendered":"<p>Altenburg war wieder ein voller Erfolg! Mit Bangen hat man die letzten Wochen und Monate auf die Zahlen geblickt. Findet das Symposium statt oder nicht? Zu aller Erleichterung \u2013 ja, es fand statt und ja, es war wieder einmal eine rundum gelungene Sache.In altbew\u00e4hrter Manier von Detlef Schade und seiner Crew in Zusammenarbeit mit dem &hellip; <\/p>\n<p class=\"link-more\"><a href=\"https:\/\/www.deutsche-gesellschaft-fuer-ordenskunde.de\/DGOWP\/2021-2\/\" class=\"more-link\"><span class=\"screen-reader-text\">\u201e2021\u201c <\/span>weiterlesen<\/a><\/p>\n","protected":false},"author":2,"featured_media":0,"parent":0,"menu_order":0,"comment_status":"closed","ping_status":"closed","template":"","meta":{"ngg_post_thumbnail":0,"footnotes":""},"class_list":["post-3881","page","type-page","status-publish","hentry"],"_links":{"self":[{"href":"https:\/\/www.deutsche-gesellschaft-fuer-ordenskunde.de\/DGOWP\/wp-json\/wp\/v2\/pages\/3881","targetHints":{"allow":["GET"]}}],"collection":[{"href":"https:\/\/www.deutsche-gesellschaft-fuer-ordenskunde.de\/DGOWP\/wp-json\/wp\/v2\/pages"}],"about":[{"href":"https:\/\/www.deutsche-gesellschaft-fuer-ordenskunde.de\/DGOWP\/wp-json\/wp\/v2\/types\/page"}],"author":[{"embeddable":true,"href":"https:\/\/www.deutsche-gesellschaft-fuer-ordenskunde.de\/DGOWP\/wp-json\/wp\/v2\/users\/2"}],"replies":[{"embeddable":true,"href":"https:\/\/www.deutsche-gesellschaft-fuer-ordenskunde.de\/DGOWP\/wp-json\/wp\/v2\/comments?post=3881"}],"version-history":[{"count":2,"href":"https:\/\/www.deutsche-gesellschaft-fuer-ordenskunde.de\/DGOWP\/wp-json\/wp\/v2\/pages\/3881\/revisions"}],"predecessor-version":[{"id":3886,"href":"https:\/\/www.deutsche-gesellschaft-fuer-ordenskunde.de\/DGOWP\/wp-json\/wp\/v2\/pages\/3881\/revisions\/3886"}],"wp:attachment":[{"href":"https:\/\/www.deutsche-gesellschaft-fuer-ordenskunde.de\/DGOWP\/wp-json\/wp\/v2\/media?parent=3881"}],"curies":[{"name":"wp","href":"https:\/\/api.w.org\/{rel}","templated":true}]}}