{"id":38,"date":"2012-09-09T22:52:48","date_gmt":"2012-09-09T22:52:48","guid":{"rendered":"https:\/\/www.deutsche-gesellschaft-fuer-ordenskunde.de\/DGOWP\/?page_id=38"},"modified":"2025-12-18T01:35:18","modified_gmt":"2025-12-18T00:35:18","slug":"mitglieder","status":"publish","type":"page","link":"https:\/\/www.deutsche-gesellschaft-fuer-ordenskunde.de\/DGOWP\/mitglieder\/","title":{"rendered":"Mitglied werden"},"content":{"rendered":"<h1 style=\"text-align: left;\"><a href=\"https:\/\/www.deutsche-gesellschaft-fuer-ordenskunde.de\/DGOWP\/wp-content\/uploads\/2012\/09\/DGOBeitragLogo.jpg\"><img loading=\"lazy\" decoding=\"async\" class=\"size-full wp-image-2802 aligncenter\" src=\"https:\/\/www.deutsche-gesellschaft-fuer-ordenskunde.de\/DGOWP\/wp-content\/uploads\/2012\/09\/DGOBeitragLogo.jpg\" alt=\"\" width=\"1024\" height=\"111\" srcset=\"https:\/\/www.deutsche-gesellschaft-fuer-ordenskunde.de\/DGOWP\/wp-content\/uploads\/2012\/09\/DGOBeitragLogo.jpg 1024w, https:\/\/www.deutsche-gesellschaft-fuer-ordenskunde.de\/DGOWP\/wp-content\/uploads\/2012\/09\/DGOBeitragLogo-150x16.jpg 150w, https:\/\/www.deutsche-gesellschaft-fuer-ordenskunde.de\/DGOWP\/wp-content\/uploads\/2012\/09\/DGOBeitragLogo-300x33.jpg 300w, https:\/\/www.deutsche-gesellschaft-fuer-ordenskunde.de\/DGOWP\/wp-content\/uploads\/2012\/09\/DGOBeitragLogo-768x83.jpg 768w\" sizes=\"auto, (max-width: 706px) 89vw, (max-width: 767px) 82vw, 740px\" \/><\/a>Wie Sie Mitglied werden k\u00f6nnen!<\/h1>\n<p style=\"text-align: left;\">Die DGO e.V. umfasst mehr als 1300 aktive Mitglieder im In- und Ausland. Mitglied kann unter der Annahme der Vereinsstatuten jeder werden. Die Mitgliedschaft beginnt jeweils r\u00fcckwirkend zum Jahresanfang. Der Mitgliedsbeitrag wird j\u00e4hrlich erhoben und betr\u00e4gt 70,- \u20ac f\u00fcr Deutschland und EU (erm\u00e4\u00dfigt 45,- \u20ac f\u00fcr Sch\u00fcler und Studenten), f\u00fcr Nicht EU-Staaten 80,- \u20ac. Mit der Aufnahmegeb\u00fchr (10,- \u20ac \/ einmalig bei Eintritt) erh\u00e4lt das neue Mitglied die Mitgliedsnadel, den Mitgliedsausweis sowie die Vereinsstatuten.<\/p>\n<p style=\"text-align: left;\">Falls Sie keinen Abbuchungsauftrag erteilt haben, \u00fcberweisen Sie bitte unaufgefordert unter Nutzung folgender Bankverbindung:<\/p>\n<p>Deutsche Gesellschaft f\u00fcr Ordenskunde<br \/>Kreissparkasse Heilbronn<br \/>IBAN: DE02 6205 0000 0000 0055 24<br \/>BIC: HEISDE66XXX<\/p>\n<p style=\"text-align: left;\">Als Mitglied der DGO e.V. partizipieren Sie von folgenden Vorteilen:<\/p>\n<ul style=\"text-align: left;\">\n<li>zweimonatlicher Bezug der Vereinszeitschrift Orden und Ehrenzeichen mit ca. 60 Seiten, die Beitr\u00e4ge aus allen Sparten der Phaleristik enthalten<\/li>\n<li>j\u00e4hrlich ein Bundestreffen mit interessanten Vortr\u00e4gen und evtl. Tauschb\u00f6rse<\/li>\n<li>ein phaleristisches Symposium alle zwei Jahre mit Vortragsreihe, Exkursion und evtl. B\u00fccherb\u00f6rse<\/li>\n<li>die M\u00f6glichkeit eine der sich in Ihrer N\u00e4he befindlichen Regionalgruppen zu besuchen und mitzuwirken<\/li>\n<li>die M\u00f6glichkeit einen Mitgliederbereich im unseren Partnerforum <a title=\"Sammlergemeinschaft Deutscher Auszeichnungen\" href=\"http:\/\/www.sammlergemeinschaft-deutscherauszeichnungen.org\/\">SDA<\/a> zu nutzen, wo auf schnellem Wege spezielle Fragen zur Phaleristik oder zum Verein er\u00f6rtert werden k\u00f6nnen<\/li>\n<\/ul>\n<p style=\"text-align: left;\"><strong>Um Mitglied zu werden, k\u00f6nnen Sie sich einen Mitgliedsantrag bestellen:<\/strong><\/p>\n<p>Gesch\u00e4ftsstelle der Deutsche Gesellschaft f\u00fcr Ordenskunde e.V.<br \/>Mitgliederverwaltung<br \/>Klaus Vogt<br \/>Postfach 1370<br \/>95012 Hof<br \/>Tel.: 0171\/9541488<br \/><strong><a href=\"mailto:geschaeftsfuehrer@dgo-ev.de\">geschaeftsfuehrer@dgo-ev.de<\/a><\/strong><\/p>\n<p style=\"text-align: left;\"><strong>Oder:<\/strong> <a href=\"https:\/\/www.deutsche-gesellschaft-fuer-ordenskunde.de\/DGOWP\/wp-content\/uploads\/2024\/01\/Deutsche-Gesellschaft-fuer-Ordenskunde-Mitgliedsantrag.pdf\">Hier den Mitgliedsantrag als PDF-Datei herunterladen, ausf\u00fcllen und absenden.<\/a><br \/><strong>Oder:<\/strong> <a href=\"https:\/\/www.deutsche-gesellschaft-fuer-ordenskunde.de\/DGOWP\/wp-content\/uploads\/2024\/01\/Deutsche-Gesellschaft-fuer-Ordenskunde-Mitgliedsantrag.docx\">Hier den Mitgliedsantrag als WORD-Datei herunterladen, ausf\u00fcllen und absenden.<\/a><\/p>\n<div style=\"text-align: left;\" data-canvas-width=\"694.1009999999995\">Der Verein Deutsche Gesellschaft f\u00fcr Ordenskunde e.V. (DGO) ist durch Bescheinigung des Finanzamtes Heilbronn, Steuernummer 65209\/19858 mit Bescheid vom 26.08.2013 als gemeinn\u00fctzig anerkannt. Es wird best\u00e4tigt, dass Zuwendungen nur zur F\u00f6rderung verwendet werden.<\/div>\n<p style=\"text-align: left;\">Der Verein ist berechtigt, sowohl f\u00fcr Mitgliedsbeitr\u00e4ge, als auch f\u00fcr Spenden, die ihm zur Verwendung f\u00fcr die Erf\u00fcllung satzungsgem\u00e4\u00dfer Zwecke zugewendet werden, <a href=\"https:\/\/www.deutsche-gesellschaft-fuer-ordenskunde.de\/DGOWP\/wp-content\/uploads\/2022\/05\/Zuwendungsnachweis.pdf\">Zuwendungsbest\u00e4tigungen<\/a> auszustellen.<\/p>\n\n\n<p><strong>Datenabfrage<\/strong><\/p>\n\n\n\n<p>Alle Mitglieder werden gebeten, sofern sie es noch nicht getan haben, die nachfolgend zum Download angebotene Datenabfrage ausgef\u00fcllt und eigenh\u00e4ndig unterschrieben, per an den Gesch\u00e4ftsf\u00fchrer der DGO zu senden. Mailadresse siehe oben.<\/p>\n\n\n\n<div data-wp-interactive=\"core\/file\" class=\"wp-block-file\"><object data-wp-bind--hidden=\"!state.hasPdfPreview\" hidden class=\"wp-block-file__embed\" data=\"https:\/\/www.deutsche-gesellschaft-fuer-ordenskunde.de\/DGOWP\/wp-content\/uploads\/2023\/08\/DGO-Datenabfrage.pdf\" type=\"application\/pdf\" style=\"width:100%;height:600px\" aria-label=\"Einbettung von DGO-Datenabfrage.\"><\/object><a id=\"wp-block-file--media-ad7328c2-51ae-4271-a615-9c5c5df2dbb0\" href=\"https:\/\/www.deutsche-gesellschaft-fuer-ordenskunde.de\/DGOWP\/wp-content\/uploads\/2023\/08\/DGO-Datenabfrage.pdf\">DGO-Datenabfrage<\/a><a href=\"https:\/\/www.deutsche-gesellschaft-fuer-ordenskunde.de\/DGOWP\/wp-content\/uploads\/2023\/08\/DGO-Datenabfrage.pdf\" class=\"wp-block-file__button wp-element-button\" download aria-describedby=\"wp-block-file--media-ad7328c2-51ae-4271-a615-9c5c5df2dbb0\">Herunterladen<\/a><\/div>\n","protected":false},"excerpt":{"rendered":"<p>Wie Sie Mitglied werden k\u00f6nnen! Die DGO e.V. umfasst mehr als 1300 aktive Mitglieder im In- und Ausland. Mitglied kann unter der Annahme der Vereinsstatuten jeder werden. Die Mitgliedschaft beginnt jeweils r\u00fcckwirkend zum Jahresanfang. Der Mitgliedsbeitrag wird j\u00e4hrlich erhoben und betr\u00e4gt 70,- \u20ac f\u00fcr Deutschland und EU (erm\u00e4\u00dfigt 45,- \u20ac f\u00fcr Sch\u00fcler und Studenten), f\u00fcr &hellip; <\/p>\n<p class=\"link-more\"><a href=\"https:\/\/www.deutsche-gesellschaft-fuer-ordenskunde.de\/DGOWP\/mitglieder\/\" class=\"more-link\"><span class=\"screen-reader-text\">\u201eMitglied werden\u201c <\/span>weiterlesen<\/a><\/p>\n","protected":false},"author":2,"featured_media":0,"parent":0,"menu_order":0,"comment_status":"closed","ping_status":"closed","template":"","meta":{"ngg_post_thumbnail":0,"footnotes":""},"class_list":["post-38","page","type-page","status-publish","hentry"],"_links":{"self":[{"href":"https:\/\/www.deutsche-gesellschaft-fuer-ordenskunde.de\/DGOWP\/wp-json\/wp\/v2\/pages\/38","targetHints":{"allow":["GET"]}}],"collection":[{"href":"https:\/\/www.deutsche-gesellschaft-fuer-ordenskunde.de\/DGOWP\/wp-json\/wp\/v2\/pages"}],"about":[{"href":"https:\/\/www.deutsche-gesellschaft-fuer-ordenskunde.de\/DGOWP\/wp-json\/wp\/v2\/types\/page"}],"author":[{"embeddable":true,"href":"https:\/\/www.deutsche-gesellschaft-fuer-ordenskunde.de\/DGOWP\/wp-json\/wp\/v2\/users\/2"}],"replies":[{"embeddable":true,"href":"https:\/\/www.deutsche-gesellschaft-fuer-ordenskunde.de\/DGOWP\/wp-json\/wp\/v2\/comments?post=38"}],"version-history":[{"count":2,"href":"https:\/\/www.deutsche-gesellschaft-fuer-ordenskunde.de\/DGOWP\/wp-json\/wp\/v2\/pages\/38\/revisions"}],"predecessor-version":[{"id":5193,"href":"https:\/\/www.deutsche-gesellschaft-fuer-ordenskunde.de\/DGOWP\/wp-json\/wp\/v2\/pages\/38\/revisions\/5193"}],"wp:attachment":[{"href":"https:\/\/www.deutsche-gesellschaft-fuer-ordenskunde.de\/DGOWP\/wp-json\/wp\/v2\/media?parent=38"}],"curies":[{"name":"wp","href":"https:\/\/api.w.org\/{rel}","templated":true}]}}