{"id":2994,"date":"2017-07-11T14:36:06","date_gmt":"2017-07-11T14:36:06","guid":{"rendered":"https:\/\/www.deutsche-gesellschaft-fuer-ordenskunde.de\/DGOWP\/?page_id=2994"},"modified":"2018-05-09T20:05:35","modified_gmt":"2018-05-09T20:05:35","slug":"2017-2","status":"publish","type":"page","link":"https:\/\/www.deutsche-gesellschaft-fuer-ordenskunde.de\/DGOWP\/dgo\/aktivitaten\/2017-2\/","title":{"rendered":"2017"},"content":{"rendered":"<h2>DGO-Fr\u00fchjahrsveranstaltung mit Symposium in Altenburg\/Th\u00fcringen vom 12.\u201314. Mai 2017<br \/>\n18. Phaleristik-Symposium in Altenburg am 13. Mai 2017<\/h2>\n<p>Das Programm der DGO-Fr\u00fchjahrsveranstaltung.<br \/>\n<em><strong>Programm<\/strong><\/em><br \/>\n<strong>Freitag, 12. Mai 2017<\/strong><br \/>\n15:45 Uhr Treffpunkt: Hotel Astor, danach Fahrt mit Pkws zum Flugplatzmuseum nach 04603 Nobitz, Am Flughafen 3<br \/>\n18:00 Uhr Geselliges Beisammensein im Restaurant Brunello, 04600 Altenburg, Friedrich-Ebert-Stra\u00dfe 44<br \/>\n<strong>Samstag, 13. Mai 2017<\/strong><br \/>\n11:00 Uhr Er\u00f6ffnung der Ausstellung \u201eAnerkennungen f\u00fcr Rettungstaten\u201c<br \/>\n12:00-13:00 Uhr Mittagspause<br \/>\n13:00 Uhr 18. Phaleristik-Symposium im Bachsaal des Schlosses <a href=\"https:\/\/www.deutsche-gesellschaft-fuer-ordenskunde.de\/DGOWP\/wp-content\/uploads\/2012\/09\/Vortragsprogramm_18_Phal_Symposium_Altenburg.pdf\">Vortragsprogramm<\/a><br \/>\n18:00 Uhr Gem\u00fctliches Beisammensein im H\u00f6fg\u00e4rtnerhaus, 04600 Altenburg, Schlossberg 1a<br \/>\n<strong>Sonntag, 14. Mai 2017<\/strong><br \/>\n9:00 Uhr Sammlerb\u00f6rse in der Orangerie im Schlosspark<br \/>\n12:00 Uhr Ende der Veranstaltung<\/p>\n<p><strong><br \/>\nAusstellung deutscher Rettungsmedaillen<\/strong><\/p>\n<p>Seit den 1750er Jahren entwickelte sich in den deutschen L\u00e4ndern die Praxis, Rettungstaten und Wiederbelebungen von Seiten des Staats und privater Einrichtungen besonders anzuerkennen. Nachdem daf\u00fcr zun\u00e4chst \u00f6ffentliche Belobigungen erteilt und teilweise auch Geldbelohnungen ausgezahlt wurden, stiftete der preu\u00dfische K\u00f6nig Friedrich Wilhelm III. erstmals in Deutschland 1802 eine besonders zur Anerkennung von Rettungstaten gestaltete Medaille. Im Verlauf des 19. Jahrhunderts schlossen sich die meisten deutschen Staaten durch eigene Stiftungen von Rettungsmedaillen diesem Vorgehen an und heute verf\u00fcgen alle deutschen Bundesl\u00e4nder \u00fcber ein solches Ehrenzeichen. Diese staatlichen Rettungsmedaillen werden durch einige nichtstaatliche Auszeichnungen erg\u00e4nzt, die insbesondere von Hilfsorganisationen f\u00fcr Lebensrettungen im jeweiligen Wirkungsbereich ausgegeben werden.<\/p>\n<p>Die Kabinettausstellung \u201eF\u00fcr Rettung aus Lebensgefahr \u2013 Anerkennungen f\u00fcr Rettungstaten in Deutschland\u201c im Residenzschloss Altenburg in Th\u00fcringen zeigt in einmaliger Vollst\u00e4ndigkeit nahezu alle historischen und gegenw\u00e4rtigen staatlichen deutschen Rettungsmedaillen, erg\u00e4nzt um einige Etuis, Miniaturen, Verleihungsurkunden und Tr\u00e4gerfotos. Dank der Unterst\u00fctzung von beinahe 40 \u00fcberwiegend privaten Leihgebern liegen die allermeisten Medaillen doppelt vor und sind deswegen von beiden Seiten zu sehen. Dar\u00fcber hinaus werden viele nichtstaatliche und einige private deutsche Rettungsmedaillen gezeigt und thematische Aspekte, beispielsweise der Entwurf und die Herstellung von (Rettungs-)Medaillen, die wiederholte Anerkennung von Lebensrettungen oder die Auszeichnung von jugendlichen Lebensrettern, aufgegriffen und durch Medaillen, Urkunden und weitere Gegenst\u00e4nde dargestellt. Insgesamt umfasst die Ausstellung etwa 320 Medaillen und 55 Etuis, \u00fcber 30 Miniaturen bzw. Miniaturenketten und \u00fcber 20 gro\u00dfe Ordensschnallen sowie \u00fcber 40 Urkunden und \u00fcber 30 Fotos, zusammen rund 560 Exponate.<\/p>\n<p>Dank der Unterst\u00fctzung der Deutschen Gesellschaft f\u00fcr Ordenskunde e.V. liegt ein Begleitheft zur Ausstellung vor, in dem umfassende Informationen zu allen staatlichen deutschen Rettungsmedaillen von 1802 bis in die Gegenwart gegeben werden.<\/p>\n<p>Weitere Informationen:<\/p>\n<p>Schloss- und Kulturbetrieb<br \/>\nResidenzschloss Altenburg<br \/>\nSchloss 2<br \/>\n04600 Altenburg<br \/>\nTel: 03447-512712<\/p>\n<figure id=\"attachment_3250\" aria-describedby=\"caption-attachment-3250\" style=\"width: 525px\" class=\"wp-caption alignnone\"><a href=\"https:\/\/www.deutsche-gesellschaft-fuer-ordenskunde.de\/DGOWP\/wp-content\/uploads\/2018\/05\/Altenburg-01.jpg\"><img loading=\"lazy\" decoding=\"async\" class=\"wp-image-3250 size-large\" src=\"https:\/\/www.deutsche-gesellschaft-fuer-ordenskunde.de\/DGOWP\/wp-content\/uploads\/2018\/05\/Altenburg-01-680x1024.jpg\" alt=\"\" width=\"525\" height=\"791\" srcset=\"https:\/\/www.deutsche-gesellschaft-fuer-ordenskunde.de\/DGOWP\/wp-content\/uploads\/2018\/05\/Altenburg-01-680x1024.jpg 680w, https:\/\/www.deutsche-gesellschaft-fuer-ordenskunde.de\/DGOWP\/wp-content\/uploads\/2018\/05\/Altenburg-01-100x150.jpg 100w, https:\/\/www.deutsche-gesellschaft-fuer-ordenskunde.de\/DGOWP\/wp-content\/uploads\/2018\/05\/Altenburg-01-199x300.jpg 199w, https:\/\/www.deutsche-gesellschaft-fuer-ordenskunde.de\/DGOWP\/wp-content\/uploads\/2018\/05\/Altenburg-01-768x1157.jpg 768w, https:\/\/www.deutsche-gesellschaft-fuer-ordenskunde.de\/DGOWP\/wp-content\/uploads\/2018\/05\/Altenburg-01.jpg 1024w\" sizes=\"auto, (max-width: 525px) 100vw, 525px\" \/><\/a><figcaption id=\"caption-attachment-3250\" class=\"wp-caption-text\">Der Organisator der Ausstellung, Olaf Wittenberg<\/figcaption><\/figure>\n<figure id=\"attachment_3251\" aria-describedby=\"caption-attachment-3251\" style=\"width: 525px\" class=\"wp-caption alignnone\"><a href=\"https:\/\/www.deutsche-gesellschaft-fuer-ordenskunde.de\/DGOWP\/wp-content\/uploads\/2018\/05\/Altenburg-02.jpg\"><img loading=\"lazy\" decoding=\"async\" class=\"wp-image-3251 size-large\" src=\"https:\/\/www.deutsche-gesellschaft-fuer-ordenskunde.de\/DGOWP\/wp-content\/uploads\/2018\/05\/Altenburg-02-1024x684.jpg\" alt=\"\" width=\"525\" height=\"351\" srcset=\"https:\/\/www.deutsche-gesellschaft-fuer-ordenskunde.de\/DGOWP\/wp-content\/uploads\/2018\/05\/Altenburg-02.jpg 1024w, https:\/\/www.deutsche-gesellschaft-fuer-ordenskunde.de\/DGOWP\/wp-content\/uploads\/2018\/05\/Altenburg-02-150x100.jpg 150w, https:\/\/www.deutsche-gesellschaft-fuer-ordenskunde.de\/DGOWP\/wp-content\/uploads\/2018\/05\/Altenburg-02-300x200.jpg 300w, https:\/\/www.deutsche-gesellschaft-fuer-ordenskunde.de\/DGOWP\/wp-content\/uploads\/2018\/05\/Altenburg-02-768x513.jpg 768w\" sizes=\"auto, (max-width: 525px) 100vw, 525px\" \/><\/a><figcaption id=\"caption-attachment-3251\" class=\"wp-caption-text\">Die Ausstellung kann besichtigt werden &#8230;<\/figcaption><\/figure>\n<figure id=\"attachment_3252\" aria-describedby=\"caption-attachment-3252\" style=\"width: 525px\" class=\"wp-caption alignnone\"><a href=\"https:\/\/www.deutsche-gesellschaft-fuer-ordenskunde.de\/DGOWP\/wp-content\/uploads\/2018\/05\/Altenburg-03.jpg\"><img loading=\"lazy\" decoding=\"async\" class=\"size-large wp-image-3252\" src=\"https:\/\/www.deutsche-gesellschaft-fuer-ordenskunde.de\/DGOWP\/wp-content\/uploads\/2018\/05\/Altenburg-03-1024x687.jpg\" alt=\"\" width=\"525\" height=\"352\" srcset=\"https:\/\/www.deutsche-gesellschaft-fuer-ordenskunde.de\/DGOWP\/wp-content\/uploads\/2018\/05\/Altenburg-03.jpg 1024w, https:\/\/www.deutsche-gesellschaft-fuer-ordenskunde.de\/DGOWP\/wp-content\/uploads\/2018\/05\/Altenburg-03-150x101.jpg 150w, https:\/\/www.deutsche-gesellschaft-fuer-ordenskunde.de\/DGOWP\/wp-content\/uploads\/2018\/05\/Altenburg-03-300x201.jpg 300w, https:\/\/www.deutsche-gesellschaft-fuer-ordenskunde.de\/DGOWP\/wp-content\/uploads\/2018\/05\/Altenburg-03-768x515.jpg 768w\" sizes=\"auto, (max-width: 525px) 100vw, 525px\" \/><\/a><figcaption id=\"caption-attachment-3252\" class=\"wp-caption-text\">Ordenssachnalle mit Rettungsmedaille Mecklenburg-Schwerin 1. Modell<\/figcaption><\/figure>\n<figure id=\"attachment_3253\" aria-describedby=\"caption-attachment-3253\" style=\"width: 525px\" class=\"wp-caption alignnone\"><a href=\"https:\/\/www.deutsche-gesellschaft-fuer-ordenskunde.de\/DGOWP\/wp-content\/uploads\/2018\/05\/Altenburg-04.jpg\"><img loading=\"lazy\" decoding=\"async\" class=\"size-large wp-image-3253\" src=\"https:\/\/www.deutsche-gesellschaft-fuer-ordenskunde.de\/DGOWP\/wp-content\/uploads\/2018\/05\/Altenburg-04-1024x843.jpg\" alt=\"\" width=\"525\" height=\"432\" srcset=\"https:\/\/www.deutsche-gesellschaft-fuer-ordenskunde.de\/DGOWP\/wp-content\/uploads\/2018\/05\/Altenburg-04.jpg 1024w, https:\/\/www.deutsche-gesellschaft-fuer-ordenskunde.de\/DGOWP\/wp-content\/uploads\/2018\/05\/Altenburg-04-150x123.jpg 150w, https:\/\/www.deutsche-gesellschaft-fuer-ordenskunde.de\/DGOWP\/wp-content\/uploads\/2018\/05\/Altenburg-04-300x247.jpg 300w, https:\/\/www.deutsche-gesellschaft-fuer-ordenskunde.de\/DGOWP\/wp-content\/uploads\/2018\/05\/Altenburg-04-768x632.jpg 768w\" sizes=\"auto, (max-width: 525px) 100vw, 525px\" \/><\/a><figcaption id=\"caption-attachment-3253\" class=\"wp-caption-text\">Ordensschnalle K\u00f6nigreich W\u00fcrttemberg Rettungsmedaille 1 . Modell<\/figcaption><\/figure>\n<figure id=\"attachment_3254\" aria-describedby=\"caption-attachment-3254\" style=\"width: 525px\" class=\"wp-caption alignnone\"><a href=\"https:\/\/www.deutsche-gesellschaft-fuer-ordenskunde.de\/DGOWP\/wp-content\/uploads\/2018\/05\/Altenburg-05.jpg\"><img loading=\"lazy\" decoding=\"async\" class=\"size-large wp-image-3254\" src=\"https:\/\/www.deutsche-gesellschaft-fuer-ordenskunde.de\/DGOWP\/wp-content\/uploads\/2018\/05\/Altenburg-05-1024x684.jpg\" alt=\"\" width=\"525\" height=\"351\" srcset=\"https:\/\/www.deutsche-gesellschaft-fuer-ordenskunde.de\/DGOWP\/wp-content\/uploads\/2018\/05\/Altenburg-05.jpg 1024w, https:\/\/www.deutsche-gesellschaft-fuer-ordenskunde.de\/DGOWP\/wp-content\/uploads\/2018\/05\/Altenburg-05-150x100.jpg 150w, https:\/\/www.deutsche-gesellschaft-fuer-ordenskunde.de\/DGOWP\/wp-content\/uploads\/2018\/05\/Altenburg-05-300x200.jpg 300w, https:\/\/www.deutsche-gesellschaft-fuer-ordenskunde.de\/DGOWP\/wp-content\/uploads\/2018\/05\/Altenburg-05-768x513.jpg 768w\" sizes=\"auto, (max-width: 525px) 100vw, 525px\" \/><\/a><figcaption id=\"caption-attachment-3254\" class=\"wp-caption-text\">Tauschb\u00f6rse am Sonntag-Vormittag<\/figcaption><\/figure>\n<figure id=\"attachment_3255\" aria-describedby=\"caption-attachment-3255\" style=\"width: 525px\" class=\"wp-caption alignnone\"><a href=\"https:\/\/www.deutsche-gesellschaft-fuer-ordenskunde.de\/DGOWP\/wp-content\/uploads\/2018\/05\/Altenburg-06.jpg\"><img loading=\"lazy\" decoding=\"async\" class=\"size-large wp-image-3255\" src=\"https:\/\/www.deutsche-gesellschaft-fuer-ordenskunde.de\/DGOWP\/wp-content\/uploads\/2018\/05\/Altenburg-06-1024x683.jpg\" alt=\"\" width=\"525\" height=\"350\" srcset=\"https:\/\/www.deutsche-gesellschaft-fuer-ordenskunde.de\/DGOWP\/wp-content\/uploads\/2018\/05\/Altenburg-06.jpg 1024w, https:\/\/www.deutsche-gesellschaft-fuer-ordenskunde.de\/DGOWP\/wp-content\/uploads\/2018\/05\/Altenburg-06-150x100.jpg 150w, https:\/\/www.deutsche-gesellschaft-fuer-ordenskunde.de\/DGOWP\/wp-content\/uploads\/2018\/05\/Altenburg-06-300x200.jpg 300w, https:\/\/www.deutsche-gesellschaft-fuer-ordenskunde.de\/DGOWP\/wp-content\/uploads\/2018\/05\/Altenburg-06-768x512.jpg 768w\" sizes=\"auto, (max-width: 525px) 100vw, 525px\" \/><\/a><figcaption id=\"caption-attachment-3255\" class=\"wp-caption-text\">aufmerksame Zuh\u00f6rer bei den Fachvortr\u00e4gen &#8230;<\/figcaption><\/figure>\n<figure id=\"attachment_3256\" aria-describedby=\"caption-attachment-3256\" style=\"width: 525px\" class=\"wp-caption alignnone\"><a href=\"https:\/\/www.deutsche-gesellschaft-fuer-ordenskunde.de\/DGOWP\/wp-content\/uploads\/2018\/05\/Altenburg-07.jpg\"><img loading=\"lazy\" decoding=\"async\" class=\"size-large wp-image-3256\" src=\"https:\/\/www.deutsche-gesellschaft-fuer-ordenskunde.de\/DGOWP\/wp-content\/uploads\/2018\/05\/Altenburg-07-689x1024.jpg\" alt=\"\" width=\"525\" height=\"780\" srcset=\"https:\/\/www.deutsche-gesellschaft-fuer-ordenskunde.de\/DGOWP\/wp-content\/uploads\/2018\/05\/Altenburg-07-689x1024.jpg 689w, https:\/\/www.deutsche-gesellschaft-fuer-ordenskunde.de\/DGOWP\/wp-content\/uploads\/2018\/05\/Altenburg-07-101x150.jpg 101w, https:\/\/www.deutsche-gesellschaft-fuer-ordenskunde.de\/DGOWP\/wp-content\/uploads\/2018\/05\/Altenburg-07-202x300.jpg 202w, https:\/\/www.deutsche-gesellschaft-fuer-ordenskunde.de\/DGOWP\/wp-content\/uploads\/2018\/05\/Altenburg-07-768x1142.jpg 768w, https:\/\/www.deutsche-gesellschaft-fuer-ordenskunde.de\/DGOWP\/wp-content\/uploads\/2018\/05\/Altenburg-07.jpg 1024w\" sizes=\"auto, (max-width: 525px) 100vw, 525px\" \/><\/a><figcaption id=\"caption-attachment-3256\" class=\"wp-caption-text\">Rettungsmedaille<\/figcaption><\/figure>\n<figure id=\"attachment_3257\" aria-describedby=\"caption-attachment-3257\" style=\"width: 525px\" class=\"wp-caption alignnone\"><a href=\"https:\/\/www.deutsche-gesellschaft-fuer-ordenskunde.de\/DGOWP\/wp-content\/uploads\/2018\/05\/Altenburg-08.jpg\"><img loading=\"lazy\" decoding=\"async\" class=\"size-large wp-image-3257\" src=\"https:\/\/www.deutsche-gesellschaft-fuer-ordenskunde.de\/DGOWP\/wp-content\/uploads\/2018\/05\/Altenburg-08-1024x683.jpg\" alt=\"\" width=\"525\" height=\"350\" srcset=\"https:\/\/www.deutsche-gesellschaft-fuer-ordenskunde.de\/DGOWP\/wp-content\/uploads\/2018\/05\/Altenburg-08.jpg 1024w, https:\/\/www.deutsche-gesellschaft-fuer-ordenskunde.de\/DGOWP\/wp-content\/uploads\/2018\/05\/Altenburg-08-150x100.jpg 150w, https:\/\/www.deutsche-gesellschaft-fuer-ordenskunde.de\/DGOWP\/wp-content\/uploads\/2018\/05\/Altenburg-08-300x200.jpg 300w, https:\/\/www.deutsche-gesellschaft-fuer-ordenskunde.de\/DGOWP\/wp-content\/uploads\/2018\/05\/Altenburg-08-768x512.jpg 768w\" sizes=\"auto, (max-width: 525px) 100vw, 525px\" \/><\/a><figcaption id=\"caption-attachment-3257\" class=\"wp-caption-text\">Rettungsmedaille Braunschweig 1. Modell und Lippe 1. Modell<\/figcaption><\/figure>\n<p>&nbsp;<\/p>\n<p><strong>Reportage:<\/strong><\/p>\n<p>Am 31. Mai wurde auf WDR5 eine Reportage f\u00fcr den pour le merite f\u00fcr Wissenschaft und K\u00fcnste ausgestrahlt. In dieser Sendung kommt der Tr\u00e4ger des Ordens und Germanist Albrecht Sch\u00f6ne und der Pr\u00e4sident der DGO e.V. Bernd D\u00f6bel zu Wort.<\/p>\n<p><a href=\"http:\/\/www1.wdr.de\/radio\/wdr5\/sendungen\/zeitzeichen\/preussen-orden-100.html\">http:\/\/www1.wdr.de\/radio\/wdr5\/sendungen\/zeitzeichen\/preussen-orden-100.html<\/a><\/p>\n<h2 style=\"text-align: center;\">Mitgliederversammlung der DGO in Kassel vom 29. September \u2013 1. Oktober 2017<\/h2>\n<p style=\"text-align: left;\">Die diesj\u00e4hrige Mitgliederversammlung findet vom 29. September bis zum 1. Oktober 2017 in Kassel statt. Das Tagungshotel ist das City Hotel\/Hotel Arosa Kassel, Wilhelmsh\u00f6her Allee 38-42, Tel. 0561-72810, www.arosakassel.de. Hier ist auch f\u00fcr die DGO bis zum 29. Juli 2017 ein Zimmerkontingent reserviert. Kosten: DZ 115\u20ac und EZ 89\u20ac jeweils inkl. Fr\u00fchst\u00fcck.<br \/>\nAlternativ hierzu liegen das Hotel Schweizer Hof, das InterCityHotel Kassel und das Days Inn in der N\u00e4he. Die \u00dcbernachtungskosten sind \u00e4hnlich. In Kassel sind aufgrund von diversen Veranstaltungen die Zimmer und Tagungsr\u00e4ume knapp. Eine rechtzeitige Buchung ist zwingend erforderlich!<br \/>\nAllgemeiner Hinweis: Es findet in diesem Jahr wieder die Wahl des Vorstandes<br \/>\nstatt.<\/p>\n<h6>Bilder: Vogt \/ Lindner<\/h6>\n<figure id=\"attachment_3020\" aria-describedby=\"caption-attachment-3020\" style=\"width: 525px\" class=\"wp-caption alignnone\"><a href=\"https:\/\/www.deutsche-gesellschaft-fuer-ordenskunde.de\/DGOWP\/wp-content\/uploads\/2017\/10\/2017_09_30-MV-DGO-01-Vogt.jpg\"><img loading=\"lazy\" decoding=\"async\" class=\"size-large wp-image-3020\" src=\"https:\/\/www.deutsche-gesellschaft-fuer-ordenskunde.de\/DGOWP\/wp-content\/uploads\/2017\/10\/2017_09_30-MV-DGO-01-Vogt-1024x683.jpg\" alt=\"\" width=\"525\" height=\"350\" srcset=\"https:\/\/www.deutsche-gesellschaft-fuer-ordenskunde.de\/DGOWP\/wp-content\/uploads\/2017\/10\/2017_09_30-MV-DGO-01-Vogt.jpg 1024w, https:\/\/www.deutsche-gesellschaft-fuer-ordenskunde.de\/DGOWP\/wp-content\/uploads\/2017\/10\/2017_09_30-MV-DGO-01-Vogt-150x100.jpg 150w, https:\/\/www.deutsche-gesellschaft-fuer-ordenskunde.de\/DGOWP\/wp-content\/uploads\/2017\/10\/2017_09_30-MV-DGO-01-Vogt-300x200.jpg 300w, https:\/\/www.deutsche-gesellschaft-fuer-ordenskunde.de\/DGOWP\/wp-content\/uploads\/2017\/10\/2017_09_30-MV-DGO-01-Vogt-768x512.jpg 768w\" sizes=\"auto, (max-width: 525px) 100vw, 525px\" \/><\/a><figcaption id=\"caption-attachment-3020\" class=\"wp-caption-text\">Mitgliederversammlung in Kassel (78. Bundestreffen)<\/figcaption><\/figure>\n<figure id=\"attachment_3021\" aria-describedby=\"caption-attachment-3021\" style=\"width: 525px\" class=\"wp-caption alignnone\"><a href=\"https:\/\/www.deutsche-gesellschaft-fuer-ordenskunde.de\/DGOWP\/wp-content\/uploads\/2017\/10\/2017_09_30-MV-DGO-03-Vogt.jpg\"><img loading=\"lazy\" decoding=\"async\" class=\"size-large wp-image-3021\" src=\"https:\/\/www.deutsche-gesellschaft-fuer-ordenskunde.de\/DGOWP\/wp-content\/uploads\/2017\/10\/2017_09_30-MV-DGO-03-Vogt-1024x683.jpg\" alt=\"\" width=\"525\" height=\"350\" srcset=\"https:\/\/www.deutsche-gesellschaft-fuer-ordenskunde.de\/DGOWP\/wp-content\/uploads\/2017\/10\/2017_09_30-MV-DGO-03-Vogt.jpg 1024w, https:\/\/www.deutsche-gesellschaft-fuer-ordenskunde.de\/DGOWP\/wp-content\/uploads\/2017\/10\/2017_09_30-MV-DGO-03-Vogt-150x100.jpg 150w, https:\/\/www.deutsche-gesellschaft-fuer-ordenskunde.de\/DGOWP\/wp-content\/uploads\/2017\/10\/2017_09_30-MV-DGO-03-Vogt-300x200.jpg 300w, https:\/\/www.deutsche-gesellschaft-fuer-ordenskunde.de\/DGOWP\/wp-content\/uploads\/2017\/10\/2017_09_30-MV-DGO-03-Vogt-768x512.jpg 768w\" sizes=\"auto, (max-width: 525px) 100vw, 525px\" \/><\/a><figcaption id=\"caption-attachment-3021\" class=\"wp-caption-text\">Blick in die Versammlung<\/figcaption><\/figure>\n<figure id=\"attachment_3018\" aria-describedby=\"caption-attachment-3018\" style=\"width: 525px\" class=\"wp-caption alignnone\"><a href=\"https:\/\/www.deutsche-gesellschaft-fuer-ordenskunde.de\/DGOWP\/wp-content\/uploads\/2017\/10\/2017-Kassel-Bilder-Vogt-02.jpg\"><img loading=\"lazy\" decoding=\"async\" class=\"size-large wp-image-3018\" src=\"https:\/\/www.deutsche-gesellschaft-fuer-ordenskunde.de\/DGOWP\/wp-content\/uploads\/2017\/10\/2017-Kassel-Bilder-Vogt-02-1024x683.jpg\" alt=\"\" width=\"525\" height=\"350\" srcset=\"https:\/\/www.deutsche-gesellschaft-fuer-ordenskunde.de\/DGOWP\/wp-content\/uploads\/2017\/10\/2017-Kassel-Bilder-Vogt-02.jpg 1024w, https:\/\/www.deutsche-gesellschaft-fuer-ordenskunde.de\/DGOWP\/wp-content\/uploads\/2017\/10\/2017-Kassel-Bilder-Vogt-02-150x100.jpg 150w, https:\/\/www.deutsche-gesellschaft-fuer-ordenskunde.de\/DGOWP\/wp-content\/uploads\/2017\/10\/2017-Kassel-Bilder-Vogt-02-300x200.jpg 300w, https:\/\/www.deutsche-gesellschaft-fuer-ordenskunde.de\/DGOWP\/wp-content\/uploads\/2017\/10\/2017-Kassel-Bilder-Vogt-02-768x512.jpg 768w\" sizes=\"auto, (max-width: 525px) 100vw, 525px\" \/><\/a><figcaption id=\"caption-attachment-3018\" class=\"wp-caption-text\">es gibt viel zu reden &#8230;<\/figcaption><\/figure>\n<figure id=\"attachment_3022\" aria-describedby=\"caption-attachment-3022\" style=\"width: 525px\" class=\"wp-caption alignnone\"><a href=\"https:\/\/www.deutsche-gesellschaft-fuer-ordenskunde.de\/DGOWP\/wp-content\/uploads\/2017\/10\/2017_09_30-MV-DGO-04-Vogt.jpg\"><img loading=\"lazy\" decoding=\"async\" class=\"wp-image-3022 size-large\" src=\"https:\/\/www.deutsche-gesellschaft-fuer-ordenskunde.de\/DGOWP\/wp-content\/uploads\/2017\/10\/2017_09_30-MV-DGO-04-Vogt-1024x768.jpg\" alt=\"\" width=\"525\" height=\"394\" srcset=\"https:\/\/www.deutsche-gesellschaft-fuer-ordenskunde.de\/DGOWP\/wp-content\/uploads\/2017\/10\/2017_09_30-MV-DGO-04-Vogt.jpg 1024w, https:\/\/www.deutsche-gesellschaft-fuer-ordenskunde.de\/DGOWP\/wp-content\/uploads\/2017\/10\/2017_09_30-MV-DGO-04-Vogt-150x113.jpg 150w, https:\/\/www.deutsche-gesellschaft-fuer-ordenskunde.de\/DGOWP\/wp-content\/uploads\/2017\/10\/2017_09_30-MV-DGO-04-Vogt-300x225.jpg 300w, https:\/\/www.deutsche-gesellschaft-fuer-ordenskunde.de\/DGOWP\/wp-content\/uploads\/2017\/10\/2017_09_30-MV-DGO-04-Vogt-768x576.jpg 768w\" sizes=\"auto, (max-width: 525px) 100vw, 525px\" \/><\/a><figcaption id=\"caption-attachment-3022\" class=\"wp-caption-text\">der neugew\u00e4hlte (Alte) Pr\u00e4sident Bernd D\u00f6bel und seine beiden Vizepr\u00e4sidenten Frank W\u00f6rner und Daniel Krause<\/figcaption><\/figure>\n<figure id=\"attachment_3024\" aria-describedby=\"caption-attachment-3024\" style=\"width: 525px\" class=\"wp-caption alignnone\"><a href=\"https:\/\/www.deutsche-gesellschaft-fuer-ordenskunde.de\/DGOWP\/wp-content\/uploads\/2017\/10\/2017_09_30-MV-DGO-06-Vogt.jpg\"><img loading=\"lazy\" decoding=\"async\" class=\"wp-image-3024 size-large\" src=\"https:\/\/www.deutsche-gesellschaft-fuer-ordenskunde.de\/DGOWP\/wp-content\/uploads\/2017\/10\/2017_09_30-MV-DGO-06-Vogt-768x1024.jpg\" alt=\"\" width=\"525\" height=\"700\" srcset=\"https:\/\/www.deutsche-gesellschaft-fuer-ordenskunde.de\/DGOWP\/wp-content\/uploads\/2017\/10\/2017_09_30-MV-DGO-06-Vogt-768x1024.jpg 768w, https:\/\/www.deutsche-gesellschaft-fuer-ordenskunde.de\/DGOWP\/wp-content\/uploads\/2017\/10\/2017_09_30-MV-DGO-06-Vogt-113x150.jpg 113w, https:\/\/www.deutsche-gesellschaft-fuer-ordenskunde.de\/DGOWP\/wp-content\/uploads\/2017\/10\/2017_09_30-MV-DGO-06-Vogt-225x300.jpg 225w, https:\/\/www.deutsche-gesellschaft-fuer-ordenskunde.de\/DGOWP\/wp-content\/uploads\/2017\/10\/2017_09_30-MV-DGO-06-Vogt.jpg 1024w\" sizes=\"auto, (max-width: 525px) 100vw, 525px\" \/><\/a><figcaption id=\"caption-attachment-3024\" class=\"wp-caption-text\">der stolze Tr\u00e4ger, Frank Bartel aus Cottbus<\/figcaption><\/figure>\n<figure id=\"attachment_3019\" aria-describedby=\"caption-attachment-3019\" style=\"width: 525px\" class=\"wp-caption alignnone\"><a href=\"https:\/\/www.deutsche-gesellschaft-fuer-ordenskunde.de\/DGOWP\/wp-content\/uploads\/2017\/10\/2017_09_29-MV-Kassel-00.jpg\"><img loading=\"lazy\" decoding=\"async\" class=\"size-large wp-image-3019\" src=\"https:\/\/www.deutsche-gesellschaft-fuer-ordenskunde.de\/DGOWP\/wp-content\/uploads\/2017\/10\/2017_09_29-MV-Kassel-00-768x1024.jpg\" alt=\"\" width=\"525\" height=\"700\" srcset=\"https:\/\/www.deutsche-gesellschaft-fuer-ordenskunde.de\/DGOWP\/wp-content\/uploads\/2017\/10\/2017_09_29-MV-Kassel-00-768x1024.jpg 768w, https:\/\/www.deutsche-gesellschaft-fuer-ordenskunde.de\/DGOWP\/wp-content\/uploads\/2017\/10\/2017_09_29-MV-Kassel-00-113x150.jpg 113w, https:\/\/www.deutsche-gesellschaft-fuer-ordenskunde.de\/DGOWP\/wp-content\/uploads\/2017\/10\/2017_09_29-MV-Kassel-00-225x300.jpg 225w, https:\/\/www.deutsche-gesellschaft-fuer-ordenskunde.de\/DGOWP\/wp-content\/uploads\/2017\/10\/2017_09_29-MV-Kassel-00.jpg 1024w\" sizes=\"auto, (max-width: 525px) 100vw, 525px\" \/><\/a><figcaption id=\"caption-attachment-3019\" class=\"wp-caption-text\">gem\u00fctliches Beisammensein am Freitagabend Gastst\u00e4tte Lohmann (Lindner)<\/figcaption><\/figure>\n<figure id=\"attachment_3025\" aria-describedby=\"caption-attachment-3025\" style=\"width: 525px\" class=\"wp-caption alignnone\"><a href=\"https:\/\/www.deutsche-gesellschaft-fuer-ordenskunde.de\/DGOWP\/wp-content\/uploads\/2017\/10\/2017_10_01-MV-Kassel-07.jpg\"><img loading=\"lazy\" decoding=\"async\" class=\"size-large wp-image-3025\" src=\"https:\/\/www.deutsche-gesellschaft-fuer-ordenskunde.de\/DGOWP\/wp-content\/uploads\/2017\/10\/2017_10_01-MV-Kassel-07-1024x768.jpg\" alt=\"\" width=\"525\" height=\"394\" srcset=\"https:\/\/www.deutsche-gesellschaft-fuer-ordenskunde.de\/DGOWP\/wp-content\/uploads\/2017\/10\/2017_10_01-MV-Kassel-07.jpg 1024w, https:\/\/www.deutsche-gesellschaft-fuer-ordenskunde.de\/DGOWP\/wp-content\/uploads\/2017\/10\/2017_10_01-MV-Kassel-07-150x113.jpg 150w, https:\/\/www.deutsche-gesellschaft-fuer-ordenskunde.de\/DGOWP\/wp-content\/uploads\/2017\/10\/2017_10_01-MV-Kassel-07-300x225.jpg 300w, https:\/\/www.deutsche-gesellschaft-fuer-ordenskunde.de\/DGOWP\/wp-content\/uploads\/2017\/10\/2017_10_01-MV-Kassel-07-768x576.jpg 768w\" sizes=\"auto, (max-width: 525px) 100vw, 525px\" \/><\/a><figcaption id=\"caption-attachment-3025\" class=\"wp-caption-text\">Tauschb\u00f6rse am Sonntag, den 1. Oktober 2017<\/figcaption><\/figure>\n<p><a href=\"https:\/\/www.deutsche-gesellschaft-fuer-ordenskunde.de\/DGOWP\/wp-content\/uploads\/2017\/10\/2017_10_01-MV-Kassel-08.jpg\"><img loading=\"lazy\" decoding=\"async\" class=\"alignnone wp-image-3026 size-large\" src=\"https:\/\/www.deutsche-gesellschaft-fuer-ordenskunde.de\/DGOWP\/wp-content\/uploads\/2017\/10\/2017_10_01-MV-Kassel-08-768x1024.jpg\" alt=\"\" width=\"525\" height=\"700\" srcset=\"https:\/\/www.deutsche-gesellschaft-fuer-ordenskunde.de\/DGOWP\/wp-content\/uploads\/2017\/10\/2017_10_01-MV-Kassel-08-768x1024.jpg 768w, https:\/\/www.deutsche-gesellschaft-fuer-ordenskunde.de\/DGOWP\/wp-content\/uploads\/2017\/10\/2017_10_01-MV-Kassel-08-113x150.jpg 113w, https:\/\/www.deutsche-gesellschaft-fuer-ordenskunde.de\/DGOWP\/wp-content\/uploads\/2017\/10\/2017_10_01-MV-Kassel-08-225x300.jpg 225w, https:\/\/www.deutsche-gesellschaft-fuer-ordenskunde.de\/DGOWP\/wp-content\/uploads\/2017\/10\/2017_10_01-MV-Kassel-08.jpg 1024w\" sizes=\"auto, (max-width: 525px) 100vw, 525px\" \/><\/a><\/p>\n","protected":false},"excerpt":{"rendered":"<p>DGO-Fr\u00fchjahrsveranstaltung mit Symposium in Altenburg\/Th\u00fcringen vom 12.\u201314. Mai 2017 18. Phaleristik-Symposium in Altenburg am 13. Mai 2017 Das Programm der DGO-Fr\u00fchjahrsveranstaltung. Programm Freitag, 12. Mai 2017 15:45 Uhr Treffpunkt: Hotel Astor, danach Fahrt mit Pkws zum Flugplatzmuseum nach 04603 Nobitz, Am Flughafen 3 18:00 Uhr Geselliges Beisammensein im Restaurant Brunello, 04600 Altenburg, Friedrich-Ebert-Stra\u00dfe 44 Samstag, &hellip; <\/p>\n<p class=\"link-more\"><a href=\"https:\/\/www.deutsche-gesellschaft-fuer-ordenskunde.de\/DGOWP\/dgo\/aktivitaten\/2017-2\/\" class=\"more-link\"><span class=\"screen-reader-text\">\u201e2017\u201c <\/span>weiterlesen<\/a><\/p>\n","protected":false},"author":2,"featured_media":0,"parent":50,"menu_order":0,"comment_status":"closed","ping_status":"closed","template":"","meta":{"ngg_post_thumbnail":0,"footnotes":""},"class_list":["post-2994","page","type-page","status-publish","hentry"],"_links":{"self":[{"href":"https:\/\/www.deutsche-gesellschaft-fuer-ordenskunde.de\/DGOWP\/wp-json\/wp\/v2\/pages\/2994","targetHints":{"allow":["GET"]}}],"collection":[{"href":"https:\/\/www.deutsche-gesellschaft-fuer-ordenskunde.de\/DGOWP\/wp-json\/wp\/v2\/pages"}],"about":[{"href":"https:\/\/www.deutsche-gesellschaft-fuer-ordenskunde.de\/DGOWP\/wp-json\/wp\/v2\/types\/page"}],"author":[{"embeddable":true,"href":"https:\/\/www.deutsche-gesellschaft-fuer-ordenskunde.de\/DGOWP\/wp-json\/wp\/v2\/users\/2"}],"replies":[{"embeddable":true,"href":"https:\/\/www.deutsche-gesellschaft-fuer-ordenskunde.de\/DGOWP\/wp-json\/wp\/v2\/comments?post=2994"}],"version-history":[{"count":0,"href":"https:\/\/www.deutsche-gesellschaft-fuer-ordenskunde.de\/DGOWP\/wp-json\/wp\/v2\/pages\/2994\/revisions"}],"up":[{"embeddable":true,"href":"https:\/\/www.deutsche-gesellschaft-fuer-ordenskunde.de\/DGOWP\/wp-json\/wp\/v2\/pages\/50"}],"wp:attachment":[{"href":"https:\/\/www.deutsche-gesellschaft-fuer-ordenskunde.de\/DGOWP\/wp-json\/wp\/v2\/media?parent=2994"}],"curies":[{"name":"wp","href":"https:\/\/api.w.org\/{rel}","templated":true}]}}