{"id":28,"date":"2012-09-09T22:23:55","date_gmt":"2012-09-09T22:23:55","guid":{"rendered":"https:\/\/www.deutsche-gesellschaft-fuer-ordenskunde.de\/DGOWP\/?page_id=28"},"modified":"2026-02-10T22:10:43","modified_gmt":"2026-02-10T21:10:43","slug":"dgo","status":"publish","type":"page","link":"https:\/\/www.deutsche-gesellschaft-fuer-ordenskunde.de\/DGOWP\/dgo\/","title":{"rendered":"DGO"},"content":{"rendered":"<h1 style=\"text-align: left;\"><a href=\"https:\/\/www.deutsche-gesellschaft-fuer-ordenskunde.de\/DGOWP\/wp-content\/uploads\/2012\/09\/DGOBeitragLogo.jpg\"><img loading=\"lazy\" decoding=\"async\" class=\"aligncenter wp-image-2802 size-full\" src=\"https:\/\/www.deutsche-gesellschaft-fuer-ordenskunde.de\/DGOWP\/wp-content\/uploads\/2012\/09\/DGOBeitragLogo.jpg\" width=\"1024\" height=\"111\" srcset=\"https:\/\/www.deutsche-gesellschaft-fuer-ordenskunde.de\/DGOWP\/wp-content\/uploads\/2012\/09\/DGOBeitragLogo.jpg 1024w, https:\/\/www.deutsche-gesellschaft-fuer-ordenskunde.de\/DGOWP\/wp-content\/uploads\/2012\/09\/DGOBeitragLogo-150x16.jpg 150w, https:\/\/www.deutsche-gesellschaft-fuer-ordenskunde.de\/DGOWP\/wp-content\/uploads\/2012\/09\/DGOBeitragLogo-300x33.jpg 300w, https:\/\/www.deutsche-gesellschaft-fuer-ordenskunde.de\/DGOWP\/wp-content\/uploads\/2012\/09\/DGOBeitragLogo-768x83.jpg 768w\" sizes=\"auto, (max-width: 706px) 89vw, (max-width: 767px) 82vw, 740px\" \/><\/a>Der Verein<\/h1>\n<h6 style=\"text-align: left;\">1974 wurde der Bund Deutscher Ordensammler e.V. (BDOS) gegr\u00fcndet. Im Jahre 2010 wurde der Verein in Deutsche Gesellschaft f\u00fcr Ordenskunde e.V. (DGO) umbenannt und f\u00fchrt die Sammler des In- und Auslandes zusammen. \u00dcber 1300 Mitglieder z\u00e4hlt unser Verein gegenw\u00e4rtig. Zwei Bundestreffen und ein Symposium j\u00e4hrlich mit Sammler- und Tauschb\u00f6rse, Ausstellungen und Vortr\u00e4gen beweisen unsere Aktivit\u00e4t.<\/h6>\n<h6 style=\"text-align: left;\">&nbsp;Wir leisten und pflegen:<\/h6>\n<ul style=\"text-align: left;\">\n<li>\n<h6>Grundlagenarbeit zur Phaleristik (Ordenskunde)<\/h6>\n<\/li>\n<li>\n<h6>Forschungsarbeit<\/h6>\n<\/li>\n<li>\n<h6>Information zu allen Fragen von Sammlern und Forschern<\/h6>\n<\/li>\n<li>\n<h6>F\u00e4lschungsaufkl\u00e4rung<\/h6>\n<\/li>\n<li>\n<h6>Weltweite Kontakte<\/h6>\n<\/li>\n<\/ul>\n<p style=\"text-align: left;\">Mehr als 20 Regionalgruppen sorgen monatlich f\u00fcr wichtige Kontakte untereinander. Alle Mitglieder werden durch die Vereinszeitschrift Orden und Ehrenzeichen &#8211; Das Magazin f\u00fcr Sammler und Forscher zweimonatlich bestens \u00fcber viele Sammelgebiete und ordenskundliche Themen informiert.Werden Sie Mitglied! (Mitgliedsbeitrag 70,- Euro (erm\u00e4\u00dfigt 45,- \u20ac f\u00fcr Sch\u00fcler und Studenten) &#8211; nicht EU-Staaten 80,- \u20ac), Aufnahmegeb\u00fchr 10,- Euro.<\/p>\n<p style=\"text-align: left;\">Die Deutsche Gesellschaft f\u00fcr Ordenskunde e.V. (DGO) ist durch Bescheid des Finanzamtes Heilbronn vom 26. August 2013, Steuernummer 65209\/19858 als gemeinn\u00fctzig anerkannt.<br \/>\nEs wird best\u00e4tigt, dass Zuwendungen nur zur F\u00f6rderung von Wissenschaft und Forschung verwendet werden.<br \/>\nDer Verein ist somit berechtigt, sowohl <span style=\"text-decoration: underline;\">f\u00fcr Mitgliedsbeitr\u00e4ge<\/span>, als auch <span style=\"text-decoration: underline;\">f\u00fcr Spenden<\/span>, die ihm zur Verwendung und damit f\u00fcr die Erf\u00fcllung satzungsgem\u00e4\u00dfer Zwecke zugewendet werden, <a href=\"https:\/\/www.deutsche-gesellschaft-fuer-ordenskunde.de\/DGOWP\/wp-content\/uploads\/2022\/05\/Zuwendungsnachweis.pdf\">Zuwendungsbest\u00e4tigungen<\/a> auszustellen.<\/p>\n<h6 style=\"text-align: left;\"><a href=\"https:\/\/www.deutsche-gesellschaft-fuer-ordenskunde.de\/DGOWP\/wp-content\/uploads\/2021\/09\/DrW.jpg\"><img loading=\"lazy\" decoding=\"async\" class=\"wp-image-3859 size-full alignleft\" title=\"Krause\" src=\"https:\/\/www.deutsche-gesellschaft-fuer-ordenskunde.de\/DGOWP\/wp-content\/uploads\/2021\/09\/DrW.jpg\" alt=\"\" width=\"103\" height=\"150\"\/><\/a><strong>Pr\u00e4sident<\/strong><br \/>\nDr. Bernhard Wenning<br \/>\nJosefsgasse 7\/3<br \/>\n1080 Wien<br \/>\nTel.: 0173\/3864707<br \/>\n<a href=\"mailto:praesident@dgo-ev.de\"><strong>praesident@dgo-ev.de&nbsp;<\/strong><\/a><\/h6>\n<h6 style=\"text-align: left;\"><a href=\"https:\/\/www.deutsche-gesellschaft-fuer-ordenskunde.de\/DGOWP\/wp-content\/uploads\/2025\/11\/MBo.webp\"><img loading=\"lazy\" decoding=\"async\" class=\"wp-image-3843 size-full alignleft\" src=\"https:\/\/www.deutsche-gesellschaft-fuer-ordenskunde.de\/DGOWP\/wp-content\/uploads\/2025\/11\/MBo.webp\" alt=\"\" width=\"104\" height=\"150\"\/><\/a><strong> Vizepr\u00e4sident<\/strong><br \/>\nMichael B\u00f6rner<br \/>\nKarlsruhe<\/h6>\n<p><a href=\"mailto:vizepraesident1@dgo-ev.de\"><strong>vizepraesident1@dgo-ev.de<\/strong><\/a><\/p>\n<h6 style=\"text-align: left;\"><a href=\"https:\/\/www.deutsche-gesellschaft-fuer-ordenskunde.de\/DGOWP\/wp-content\/uploads\/2021\/09\/FotoEL.jpg\"><img loading=\"lazy\" decoding=\"async\" class=\"wp-image-3843 size-full alignleft\" src=\"https:\/\/www.deutsche-gesellschaft-fuer-ordenskunde.de\/DGOWP\/wp-content\/uploads\/2021\/09\/FotoEL.jpg\" alt=\"\" width=\"104\" height=\"150\"\/><\/a><strong> Vizepr\u00e4sident<\/strong><br \/>\nEike Lehmann<br \/>\nTannh\u00e4userstr. 2<br \/>\n10318 Berlin<br \/>\nTel.: 030\/50173069<br \/>\n<a href=\"mailto:vizepraesident2@dgo-ev.de\"><strong>vizepraesident2@dgo-ev.de<\/strong><\/a><\/h6>\n<h6 style=\"text-align: left;\"><a href=\"https:\/\/www.deutsche-gesellschaft-fuer-ordenskunde.de\/DGOWP\/wp-content\/uploads\/2025\/11\/ErHe.webp\"><img loading=\"lazy\" decoding=\"async\" class=\"size-full wp-image-3054 alignleft\" src=\"https:\/\/www.deutsche-gesellschaft-fuer-ordenskunde.de\/DGOWP\/wp-content\/uploads\/2025\/11\/ErHe.webp\" alt=\"\" width=\"100\" height=\"144\"\/><\/a><strong>Schatzmeister<br \/>\n<\/strong>Ernst Heinzelmann<br \/>\nPostfach 11 08<br \/>\n88330 Bad Waldsee<br \/>\nTel.: 0172\/4881656<br \/>\n<a href=\"mailto:schatzmeister@dgo-ev.de\"><strong>schatzmeister@dgo-ev.de<\/strong><\/a><\/h6>\n<h6 style=\"text-align: left;\"><a href=\"https:\/\/www.deutsche-gesellschaft-fuer-ordenskunde.de\/DGOWP\/wp-content\/uploads\/2025\/11\/Klaus2.webp\"><img loading=\"lazy\" decoding=\"async\" class=\"wp-image-3842 size-full alignleft\" src=\"https:\/\/www.deutsche-gesellschaft-fuer-ordenskunde.de\/DGOWP\/wp-content\/uploads\/2025\/11\/Klaus2.webp\" alt=\"\" width=\"100\" height=\"150\"\/><\/a><strong>Gesch\u00e4ftsf\u00fchrer \/ Gesch\u00e4ftsstelle \/ Postanschrift der DGO<br \/>\n(Mitgliederverwaltung, Heftversand)<\/strong><br \/>\nKlaus Vogt<br \/>\nPostfach 1370<br \/>\n95012 Hof<br \/>\nTel.: 0171\/9541488<br \/>\n<strong><a href=\"mailto:geschaeftsfuehrer@dgo-ev.de\">geschaeftsfuehrer@dgo-ev.de<\/a><\/strong><\/h6>\n<h6 style=\"text-align: left;\"><strong>Kooptierte Mitglieder<\/strong><\/h6>\n<h6 style=\"text-align: left;\"><a href=\"https:\/\/www.deutsche-gesellschaft-fuer-ordenskunde.de\/DGOWP\/wp-content\/uploads\/2012\/09\/Dr_Adler_Fotoklein.jpg\"><img loading=\"lazy\" decoding=\"async\" class=\"wp-image-1190 alignleft\" src=\"https:\/\/www.deutsche-gesellschaft-fuer-ordenskunde.de\/DGOWP\/wp-content\/uploads\/2012\/09\/Dr_Adler_Fotoklein.jpg\" alt=\"Dr_Adler_Fotoklein\" width=\"100\" height=\"149\"\/><\/a><strong>Vorsitzender des Wissenschaftlichen Beirates<\/strong><br \/>\nProf. Dr. Lars Adler<br \/>\nLandgraf-Philipps-Anlage 64<br \/>\n64283 Darmstadt<br \/>\nTel.: 0173\/3175801<br \/>\n<strong><a href=\"mailto:wissenschaftlicher.beirat@dgo-ev.de\">wissenschaftlicher.beirat@dgo-ev.de<\/a><\/strong><br \/>\n<a href=\"..\/wissenschaftlicher-beirat\"><strong>Informationen zum Wissenschaftlichen Beirat<\/strong><\/a><\/h6>\n<h6 style=\"text-align: left;\"><a href=\"https:\/\/www.deutsche-gesellschaft-fuer-ordenskunde.de\/DGOWP\/wp-content\/uploads\/2012\/09\/blank-e1632167689562.gif\"><img loading=\"lazy\" decoding=\"async\" class=\"wp-image-185 size-full alignleft\" src=\"https:\/\/www.deutsche-gesellschaft-fuer-ordenskunde.de\/DGOWP\/wp-content\/uploads\/2012\/09\/blank-e1632167689562.gif\" alt=\"\" width=\"100\" height=\"135\"\/><\/a><strong>Redaktion des Vereinsmagazins <em>Orden und Ehrenzeichen<br \/>\n<\/em><\/strong>Denis Tippelt<br \/>\n<strong><a href=\"mailto:redaktion@dgo-ev.de\">redaktion@dgo-ev.de<\/a><\/strong><\/h6>\n<h6 style=\"text-align: left;\"><strong>&nbsp;____________________________________________________________________<\/strong><\/h6>\n<p style=\"text-align: left;\"><a href=\"https:\/\/www.deutsche-gesellschaft-fuer-ordenskunde.de\/DGOWP\/wp-content\/uploads\/2012\/09\/Webmaster1.jpg\"><img loading=\"lazy\" decoding=\"async\" class=\"alignleft wp-image-1453\" src=\"https:\/\/www.deutsche-gesellschaft-fuer-ordenskunde.de\/DGOWP\/wp-content\/uploads\/2012\/09\/Webmaster1.jpg\" alt=\"Webmaster\" width=\"100\" height=\"150\"\/><\/a><strong>Beauftragter f\u00fcr die Webseitenbetreuung<\/strong><br \/>\n<strong>Uwe P. Br\u00fcckner<\/strong><br \/>\n<strong>Berlin<\/strong><br \/>\n<strong> Tel.: 0179\/3501518<\/strong><br \/>\n<a href=\"mailto:webmaster@dgo-ev.de\"><strong>webmaster@dgo-ev.de<\/strong><\/a><\/p>\n<p>&nbsp;<\/p>\n<p style=\"text-align: left;\"><strong>Korrespondierende Mitglieder<\/strong><\/p>\n<ul>\n<li style=\"text-align: left;\">\n<h6><a href=\"http:\/\/www.dhm.de\/\">Deutsches Historisches Museum &#8211; Zeughaus Berlin<\/a><\/h6>\n<\/li>\n<li>\n<h6 class=\"bs-title__headline bs-title__headline--page\"><a href=\"https:\/\/gesellschaft-kultur-geschichte.de\/haus-der-brandenburgisch-preussischen-geschichte\/\">Haus der Brandenburgisch-Preu\u00dfischen Geschichte<\/a><\/h6>\n<\/li>\n<li style=\"text-align: left;\">\n<h6><a href=\"http:\/\/www.smb.museum\/museen-und-einrichtungen\/muenzkabinett\/home.html\">Staatliche Museen zu Berlin &#8211; Preu\u00dfischer Kulturbesitz &#8211; M\u00fcnzkabinett<\/a><\/h6>\n<\/li>\n<li style=\"text-align: left;\">\n<h6><a href=\"http:\/\/www.wgm-rastatt.de\/\">Wehrgeschichtliches Museum &#8211; Rastatt<\/a><\/h6>\n<\/li>\n<li style=\"text-align: left;\">\n<h6>Staatliche Kunstsammlungen Dresden &#8211; M\u00fcnzkabinett<\/h6>\n<\/li>\n<li style=\"text-align: left;\">\n<h6><a href=\"https:\/\/www.landesmuseum-stuttgart.de\/sammlungen\/kunst-und-kulturgeschichte\/muenzkabinett\/\">Landesmuseum W\u00fcrttemberg &#8211; M\u00fcnzkabinett in Stuttgart<\/a><\/h6>\n<\/li>\n<li style=\"text-align: left;\">\n<h6><a href=\"http:\/\/www.militaerhistorisches-museum.bundeswehr.de\/\">Milit\u00e4rhistorisches Museum der Bundeswehr &#8211; Dresden<\/a><\/h6>\n<\/li>\n<li style=\"text-align: left;\">\n<h6><a href=\"http:\/\/webmuseen.de\/deutsches-ordenmuseum-neuffen.html\">Deutsches Ordensmuseum Neuffen<\/a><\/h6>\n<\/li>\n<li style=\"text-align: left;\">\n<h6><a href=\"http:\/\/www.hongaarskinderplezier.eu\/indexde.php?pagina=99&amp;att_id=102\">Institut und Museum f\u00fcr Milit\u00e4rgeschichte &#8211; Budapest<\/a><\/h6>\n<\/li>\n<li style=\"text-align: left;\">\n<h6><a href=\"http:\/\/www.bayerisches-armeemuseum.de\/\">Bayerisches Armeemuseum &#8211; Ingolstadt<\/a><\/h6>\n<\/li>\n<li style=\"text-align: left;\">\n<h6><a title=\"Prof. Dr. phil. Eckart Henning M. A.\" href=\"https:\/\/www.deutsche-gesellschaft-fuer-ordenskunde.de\/DGOWP\/dgo\/wissenschaftlicher-beirat\/prof-dr-phil-eckart-henning-m\/\">Prof. Dr. phil. Eckart Henning M. A., Berlin (Professor f\u00fcr Archivwissenschaft und Historische Hilfswissenschaften der Neuzeit)<\/a><\/h6>\n<\/li>\n<li style=\"text-align: left;\">\n<h6><a href=\"http:\/\/www.hdg.de\/\">Haus der Geschichte der Bundesrepublik Deutschland &#8211; Bonn\/Leipzig<\/a><\/h6>\n<\/li>\n<li>\n<h6>Staatskanzlei Nordrhein-Westfalen, Ordensreferat<\/h6>\n<\/li>\n<li style=\"text-align: left;\">\n<h6>Staatskanzlei des Landes Mecklenburg-Vorpommern<\/h6>\n<\/li>\n<li style=\"text-align: left;\">\n<h6><a href=\"http:\/\/www.ordenskunde.at\/\">\u00d6sterreichische Gesellschaft f\u00fcr Ordenskunde<\/a><\/h6>\n<\/li>\n<li style=\"text-align: left;\">\n<h6><a href=\"http:\/\/www.omsd.dk\/\">Ordenshistorik Selskab &#8211; D\u00e4nemark<\/a><\/h6>\n<\/li>\n<li style=\"text-align: left;\">\n<h6><a href=\"http:\/\/www.zcm.cz\/index.php?\">Westb\u00f6hmisches Museum Pilsen &#8211; Tschechische Republik<\/a><\/h6>\n<\/li>\n<li style=\"text-align: left;\">\n<h6><a href=\"https:\/\/www.lwl.org\/LWL\/Kultur\/museumkunstkultur\/das_museum\/aussenstellen\/lwl-preussenmuseum\">LWL-Preu\u00dfenmuseum Minden<\/a><\/h6>\n<\/li>\n<li style=\"text-align: left;\">\n<h6><a href=\"http:\/\/www.univie.ac.at\/\">Universit\u00e4t Wien \u2013 Historisch-Kulturwissenschaftliche Fakult\u00e4t &#8211; Institut f\u00fcr Numismatik und Geldgeschichte<\/a><\/h6>\n<\/li>\n<li style=\"text-align: left;\">\n<h6><a href=\"http:\/\/www.kunstsammlungen-coburg.de\/\">Kunstsammlung der Veste Coburg<\/a><\/h6>\n<\/li>\n<li style=\"text-align: left;\">\n<h6><a href=\"http:\/\/www.residenzschloss-altenburg.de\">Schloss- und Spielkartenmuseum &#8211; Altenburg<\/a><\/h6>\n<\/li>\n<li>\n<h6 style=\"text-align: left;\"><a href=\"http:\/\/www.legiondhonneur.fr\/en\">Museum der Ehrenlegion und der Ritterorden &#8211; Paris<\/a><\/h6>\n<\/li>\n<li>\n<h6><a href=\"http:\/\/www.wlb-stuttgart.de\/\">W\u00fcrttembergische Landesbiblothek Stuttgart<\/a><\/h6>\n<\/li>\n<\/ul>\n","protected":false},"excerpt":{"rendered":"<p>Der Verein 1974 wurde der Bund Deutscher Ordensammler e.V. (BDOS) gegr\u00fcndet. Im Jahre 2010 wurde der Verein in Deutsche Gesellschaft f\u00fcr Ordenskunde e.V. (DGO) umbenannt und f\u00fchrt die Sammler des In- und Auslandes zusammen. \u00dcber 1300 Mitglieder z\u00e4hlt unser Verein gegenw\u00e4rtig. Zwei Bundestreffen und ein Symposium j\u00e4hrlich mit Sammler- und Tauschb\u00f6rse, Ausstellungen und Vortr\u00e4gen beweisen &hellip; <\/p>\n<p class=\"link-more\"><a href=\"https:\/\/www.deutsche-gesellschaft-fuer-ordenskunde.de\/DGOWP\/dgo\/\" class=\"more-link\"><span class=\"screen-reader-text\">\u201eDGO\u201c <\/span>weiterlesen<\/a><\/p>\n","protected":false},"author":2,"featured_media":0,"parent":0,"menu_order":0,"comment_status":"closed","ping_status":"closed","template":"","meta":{"ngg_post_thumbnail":0,"footnotes":""},"class_list":["post-28","page","type-page","status-publish","hentry"],"_links":{"self":[{"href":"https:\/\/www.deutsche-gesellschaft-fuer-ordenskunde.de\/DGOWP\/wp-json\/wp\/v2\/pages\/28","targetHints":{"allow":["GET"]}}],"collection":[{"href":"https:\/\/www.deutsche-gesellschaft-fuer-ordenskunde.de\/DGOWP\/wp-json\/wp\/v2\/pages"}],"about":[{"href":"https:\/\/www.deutsche-gesellschaft-fuer-ordenskunde.de\/DGOWP\/wp-json\/wp\/v2\/types\/page"}],"author":[{"embeddable":true,"href":"https:\/\/www.deutsche-gesellschaft-fuer-ordenskunde.de\/DGOWP\/wp-json\/wp\/v2\/users\/2"}],"replies":[{"embeddable":true,"href":"https:\/\/www.deutsche-gesellschaft-fuer-ordenskunde.de\/DGOWP\/wp-json\/wp\/v2\/comments?post=28"}],"version-history":[{"count":1,"href":"https:\/\/www.deutsche-gesellschaft-fuer-ordenskunde.de\/DGOWP\/wp-json\/wp\/v2\/pages\/28\/revisions"}],"predecessor-version":[{"id":5267,"href":"https:\/\/www.deutsche-gesellschaft-fuer-ordenskunde.de\/DGOWP\/wp-json\/wp\/v2\/pages\/28\/revisions\/5267"}],"wp:attachment":[{"href":"https:\/\/www.deutsche-gesellschaft-fuer-ordenskunde.de\/DGOWP\/wp-json\/wp\/v2\/media?parent=28"}],"curies":[{"name":"wp","href":"https:\/\/api.w.org\/{rel}","templated":true}]}}