{"id":2203,"date":"2015-04-20T20:08:29","date_gmt":"2015-04-20T20:08:29","guid":{"rendered":"https:\/\/www.deutsche-gesellschaft-fuer-ordenskunde.de\/DGOWP\/?page_id=2203"},"modified":"2017-01-29T12:04:10","modified_gmt":"2017-01-29T12:04:10","slug":"dr-tilo-wahl","status":"publish","type":"page","link":"https:\/\/www.deutsche-gesellschaft-fuer-ordenskunde.de\/DGOWP\/dgo\/wissenschaftlicher-beirat\/dr-tilo-wahl\/","title":{"rendered":"Dr. Tilo Wahl"},"content":{"rendered":"<h1 style=\"text-align: center;\">Dr. Tilo Wahl<\/h1>\n<p style=\"text-align: center;\"><a href=\"https:\/\/www.deutsche-gesellschaft-fuer-ordenskunde.de\/DGOWP\/wp-content\/uploads\/2015\/04\/TWahl.jpg\"><img loading=\"lazy\" decoding=\"async\" class=\"alignnone size-full wp-image-2204\" src=\"https:\/\/www.deutsche-gesellschaft-fuer-ordenskunde.de\/DGOWP\/wp-content\/uploads\/2015\/04\/TWahl.jpg\" alt=\"TWahl\" width=\"500\" height=\"624\" srcset=\"https:\/\/www.deutsche-gesellschaft-fuer-ordenskunde.de\/DGOWP\/wp-content\/uploads\/2015\/04\/TWahl.jpg 500w, https:\/\/www.deutsche-gesellschaft-fuer-ordenskunde.de\/DGOWP\/wp-content\/uploads\/2015\/04\/TWahl-120x150.jpg 120w, https:\/\/www.deutsche-gesellschaft-fuer-ordenskunde.de\/DGOWP\/wp-content\/uploads\/2015\/04\/TWahl-240x300.jpg 240w\" sizes=\"auto, (max-width: 500px) 100vw, 500px\" \/><\/a><\/p>\n<p style=\"text-align: left;\">Geboren 1965 in Berlin, 1984 Abitur, 1984 bis 1986 Grundwehrdienst, 1986\/87 vorpraktisches Jahr an einer Berliner Klinik, 1987 bis 1993 Medizinstudium an der Humboldt-Universit\u00e4t zu Berlin, 1994 bis 1999 Ausbildung an verschiedenen Berliner Kliniken und in Arztpraxen, 1999 Promotion und Facharztpr\u00fcfung, seit 1999 als Arzt f\u00fcr Allgemeinmedizin, seit 2002 in eigener Niederlassung in Berlin t\u00e4tig.<br \/>\nBei fr\u00fchzeitigem Interesse f\u00fcr die neuere Geschichte und Milit\u00e4rgeschichte sowie ausgepr\u00e4gtem \u201eSammelgen\u201c folgte in der Jugend nach Umwegen \u00fcber die Klassiker Briefmarken und M\u00fcnzen eine Phase der intensiven Besch\u00e4ftigung mit der kulturhistorischen Zinnfigur. Es entstanden erste Ber\u00fchrungspunkte zu Orden und Ehrenzeichen, wobei die Auseinandersetzung mit diesem Thema vorerst oberfl\u00e4chlich blieb. Nach Abschluss der beruflichen Ausbildung kam der Kontakt zu dieser faszinierenden Materie im Jahr 2003 eher zuf\u00e4llig erneut zu Stande. Zu Beginn waren preu\u00dfische Dekorationen im Fokus des Interesses, in der Folge erkannte ich den Reiz von Auszeichnungsgruppen, welche durch den Personenbezug in der Lage sind, wie nur wenige andere Sammlungsgegenst\u00e4nde, lebendig Geschichte zu vermitteln. Aus der vertieften Besch\u00e4ftigung mit den genannten Themenbereichen entstanden einige Aufs\u00e4tze f\u00fcr die Zeitschrift der Deutschen Gesellschaft f\u00fcr Ordenskunde:<\/p>\n<p style=\"text-align: left;\"><strong>Ordenskundliche Publikationen (in Auswahl):<\/strong><\/p>\n<p style=\"text-align: left;\">&#8211; <em>Die K\u00f6niglich Preu\u00dfische Rote Kreuz-Medaille der ersten Klasse. Eine zeitgen\u00f6ssische Anfertigung der Hofjuweliere Godet in Berlin<\/em>, in: OuE-Magazin \u2013 BDOS \u2013 Deutsche Gesellschaft f\u00fcr Ordenskunde e. V. 10. Jg., Nr. 55 (Juni 2008), S. 157\u2013159.<\/p>\n<p style=\"text-align: left;\">&#8211; <em>Gegossene Nachfertigung der silbernen Erinnerungsmedaille zum 75. Geburtstag S. M. Wilhelms II. 1934<\/em>, in: OuE-Magazin \u2013 BDOS \u2013 Deutsche Gesellschaft f\u00fcr Ordenskunde e. V. 10. Jg., Nr. 56 (August 2008), S. 197\u2013199.<\/p>\n<p style=\"text-align: left;\">&#8211; Zusammen mit Bernd Draheim und Peter Sauerwald, <em>Die Kriegerverdienstmedaille erster Klasse des Deutschen Reiches f\u00fcr farbige Offiziere der Polizei- und Schutztruppen in den deutschen Schutzgebieten (verliehen von 1892 bis 1919)<\/em>, in: OuE-Magazin \u2013 BDOS \u2013 Deutsche Gesellschaft f\u00fcr Ordenskunde e. V. 10. Jg., Nr. 58 (Dezember 2008), S. 302\u2013309.<\/p>\n<p style=\"text-align: left;\">&#8211; <em>Die Ordensschnalle des Generalarztes a. D. Dr. Emil Funcke, Erg\u00e4nzende Bemerkung zum Artikel Zur Verleihung und R\u00fcckgabe von Orden im K\u00f6nigreich Preu\u00dfen, ihre Kosten und Herstellung (Peter Sauerwald, Orden und Ehrenzeichen Heft 57\/2008 S. 242ff)<\/em>, in: OuE-Magazin \u2013 BDOS \u2013 Deutsche Gesellschaft f\u00fcr Ordenskunde e. V. 11. Jg., Nr. 59 (Februar 2009), S. 43\u201344.<\/p>\n<p style=\"text-align: left;\">&#8211; <em>Zur Verleihung des Hohen Ordens vom Schwarzen Adler an Emil Graf und Herr von Schlitz, genannt von G\u00f6rtz (1851\u20131914)<\/em>, in: OuE-Magazin \u2013 BDOS \u2013 Deutsche Gesellschaft f\u00fcr Ordenskunde e. V. 11. Jg., Nr. 61 (Juni 2009), S. 153\u2013156.<\/p>\n<p style=\"text-align: left;\">&#8211; <em>Die k\u00f6niglich preu\u00dfischen Orden am wei\u00dfen Band mit schwarzer Einfassung<\/em>, in: OuE-Magazin \u2013 BDOS \u2013 Deutsche Gesellschaft f\u00fcr Ordenskunde e. V. 11. Jg., Nr. 64 (Dezember 2009), S. 302\u2013315.<\/p>\n<p style=\"text-align: left;\">&#8211; <em>Verleihungsdokumente zum Friedrichs-Orden, Komturkreuz 2. Klasse, K\u00f6nigreich W\u00fcrttem-berg, an den preu\u00dfischen Generalarzt und Subdirektor der Milit\u00e4r\u00e4rztlichen Bildungsanstalten zu Berlin Dr. Hermann Schubert<\/em>, in: OuE-Magazin \u2013 BDOS \u2013 Deutsche Gesellschaft f\u00fcr Ordenskunde e. V. 12. Jg., Nr. 66 (April 2010), S. 77\u201381.<\/p>\n<p style=\"text-align: left;\">&#8211; <em>Die Ordensverleihungen im Zusammenhang mit der Krankheit und dem Tod des Kronprinzen und sp\u00e4teren Kaisers und K\u00f6nigs Friedrich III.<\/em>, in: OuE-Magazin \u2013 BDOS \u2013 Deutsche Gesellschaft f\u00fcr Ordenskunde e. V. 12. Jg., Nr. 68 (August 2010), S. 204\u2013111.<\/p>\n<p style=\"text-align: left;\">&#8211; <em>Generalmajor a. D. Leo von Bernuth (1851\u20131944), Versuch der Rehabilitierung einer Ordensschnalle<\/em>, in: OuE-Magazin \u2013 DGO \u2013 Deutsche Gesellschaft f\u00fcr Ordenskunde e. V. 12. Jg., Nr. 69 (Oktober 2010), S. 279\u2013283.<\/p>\n<p style=\"text-align: left;\">&#8211; <em>Verwandtschaftsbeziehungen zwischen dem englischen K\u00f6nigshaus und dem deutschen Hochadel im Spiegel einer Ordensschnalle, Alan Kennedy, Diener der Herzogin Helene von Albany<\/em>, in: OuE-Magazin \u2013 DGO \u2013 Deutsche Gesellschaft f\u00fcr Ordenskunde e. V. 14. Jg., Nr. 80 (Juni 2012), S. 181\u2013185.<\/p>\n<p style=\"text-align: left;\">&#8211; <em>Gegossene Nachfertigung des Preu\u00dfischen Allgemeinen Ehrenzeichens in Gold von 1890<\/em>, in: OuE-Magazin \u2013 DGO \u2013 Deutsche Gesellschaft f\u00fcr Ordenskunde e. V. 14. Jg., Nr. 81 (Oktober 2012), S. 256\u2013258.<\/p>\n<p style=\"text-align: left;\">&#8211; <em>Die Vergabe des K\u00f6niglichen Hausordens von Hohenzollern durch Wilhelm II. im Doorner Exil<\/em>, in: OuE-Magazin \u2013 DGO \u2013 Deutsche Gesellschaft f\u00fcr Ordenskunde e. V., Jahrbuch 2012, S. 2\u201322.<\/p>\n<p style=\"text-align: left;\">&#8211; <em>Clemens Freiherr von Schorlemer (1856\u20131922), Preu\u00dfischer Minister f\u00fcr Landwirtschaft, Dom\u00e4nen und Forsten 1910\u20131917<\/em>, in: OuE-Magazin \u2013 DGO \u2013 Deutsche Gesellschaft f\u00fcr Ordenskunde e. V. 15. Jg., Nr. 86 (August 2013), S. 182\u2013194.<\/p>\n<p style=\"text-align: left;\">&#8211; <em>Ernst August Graf von Wedel (1838\u20131913), K\u00f6niglich Preu\u00dfischer Oberstallmeister 1917<\/em>, in: OuE-Magazin \u2013 DGO \u2013 Deutsche Gesellschaft f\u00fcr Ordenskunde e. V. 16. Jg., Nr. 90 (April 2014), S. 70\u201375.<\/p>\n<p style=\"text-align: left;\">&#8211; <em>Vom Sterben des Deutschen Offizierskorps im Ersten Weltkrieg, Teil 1: Die Ordensschnalle des Majors Julius Maercker (gefallen am 14.11.1914)<\/em>, in: OuE-Magazin \u2013 DGO \u2013 Deutsche Gesellschaft f\u00fcr Ordenskunde e. V. 16. Jg., Nr. 94 (Dezember 2014), S. 311\u2013318.<\/p>\n<p style=\"text-align: left;\">&#8211; <em>Vom Sterben des Deutschen Offizierskorps im Ersten Weltkrieg, Teil 2: Die Ordensschnalle des Majors Adolf Lockemann (gefallen am 31.8.1914)<\/em>, in: OuE-Magazin \u2013 DGO \u2013 Deutsche Gesellschaft f\u00fcr Ordenskunde e. V. 17. Jg., Nr. 96 (April 2015), S. 77\u201384.<\/p>\n<p style=\"text-align: left;\"><strong>In Vorbereitung:<\/strong><br \/>\nBuchver\u00f6ffentlichung: <em>Deutsche Ordensschnallen \u2013 Stolz und Vorurteil.<\/em><\/p>\n","protected":false},"excerpt":{"rendered":"<p>Dr. Tilo Wahl Geboren 1965 in Berlin, 1984 Abitur, 1984 bis 1986 Grundwehrdienst, 1986\/87 vorpraktisches Jahr an einer Berliner Klinik, 1987 bis 1993 Medizinstudium an der Humboldt-Universit\u00e4t zu Berlin, 1994 bis 1999 Ausbildung an verschiedenen Berliner Kliniken und in Arztpraxen, 1999 Promotion und Facharztpr\u00fcfung, seit 1999 als Arzt f\u00fcr Allgemeinmedizin, seit 2002 in eigener Niederlassung &hellip; <\/p>\n<p class=\"link-more\"><a href=\"https:\/\/www.deutsche-gesellschaft-fuer-ordenskunde.de\/DGOWP\/dgo\/wissenschaftlicher-beirat\/dr-tilo-wahl\/\" class=\"more-link\"><span class=\"screen-reader-text\">\u201eDr. Tilo Wahl\u201c <\/span>weiterlesen<\/a><\/p>\n","protected":false},"author":2,"featured_media":0,"parent":76,"menu_order":0,"comment_status":"closed","ping_status":"closed","template":"","meta":{"ngg_post_thumbnail":0,"footnotes":""},"class_list":["post-2203","page","type-page","status-publish","hentry"],"_links":{"self":[{"href":"https:\/\/www.deutsche-gesellschaft-fuer-ordenskunde.de\/DGOWP\/wp-json\/wp\/v2\/pages\/2203","targetHints":{"allow":["GET"]}}],"collection":[{"href":"https:\/\/www.deutsche-gesellschaft-fuer-ordenskunde.de\/DGOWP\/wp-json\/wp\/v2\/pages"}],"about":[{"href":"https:\/\/www.deutsche-gesellschaft-fuer-ordenskunde.de\/DGOWP\/wp-json\/wp\/v2\/types\/page"}],"author":[{"embeddable":true,"href":"https:\/\/www.deutsche-gesellschaft-fuer-ordenskunde.de\/DGOWP\/wp-json\/wp\/v2\/users\/2"}],"replies":[{"embeddable":true,"href":"https:\/\/www.deutsche-gesellschaft-fuer-ordenskunde.de\/DGOWP\/wp-json\/wp\/v2\/comments?post=2203"}],"version-history":[{"count":0,"href":"https:\/\/www.deutsche-gesellschaft-fuer-ordenskunde.de\/DGOWP\/wp-json\/wp\/v2\/pages\/2203\/revisions"}],"up":[{"embeddable":true,"href":"https:\/\/www.deutsche-gesellschaft-fuer-ordenskunde.de\/DGOWP\/wp-json\/wp\/v2\/pages\/76"}],"wp:attachment":[{"href":"https:\/\/www.deutsche-gesellschaft-fuer-ordenskunde.de\/DGOWP\/wp-json\/wp\/v2\/media?parent=2203"}],"curies":[{"name":"wp","href":"https:\/\/api.w.org\/{rel}","templated":true}]}}