{"id":2075,"date":"2014-11-11T21:24:19","date_gmt":"2014-11-11T21:24:19","guid":{"rendered":"https:\/\/www.deutsche-gesellschaft-fuer-ordenskunde.de\/DGOWP\/?page_id=2075"},"modified":"2015-05-10T09:41:16","modified_gmt":"2015-05-10T09:41:16","slug":"sachsen-meiningen-herzogtum","status":"publish","type":"page","link":"https:\/\/www.deutsche-gesellschaft-fuer-ordenskunde.de\/DGOWP\/links\/verleihungslisten\/sachsen-meiningen-herzogtum\/","title":{"rendered":"Verleihungslisten Sachsen-Meiningen (Herzogtum)"},"content":{"rendered":"<h1>Sachsen-Meiningen (Herzogtum)<\/h1>\n<ul>\n<li><a href=\"https:\/\/www.deutsche-gesellschaft-fuer-ordenskunde.de\/DGOWP\/wp-content\/uploads\/2014\/11\/SMM_Nichtk\u00e4mpfer.pdf\">Medaille f\u00fcr Verdienst im Kriege f\u00fcr Nichtk\u00e4mpfer im Ersten Weltkrieg<\/a><br \/>\n<strong>Bearbeiter: Daniel Krause (Stand: November 2014)<\/strong><\/li>\n<\/ul>\n","protected":false},"excerpt":{"rendered":"<p>Sachsen-Meiningen (Herzogtum) Medaille f\u00fcr Verdienst im Kriege f\u00fcr Nichtk\u00e4mpfer im Ersten Weltkrieg Bearbeiter: Daniel Krause (Stand: November 2014)<\/p>\n","protected":false},"author":2,"featured_media":0,"parent":1198,"menu_order":0,"comment_status":"closed","ping_status":"closed","template":"","meta":{"ngg_post_thumbnail":0,"footnotes":""},"class_list":["post-2075","page","type-page","status-publish","hentry"],"_links":{"self":[{"href":"https:\/\/www.deutsche-gesellschaft-fuer-ordenskunde.de\/DGOWP\/wp-json\/wp\/v2\/pages\/2075","targetHints":{"allow":["GET"]}}],"collection":[{"href":"https:\/\/www.deutsche-gesellschaft-fuer-ordenskunde.de\/DGOWP\/wp-json\/wp\/v2\/pages"}],"about":[{"href":"https:\/\/www.deutsche-gesellschaft-fuer-ordenskunde.de\/DGOWP\/wp-json\/wp\/v2\/types\/page"}],"author":[{"embeddable":true,"href":"https:\/\/www.deutsche-gesellschaft-fuer-ordenskunde.de\/DGOWP\/wp-json\/wp\/v2\/users\/2"}],"replies":[{"embeddable":true,"href":"https:\/\/www.deutsche-gesellschaft-fuer-ordenskunde.de\/DGOWP\/wp-json\/wp\/v2\/comments?post=2075"}],"version-history":[{"count":0,"href":"https:\/\/www.deutsche-gesellschaft-fuer-ordenskunde.de\/DGOWP\/wp-json\/wp\/v2\/pages\/2075\/revisions"}],"up":[{"embeddable":true,"href":"https:\/\/www.deutsche-gesellschaft-fuer-ordenskunde.de\/DGOWP\/wp-json\/wp\/v2\/pages\/1198"}],"wp:attachment":[{"href":"https:\/\/www.deutsche-gesellschaft-fuer-ordenskunde.de\/DGOWP\/wp-json\/wp\/v2\/media?parent=2075"}],"curies":[{"name":"wp","href":"https:\/\/api.w.org\/{rel}","templated":true}]}}