{"id":1983,"date":"2014-09-15T20:18:16","date_gmt":"2014-09-15T20:18:16","guid":{"rendered":"https:\/\/www.deutsche-gesellschaft-fuer-ordenskunde.de\/DGOWP\/?page_id=1983"},"modified":"2025-02-12T18:19:15","modified_gmt":"2025-02-12T17:19:15","slug":"schriftenreihe-der-deutschen-gesellschaft-fuer-ordenskunde-e-v","status":"publish","type":"page","link":"https:\/\/www.deutsche-gesellschaft-fuer-ordenskunde.de\/DGOWP\/vereinsmagazin\/schriftenreihe-der-deutschen-gesellschaft-fuer-ordenskunde-e-v\/","title":{"rendered":"Schriftenreihe der Deutschen Gesellschaft f\u00fcr Ordenskunde e.V."},"content":{"rendered":"\n<h1 class=\"wp-block-heading\">Schriftenreihe der Deutschen Gesellschaft f\u00fcr Ordenskunde e.V.<\/h1>\n\n\n\n<p>&nbsp;<\/p>\n\n\n\n<figure class=\"wp-block-image\"><a href=\"https:\/\/www.deutsche-gesellschaft-fuer-ordenskunde.de\/DGOWP\/wp-content\/uploads\/2014\/09\/Buch.jpg\"><img loading=\"lazy\" decoding=\"async\" width=\"566\" height=\"800\" src=\"https:\/\/www.deutsche-gesellschaft-fuer-ordenskunde.de\/DGOWP\/wp-content\/uploads\/2014\/09\/Buch.jpg\" alt=\"Buch Nr. 1\" class=\"wp-image-1982\" srcset=\"https:\/\/www.deutsche-gesellschaft-fuer-ordenskunde.de\/DGOWP\/wp-content\/uploads\/2014\/09\/Buch.jpg 566w, https:\/\/www.deutsche-gesellschaft-fuer-ordenskunde.de\/DGOWP\/wp-content\/uploads\/2014\/09\/Buch-106x150.jpg 106w, https:\/\/www.deutsche-gesellschaft-fuer-ordenskunde.de\/DGOWP\/wp-content\/uploads\/2014\/09\/Buch-212x300.jpg 212w\" sizes=\"auto, (max-width: 566px) 100vw, 566px\" \/><\/a><figcaption class=\"wp-element-caption\">Band 1<\/figcaption><\/figure>\n\n\n\n<p><\/p>\n\n\n\n<p>Das erste Buch aus der Schriftenreihe der Deutschen Gesellschaft f\u00fcr Ordenskunde e.V. \u2013 &#8222;Stiftungen und Erneuerungen von Deutschen Orden und Ehrenzeichen im Ersten Weltkrieg&#8220;, welches unter Federf\u00fchrung von Henning Volle entstanden ist.<\/p>\n\n\n\n<figure class=\"wp-block-image size-full\"><img loading=\"lazy\" decoding=\"async\" width=\"577\" height=\"880\" src=\"https:\/\/www.deutsche-gesellschaft-fuer-ordenskunde.de\/DGOWP\/wp-content\/uploads\/2025\/01\/Band-2.jpg\" alt=\"\" class=\"wp-image-4996\" srcset=\"https:\/\/www.deutsche-gesellschaft-fuer-ordenskunde.de\/DGOWP\/wp-content\/uploads\/2025\/01\/Band-2.jpg 577w, https:\/\/www.deutsche-gesellschaft-fuer-ordenskunde.de\/DGOWP\/wp-content\/uploads\/2025\/01\/Band-2-197x300.jpg 197w, https:\/\/www.deutsche-gesellschaft-fuer-ordenskunde.de\/DGOWP\/wp-content\/uploads\/2025\/01\/Band-2-98x150.jpg 98w\" sizes=\"auto, (max-width: 577px) 100vw, 577px\" \/><figcaption class=\"wp-element-caption\">Band 2<\/figcaption><\/figure>\n\n\n\n<p>Ehrenzeichen f\u00fcr Rettung von Menschenleben<br \/>Eine Auswahl aus deutschen Staaten.<br \/>Schriftenreihe der Deutschen Gesellschaft f\u00fcr Ordenskunde e. V. (DGO).<br \/>92 Seiten, A4-Hochformat, 73 farbige Abbildungen.<br \/>Begleit-Publikation zu der gleichnamigen Ausstellung im Wehrgeschichtlichen Museum Schloss Rastatt aus Anlass der Jahreshauptversammlung (76. Bundestreffen) der Deutschen Gesellschaft f\u00fcr Ordenskundee. V. (DGO) vom 9. bis 11. September 2016. <\/p>\n\n\n\n<figure class=\"wp-block-image size-full\"><img loading=\"lazy\" decoding=\"async\" width=\"590\" height=\"862\" src=\"https:\/\/www.deutsche-gesellschaft-fuer-ordenskunde.de\/DGOWP\/wp-content\/uploads\/2020\/02\/JohinDeut.jpg\" alt=\"\" class=\"wp-image-3654\" srcset=\"https:\/\/www.deutsche-gesellschaft-fuer-ordenskunde.de\/DGOWP\/wp-content\/uploads\/2020\/02\/JohinDeut.jpg 590w, https:\/\/www.deutsche-gesellschaft-fuer-ordenskunde.de\/DGOWP\/wp-content\/uploads\/2020\/02\/JohinDeut-205x300.jpg 205w, https:\/\/www.deutsche-gesellschaft-fuer-ordenskunde.de\/DGOWP\/wp-content\/uploads\/2020\/02\/JohinDeut-103x150.jpg 103w\" sizes=\"auto, (max-width: 590px) 100vw, 590px\" \/><figcaption class=\"wp-element-caption\">Band 3<\/figcaption><\/figure>\n\n\n\n<p>Feder, Klaus H Schriftenreihe der Deutschen Gesellschaft f\u00fcr Ordenskunde e. V. Band 3<br \/>Johanniter in Deutschland &#8211; Die Balley Brandenburg des Ritterlichen Ordens St. Johannis vom Spital zu Jerusalem &#8211; Geschichte, Insignien, Uniformen und Auszeichnungen &#8211; Die Leistungen des Ordens in der freiwilligen Krankenpflege in den Kriegen von 1864 bis 1870<\/p>\n\n\n\n<figure class=\"wp-block-image size-full\"><img loading=\"lazy\" decoding=\"async\" width=\"600\" height=\"849\" src=\"https:\/\/www.deutsche-gesellschaft-fuer-ordenskunde.de\/DGOWP\/wp-content\/uploads\/2025\/01\/9783000790430.jpg\" alt=\"\" class=\"wp-image-5003\" srcset=\"https:\/\/www.deutsche-gesellschaft-fuer-ordenskunde.de\/DGOWP\/wp-content\/uploads\/2025\/01\/9783000790430.jpg 600w, https:\/\/www.deutsche-gesellschaft-fuer-ordenskunde.de\/DGOWP\/wp-content\/uploads\/2025\/01\/9783000790430-212x300.jpg 212w, https:\/\/www.deutsche-gesellschaft-fuer-ordenskunde.de\/DGOWP\/wp-content\/uploads\/2025\/01\/9783000790430-106x150.jpg 106w\" sizes=\"auto, (max-width: 600px) 100vw, 600px\" \/><figcaption class=\"wp-element-caption\">Band 4<\/figcaption><\/figure>\n\n\n\n<p>Der gro\u00dfherzoglich hessische Verdienstorden Philipps des Gro\u00dfm\u00fctigen<br \/>Zur Geschichte einer Landesherrlichen Auszeichnung 1840-1918<br \/>von Lars Adler<br \/>Dieser Band wertet die Akten-, Amtsdruck und Nachlass\u00fcberlieferung zu dem letztlich fast 15.000-mal verliehenen Orden erstmals systematisch aus. Dabei werden sowohl die Stiftung und weitere Entwicklung, das Verleihungsaufkommen der einzelnen Ordensklassen, die verwaltungstechnischen Abl\u00e4ufe bei der Verausgabung als auch die bekannten Hersteller und Lieferanten des f\u00fcrstlichen Ordens behandelt. Dar\u00fcber hinaus umfasst die Studie einen \u00fcber 200-seitigen und durchg\u00e4ngig bebilderten Katalog der Ordensinsignien, die sich heute gr\u00f6\u00dftenteils in Privatsammlungen befinden.<\/p>\n","protected":false},"excerpt":{"rendered":"<p>Schriftenreihe der Deutschen Gesellschaft f\u00fcr Ordenskunde e.V. &nbsp; Das erste Buch aus der Schriftenreihe der Deutschen Gesellschaft f\u00fcr Ordenskunde e.V. \u2013 &#8222;Stiftungen und Erneuerungen von Deutschen Orden und Ehrenzeichen im Ersten Weltkrieg&#8220;, welches unter Federf\u00fchrung von Henning Volle entstanden ist. Ehrenzeichen f\u00fcr Rettung von MenschenlebenEine Auswahl aus deutschen Staaten.Schriftenreihe der Deutschen Gesellschaft f\u00fcr Ordenskunde e. &hellip; <\/p>\n<p class=\"link-more\"><a href=\"https:\/\/www.deutsche-gesellschaft-fuer-ordenskunde.de\/DGOWP\/vereinsmagazin\/schriftenreihe-der-deutschen-gesellschaft-fuer-ordenskunde-e-v\/\" class=\"more-link\"><span class=\"screen-reader-text\">\u201eSchriftenreihe der Deutschen Gesellschaft f\u00fcr Ordenskunde e.V.\u201c <\/span>weiterlesen<\/a><\/p>\n","protected":false},"author":2,"featured_media":0,"parent":135,"menu_order":0,"comment_status":"closed","ping_status":"closed","template":"","meta":{"ngg_post_thumbnail":0,"footnotes":""},"class_list":["post-1983","page","type-page","status-publish","hentry"],"_links":{"self":[{"href":"https:\/\/www.deutsche-gesellschaft-fuer-ordenskunde.de\/DGOWP\/wp-json\/wp\/v2\/pages\/1983","targetHints":{"allow":["GET"]}}],"collection":[{"href":"https:\/\/www.deutsche-gesellschaft-fuer-ordenskunde.de\/DGOWP\/wp-json\/wp\/v2\/pages"}],"about":[{"href":"https:\/\/www.deutsche-gesellschaft-fuer-ordenskunde.de\/DGOWP\/wp-json\/wp\/v2\/types\/page"}],"author":[{"embeddable":true,"href":"https:\/\/www.deutsche-gesellschaft-fuer-ordenskunde.de\/DGOWP\/wp-json\/wp\/v2\/users\/2"}],"replies":[{"embeddable":true,"href":"https:\/\/www.deutsche-gesellschaft-fuer-ordenskunde.de\/DGOWP\/wp-json\/wp\/v2\/comments?post=1983"}],"version-history":[{"count":1,"href":"https:\/\/www.deutsche-gesellschaft-fuer-ordenskunde.de\/DGOWP\/wp-json\/wp\/v2\/pages\/1983\/revisions"}],"predecessor-version":[{"id":5020,"href":"https:\/\/www.deutsche-gesellschaft-fuer-ordenskunde.de\/DGOWP\/wp-json\/wp\/v2\/pages\/1983\/revisions\/5020"}],"up":[{"embeddable":true,"href":"https:\/\/www.deutsche-gesellschaft-fuer-ordenskunde.de\/DGOWP\/wp-json\/wp\/v2\/pages\/135"}],"wp:attachment":[{"href":"https:\/\/www.deutsche-gesellschaft-fuer-ordenskunde.de\/DGOWP\/wp-json\/wp\/v2\/media?parent=1983"}],"curies":[{"name":"wp","href":"https:\/\/api.w.org\/{rel}","templated":true}]}}