{"id":1841,"date":"2014-02-11T21:31:19","date_gmt":"2014-02-11T21:31:19","guid":{"rendered":"https:\/\/www.deutsche-gesellschaft-fuer-ordenskunde.de\/DGOWP\/?page_id=1841"},"modified":"2018-04-16T15:17:32","modified_gmt":"2018-04-16T15:17:32","slug":"deutsches-reich","status":"publish","type":"page","link":"https:\/\/www.deutsche-gesellschaft-fuer-ordenskunde.de\/DGOWP\/links\/verleihungslisten\/deutsches-reich\/","title":{"rendered":"Verleihungslisten Deutsches Kaiserreich 1871-1918"},"content":{"rendered":"<h1>Deutsches Kaiserreich 1871-1918<\/h1>\n<ul>\n<li><a href=\"https:\/\/www.deutsche-gesellschaft-fuer-ordenskunde.de\/DGOWP\/wp-content\/uploads\/2018\/04\/Verl_Liste_\u00d6lbergkreuz_Wahl_Estelmann.pdf\">Das \u00d6lbergkreuz (1910\u20131919)<\/a><br \/>\n<strong>Bearbeiter: Mike Estelmann und Dr. Tilo Wahl (Stand: 15. April 2018)<\/strong><\/li>\n<li><a href=\"https:\/\/www.deutsche-gesellschaft-fuer-ordenskunde.de\/DGOWP\/wp-content\/uploads\/2014\/02\/Verleihungsliste_Kolonialdenkm\u00fcnze-f\u00fcr-die-Angeh\u00f6rigen-der-Schutz.pdf\">Kolonialdenkm\u00fcnze f\u00fcr die Angeh\u00f6rigen der Schutz- und Polizeitruppen<\/a><br \/>\n<strong>Bearbeiter: Bernd D\u00f6bel (Stand: Februar 2014)<\/strong><\/li>\n<\/ul>\n<p>&nbsp;<\/p>\n","protected":false},"excerpt":{"rendered":"<p>Deutsches Kaiserreich 1871-1918 Das \u00d6lbergkreuz (1910\u20131919) Bearbeiter: Mike Estelmann und Dr. Tilo Wahl (Stand: 15. April 2018) Kolonialdenkm\u00fcnze f\u00fcr die Angeh\u00f6rigen der Schutz- und Polizeitruppen Bearbeiter: Bernd D\u00f6bel (Stand: Februar 2014) &nbsp;<\/p>\n","protected":false},"author":2,"featured_media":0,"parent":1198,"menu_order":0,"comment_status":"closed","ping_status":"closed","template":"","meta":{"ngg_post_thumbnail":0,"footnotes":""},"class_list":["post-1841","page","type-page","status-publish","hentry"],"_links":{"self":[{"href":"https:\/\/www.deutsche-gesellschaft-fuer-ordenskunde.de\/DGOWP\/wp-json\/wp\/v2\/pages\/1841","targetHints":{"allow":["GET"]}}],"collection":[{"href":"https:\/\/www.deutsche-gesellschaft-fuer-ordenskunde.de\/DGOWP\/wp-json\/wp\/v2\/pages"}],"about":[{"href":"https:\/\/www.deutsche-gesellschaft-fuer-ordenskunde.de\/DGOWP\/wp-json\/wp\/v2\/types\/page"}],"author":[{"embeddable":true,"href":"https:\/\/www.deutsche-gesellschaft-fuer-ordenskunde.de\/DGOWP\/wp-json\/wp\/v2\/users\/2"}],"replies":[{"embeddable":true,"href":"https:\/\/www.deutsche-gesellschaft-fuer-ordenskunde.de\/DGOWP\/wp-json\/wp\/v2\/comments?post=1841"}],"version-history":[{"count":0,"href":"https:\/\/www.deutsche-gesellschaft-fuer-ordenskunde.de\/DGOWP\/wp-json\/wp\/v2\/pages\/1841\/revisions"}],"up":[{"embeddable":true,"href":"https:\/\/www.deutsche-gesellschaft-fuer-ordenskunde.de\/DGOWP\/wp-json\/wp\/v2\/pages\/1198"}],"wp:attachment":[{"href":"https:\/\/www.deutsche-gesellschaft-fuer-ordenskunde.de\/DGOWP\/wp-json\/wp\/v2\/media?parent=1841"}],"curies":[{"name":"wp","href":"https:\/\/api.w.org\/{rel}","templated":true}]}}