{"id":166,"date":"2012-09-10T12:17:39","date_gmt":"2012-09-10T12:17:39","guid":{"rendered":"https:\/\/www.deutsche-gesellschaft-fuer-ordenskunde.de\/DGOWP\/?page_id=166"},"modified":"2017-02-26T17:26:28","modified_gmt":"2017-02-26T17:26:28","slug":"termine","status":"publish","type":"page","link":"https:\/\/www.deutsche-gesellschaft-fuer-ordenskunde.de\/DGOWP\/termine\/","title":{"rendered":"Termine"},"content":{"rendered":"<h1>Termine<\/h1>\n<p>Auf dieser Seite m\u00f6chten wir Ihnen alle uns bekannten Termine mitteilen. In der\u00a0Aufstellung sollen auch diejenigen regionalen und internationalen Militaria- und Waffenb\u00f6rsen des In- und Auslands zur Information des Lesers aufgef\u00fchrt werden, an denen u. U. zahlreiche namhafte deutsche und ausl\u00e4ndische H\u00e4ndler von Orden und Ehrenzeichen als Aussteller vertreten sind. Dies bedeutet ausdr\u00fccklich nicht, da\u00df hierdurch der eigenst\u00e4ndige Bereich der Phaleristik (oder Ordenskunde) in die N\u00e4he des Bereiches der &#8222;Wehrtechnik&#8220; ger\u00fcckt werden soll.<\/p>\n<p>Die Angaben der\u00a0Auflistungen stellen keinerlei Empfehlungen seitens der\u00a0Deutschen Gesellschaft f\u00fcr Ordenskunde e. V. dar, sondern dienen alleine der wertefreien Information der Leser. Ein Anspruch auf Eintrag besteht nicht!<\/p>\n<p>Um diese \u00dcbersicht\u00a0umfangreich zu gestalten, werden alle Leser (insbesondere die Organisatoren und Verantwortlichen von Veranstaltungen und Ausstellungen, sowie H\u00e4ndler) gebeten, neue Veranstaltungstermine (sowie Termin\u00e4nderungen) m\u00f6glichst fr\u00fch an\u00a0den <a href=\"mailto:webmaster@ordensmuseum.de\">Webmaster<\/a>\u00a0zu mailen, damit diese fr\u00fchzeitig zur Information aller Leser ver\u00f6ffentlicht werden k\u00f6nnen.<\/p>\n<h2>Termine 2017<\/h2>\n<p><strong>Deutsche Gesellschaft f\u00fcr Ordenskunde e.V.<\/strong><\/p>\n<p>Fr\u00fchjahrsveranstaltung mit Symposium in Altenburg vom 12. bis 14. Mai 2017 (77. Bundestreffen)<br \/>\n18. Phaleristik-Symposium in Altenburg am Samstag, 13. Mai 2017<\/p>\n<p>Die XI. Konferenz der europ\u00e4ischen phaleristischen Gesellschaften findet vom 01. &#8211; 03. September 2017 in Tallinn (Estland) statt. N\u00e4here Informationen folgen Ende M\u00e4rz.<\/p>\n<p>Mitgliederversammlung der DGO in Kassel vom 29. September bis 01. Oktober 2017 (78. Bundestreffen)<\/p>\n<p>____________________________________________________________________<\/p>\n<p><strong>Veranstaltungen, Messen, B\u00f6rsen, <\/strong><br \/>\n<strong>auf welchen die Deutsche Gesellschaft f\u00fcr Ordenskunde e.V.<\/strong><br \/>\n<strong>mit einem Sonder- bzw. Informationsstand vertreten ist:<\/strong><\/p>\n<p><strong>Internationale Sammlermesse Ulm (ISMU) vom 12. bis 14. Mai 2017<\/strong><br \/>\n<em>Veranstaltungsort: Messe Ulm, Donauhalle &#8211; gemeinsamer Sonderstand der Ordensgesellschaft und der Heereskunde mit Sonderausstellungen &#8211;<\/em><br \/>\n<em>Ausstellungen: DGO e.V. &#8211; \u201eS\u00fcddeutsche Feuerwehrauszeichnungen\u201c \u2013 gezeigt werden Realien der Staaten \/ L\u00e4nder Baden, W\u00fcrttemberg, Hohenzollern und Bayern<\/em><br \/>\n<em> DGfH e.V. &#8211; \u201eKoppelschl\u00f6sser\u201c \u2013 gezeigt werden Koppelschl\u00f6sser\/Schlie\u00dfen aus der Zeit 1866 bis in die heutige Zeit<\/em><br \/>\n<em>\u00d6ffnungszeiten: Freitag, 12. Mai 2017 von 11 bis 18 Uhr; Samstag, 13. Mai 2017 von 10 bis 18 Uhr; Sonntag, 14. Mai 2017 von 10 bis 14.30 Uhr<\/em><\/p>\n<p><strong>39. Internationales-Militaria-Sammler-Treffen in Gunzenhausen vom 2. bis 4. November 2017<\/strong><br \/>\n<em>Veranstaltungsort: &#8222;Sporthalle Stephani-Schule&#8220; (Hindenburgplatz 2 in 91710 Gunzenhausen)<\/em><br \/>\n<em>Ausstellung: Das Eiserne Kreuz 1813 bis Heute (Hartwig Friedrich)<\/em><br \/>\n<em>\u00d6ffnungszeiten: Donnerstag, 2. Nov. 13:30 &#8211; 18 Uhr; Freitag, 3. Nov. 9 &#8211; 18 Uhr; Samstag , 4. Nov. 10 &#8211; 14 Uhr<\/em><\/p>\n<p><strong>Internationale Waffenb\u00f6rse in Kassel vom 30. November bis zum 3. Dezember 2017<\/strong><\/p>\n","protected":false},"excerpt":{"rendered":"<p>Termine Auf dieser Seite m\u00f6chten wir Ihnen alle uns bekannten Termine mitteilen. In der\u00a0Aufstellung sollen auch diejenigen regionalen und internationalen Militaria- und Waffenb\u00f6rsen des In- und Auslands zur Information des Lesers aufgef\u00fchrt werden, an denen u. U. zahlreiche namhafte deutsche und ausl\u00e4ndische H\u00e4ndler von Orden und Ehrenzeichen als Aussteller vertreten sind. Dies bedeutet ausdr\u00fccklich nicht, &hellip; <\/p>\n<p class=\"link-more\"><a href=\"https:\/\/www.deutsche-gesellschaft-fuer-ordenskunde.de\/DGOWP\/termine\/\" class=\"more-link\"><span class=\"screen-reader-text\">\u201eTermine\u201c <\/span>weiterlesen<\/a><\/p>\n","protected":false},"author":2,"featured_media":0,"parent":0,"menu_order":0,"comment_status":"closed","ping_status":"closed","template":"","meta":{"ngg_post_thumbnail":0,"footnotes":""},"class_list":["post-166","page","type-page","status-publish","hentry"],"_links":{"self":[{"href":"https:\/\/www.deutsche-gesellschaft-fuer-ordenskunde.de\/DGOWP\/wp-json\/wp\/v2\/pages\/166","targetHints":{"allow":["GET"]}}],"collection":[{"href":"https:\/\/www.deutsche-gesellschaft-fuer-ordenskunde.de\/DGOWP\/wp-json\/wp\/v2\/pages"}],"about":[{"href":"https:\/\/www.deutsche-gesellschaft-fuer-ordenskunde.de\/DGOWP\/wp-json\/wp\/v2\/types\/page"}],"author":[{"embeddable":true,"href":"https:\/\/www.deutsche-gesellschaft-fuer-ordenskunde.de\/DGOWP\/wp-json\/wp\/v2\/users\/2"}],"replies":[{"embeddable":true,"href":"https:\/\/www.deutsche-gesellschaft-fuer-ordenskunde.de\/DGOWP\/wp-json\/wp\/v2\/comments?post=166"}],"version-history":[{"count":0,"href":"https:\/\/www.deutsche-gesellschaft-fuer-ordenskunde.de\/DGOWP\/wp-json\/wp\/v2\/pages\/166\/revisions"}],"wp:attachment":[{"href":"https:\/\/www.deutsche-gesellschaft-fuer-ordenskunde.de\/DGOWP\/wp-json\/wp\/v2\/media?parent=166"}],"curies":[{"name":"wp","href":"https:\/\/api.w.org\/{rel}","templated":true}]}}