{"id":161,"date":"2012-09-10T12:12:56","date_gmt":"2012-09-10T12:12:56","guid":{"rendered":"https:\/\/www.deutsche-gesellschaft-fuer-ordenskunde.de\/DGOWP\/?page_id=161"},"modified":"2025-11-18T12:00:54","modified_gmt":"2025-11-18T11:00:54","slug":"links","status":"publish","type":"page","link":"https:\/\/www.deutsche-gesellschaft-fuer-ordenskunde.de\/DGOWP\/links\/","title":{"rendered":"Links"},"content":{"rendered":"<h1>Wir empfehlen<\/h1>\n<h3>Links zu anderen Vereinen<\/h3>\n<ul>\n<li><a href=\"http:\/\/www.omsa.org\/\">The Orders and Medals Society of America (OMSA)<\/a><\/li>\n<li><a href=\"http:\/\/www.omrs.org\">The Orders and Medals Research Society (OMRS)<\/a><\/li>\n<li><a href=\"http:\/\/www.ordenskunde.at\/\">\u00d6sterreichischen Gesellschaft f\u00fcr Ordenskunde (\u00d6GO)<\/a><\/li>\n<li><a href=\"http:\/\/www.skf-vzw.org\/\">Studienkreis Faleristik (SKF)<\/a><\/li>\n<li><a href=\"http:\/\/www.omsd.dk\/\">Ordenhistorisk Selskab &#8211; Orders and Medals Society of Denmark<\/a><\/li>\n<li><a href=\"http:\/\/www.faleristica.org\/\">Academia Faleristica de Portugal<\/a><\/li>\n<li><a href=\"http:\/\/www.vereniging-sro.nl\/\">Studiekring Ridderorden en Onderscheidingen (SRO)<\/a><\/li>\n<li><a href=\"http:\/\/www.heereskunde.de\/\">Deutsche Gesellschaft f\u00fcr Heereskunde e.V.<\/a><\/li>\n<li><a href=\"http:\/\/www.sfs.sk\">Slovak Faleristics Society<\/a><\/li>\n<\/ul>\n<h3>Links f\u00fcr Forscher<\/h3>\n<ul>\n<li><a href=\"http:\/\/www.gda.bayern.de\/\">Staatliche Archive in Bayern<\/a><\/li>\n<li><a href=\"http:\/\/www.kbl.badw.de\/\">Kommission f\u00fcr Bayrische Landesgeschichte<\/a><\/li>\n<\/ul>\n<h3>Weitere n\u00fctzliche Links<\/h3>\n<ul>\n<li><a href=\"https:\/\/kammerherrenschl\u00fcssel.de\/\">Kammerherrenschl\u00fcssel<\/a><\/li>\n<li><a href=\"http:\/\/www.medalnet.net\/index_german.htm\">Medalnet<\/a><\/li>\n<li><a href=\"http:\/\/www.bundesverdienstorden.de\/\">Bundesverdienstorden<\/a><\/li>\n<li><a href=\"http:\/\/www.verwaltung.steiermark.at\/cms\/ziel\/74835198\/DE\/\">Bundesauszeichnungen (Land Steiermark)<\/a><\/li>\n<li><a href=\"http:\/\/www.orden-der-welt.de\/\">Orden der Welt<\/a><\/li>\n<li><a href=\"https:\/\/ordensmuseum.de\/\">Ordensmuseum<\/a><\/li>\n<\/ul>\n<h3>Links f\u00fcr Sammler<\/h3>\n<ul>\n<li><a href=\"http:\/\/www.sammlergemeinschaft-deutscherauszeichnungen.org\/\">Sammlergemeinschaft Deutscher Auszeichnungen<\/a>&nbsp;(Das Partnerforum der DGO)<\/li>\n<li><a href=\"http:\/\/www.museen-in-bayern.de\/\">Museen in Bayern<\/a><\/li>\n<li><a href=\"http:\/\/www.dhm.de\/magazine\/orden\/index.htm\">Deutsches Historisches Museum<\/a><\/li>\n<li><a href=\"https:\/\/tallinnmuseum.com\/\">Ordensmuseum Tallin<\/a><\/li>\n<li>\n<p class=\"font-1 p4-align-text-center\"><a href=\"https:\/\/www.mainzer-garnisonsmuseum.de\/\">Mainzer Garnisonsmuseum<\/a><\/p>\n<\/li>\n<\/ul>\n<p>Der nachfolgende Bereich&nbsp;wird st\u00e4ndig erweitert. Erg\u00e4nzungen und Hinweise bitte an den <a href=\"mailto:webmaster@ordensmuseum.de\">Webmaster<\/a>&nbsp;mailen.<\/p>\n<h3>Orden<\/h3>\n<ul>\n<li><a href=\"http:\/\/www.medalnet.net\/Hausorden_Albrecht_der_Baer.htm\">Anhalt-Gemeinsam<\/a><\/li>\n<li><a href=\"https:\/\/www.deutsche-gesellschaft-fuer-ordenskunde.de\/DGOWP\/links\/ausland\/\">Ausland<\/a><\/li>\n<li><a href=\"http:\/\/www.ordensmuseum.de\/Ordensjournal\/Ordensjournal14Nov07OZL.pdf\">Baden<\/a><\/li>\n<li><a href=\"https:\/\/www.deutsche-gesellschaft-fuer-ordenskunde.de\/DGOWP\/links\/bayern\/\">Bayern<\/a><\/li>\n<li><a href=\"https:\/\/www.deutsche-gesellschaft-fuer-ordenskunde.de\/DGOWP\/links\/braunschweig\/\">Braunschweig<\/a><\/li>\n<li><a href=\"https:\/\/www.deutsche-gesellschaft-fuer-ordenskunde.de\/DGOWP\/links\/bundesrepublik-deutschland\/\">Bundesrepublik Deutschland<\/a><\/li>\n<li><a href=\"https:\/\/www.deutsche-gesellschaft-fuer-ordenskunde.de\/DGOWP\/links\/deutsches-reich-1871-1918\/\">Deutsches Reich 1871-1918<\/a><\/li>\n<li><a href=\"http:\/\/www.unithistories.com\/units_index\/default.asp?file=..\/units_index\/documents.asp\">Deutsches Reich 1933-1945<\/a><\/li>\n<li><a href=\"https:\/\/www.deutsche-gesellschaft-fuer-ordenskunde.de\/DGOWP\/links\/hessen-darmstadt\/\">Hessen-Darmstadt<\/a><\/li>\n<li><a href=\"http:\/\/www.medalnet.net\/Galvanoplastische_Nachbildung.htm\">Kopien und Nachfertigungen<\/a><\/li>\n<li><a href=\"https:\/\/www.deutsche-gesellschaft-fuer-ordenskunde.de\/DGOWP\/links\/lippe-detmold\/\">Lippe-Detmold<\/a><\/li>\n<li><a href=\"https:\/\/www.deutsche-gesellschaft-fuer-ordenskunde.de\/DGOWP\/links\/oldenburg\/\">Oldenburg<\/a><\/li>\n<li><a href=\"https:\/\/www.deutsche-gesellschaft-fuer-ordenskunde.de\/DGOWP\/links\/preusen\/\">Preu\u00dfen<\/a><\/li>\n<li><a href=\"https:\/\/www.deutsche-gesellschaft-fuer-ordenskunde.de\/DGOWP\/links\/sachsen-herzogtumer\/\">Sachsen Herzogt\u00fcmer<\/a><\/li>\n<li><a href=\"https:\/\/www.deutsche-gesellschaft-fuer-ordenskunde.de\/DGOWP\/links\/sachsen-konigreich\/\">Sachsen-K\u00f6nigreich<\/a><\/li>\n<li><a href=\"http:\/\/www.medalnet.net\/Lebensrettung_Meiningen.htm\">Sachsen-Meiningen<\/a><\/li>\n<li><a href=\"https:\/\/www.deutsche-gesellschaft-fuer-ordenskunde.de\/DGOWP\/links\/sachsen-weimar\/\">Sachsen-Weimar<\/a><\/li>\n<li><a href=\"http:\/\/www.medalnet.net\/Eine_Lipper_Realie.htm\">Schaumburg-Lippe<\/a><\/li>\n<li><a href=\"https:\/\/www.deutsche-gesellschaft-fuer-ordenskunde.de\/DGOWP\/links\/sonstiges\/\">Sonstiges<\/a><\/li>\n<li><a href=\"https:\/\/www.deutsche-gesellschaft-fuer-ordenskunde.de\/DGOWP\/links\/weimarer-republik\/\">Weimarer Republik<\/a><\/li>\n<li><a href=\"http:\/\/www.medalnet.net\/wuerttemberg_napoleonisch.htm\">W\u00fcrttemberg<\/a><\/li>\n<\/ul>\n<h3>Andere<\/h3>\n<ul>\n<li><a href=\"http:\/\/ordensmuseum.de\/historische-oe\/ordensbanderkarten-der-firma-a-d-l\/\">Ordensb\u00e4nder<\/a><\/li>\n<li><a href=\"http:\/\/www.medalnet.net\/Oberst_von_Linsingen.htm\">Ordenspangen<\/a><\/li>\n<li><a href=\"http:\/\/www.germancolonialuniforms.co.uk\/\">Uniformkunde<\/a><\/li>\n<li><a href=\"https:\/\/www.deutsche-gesellschaft-fuer-ordenskunde.de\/DGOWP\/wp-content\/uploads\/2012\/09\/verleihungslisten.zip\">Verleihungslisten<\/a><\/li>\n<li><a title=\"Orden auf Briefmarken\" href=\"http:\/\/www.ordenaufbriefmarken.de\" target=\"_blank\" rel=\"noopener noreferrer\">Orden auf Briefmarken<\/a><\/li>\n<\/ul>\n","protected":false},"excerpt":{"rendered":"<p>Wir empfehlen Links zu anderen Vereinen The Orders and Medals Society of America (OMSA) The Orders and Medals Research Society (OMRS) \u00d6sterreichischen Gesellschaft f\u00fcr Ordenskunde (\u00d6GO) Studienkreis Faleristik (SKF) Ordenhistorisk Selskab &#8211; Orders and Medals Society of Denmark Academia Faleristica de Portugal Studiekring Ridderorden en Onderscheidingen (SRO) Deutsche Gesellschaft f\u00fcr Heereskunde e.V. Slovak Faleristics Society &hellip; <\/p>\n<p class=\"link-more\"><a href=\"https:\/\/www.deutsche-gesellschaft-fuer-ordenskunde.de\/DGOWP\/links\/\" class=\"more-link\"><span class=\"screen-reader-text\">\u201eLinks\u201c <\/span>weiterlesen<\/a><\/p>\n","protected":false},"author":2,"featured_media":0,"parent":0,"menu_order":0,"comment_status":"closed","ping_status":"closed","template":"","meta":{"ngg_post_thumbnail":0,"footnotes":""},"class_list":["post-161","page","type-page","status-publish","hentry"],"_links":{"self":[{"href":"https:\/\/www.deutsche-gesellschaft-fuer-ordenskunde.de\/DGOWP\/wp-json\/wp\/v2\/pages\/161","targetHints":{"allow":["GET"]}}],"collection":[{"href":"https:\/\/www.deutsche-gesellschaft-fuer-ordenskunde.de\/DGOWP\/wp-json\/wp\/v2\/pages"}],"about":[{"href":"https:\/\/www.deutsche-gesellschaft-fuer-ordenskunde.de\/DGOWP\/wp-json\/wp\/v2\/types\/page"}],"author":[{"embeddable":true,"href":"https:\/\/www.deutsche-gesellschaft-fuer-ordenskunde.de\/DGOWP\/wp-json\/wp\/v2\/users\/2"}],"replies":[{"embeddable":true,"href":"https:\/\/www.deutsche-gesellschaft-fuer-ordenskunde.de\/DGOWP\/wp-json\/wp\/v2\/comments?post=161"}],"version-history":[{"count":1,"href":"https:\/\/www.deutsche-gesellschaft-fuer-ordenskunde.de\/DGOWP\/wp-json\/wp\/v2\/pages\/161\/revisions"}],"predecessor-version":[{"id":5176,"href":"https:\/\/www.deutsche-gesellschaft-fuer-ordenskunde.de\/DGOWP\/wp-json\/wp\/v2\/pages\/161\/revisions\/5176"}],"wp:attachment":[{"href":"https:\/\/www.deutsche-gesellschaft-fuer-ordenskunde.de\/DGOWP\/wp-json\/wp\/v2\/media?parent=161"}],"curies":[{"name":"wp","href":"https:\/\/api.w.org\/{rel}","templated":true}]}}