{"id":135,"date":"2012-09-10T11:48:38","date_gmt":"2012-09-10T11:48:38","guid":{"rendered":"https:\/\/www.deutsche-gesellschaft-fuer-ordenskunde.de\/DGOWP\/?page_id=135"},"modified":"2023-02-03T21:12:50","modified_gmt":"2023-02-03T21:12:50","slug":"vereinsmagazin","status":"publish","type":"page","link":"https:\/\/www.deutsche-gesellschaft-fuer-ordenskunde.de\/DGOWP\/vereinsmagazin\/","title":{"rendered":"Vereinsmagazin"},"content":{"rendered":"<h1>Vereinsmagazin<\/h1>\n<h3>Orden und Ehrenzeichen &#8211; die au\u00dfergew\u00f6hnliche Fachzeitschrift<\/h3>\n<p>Nur Mitglieder des Vereins kommen in den Genu\u00df dieses weltweit f\u00fchrenden Fachorgans. Neben Fachbeitr\u00e4gen f\u00fcr unsere Sammler gibt es wissenschaftliche phaleristische Aufs\u00e4tze und F\u00e4lschungsinformationen, viele Termine zu Tauschb\u00f6rsen, Ausstellungen, Auktionen, Vereinsaktivit\u00e4ten, Kleinanzeigen und mehr.<\/p>\n<p>Eine f\u00fcr Sammler, Historiker und alle ordenskundlich Interessierten unverzichtbare Informationsquelle. Orden und Ehrenzeichen ist eine ebenso wichtige wie \u00fcberzeugende Referenzpublikation f\u00fcr den Sammler und sein seri\u00f6ses Anliegen in der \u00d6ffentlichkeit. Nicht zuletzt entsteht durch das Sammeln und Archivieren des zweimonatlich erscheinenden Orden und Ehrenzeichen ein umfangreiches und wertvolles Nachschlagewerk.<\/p>\n<p><a href=\"https:\/\/www.deutsche-gesellschaft-fuer-ordenskunde.de\/\/DGOWP\/wp-content\/uploads\/2014\/01\/leseprobe.pdf\" target=\"_blank\" rel=\"noopener\">Eine Leseprobe ist hier verf\u00fcgbar.<\/a><\/p>\n<p><a href=\"https:\/\/www.deutsche-gesellschaft-fuer-ordenskunde.de\/DGOWP\/vereinsmagazin\/uebersicht-der-magazine-ab-dem-jahr-2023\/\">Eine \u00dcbersicht der erschienenen Magazine ab dem Jahre 2023 finden sie hier.<\/a><\/p>\n<p><a href=\"https:\/\/www.deutsche-gesellschaft-fuer-ordenskunde.de\/DGOWP\/vereinsmagazin\/uebersicht-der-magazine-ab-2019\/\">Eine \u00dcbersicht der erschienenen Magazine ab dem Jahre 2022 finden sie hier.<\/a><\/p>\n<p><a title=\"\u00dcbersicht der bisher erschienenen Magazine\" href=\"https:\/\/www.deutsche-gesellschaft-fuer-ordenskunde.de\/DGOWP\/vereinsmagazin\/ubersicht-der-magazine-ab-2013\/\">Eine \u00dcbersicht der erschienenen Magazine bis zum Jahre 2018 finden Sie hier.<\/a><\/p>\n<p><a title=\"\u00dcbersicht der bisher erschienenen Magazine\" href=\"https:\/\/www.deutsche-gesellschaft-fuer-ordenskunde.de\/DGOWP\/ubersicht-der-magazine\/\">Eine \u00dcbersicht der erschienenen Magazine bis zum Jahre 2012 finden Sie hier.<\/a><\/p>\n<p>Titelblattbeispiel:<\/p>\n<figure id=\"attachment_1997\" aria-describedby=\"caption-attachment-1997\" style=\"width: 500px\" class=\"wp-caption alignnone\"><a href=\"https:\/\/www.deutsche-gesellschaft-fuer-ordenskunde.de\/DGOWP\/wp-content\/uploads\/2012\/09\/OuE93.jpg\"><img loading=\"lazy\" decoding=\"async\" class=\"size-full wp-image-1997\" src=\"https:\/\/www.deutsche-gesellschaft-fuer-ordenskunde.de\/DGOWP\/wp-content\/uploads\/2012\/09\/OuE93.jpg\" alt=\"Ausgabe 93 - Oktober 2014\" width=\"500\" height=\"705\" srcset=\"https:\/\/www.deutsche-gesellschaft-fuer-ordenskunde.de\/DGOWP\/wp-content\/uploads\/2012\/09\/OuE93.jpg 500w, https:\/\/www.deutsche-gesellschaft-fuer-ordenskunde.de\/DGOWP\/wp-content\/uploads\/2012\/09\/OuE93-106x150.jpg 106w, https:\/\/www.deutsche-gesellschaft-fuer-ordenskunde.de\/DGOWP\/wp-content\/uploads\/2012\/09\/OuE93-212x300.jpg 212w\" sizes=\"auto, (max-width: 500px) 100vw, 500px\" \/><\/a><figcaption id=\"caption-attachment-1997\" class=\"wp-caption-text\">Ausgabe 93 &#8211; Oktober 2014<\/figcaption><\/figure>\n<p>Unser Vereinsmagazin ist f\u00fcr jeden ernsthaften Sammler und Forscher eine unverzichtbare Informationsquelle. \u00dcberzeugen Sie sich selbst. Werden Sie Mitglied, denn nur Mitglieder erhalten diese Fachzeitschrift!<\/p>\n","protected":false},"excerpt":{"rendered":"<p>Vereinsmagazin Orden und Ehrenzeichen &#8211; die au\u00dfergew\u00f6hnliche Fachzeitschrift Nur Mitglieder des Vereins kommen in den Genu\u00df dieses weltweit f\u00fchrenden Fachorgans. Neben Fachbeitr\u00e4gen f\u00fcr unsere Sammler gibt es wissenschaftliche phaleristische Aufs\u00e4tze und F\u00e4lschungsinformationen, viele Termine zu Tauschb\u00f6rsen, Ausstellungen, Auktionen, Vereinsaktivit\u00e4ten, Kleinanzeigen und mehr. Eine f\u00fcr Sammler, Historiker und alle ordenskundlich Interessierten unverzichtbare Informationsquelle. Orden und Ehrenzeichen &hellip; <\/p>\n<p class=\"link-more\"><a href=\"https:\/\/www.deutsche-gesellschaft-fuer-ordenskunde.de\/DGOWP\/vereinsmagazin\/\" class=\"more-link\"><span class=\"screen-reader-text\">\u201eVereinsmagazin\u201c <\/span>weiterlesen<\/a><\/p>\n","protected":false},"author":2,"featured_media":0,"parent":0,"menu_order":0,"comment_status":"closed","ping_status":"closed","template":"","meta":{"ngg_post_thumbnail":0,"footnotes":""},"class_list":["post-135","page","type-page","status-publish","hentry"],"_links":{"self":[{"href":"https:\/\/www.deutsche-gesellschaft-fuer-ordenskunde.de\/DGOWP\/wp-json\/wp\/v2\/pages\/135","targetHints":{"allow":["GET"]}}],"collection":[{"href":"https:\/\/www.deutsche-gesellschaft-fuer-ordenskunde.de\/DGOWP\/wp-json\/wp\/v2\/pages"}],"about":[{"href":"https:\/\/www.deutsche-gesellschaft-fuer-ordenskunde.de\/DGOWP\/wp-json\/wp\/v2\/types\/page"}],"author":[{"embeddable":true,"href":"https:\/\/www.deutsche-gesellschaft-fuer-ordenskunde.de\/DGOWP\/wp-json\/wp\/v2\/users\/2"}],"replies":[{"embeddable":true,"href":"https:\/\/www.deutsche-gesellschaft-fuer-ordenskunde.de\/DGOWP\/wp-json\/wp\/v2\/comments?post=135"}],"version-history":[{"count":1,"href":"https:\/\/www.deutsche-gesellschaft-fuer-ordenskunde.de\/DGOWP\/wp-json\/wp\/v2\/pages\/135\/revisions"}],"predecessor-version":[{"id":4184,"href":"https:\/\/www.deutsche-gesellschaft-fuer-ordenskunde.de\/DGOWP\/wp-json\/wp\/v2\/pages\/135\/revisions\/4184"}],"wp:attachment":[{"href":"https:\/\/www.deutsche-gesellschaft-fuer-ordenskunde.de\/DGOWP\/wp-json\/wp\/v2\/media?parent=135"}],"curies":[{"name":"wp","href":"https:\/\/api.w.org\/{rel}","templated":true}]}}