{"id":1327,"date":"2013-06-23T20:09:32","date_gmt":"2013-06-23T20:09:32","guid":{"rendered":"https:\/\/www.deutsche-gesellschaft-fuer-ordenskunde.de\/DGOWP\/?page_id=1327"},"modified":"2023-06-04T19:38:16","modified_gmt":"2023-06-04T19:38:16","slug":"baden","status":"publish","type":"page","link":"https:\/\/www.deutsche-gesellschaft-fuer-ordenskunde.de\/DGOWP\/links\/verleihungslisten\/baden\/","title":{"rendered":"Verleihungslisten Baden"},"content":{"rendered":"<h1>Baden<\/h1>\n<ul>\n<li><a href=\"https:\/\/www.deutsche-gesellschaft-fuer-ordenskunde.de\/DGOWP\/wp-content\/uploads\/2023\/06\/Verleihungsliste_badischer_Fidelitasorden_1715_1802_Adler_Stand_06_2023.pdf\" data-wplink-edit=\"true\">Die Ritter des markgr\u00e4flich badischen <em>Fidelitasordens<\/em> oder <em>Hausordens der Treue<\/em> (1715\u20131802)<\/a><br \/>\n<strong>Bearbeiter: Dr. Lars Adler (Stand: 4. Juni 2023)<\/strong><\/li>\n<li><a href=\"https:\/\/www.deutsche-gesellschaft-fuer-ordenskunde.de\/DGOWP\/wp-content\/uploads\/2015\/04\/Baden_Erg\u00e4nzungen.pdf\">Erg\u00e4nzungen zu Verleihungen milit\u00e4rischer Orden (Orden Berthold I. und Orden vom Z\u00e4hringer L\u00f6wen) im Ersten Weltkrieg (1918)<\/a><br \/>\n<strong>Bearbeiter: David Danner (Stand 14. April 2015)<\/strong><\/li>\n<\/ul>\n","protected":false},"excerpt":{"rendered":"<p>Baden Die Ritter des markgr\u00e4flich badischen Fidelitasordens oder Hausordens der Treue (1715\u20131802) Bearbeiter: Dr. Lars Adler (Stand: 4. Juni 2023) Erg\u00e4nzungen zu Verleihungen milit\u00e4rischer Orden (Orden Berthold I. und Orden vom Z\u00e4hringer L\u00f6wen) im Ersten Weltkrieg (1918) Bearbeiter: David Danner (Stand 14. April 2015)<\/p>\n","protected":false},"author":2,"featured_media":0,"parent":1198,"menu_order":0,"comment_status":"closed","ping_status":"closed","template":"","meta":{"ngg_post_thumbnail":0,"footnotes":""},"class_list":["post-1327","page","type-page","status-publish","hentry"],"_links":{"self":[{"href":"https:\/\/www.deutsche-gesellschaft-fuer-ordenskunde.de\/DGOWP\/wp-json\/wp\/v2\/pages\/1327","targetHints":{"allow":["GET"]}}],"collection":[{"href":"https:\/\/www.deutsche-gesellschaft-fuer-ordenskunde.de\/DGOWP\/wp-json\/wp\/v2\/pages"}],"about":[{"href":"https:\/\/www.deutsche-gesellschaft-fuer-ordenskunde.de\/DGOWP\/wp-json\/wp\/v2\/types\/page"}],"author":[{"embeddable":true,"href":"https:\/\/www.deutsche-gesellschaft-fuer-ordenskunde.de\/DGOWP\/wp-json\/wp\/v2\/users\/2"}],"replies":[{"embeddable":true,"href":"https:\/\/www.deutsche-gesellschaft-fuer-ordenskunde.de\/DGOWP\/wp-json\/wp\/v2\/comments?post=1327"}],"version-history":[{"count":1,"href":"https:\/\/www.deutsche-gesellschaft-fuer-ordenskunde.de\/DGOWP\/wp-json\/wp\/v2\/pages\/1327\/revisions"}],"predecessor-version":[{"id":4222,"href":"https:\/\/www.deutsche-gesellschaft-fuer-ordenskunde.de\/DGOWP\/wp-json\/wp\/v2\/pages\/1327\/revisions\/4222"}],"up":[{"embeddable":true,"href":"https:\/\/www.deutsche-gesellschaft-fuer-ordenskunde.de\/DGOWP\/wp-json\/wp\/v2\/pages\/1198"}],"wp:attachment":[{"href":"https:\/\/www.deutsche-gesellschaft-fuer-ordenskunde.de\/DGOWP\/wp-json\/wp\/v2\/media?parent=1327"}],"curies":[{"name":"wp","href":"https:\/\/api.w.org\/{rel}","templated":true}]}}