{"id":125,"date":"2012-09-10T11:39:00","date_gmt":"2012-09-10T11:39:00","guid":{"rendered":"https:\/\/www.deutsche-gesellschaft-fuer-ordenskunde.de\/DGOWP\/?page_id=125"},"modified":"2023-11-17T14:28:54","modified_gmt":"2023-11-17T14:28:54","slug":"museen","status":"publish","type":"page","link":"https:\/\/www.deutsche-gesellschaft-fuer-ordenskunde.de\/DGOWP\/ausstellungen\/museen\/","title":{"rendered":"Museen"},"content":{"rendered":"<h1>Museen<\/h1>\n<h3>Museen mit ordenskundlichen Ausstellungen oder Teil-Ausstellungen<\/h3>\n<p>Um diese \u00dcbersicht m\u00f6glichst umfangreich zu gestalten, werden alle Leser dieser &nbsp; Seite (insbesondere die Organisatoren und Verantwortlichen von Veranstaltungen und Ausstellungen) gebeten, deutsche und ausl\u00e4ndische Museen mit ordenskundlichen Ausstellungen oder Teilausstellungen an Michael Autengruber, Schulthai\u00dfstra\u00dfe 10, D-78462 Konstanz, Tel.: (07531) 28 44 69, Fax: (07531) 28 44 70, E-mail: <a href=\"mailto:michael.autengruber@autengruber.de\">michael.autengruber@autengruber.de<\/a> zu melden, damit diese an dieser Stelle zur Information aller Leser dieser Seite ver\u00f6ffentlicht werden k\u00f6nnen.<\/p>\n<p>An dieser Stelle ist Emmanuel Halleux (Verviers), Attila Tornai und Andreas M. Schulze-Ising (Martinsville) f\u00fcr die \u00dcberlassung zahlreicher Hinweise herzlichst zu danken!<\/p>\n<p>Stiftung Bundekanzler-Adenauer-Haus <a href=\"http:\/\/www.adenauerhaus.de\/\" target=\"_BLANK\" rel=\"noopener noreferrer\">(Link)<\/a><br \/>\nStadtmuseum Bad Salzuflen<br \/>\nDokumentation Obersalzberg, Berchtesgaden<br \/>\nDeutsches Historisches Museum, Berlin <a href=\"http:\/\/www.dhm.de\/\" target=\"_BLANK\" rel=\"noopener noreferrer\">(Link)<\/a><br \/>\n<a href=\"http:\/\/www.sdtb.de\/Besucherinformationen.1040.0.html\">Deutsches Technikmuseum, Berlin<\/a><br \/>\nRotkreuz-Museum, Berlin<br \/>\nSt\u00e4dtisches Museum, Braunschweig<br \/>\nBomann-Museum, Celle<br \/>\nVeste Coburg, Coburg <a href=\"http:\/\/www.kunstsammlungen-coburg.de\/\" target=\"_BLANK\" rel=\"noopener noreferrer\">(Link)<\/a><br \/>\nSchlo\u00dfmuseum, Darmstadt<br \/>\nLippisches Landesmuseum, Detmold <a href=\"http:\/\/www.lippisches-landesmuseum.de\" target=\"_BLANK\" rel=\"noopener noreferrer\">(Link)<\/a><br \/>\nF\u00fcrstlich-Lippische Sammlungen, Schlo\u00df Detmold<br \/>\nMilit\u00e4rhistorisches Museum der Bundeswehr, Dresden <a href=\"http:\/\/www.mgfa.de\/html\/museen_dresden_2005.php\" target=\"_BLANK\" rel=\"noopener noreferrer\">(Link)<\/a><br \/>\nGr\u00fcnes Gew\u00f6lbe, Dresden (Link)<br \/>\nDeutsches Postmuseum, Frankfurt am Main<br \/>\nBismarck-Museum, Friedrichsruh<br \/>\nBurg Hohenzollern, Hechingen (Link)<br \/>\nBayerisches Armeemuseum, Ingolstadt <a href=\"http:\/\/www.bayerisches-armeemuseum.de\/\" target=\"_BLANK\" rel=\"noopener noreferrer\">(Link)<\/a><br \/>\nSchlo\u00dfmuseum, Jever<br \/>\nGarnisonsmuseum, Ludwigsburg <a href=\"http:\/\/www.ludwigsburg.de\/servlet\/PB\/menu\/1037470_l1\/index.html\" target=\"_BLANK\" rel=\"noopener noreferrer\">(Link)<\/a><br \/>\nMuseen der Stadt L\u00fcdenscheid <a href=\"http:\/\/www.luedenscheid.de\/luedenscheid_erleben\/bildung_und_kultur\/museen\/sp_auto_655.php\" target=\"_BLANK\" rel=\"noopener noreferrer\">(Link)<\/a><br \/>\nSchatzkammer der Residenz, M\u00fcnchen <a href=\"http:\/\/www.schloesser.bayern.de\/deutsch\/schloss\/objekte\/mu_schk.htm\" target=\"_BLANK\" rel=\"noopener noreferrer\">(Link)<\/a><br \/>\nDeutsches Ordensmuseum, Neuffen <a href=\"https:\/\/www.deutsche-gesellschaft-fuer-ordenskunde.de\/DGOWP\/ausstellungen\/deutsches-ordensmuseum\/\">(Link)<\/a><br \/>\nGarnisonmuseum, N\u00fcrnberg (Link)<br \/>\nWehrgeschichtliches Museum, Rastatt <a href=\"http:\/\/www.wgm-rastatt.de\/\" target=\"_BLANK\" rel=\"noopener noreferrer\">(Link)<\/a><br \/>\nSchlo\u00df Hohenschwangau, Schwangau <a href=\"http:\/\/www.hohenschwangau.de\/\" target=\"_BLANK\" rel=\"noopener noreferrer\">(Link)<\/a><br \/>\n<a href=\"https:\/\/www.mainzer-garnisonsmuseum.de\/\">Mainzer Garnisonsmuseum<\/a><\/p>\n<p><strong>\u00c4gypten<\/strong>: Abdine Palace, Kairo<br \/>\n<strong>\u00c4gypten<\/strong>: Army Museum of the Citadel, Kairo<br \/>\n<strong>Argentinien<\/strong>: Museo de la Casa Rosada, Buenos Aires<br \/>\n<strong>Argentinien<\/strong>: Museo Historico Nacional, Buenos Aires<br \/>\n<strong>Belgien<\/strong>: Mus\u00e9e Royal de l`Arm\u00e9e et de l`Histoire Militaire, Br\u00fcssel&nbsp;<a href=\"http:\/\/www.klm-mra.be\/\" target=\"_BLANK\" rel=\"noopener noreferrer\">(Link)<\/a><br \/>\n<strong>Brasilien<\/strong>: Museu Historico Nacional, Rio de Janeiro <a href=\"http:\/\/www.museuhistoriconacional.com.br\/\" target=\"_BLANK\" rel=\"noopener noreferrer\">(Link)<\/a><br \/>\n<strong>Brasilien<\/strong>: Museu da Marinha, Rio de Janeiro<br \/>\n<strong>Brunei<\/strong>: Royal Regalia Museum, Bandar Seri Begawan<br \/>\n<strong>Bulgarien<\/strong>: Centralnogo Muzeja Armii, Sofia<br \/>\n<strong>Volksrepublik China<\/strong>: Revolutions-Milit\u00e4risches Museum des Chinesischen Volkes, Peking<br \/>\n<strong>D\u00e4nemark<\/strong>: Tojhusmuseet, Kopenhagen<br \/>\n<strong>D\u00e4nemark<\/strong>: Skatkammeret, Schlo\u00df Rosenborg <a href=\"http:\/\/www.visitcopenhagen.de\/de\/copenhagen\/schloss-rosenborg-gdk410582\" target=\"_BLANK\" rel=\"noopener noreferrer\">(Link)<\/a><br \/>\n<strong>Finnland<\/strong>: Military Museum, Helsinki <a href=\"http:\/\/www.mpkk.fi\/en\/museum\" target=\"_BLANK\" rel=\"noopener noreferrer\">(Link)<\/a><br \/>\n<strong>Finnland<\/strong>: Mannerheim-Museum, Helsinki&nbsp;<a href=\"http:\/\/www.mannerheim-museo.fi\/the-mannerheim-museum\/\" target=\"_BLANK\" rel=\"noopener noreferrer\">(Link)<\/a><br \/>\n<strong>Finnland<\/strong>: Historisches Museum im Schlo\u00df, Turku\/\u00c5bo<br \/>\n<strong>Frankreich<\/strong>: Mus\u00e9e de la Vie Bourguignonne, Dijon<br \/>\n<strong>Frankreich<\/strong>: Mus\u00e9e de la L\u00e9gion d`Honneur et des Ordres de Chevalerie, Paris <a href=\"http:\/\/www.legiondhonneur.fr\/\" target=\"_BLANK\" rel=\"noopener noreferrer\">(Link)<\/a><br \/>\n<strong>Frankreich<\/strong>: Mus\u00e9e de l`Arm\u00e9e (H\u00f4tel des Invalides), Paris<br \/>\n<strong>Frankreich<\/strong>: Mus\u00e9s de la Marine, Paris<br \/>\n<strong>Frankreich<\/strong>: Mus\u00e9e d`Art et d`Histoire militaires de l`Emp\u00e9ri, Salon<br \/>\n<strong>Frankreich<\/strong>: Mus\u00e9e International des Hussards, Tarbes<br \/>\n<strong>Griechenland<\/strong>: Army Museum, Athen<br \/>\n<strong>Griechenland<\/strong>: National Museum of History, Athen<br \/>\n<strong>Gro\u00dfbritannien<\/strong>: Imperial War Museum, London <a href=\"http:\/\/www.iwm.org.uk\/\" target=\"_BLANK\" rel=\"noopener noreferrer\">(Link)<\/a><br \/>\n<strong>Gro\u00dfbritannien<\/strong>: Museum of the Guards, London<br \/>\n<strong>Gro\u00dfbritannien<\/strong>: Museum of the Royal Fusiliers im Tower of London, London<br \/>\n<strong>Gro\u00dfbritannien<\/strong>: National Army Museum, London (Link)<br \/>\n<strong>Gro\u00dfbritannien<\/strong>: Royal Air Force Museum, London<br \/>\n<strong>Gro\u00dfbritannien<\/strong>: Schatzkammer des Tower of London, London<br \/>\n<strong>Gro\u00dfbritannien<\/strong>: Royal Naval Museum, Portsmouth <a href=\"http:\/\/www.nmrn.org.uk\/\" target=\"_BLANK\" rel=\"noopener noreferrer\">(Link)<\/a><br \/>\n<strong>Indien<\/strong>: Medal Gallery, Sheesh Mahal, Patiala<br \/>\n<strong>Japan:<\/strong> <a href=\"https:\/\/www.mod.go.jp\/gsdf\/nae\/2d\/hokutin2\/top.html\">Hokuchin Museum, Asahikawa<\/a><br \/>\n<strong>Japan:<\/strong> <a href=\"https:\/\/www.yasukuni.or.jp\/english\/yushukan\/index.html\">Yushukan Museum, Tokyo<\/a><br \/>\n<strong>Jemen<\/strong>: Military Museum, Sana`a<br \/>\n<strong>Jordanien<\/strong>: Martyr Memorial, Amman<br \/>\n<strong>Kanada<\/strong>: Canadian War Museum, Ottawa<br \/>\n<strong>Katar<\/strong>: National Museum, Doha<br \/>\n<strong>Korea (S\u00fcd-)<\/strong>: Korean War Memorial, Seoul<br \/>\n<strong>Kroatien<\/strong>: Hrvatski Povijesni Muzej, Zagreb<br \/>\n<strong>Lettland<\/strong>: Army Museum, Riga <a href=\"http:\/\/www.karamuzejs.lv\/lkm\/home.aspx?sc_lang=en\" target=\"_BLANK\" rel=\"noopener noreferrer\">(Link)<\/a><br \/>\n<strong>Liechtenstein<\/strong>: Liechtensteinisches Landesmuseum, Vaduz&nbsp;<a href=\"http:\/\/www.landesmuseum.li\/\" target=\"_BLANK\" rel=\"noopener noreferrer\">(Link)<\/a><br \/>\n<strong>Litauen<\/strong>: National Museum, Vilnius<br \/>\n<strong>Malaysia<\/strong>: National Museum, Kuala Lumpur<br \/>\n<strong>Malaysia<\/strong>: Memorial Tunku Abdul Rahman Putra, Kuala Lumpur<br \/>\n<strong>Malaysia<\/strong>: National History Museum, Kuala Lumpur<br \/>\n<strong>Malaysia<\/strong>: Memorial Tunku Abdul Razak, Kuala Lumpur<br \/>\n<strong>Malaysia<\/strong>: Sultan Abu Bakar Museum, Johore Baharu<br \/>\n<strong>Malaysia<\/strong>: Royal Museum of Perak, Kuala Kangsar<br \/>\n<strong>Malaysia (S\u00e9langor)<\/strong>: State Museum, Shah Alam<br \/>\n<strong>Mexiko<\/strong>: Museo del Esercito, Mexico<br \/>\n<strong>Monaco<\/strong>: Mus\u00e9e Napol\u00e9onique, Monaco&nbsp;<a href=\"http:\/\/www.monte-carlo.mc\/fr\/visites\/musee-napoleonien\/\" target=\"_BLANK\" rel=\"noopener noreferrer\">(Link)<\/a><br \/>\n<strong>Nepal<\/strong>: National Museum, Kathmandu<br \/>\n<strong>Nepal<\/strong>: Military Museum, Kathmandu<br \/>\n<strong>Nepal<\/strong>: King Thribhuvan Museum, Kathmandu<br \/>\n<strong>Niederlande<\/strong>: Museum van de Kanselarij der Nederlandse Orden, Palais Het Loo, Appeldoorn<br \/>\n<strong>Niederlande<\/strong>: Huis Doorn, Doorn<br \/>\n<strong>Norwegen<\/strong>: Forsvarsmuseet, Oslo<br \/>\n<strong>Norwegen<\/strong>: Haermuseet, Oslo<br \/>\n<strong>\u00d6sterreich<\/strong>: \u00d6sterreichisches Ordensmuseum, Deutsch-Wagram<br \/>\n<strong>\u00d6sterreich<\/strong>: Hofburg, Schatzkammer, Wien<br \/>\n<strong>\u00d6sterreich<\/strong>: Heeresgeschichtliches Museum, Wien<br \/>\n<strong>\u00d6sterreich<\/strong>: Kunsthistorisches Museum, Wien<br \/>\n<strong>\u00d6sterreich<\/strong>: Schatzkammer des Deutschen Ordens, Wien<br \/>\n<strong>Oman<\/strong>: National Museum, Maskat<br \/>\n<strong>Oman<\/strong>: Bait al Zubair Museum, Maskat<br \/>\n<strong>Oman<\/strong>: Bait Falaj Military Museum, Maskat<br \/>\n<strong>Polen<\/strong>: Wawel Muzeum, Krakau<br \/>\n<strong>Polen<\/strong>: Wielkopolskie Muzeum Wojskowe, Posen<br \/>\n<strong>Polen<\/strong>: Muzeum Vojska Polskiego, Warschau<br \/>\n<strong>Portugal<\/strong>: Museu de Marina, Lissabon (Link)<br \/>\n<strong>Portugal<\/strong>: Museu de Presidencia da Republica, Lissabon <a href=\"http:\/\/www.museu.presidencia.pt\/\" target=\"_BLANK\" rel=\"noopener noreferrer\">(Link)<\/a><br \/>\n<strong>Portugal<\/strong>: Pal\u00e1cio Nacional da Ajuda, Lissabon<br \/>\n<strong>Portugal<\/strong>: Pal\u00e1cio das Necessidades, Lissabon<br \/>\n<strong>Rum\u00e4nien<\/strong>: Muzeul Militar Central, Bukarest<br \/>\n<strong>Ru\u00dfland<\/strong>: R\u00fcstkammer im Moskauer Kreml, Moskau<br \/>\n<strong>Ru\u00dfland<\/strong>: Russischer Diamanten Fond, Moskau<br \/>\n<strong>Ru\u00dfland<\/strong>: Staatliches Geschichtliches Museum des Lenin-Ordens, Moskau<br \/>\n<strong>Ru\u00dfland<\/strong>: Woienno Istoritscherkij Musej Artillerij, Sankt Petersburg<br \/>\n<strong>Saudi Arabien<\/strong>: King Faisal Memorial, Rijadh<br \/>\n<strong>Serbien<\/strong>: Voinj Muzeij, Belgrad<br \/>\n<strong>Schweden<\/strong>: K\u00f6nigliches Schlo\u00df, Schatzkammer, Stockholm<br \/>\n<strong>Schweden<\/strong>: Marinemuseum, Stockholm<br \/>\n<strong>Schweiz<\/strong>: Mus\u00e9e de l`Horlogerie et de l`Emaillerie, Genf<br \/>\n<strong>Schweiz<\/strong>: Mus\u00e9e des Suisses de l`Etranger, Genf, Ch\u00e2teau de Penthes<br \/>\n<strong>Schweiz<\/strong>: Mus\u00e9e de l`Ordre de Malte, Genf<br \/>\n<strong>Slowakei<\/strong>: Z\u00e1padoslovensk\u00e9 M\u00fazeum, Trnava<br \/>\n<strong>Spanien<\/strong>: Museo Militar del Castello de Montjuich, Barcelona<br \/>\n<strong>Spanien<\/strong>: Museo do Ejercccitos, Madrid<br \/>\n<strong>Spanien<\/strong>: Museo Naval, Madrid (Link)<br \/>\n<strong>Syrien<\/strong>: Military Museum, Damaskus<br \/>\n<strong>Taiwan<\/strong>: Tchang Kai Chek Memorial, Taipeh<br \/>\n<strong>Thailand<\/strong>: Museum of Royal Artefacts in the Royal Palace, Bangkok<br \/>\n<strong>Tschechische Republik<\/strong>: Heeresmuseum, Prag<br \/>\n<strong>Tschechische Republik<\/strong>: Nationalmuseum, Prag<br \/>\n<strong>Tschechische Republik<\/strong>: Staatliche Sammlung, Schlo\u00df N\u00e1chod<br \/>\n<strong>Tschechische Republik<\/strong>: Staatliche Sammlung, Schlo\u00df Orlik<br \/>\n<strong>T\u00fcrkei<\/strong>: Askeri M\u00fcze, Istanbul <a href=\"http:\/\/www.askerimuze.tsk.tr\/\" target=\"_BLANK\" rel=\"noopener noreferrer\">(Link)<\/a><br \/>\n<strong>T\u00fcrkei<\/strong>: Dolmaba\u00e7e M\u00fcze, Istanbul<br \/>\n<strong>T\u00fcrkei<\/strong>: Topkapi M\u00fcze, Istanbul<br \/>\n<strong>Ungarn<\/strong>: Hadt\u00f6rt\u00e9neti M\u00fazeum, Budapest&nbsp;<a href=\"http:\/\/www.militaria.hu\/\">(Link)<\/a><br \/>\n<strong>Ungarn<\/strong>: Magyar Nemzeti M\u00fazeum, Budapest <a href=\"https:\/\/mnm.hu\/\">(Link)<\/a><br \/>\n<strong>Ungarn<\/strong>: Helikon M\u00fazeum, Keszthely <a href=\"http:\/\/helikonkastely.hu\/hu\/\">(Link)<\/a><br \/>\n<strong>Ungarn<\/strong>: J\u00f3sa Andr\u00e1s M\u00fazeum, Ny\u00edregyh\u00e1za&nbsp;<a href=\"http:\/\/www.helikonkastely.hu\/\">(Link)<\/a><br \/>\n<strong>U.S.A.<\/strong>: Hillwood Museum, Washington, DC <a href=\"http:\/\/www.hillwoodmuseum.org\/\" target=\"_BLANK\" rel=\"noopener noreferrer\">(Link)<\/a><br \/>\n<strong>U.S.A.<\/strong>: West Point Museum, West Point<br \/>\n<strong>Vatikan<\/strong>: Museo Storico, Vatikanstadt<br \/>\n<strong>Vereinigte Arabische Emirate<\/strong>: National Museum, Ras al Khaima&nbsp;<a href=\"http:\/\/www.ras-al-khaimah.eu\/sehenswuerdigkeiten\/al-hisn-fort-nationalmuseum.php\" target=\"_BLANK\" rel=\"noopener noreferrer\">(Link)<\/a><br \/>\n<strong>Vietnam<\/strong>: Army Museum, Hanoi<br \/>\n<strong>Wei\u00dfru\u00dfland<\/strong>: Sobranij Museja, Minsk<\/p>\n<p>Autor: Michael Autengruber, Konstanz<\/p>\n","protected":false},"excerpt":{"rendered":"<p>Museen Museen mit ordenskundlichen Ausstellungen oder Teil-Ausstellungen Um diese \u00dcbersicht m\u00f6glichst umfangreich zu gestalten, werden alle Leser dieser &nbsp; Seite (insbesondere die Organisatoren und Verantwortlichen von Veranstaltungen und Ausstellungen) gebeten, deutsche und ausl\u00e4ndische Museen mit ordenskundlichen Ausstellungen oder Teilausstellungen an Michael Autengruber, Schulthai\u00dfstra\u00dfe 10, D-78462 Konstanz, Tel.: (07531) 28 44 69, Fax: (07531) 28 44 &hellip; <\/p>\n<p class=\"link-more\"><a href=\"https:\/\/www.deutsche-gesellschaft-fuer-ordenskunde.de\/DGOWP\/ausstellungen\/museen\/\" class=\"more-link\"><span class=\"screen-reader-text\">\u201eMuseen\u201c <\/span>weiterlesen<\/a><\/p>\n","protected":false},"author":2,"featured_media":0,"parent":91,"menu_order":0,"comment_status":"closed","ping_status":"closed","template":"","meta":{"ngg_post_thumbnail":0,"footnotes":""},"class_list":["post-125","page","type-page","status-publish","hentry"],"_links":{"self":[{"href":"https:\/\/www.deutsche-gesellschaft-fuer-ordenskunde.de\/DGOWP\/wp-json\/wp\/v2\/pages\/125","targetHints":{"allow":["GET"]}}],"collection":[{"href":"https:\/\/www.deutsche-gesellschaft-fuer-ordenskunde.de\/DGOWP\/wp-json\/wp\/v2\/pages"}],"about":[{"href":"https:\/\/www.deutsche-gesellschaft-fuer-ordenskunde.de\/DGOWP\/wp-json\/wp\/v2\/types\/page"}],"author":[{"embeddable":true,"href":"https:\/\/www.deutsche-gesellschaft-fuer-ordenskunde.de\/DGOWP\/wp-json\/wp\/v2\/users\/2"}],"replies":[{"embeddable":true,"href":"https:\/\/www.deutsche-gesellschaft-fuer-ordenskunde.de\/DGOWP\/wp-json\/wp\/v2\/comments?post=125"}],"version-history":[{"count":2,"href":"https:\/\/www.deutsche-gesellschaft-fuer-ordenskunde.de\/DGOWP\/wp-json\/wp\/v2\/pages\/125\/revisions"}],"predecessor-version":[{"id":4727,"href":"https:\/\/www.deutsche-gesellschaft-fuer-ordenskunde.de\/DGOWP\/wp-json\/wp\/v2\/pages\/125\/revisions\/4727"}],"up":[{"embeddable":true,"href":"https:\/\/www.deutsche-gesellschaft-fuer-ordenskunde.de\/DGOWP\/wp-json\/wp\/v2\/pages\/91"}],"wp:attachment":[{"href":"https:\/\/www.deutsche-gesellschaft-fuer-ordenskunde.de\/DGOWP\/wp-json\/wp\/v2\/media?parent=125"}],"curies":[{"name":"wp","href":"https:\/\/api.w.org\/{rel}","templated":true}]}}