{"id":1203,"date":"2019-11-21T15:18:00","date_gmt":"2019-11-21T15:18:00","guid":{"rendered":"https:\/\/www.deutsche-gesellschaft-fuer-ordenskunde.de\/DGOWP\/?page_id=1203"},"modified":"2025-10-17T21:41:27","modified_gmt":"2025-10-17T19:41:27","slug":"hessen-darmstadt-grosherzogtum-hessen","status":"publish","type":"page","link":"https:\/\/www.deutsche-gesellschaft-fuer-ordenskunde.de\/DGOWP\/links\/verleihungslisten\/hessen-darmstadt-grosherzogtum-hessen\/","title":{"rendered":"Verleihungslisten Hessen-Darmstadt (Gro\u00dfherzogtum Hessen)"},"content":{"rendered":"\n<div class=\"wp-block-group\"><div class=\"wp-block-group__inner-container is-layout-flow wp-block-group-is-layout-flow\">\n<h1 class=\"wp-block-heading\"><b>Hessen-Darmstadt (Gro\u00dfherzogtum Hessen)<\/b><\/h1>\n\n\n\n<h3 class=\"wp-block-heading\">ORDEN<\/h3>\n\n\n\n<ul class=\"wp-block-list\">\n<li><strong>Verdienstorden Philipps des Gro\u00dfm\u00fctigen<\/strong><br \/> <a href=\"https:\/\/www.deutsche-gesellschaft-fuer-ordenskunde.de\/DGOWP\/wp-content\/uploads\/2016\/04\/Verleih_Liste_Ehrenkreuz_Philipps-Orden_Adler.pdf\">Ehrenkreuz des Verdienstordens Philipps des Gro\u00dfm\u00fctigen (1900\u20131918)<\/a><br \/> <strong>Bearbeiter: Prof. Dr. Lars Adler (Stand: 20. April 2016)<\/strong><br \/><a href=\"https:\/\/www.deutsche-gesellschaft-fuer-ordenskunde.de\/DGOWP\/wp-content\/uploads\/2025\/02\/Verleih_Liste_RK_Philipps-Orden.pdf\">Ritterkreuz des Verdienstordens Philipps des Gro\u00dfm\u00fctigen (1840\u20131859)<\/a><br \/><strong>Bearbeiter: Prof. Dr. Lars Adler (Stand: 24. Februar 2025)<\/strong><\/li>\n\n\n\n<li><strong>Orden Stern von Brabant<\/strong><br \/> <a href=\"https:\/\/www.deutsche-gesellschaft-fuer-ordenskunde.de\/DGOWP\/wp-content\/uploads\/2025\/02\/Verl_Liste_1914_Orden_Stern_von_Brabant_Stand_Feb_2025.pdf\">Orden Stern von Brabant 1914\u20131918<\/a><br \/> <strong>Bearbeiter: Prof. Dr. Lars Adler (Stand: 12. Februar 2025)<\/strong><\/li>\n<\/ul>\n\n\n\n<h3 class=\"wp-block-heading\">ZIVILE EHRENZEICHEN<\/h3>\n\n\n\n<ul class=\"wp-block-list\">\n<li><a href=\"https:\/\/www.deutsche-gesellschaft-fuer-ordenskunde.de\/DGOWP\/wp-content\/uploads\/2013\/05\/Verleih_Liste_AE_F\u00fcr_Verdienste_Dr_Adler.pdf\">Allgemeines Ehrenzeichen mit der Inschrift \u201eF\u00dcR VERDIENSTE\u201c (1850\u20131917)<\/a><br \/> <strong>Bearbeiter: Prof. Dr. Lars Adler (Stand: 27. Dezember 2014)<\/strong><\/li>\n\n\n\n<li><a href=\"https:\/\/www.deutsche-gesellschaft-fuer-ordenskunde.de\/DGOWP\/wp-content\/uploads\/2013\/10\/Verleih_AE_50_J%C3%A4hr_Treue_Dienste_Adler.pdf\">Allgemeines Ehrenzeichen mit der Inschrift \u201eF\u00dcR 50-J\u00c4HRIGE TREUE DIENSTE\u201c (1850\u20131917)<\/a><br \/> <strong>Bearbeiter: Prof. Dr. Lars Adler (Stand: 25. Oktober 2013)<\/strong><\/li>\n\n\n\n<li><a href=\"https:\/\/www.deutsche-gesellschaft-fuer-ordenskunde.de\/DGOWP\/wp-content\/uploads\/2019\/02\/Verleih_Liste_AE_F\u00fcr_vielj\u00e4hrige_treue_Dienste_Adler.pdf\">Allgemeines Ehrenzeichen mit der Inschrift \u201eF\u00dcR VIELJ\u00c4HRIGE TREUE DIENSTE\u201c (1864\u20131869)<\/a><br \/> <strong>Bearbeiter: Prof. Dr. Lars Adler (Stand: 11. Februar 2019)<\/strong><\/li>\n\n\n\n<li><a href=\"https:\/\/www.deutsche-gesellschaft-fuer-ordenskunde.de\/DGOWP\/wp-content\/uploads\/2013\/05\/Verl_Liste_Adler_AE_Rettung_Hessen.pdf\">Allgemeines Ehrenzeichen mit der Inschrift \u201eF\u00dcR RETTUNG VON MENSCHENLEBEN \u2013 Rettungsmedaille\u201c (1850\u20131918)<\/a><br \/> <strong>Bearbeiter: Prof. Dr. Lars Adler (Stand: 23. Mai 2015)<\/strong><\/li>\n\n\n\n<li><a href=\"https:\/\/www.deutsche-gesellschaft-fuer-ordenskunde.de\/DGOWP\/wp-content\/uploads\/2020\/05\/Verl_Liste_AE_F\u00fcr_treue_Arbeit_Adler.pdf\">Allgemeines Ehrenzeichen mit der Inschrift \u201eF\u00dcR TREUE ARBEIT\u201c (1896\u20131918) <\/a><br \/> <strong>Bearbeiter: Prof. Dr. Lars Adler (Stand: 3. Mai 2020)<\/strong><\/li>\n\n\n\n<li><a href=\"https:\/\/www.deutsche-gesellschaft-fuer-ordenskunde.de\/DGOWP\/wp-content\/uploads\/2023\/03\/Verleih_Liste_Gold_Ver_Med_W_u_K_ADLER.pdf\">Goldene Verdienstmedaille f\u00fcr Wissenschaft, Kunst, Industrie und Landwirtschaft (1853\u20131918)<\/a><br \/><strong>Bearbeiter: Prof. Dr. Lars Adler (Stand: 7. M\u00e4rz 2023)<\/strong><\/li>\n\n\n\n<li><a href=\"https:\/\/www.deutsche-gesellschaft-fuer-ordenskunde.de\/DGOWP\/wp-content\/uploads\/2023\/03\/Verleih_Liste_Silb_Ver_Med_W_u_K_ADLER.pdf\">Silberne Verdienstmedaille f\u00fcr Wissenschaft, Kunst, Industrie und Landwirtschaft (1853\u20131918)<\/a><br \/><strong>Bearbeiter: Prof. Dr. Lars Adler (Stand: 7. M\u00e4rz 2023)<\/strong><\/li>\n\n\n\n<li><a title=\"Ehrenzeichen f\u00fcr Verdienste w\u00e4hrend der Wassersnoth 1882\/83\" href=\"https:\/\/www.deutsche-gesellschaft-fuer-ordenskunde.de\/DGOWP\/wp-content\/uploads\/2013\/05\/Verleih_Liste_E_Wassernot_1882_1883.pdf\">Ehrenzeichen f\u00fcr Verdienste w\u00e4hrend der Wassersnoth 1882\/83<b><br \/> <\/b><\/a><strong>Bearbeiter: Prof. Dr. Lars Adler (Stand: 17. Juni 2013)<\/strong><\/li>\n\n\n\n<li><a href=\"https:\/\/www.deutsche-gesellschaft-fuer-ordenskunde.de\/DGOWP\/wp-content\/uploads\/2013\/11\/Verleih_Liste_Ehrz_Feuerwehr_1883_1918_Adler.pdf\">Ehrenzeichen f\u00fcr Mitglieder der freiwilligen Feuerwehren (1883\u20131918)<\/a><br \/> <strong>Bearbeiter: Prof. Dr. Lars Adler (Stand: 9. Juli 2016)<\/strong><\/li>\n\n\n\n<li><a href=\"https:\/\/www.deutsche-gesellschaft-fuer-ordenskunde.de\/DGOWP\/wp-content\/uploads\/2013\/05\/Verl_Liste_1881_Erinn_Med_Ludwig_IV_Adler.pdf\">Silberne und Bronzene Erinnerungsmedaille mit dem Bildnis des Gro\u00dfherzogs Ludwig IV. von Hessen (1881, 1884\u20131895)<\/a><br \/> <strong>Bearbeiter: Prof. Dr. Lars Adler (Stand: 27. Oktober 2017)<\/strong><\/li>\n\n\n\n<li><a href=\"https:\/\/www.deutsche-gesellschaft-fuer-ordenskunde.de\/DGOWP\/wp-content\/uploads\/2025\/04\/Verleih_Liste_Alice_Erinnerungsmed_1884_ADLER.pdf\">Silberne und Bronzene Erinnerungsmedaille mit dem Bildnis der Gro\u00dfherzogin Alice, sog. Alice-Medaille (1884-1911)<\/a><br \/><strong>Bearbeiter: Prof. Dr. Lars Adler (Stand: 24. April 2025)<\/strong><\/li>\n\n\n\n<li><a href=\"https:\/\/www.deutsche-gesellschaft-fuer-ordenskunde.de\/DGOWP\/wp-content\/uploads\/2024\/02\/Verleih_Liste_Dienst_Aus_K_Krankenpflege_1891.pdf\">Dienstauszeichnungskreuz f\u00fcr Krankenpflege in Gold und Silber (1891\u20131918)<\/a><br \/><strong>Bearbeiter: Prof. Dr. Lars Adler (Stand: 1. Februar 2024)<\/strong><\/li>\n\n\n\n<li><a href=\"https:\/\/www.deutsche-gesellschaft-fuer-ordenskunde.de\/DGOWP\/wp-content\/uploads\/2019\/12\/Verl_Liste_1894_Hoch_Medaille_1_Hochzeit_ADLER_.pdf\">Hochzeitsmedaille anl\u00e4sslich der ersten Verm\u00e4hlung Gro\u00dfherzog Ernst Ludwigs (1894<\/a><strong>)<br \/> Bearbeiter: Prof. Dr. Lars Adler (Stand: 20. Dezember 2019)<\/strong><\/li>\n\n\n\n<li><a href=\"https:\/\/www.deutsche-gesellschaft-fuer-ordenskunde.de\/DGOWP\/wp-content\/uploads\/2018\/03\/Verleih_Liste_Goldenes_Kreuz_Dienstboten_1895_1918_Adler.pdf\">Goldenes Kreuz f\u00fcr weibliche Dienstboten f\u00fcr 25 und 40 Dienstjahre (1895\u20131918)<\/a><strong><br \/> Bearbeiter: Prof. Dr. Lars Adler (Stand: 7. Februar 2019)<\/strong><\/li>\n\n\n\n<li><a href=\"https:\/\/www.deutsche-gesellschaft-fuer-ordenskunde.de\/DGOWP\/wp-content\/uploads\/2025\/10\/Verleih_Liste_DienstE_K_Hof_1897_Adler.pdf\">Hof-Dienst-Ehrenzeichen f\u00fcr 25 und 50 Dienstjahre in Silber und Gold (1897\u20131918)<\/a><br \/><strong>Bearbeiter: Prof. Dr. Lars Adler (Stand: 17. Oktober 2025)<\/strong><\/li>\n\n\n\n<li><a href=\"https:\/\/www.deutsche-gesellschaft-fuer-ordenskunde.de\/DGOWP\/wp-content\/uploads\/2013\/05\/Verleih_Liste_Staatsmedaille_Hessen_Adler.pdf\">Staatsmedaille f\u00fcr Ausstellungen in Gold, Silber und Bronze (1903\u20131918)<\/a><br \/> <strong>Bearbeiter: Prof. Dr. Lars Adler (Stand: 6. Juli 2014)<\/strong><\/li>\n\n\n\n<li><a href=\"https:\/\/www.deutsche-gesellschaft-fuer-ordenskunde.de\/DGOWP\/wp-content\/uploads\/2019\/07\/Verl_Liste_1905_Erinn_Zeich_2_Hochzeit.pdf\">Erinnerungszeichen an die zweite Hochzeit Gro\u00dfherzog Ernst Ludwigs (1905)<\/a><br \/> <strong>Bearbeiter: Prof. Dr. Lars Adler (Stand: 27. Juli 2019)<\/strong><\/li>\n\n\n\n<li><a href=\"https:\/\/www.deutsche-gesellschaft-fuer-ordenskunde.de\/DGOWP\/wp-content\/uploads\/2025\/03\/Verl_Liste_1910_E_L_Eleonorenkreuz.pdf\">Ernst Ludwig-Eleonoren-Kreuz f\u00fcr Verdienste in der Wohlfahrtspflege (1910\u20131918)<\/a><br \/> <strong>Bearbeiter: Prof. Dr. Lars Adler (Stand: 24. M\u00e4rz 2025)<\/strong><\/li>\n<\/ul>\n\n\n\n<h3 class=\"wp-block-heading\">MILIT\u00c4RISCHE EHRENZEICHEN<\/h3>\n\n\n\n<p><\/p>\n\n\n\n<ul class=\"wp-block-list\">\n<li><a href=\"https:\/\/www.deutsche-gesellschaft-fuer-ordenskunde.de\/DGOWP\/wp-content\/uploads\/2021\/07\/Verl_Liste_1868_Milit_Erinn_Zeichen_Grossherz_Hessen_Adler.pdf\">Milit\u00e4risches Erinnerungszeichen an Gro\u00dfherzog Ludewig I. von Hessen f\u00fcr Kriegsveteranen (1868\u20131875)<\/a><strong><br \/>Bearbeiter: Prof. Dr. Lars Adler (Stand: 24. Juli 2021)<\/strong><\/li>\n\n\n\n<li><a href=\"https:\/\/www.deutsche-gesellschaft-fuer-ordenskunde.de\/DGOWP\/wp-content\/uploads\/2020\/12\/Verl_Liste_1870_Militaer_Sanitaets_Kreuz_Adler_2020_12_22.pdf\">Milit\u00e4r-Sanit\u00e4ts-Kreuz (1870\u20131876)<\/a><strong><br \/> Bearbeiter: Prof. Dr. Lars Adler (Stand: 22. Dezember 2020)<\/strong><\/li>\n\n\n\n<li><a href=\"https:\/\/www.deutsche-gesellschaft-fuer-ordenskunde.de\/DGOWP\/wp-content\/uploads\/2020\/12\/Verl_Liste_1870_Militaer_Verdienst_Kreuz.pdf\">Milit\u00e4r-Verdienst-Kreuz (1870\u20131885)<\/a><strong><br \/> Bearbeiter: Prof. Dr. Lars Adler (Stand: 19. Februar 2019)<\/strong><\/li>\n<\/ul>\n<\/div><\/div>\n\n\n\n<p><\/p>\n","protected":false},"excerpt":{"rendered":"<p>Hessen-Darmstadt (Gro\u00dfherzogtum Hessen) ORDEN ZIVILE EHRENZEICHEN MILIT\u00c4RISCHE EHRENZEICHEN<\/p>\n","protected":false},"author":2,"featured_media":0,"parent":1198,"menu_order":0,"comment_status":"closed","ping_status":"closed","template":"","meta":{"ngg_post_thumbnail":0,"footnotes":""},"class_list":["post-1203","page","type-page","status-publish","hentry"],"_links":{"self":[{"href":"https:\/\/www.deutsche-gesellschaft-fuer-ordenskunde.de\/DGOWP\/wp-json\/wp\/v2\/pages\/1203","targetHints":{"allow":["GET"]}}],"collection":[{"href":"https:\/\/www.deutsche-gesellschaft-fuer-ordenskunde.de\/DGOWP\/wp-json\/wp\/v2\/pages"}],"about":[{"href":"https:\/\/www.deutsche-gesellschaft-fuer-ordenskunde.de\/DGOWP\/wp-json\/wp\/v2\/types\/page"}],"author":[{"embeddable":true,"href":"https:\/\/www.deutsche-gesellschaft-fuer-ordenskunde.de\/DGOWP\/wp-json\/wp\/v2\/users\/2"}],"replies":[{"embeddable":true,"href":"https:\/\/www.deutsche-gesellschaft-fuer-ordenskunde.de\/DGOWP\/wp-json\/wp\/v2\/comments?post=1203"}],"version-history":[{"count":2,"href":"https:\/\/www.deutsche-gesellschaft-fuer-ordenskunde.de\/DGOWP\/wp-json\/wp\/v2\/pages\/1203\/revisions"}],"predecessor-version":[{"id":5104,"href":"https:\/\/www.deutsche-gesellschaft-fuer-ordenskunde.de\/DGOWP\/wp-json\/wp\/v2\/pages\/1203\/revisions\/5104"}],"up":[{"embeddable":true,"href":"https:\/\/www.deutsche-gesellschaft-fuer-ordenskunde.de\/DGOWP\/wp-json\/wp\/v2\/pages\/1198"}],"wp:attachment":[{"href":"https:\/\/www.deutsche-gesellschaft-fuer-ordenskunde.de\/DGOWP\/wp-json\/wp\/v2\/media?parent=1203"}],"curies":[{"name":"wp","href":"https:\/\/api.w.org\/{rel}","templated":true}]}}