{"id":12,"date":"2012-09-09T20:33:31","date_gmt":"2012-09-09T20:33:31","guid":{"rendered":"https:\/\/www.deutsche-gesellschaft-fuer-ordenskunde.de\/DGOWP\/?page_id=12"},"modified":"2026-03-03T21:52:19","modified_gmt":"2026-03-03T20:52:19","slug":"aktuelles","status":"publish","type":"page","link":"https:\/\/www.deutsche-gesellschaft-fuer-ordenskunde.de\/DGOWP\/","title":{"rendered":"Aktuelles"},"content":{"rendered":"\n<h1 class=\"wp-block-heading\" id=\"deutsche-gesellschaft-fur-ordenskunde-e-v\"><strong>Deutsche Gesellschaft f\u00fcr Ordenskunde e.V.<\/strong><\/h1>\n\n\n\n<h6 class=\"wp-block-heading\" id=\"ditty-id-3984\"><div class=\"ditty ditty--pre\" data-id=\"3984\" data-uniqid=\"ditty-69eb7493accb2\"><\/div> <\/h6>\n\n\n\n<hr class=\"wp-block-separator has-css-opacity is-style-wide\"\/>\n\n\n\n<div class=\"wp-block-buttons is-layout-flex wp-block-buttons-is-layout-flex\"><\/div>\n\n\n\n<ul class=\"wp-block-social-links has-normal-icon-size has-visible-labels is-style-pill-shape is-content-justification-center is-layout-flex wp-container-core-social-links-is-layout-16018d1d wp-block-social-links-is-layout-flex\"><li class=\"wp-social-link wp-social-link-facebook  wp-block-social-link\"><a rel=\"noopener nofollow\" target=\"_blank\" href=\"https:\/\/www.facebook.com\/DGOCOLLECT\" class=\"wp-block-social-link-anchor\"><svg width=\"24\" height=\"24\" viewBox=\"0 0 24 24\" version=\"1.1\" xmlns=\"http:\/\/www.w3.org\/2000\/svg\" aria-hidden=\"true\" focusable=\"false\"><path d=\"M12 2C6.5 2 2 6.5 2 12c0 5 3.7 9.1 8.4 9.9v-7H7.9V12h2.5V9.8c0-2.5 1.5-3.9 3.8-3.9 1.1 0 2.2.2 2.2.2v2.5h-1.3c-1.2 0-1.6.8-1.6 1.6V12h2.8l-.4 2.9h-2.3v7C18.3 21.1 22 17 22 12c0-5.5-4.5-10-10-10z\"><\/path><\/svg><span class=\"wp-block-social-link-label\">Facebook<\/span><\/a><\/li><\/ul>\n\n\n\n<hr class=\"wp-block-separator has-css-opacity is-style-wide\"\/>\n\n\n\n<p>Liebe Sammlerkollegen und Freunde,<\/p>\n\n\n\n<p>es gibt Neues zu vermelden! Nachdem wir ja immer wieder angemahnt werden, auch moderne Kommunikationsmittel zu verwenden, bitte sehr \u2013 hier die aktuellsten, f\u00fcr die DGO-Mitglieder relevanten Themen:<\/p>\n\n\n\n<p>1.) HEUREKA \u2013 wir haben einen neuen Redakteur!<\/p>\n\n\n\n<p>Herr Denis Tippelt ist ab sofort der Redakteur unseres DGO-Magazins.<\/p>\n\n\n\n<p>Allf\u00e4llige Konzepte und Manuskripte bitte ab sofort nur noch an ihn senden. Seine E-Mail-Adresse lautet: <a href=\"mailto:redaktion@dgo-ev.de\">redaktion@dgo-ev.de<\/a><\/p>\n\n\n\n<p>2.) Fr\u00fchjahrsveranstaltung 2026<\/p>\n\n\n\n<p>Diese findet am 9.\/10. Mai in Sigmaringen statt. Wir werden das f\u00fcrstliche Schloss mit seinen Sammlungen besuchen und auch wieder Zeit f\u00fcr interessante Vortr\u00e4ge in passender Umgebung haben. N\u00e4here Informationen entnehmen Sie bitte aus dem Flyer zur Fr\u00fchjahrsveranstaltung, den Sie hier etwas weiter unten finden.<\/p>\n\n\n\n<p>3.) Mitgliedsbeitrag<\/p>\n\n\n\n<p>Bitte denken Sie daran, dass auf der Mitgliederversammlung in Detmold eine Beitragserh\u00f6hung um 20,- Euro ab 2026 beschlossen wurde. Von den Selbstzahlern gehen jedoch weiterhin vereinzelt Beitr\u00e4ge \u00fcber 50,- Euro ein. Um entsprechende Nachzahlung wird in diesen F\u00e4llen h\u00f6flich gebeten.<\/p>\n\n\n\n<p>Mitglieder bei denen die Zahlung per Lastschrift erfolgt, m\u00fcssen nichts weiter tun; die korrekte Beitragsh\u00f6he wird im M\u00e4rz von der uns vorliegenden Bankverbindung eingezogen.<\/p>\n\n\n\n<p>Wir sehen uns in Sigmaringen \u2013 bis dahin alles Gute!<\/p>\n\n\n\n<p>F\u00fcr den Vorstand der DGO<\/p>\n\n\n\n<p>Dr. Bernhard Wenning<\/p>\n\n\n\n<hr class=\"wp-block-separator has-css-opacity is-style-wide\"\/>\n\n\n\n<div data-wp-interactive=\"core\/file\" class=\"wp-block-file\"><object data-wp-bind--hidden=\"!state.hasPdfPreview\" hidden class=\"wp-block-file__embed\" data=\"https:\/\/www.deutsche-gesellschaft-fuer-ordenskunde.de\/DGOWP\/wp-content\/uploads\/2026\/03\/Sigmaringen2026.pdf\" type=\"application\/pdf\" style=\"width:100%;height:600px\" aria-label=\"Einbettung von Sigmaringen2026.\"><\/object><a id=\"wp-block-file--media-ec6a5494-2ec5-463c-83b6-f9c7787eccd1\" href=\"https:\/\/www.deutsche-gesellschaft-fuer-ordenskunde.de\/DGOWP\/wp-content\/uploads\/2026\/03\/Sigmaringen2026.pdf\">Sigmaringen2026<\/a><a href=\"https:\/\/www.deutsche-gesellschaft-fuer-ordenskunde.de\/DGOWP\/wp-content\/uploads\/2026\/03\/Sigmaringen2026.pdf\" class=\"wp-block-file__button wp-element-button\" download aria-describedby=\"wp-block-file--media-ec6a5494-2ec5-463c-83b6-f9c7787eccd1\">Herunterladen<\/a><\/div>\n\n\n\n<hr class=\"wp-block-separator has-css-opacity is-style-wide\"\/>\n\n\n\n<p>Liebe Mitglieder,<\/p>\n\n\n\n<p>in der au\u00dferordentlichen Mitgliederversammlung am 9. November 2025 wurde ein neues Pr\u00e4sidium gew\u00e4hlt. Es wurden gew\u00e4hlt:<\/p>\n\n\n\n<p><strong>Bernhard Wenning zum Pr\u00e4sidenten<br \/>Michael B\u00f6rner zum  1. Vizepr\u00e4sidenten<br \/>Eike Lehmann zum 2. Vizepr\u00e4sidenten<br \/>Ernst Heinzelmann zum Schatzmeister<br \/>Klaus Vogt zum Gesch\u00e4ftsf\u00fchrer<\/strong><\/p>\n\n\n\n<p>Eine Aktualisierung der Webseite mit den Mitgliedern des neu gew\u00e4hlten Pr\u00e4sidiums ist erfolgt.<\/p>\n\n\n\n<p>Viele Gr\u00fc\u00dfe<br \/>Uwe Br\u00fcckner<\/p>\n\n\n\n<hr class=\"wp-block-separator has-css-opacity is-style-wide\"\/>\n\n\n\n<p><\/p>\n\n\n\n<hr class=\"wp-block-separator has-css-opacity is-style-wide\"\/>\n\n\n\n<p><\/p>\n\n\n\n<p><\/p>\n\n\n\n<p class=\"has-text-align-center\"><\/p>\n","protected":false},"excerpt":{"rendered":"<p>Deutsche Gesellschaft f\u00fcr Ordenskunde e.V. Liebe Sammlerkollegen und Freunde, es gibt Neues zu vermelden! Nachdem wir ja immer wieder angemahnt werden, auch moderne Kommunikationsmittel zu verwenden, bitte sehr \u2013 hier die aktuellsten, f\u00fcr die DGO-Mitglieder relevanten Themen: 1.) HEUREKA \u2013 wir haben einen neuen Redakteur! Herr Denis Tippelt ist ab sofort der Redakteur unseres DGO-Magazins. &hellip; <\/p>\n<p class=\"link-more\"><a href=\"https:\/\/www.deutsche-gesellschaft-fuer-ordenskunde.de\/DGOWP\/\" class=\"more-link\"><span class=\"screen-reader-text\">\u201eAktuelles\u201c <\/span>weiterlesen<\/a><\/p>\n","protected":false},"author":2,"featured_media":0,"parent":0,"menu_order":0,"comment_status":"closed","ping_status":"closed","template":"","meta":{"ngg_post_thumbnail":0,"footnotes":""},"class_list":["post-12","page","type-page","status-publish","hentry"],"_links":{"self":[{"href":"https:\/\/www.deutsche-gesellschaft-fuer-ordenskunde.de\/DGOWP\/wp-json\/wp\/v2\/pages\/12","targetHints":{"allow":["GET"]}}],"collection":[{"href":"https:\/\/www.deutsche-gesellschaft-fuer-ordenskunde.de\/DGOWP\/wp-json\/wp\/v2\/pages"}],"about":[{"href":"https:\/\/www.deutsche-gesellschaft-fuer-ordenskunde.de\/DGOWP\/wp-json\/wp\/v2\/types\/page"}],"author":[{"embeddable":true,"href":"https:\/\/www.deutsche-gesellschaft-fuer-ordenskunde.de\/DGOWP\/wp-json\/wp\/v2\/users\/2"}],"replies":[{"embeddable":true,"href":"https:\/\/www.deutsche-gesellschaft-fuer-ordenskunde.de\/DGOWP\/wp-json\/wp\/v2\/comments?post=12"}],"version-history":[{"count":2,"href":"https:\/\/www.deutsche-gesellschaft-fuer-ordenskunde.de\/DGOWP\/wp-json\/wp\/v2\/pages\/12\/revisions"}],"predecessor-version":[{"id":5269,"href":"https:\/\/www.deutsche-gesellschaft-fuer-ordenskunde.de\/DGOWP\/wp-json\/wp\/v2\/pages\/12\/revisions\/5269"}],"wp:attachment":[{"href":"https:\/\/www.deutsche-gesellschaft-fuer-ordenskunde.de\/DGOWP\/wp-json\/wp\/v2\/media?parent=12"}],"curies":[{"name":"wp","href":"https:\/\/api.w.org\/{rel}","templated":true}]}}