{"id":1198,"date":"2013-05-30T15:14:32","date_gmt":"2013-05-30T15:14:32","guid":{"rendered":"https:\/\/www.deutsche-gesellschaft-fuer-ordenskunde.de\/DGOWP\/?page_id=1198"},"modified":"2024-03-19T21:37:55","modified_gmt":"2024-03-19T21:37:55","slug":"verleihungslisten","status":"publish","type":"page","link":"https:\/\/www.deutsche-gesellschaft-fuer-ordenskunde.de\/DGOWP\/links\/verleihungslisten\/","title":{"rendered":"Verleihungslisten"},"content":{"rendered":"<h1 style=\"text-align: left;\"><b>Verleihungslisten<\/b><\/h1>\n<p style=\"text-align: left;\">Zur Unterst\u00fctzung der phaleristischen Forschung werden an dieser Stelle so genannte <i>Verleihungslisten<\/i> zu Auszeichnungen \u2013 insbesondere aus dem deutschen Sprachgebiet \u2013 ver\u00f6ffentlicht. Die jeweils auf eine Auszeichnung bezogenen Listen im PDF-Format enthalten idealerweise folgende Angaben: Name, Vorname des\/der Tr\u00e4ger, Verleihungsdatum, weiterf\u00fchrende biographische Informationen zum Tr\u00e4ger\/in, Quellen- und\/oder Literaturbeleg f\u00fcr die publizierten Angaben.<\/p>\n<p style=\"text-align: left;\">F\u00fcr die Verleihungslisten gelten die einschl\u00e4gigen Bestimmungen des Urheberrechtsgesetzes (UrhG, in der Fassung vom 7. Mai 2013, \u00a7\u00a7 51\u201353). Zur Dokumentation wird folgende Zitierweise empfohlen:<\/p>\n<p style=\"text-align: left;\">Beispiel:<br \/>\n<i>Mustermann, Max (Bearb.), Verleihungsliste zum \u201eEhrenzeichen f\u00fcr (&#8230;)\u201c, publ. unter<br \/>\nwww.deutsche-gesellschaft-fuer-ordenskunde.de\/DGOWP\/links\/verleihungslisten<br \/>\n(Abruf: 28. Mai 2013).<\/i><\/p>\n<ul>\n<li><a title=\"Anhalt\" href=\"https:\/\/www.deutsche-gesellschaft-fuer-ordenskunde.de\/DGOWP\/links\/verleihungslisten\/anhalt\/\">Anhalt<\/a><\/li>\n<li><a href=\"https:\/\/www.deutsche-gesellschaft-fuer-ordenskunde.de\/DGOWP\/links\/verleihungslisten\/ddr\/\">Deutsche Demokratische Republik<\/a><\/li>\n<li><a title=\"Deutsches Reich\" href=\"https:\/\/www.deutsche-gesellschaft-fuer-ordenskunde.de\/DGOWP\/links\/verleihungslisten\/deutsches-reich\/\">Deutsches Kaiserreich 1871-1918<\/a><\/li>\n<li><a title=\"Deutsches Reich 1933-1945\" href=\"https:\/\/www.deutsche-gesellschaft-fuer-ordenskunde.de\/DGOWP\/links\/verleihungslisten\/deutsches-reich-1933-1945\/\">Deutsches Reich 1933-1945<\/a><\/li>\n<li><a href=\"https:\/\/www.deutsche-gesellschaft-fuer-ordenskunde.de\/DGOWP\/links\/baden\/\">Baden<\/a><\/li>\n<li><a title=\"Bayern\" href=\"https:\/\/www.deutsche-gesellschaft-fuer-ordenskunde.de\/DGOWP\/links\/verleihungslisten\/bayern\/\">Bayern<\/a><\/li>\n<li><a href=\"https:\/\/www.deutsche-gesellschaft-fuer-ordenskunde.de\/DGOWP\/links\/verleihungslisten\/belgien\/\">Belgien (K\u00f6nigreich)<\/a><\/li>\n<li><a title=\"Braunschweig\" href=\"https:\/\/www.deutsche-gesellschaft-fuer-ordenskunde.de\/DGOWP\/links\/verleihungslisten\/braunschweig\/\">Braunschweig<\/a><\/li>\n<li><a href=\"https:\/\/www.deutsche-gesellschaft-fuer-ordenskunde.de\/DGOWP\/links\/verleihungslisten\/hessen-darmstadt-grosherzogtum-hessen\/\">Hessen-Darmstadt (Gro\u00dfherzogtum Hessen)<\/a><\/li>\n<li><a href=\"https:\/\/www.deutsche-gesellschaft-fuer-ordenskunde.de\/DGOWP\/links\/verleihungslisten\/hessen-kassel\/\">Hessen-Kassel (Kurf\u00fcrstentum Hessen)<\/a><\/li>\n<li><a href=\"https:\/\/www.deutsche-gesellschaft-fuer-ordenskunde.de\/DGOWP\/verleihungslisten-freie-und-hansestadt-luebeck\/\">Freie und Hansestadt L\u00fcbeck<\/a><\/li>\n<li><a href=\"https:\/\/www.deutsche-gesellschaft-fuer-ordenskunde.de\/DGOWP\/wp-content\/uploads\/2015\/02\/Verlei_Liste_Int_Segelfl_abzeichen.pdf\">International<\/a><\/li>\n<li><a title=\"Preu\u00dfen\" href=\"https:\/\/www.deutsche-gesellschaft-fuer-ordenskunde.de\/DGOWP\/links\/verleihungslisten\/preussen\/\">Preu\u00dfen<\/a><\/li>\n<li><a href=\"https:\/\/www.deutsche-gesellschaft-fuer-ordenskunde.de\/DGOWP\/reuss-fuerstentuemer\/\">Reu\u00df (F\u00fcrstent\u00fcmer)<\/a><\/li>\n<li><a href=\"https:\/\/www.deutsche-gesellschaft-fuer-ordenskunde.de\/DGOWP\/links\/verleihungslisten\/verleihungslisten-sachsen-altenburg-herzogtum\/\">Sachsen-Altenburg (Herzogtum)<\/a><\/li>\n<li><a title=\"Sachsen-Meiningen (Herzogtum)\" href=\"https:\/\/www.deutsche-gesellschaft-fuer-ordenskunde.de\/DGOWP\/links\/verleihungslisten\/sachsen-meiningen-herzogtum\/\">Sachsen-Meiningen (Herzogtum)<\/a><\/li>\n<li><a title=\"Sachsen-Weimar-Eisenach (Gro\u00dfherzogtum)\" href=\"https:\/\/www.deutsche-gesellschaft-fuer-ordenskunde.de\/DGOWP\/links\/verleihungslisten\/sachsen-weimar-eisenach-grossherzogtum\/\">Sachsen-Weimar-Eisenach (Gro\u00dfherzogtum)<\/a><\/li>\n<li><a title=\"W\u00fcrttemberg\" href=\"https:\/\/www.deutsche-gesellschaft-fuer-ordenskunde.de\/DGOWP\/wuerttemberg\/\">W\u00fcrttemberg<\/a><\/li>\n<\/ul>\n","protected":false},"excerpt":{"rendered":"<p>Verleihungslisten Zur Unterst\u00fctzung der phaleristischen Forschung werden an dieser Stelle so genannte Verleihungslisten zu Auszeichnungen \u2013 insbesondere aus dem deutschen Sprachgebiet \u2013 ver\u00f6ffentlicht. Die jeweils auf eine Auszeichnung bezogenen Listen im PDF-Format enthalten idealerweise folgende Angaben: Name, Vorname des\/der Tr\u00e4ger, Verleihungsdatum, weiterf\u00fchrende biographische Informationen zum Tr\u00e4ger\/in, Quellen- und\/oder Literaturbeleg f\u00fcr die publizierten Angaben. F\u00fcr die &hellip; <\/p>\n<p class=\"link-more\"><a href=\"https:\/\/www.deutsche-gesellschaft-fuer-ordenskunde.de\/DGOWP\/links\/verleihungslisten\/\" class=\"more-link\"><span class=\"screen-reader-text\">\u201eVerleihungslisten\u201c <\/span>weiterlesen<\/a><\/p>\n","protected":false},"author":2,"featured_media":0,"parent":161,"menu_order":0,"comment_status":"closed","ping_status":"closed","template":"","meta":{"ngg_post_thumbnail":0,"footnotes":""},"class_list":["post-1198","page","type-page","status-publish","hentry"],"_links":{"self":[{"href":"https:\/\/www.deutsche-gesellschaft-fuer-ordenskunde.de\/DGOWP\/wp-json\/wp\/v2\/pages\/1198","targetHints":{"allow":["GET"]}}],"collection":[{"href":"https:\/\/www.deutsche-gesellschaft-fuer-ordenskunde.de\/DGOWP\/wp-json\/wp\/v2\/pages"}],"about":[{"href":"https:\/\/www.deutsche-gesellschaft-fuer-ordenskunde.de\/DGOWP\/wp-json\/wp\/v2\/types\/page"}],"author":[{"embeddable":true,"href":"https:\/\/www.deutsche-gesellschaft-fuer-ordenskunde.de\/DGOWP\/wp-json\/wp\/v2\/users\/2"}],"replies":[{"embeddable":true,"href":"https:\/\/www.deutsche-gesellschaft-fuer-ordenskunde.de\/DGOWP\/wp-json\/wp\/v2\/comments?post=1198"}],"version-history":[{"count":2,"href":"https:\/\/www.deutsche-gesellschaft-fuer-ordenskunde.de\/DGOWP\/wp-json\/wp\/v2\/pages\/1198\/revisions"}],"predecessor-version":[{"id":4793,"href":"https:\/\/www.deutsche-gesellschaft-fuer-ordenskunde.de\/DGOWP\/wp-json\/wp\/v2\/pages\/1198\/revisions\/4793"}],"up":[{"embeddable":true,"href":"https:\/\/www.deutsche-gesellschaft-fuer-ordenskunde.de\/DGOWP\/wp-json\/wp\/v2\/pages\/161"}],"wp:attachment":[{"href":"https:\/\/www.deutsche-gesellschaft-fuer-ordenskunde.de\/DGOWP\/wp-json\/wp\/v2\/media?parent=1198"}],"curies":[{"name":"wp","href":"https:\/\/api.w.org\/{rel}","templated":true}]}}