{"id":1097,"date":"2013-02-11T21:29:58","date_gmt":"2013-02-11T21:29:58","guid":{"rendered":"https:\/\/www.deutsche-gesellschaft-fuer-ordenskunde.de\/DGOWP\/?page_id=1097"},"modified":"2013-06-05T21:18:46","modified_gmt":"2013-06-05T21:18:46","slug":"dokumente","status":"publish","type":"page","link":"https:\/\/www.deutsche-gesellschaft-fuer-ordenskunde.de\/DGOWP\/links\/dokumente\/","title":{"rendered":"Dokumente"},"content":{"rendered":"<h1>Phaleristische Beitr\u00e4ge und Dokumente<\/h1>\n<p>An dieser Stelle sollen in loser Folge Beitr\u00e4ge und Dokumente mit phaleristischem Bezug ver\u00f6ffentlicht werden, welche geeignet sind bisher bekannte Ver\u00f6ffentlichungen zu erg\u00e4nzen, oder neue Forschungsergebnisse bekannt zu machen.<\/p>\n<p><strong>Roter Adlerorden:<\/strong><\/p>\n<ul>\n<li><a href=\"https:\/\/www.deutsche-gesellschaft-fuer-ordenskunde.de\/DGOWP\/wp-content\/uploads\/2013\/02\/Nachtragsblatt-zum-RAO4.pdf\">Umstellung des Roten Adlerordens der 4. Klasse von den sogenannten glatten auf gek\u00f6rnte Arme<\/a><\/li>\n<\/ul>\n<p><strong>Kronenorden:<\/strong><\/p>\n<ul>\n<li><a href=\"https:\/\/www.deutsche-gesellschaft-fuer-ordenskunde.de\/DGOWP\/links\/dokumente\/modelle-des-kronenordens\/\">Neue Erkenntnisse zu den Modellen des K\u00f6niglich Preu\u00dfischen Kronenordens<\/a><\/li>\n<\/ul>\n","protected":false},"excerpt":{"rendered":"<p>Phaleristische Beitr\u00e4ge und Dokumente An dieser Stelle sollen in loser Folge Beitr\u00e4ge und Dokumente mit phaleristischem Bezug ver\u00f6ffentlicht werden, welche geeignet sind bisher bekannte Ver\u00f6ffentlichungen zu erg\u00e4nzen, oder neue Forschungsergebnisse bekannt zu machen. Roter Adlerorden: Umstellung des Roten Adlerordens der 4. Klasse von den sogenannten glatten auf gek\u00f6rnte Arme Kronenorden: Neue Erkenntnisse zu den Modellen &hellip; <\/p>\n<p class=\"link-more\"><a href=\"https:\/\/www.deutsche-gesellschaft-fuer-ordenskunde.de\/DGOWP\/links\/dokumente\/\" class=\"more-link\"><span class=\"screen-reader-text\">\u201eDokumente\u201c <\/span>weiterlesen<\/a><\/p>\n","protected":false},"author":2,"featured_media":0,"parent":161,"menu_order":0,"comment_status":"closed","ping_status":"closed","template":"","meta":{"ngg_post_thumbnail":0,"footnotes":""},"class_list":["post-1097","page","type-page","status-publish","hentry"],"_links":{"self":[{"href":"https:\/\/www.deutsche-gesellschaft-fuer-ordenskunde.de\/DGOWP\/wp-json\/wp\/v2\/pages\/1097","targetHints":{"allow":["GET"]}}],"collection":[{"href":"https:\/\/www.deutsche-gesellschaft-fuer-ordenskunde.de\/DGOWP\/wp-json\/wp\/v2\/pages"}],"about":[{"href":"https:\/\/www.deutsche-gesellschaft-fuer-ordenskunde.de\/DGOWP\/wp-json\/wp\/v2\/types\/page"}],"author":[{"embeddable":true,"href":"https:\/\/www.deutsche-gesellschaft-fuer-ordenskunde.de\/DGOWP\/wp-json\/wp\/v2\/users\/2"}],"replies":[{"embeddable":true,"href":"https:\/\/www.deutsche-gesellschaft-fuer-ordenskunde.de\/DGOWP\/wp-json\/wp\/v2\/comments?post=1097"}],"version-history":[{"count":0,"href":"https:\/\/www.deutsche-gesellschaft-fuer-ordenskunde.de\/DGOWP\/wp-json\/wp\/v2\/pages\/1097\/revisions"}],"up":[{"embeddable":true,"href":"https:\/\/www.deutsche-gesellschaft-fuer-ordenskunde.de\/DGOWP\/wp-json\/wp\/v2\/pages\/161"}],"wp:attachment":[{"href":"https:\/\/www.deutsche-gesellschaft-fuer-ordenskunde.de\/DGOWP\/wp-json\/wp\/v2\/media?parent=1097"}],"curies":[{"name":"wp","href":"https:\/\/api.w.org\/{rel}","templated":true}]}}