{"id":1053,"date":"2013-01-12T10:59:32","date_gmt":"2013-01-12T10:59:32","guid":{"rendered":"https:\/\/www.deutsche-gesellschaft-fuer-ordenskunde.de\/DGOWP\/?page_id=1053"},"modified":"2014-04-23T16:41:33","modified_gmt":"2014-04-23T16:41:33","slug":"jahrbucher","status":"publish","type":"page","link":"https:\/\/www.deutsche-gesellschaft-fuer-ordenskunde.de\/DGOWP\/vereinsmagazin\/jahrbucher\/","title":{"rendered":"Jahrb\u00fccher"},"content":{"rendered":"<h1>Jahrb\u00fccher<\/h1>\n<p><a href=\"https:\/\/www.deutsche-gesellschaft-fuer-ordenskunde.de\/DGOWP\/wp-content\/uploads\/2013\/01\/JB2014.jpg\"><img loading=\"lazy\" decoding=\"async\" class=\"alignleft size-medium wp-image-1869\" alt=\"JB2014\" src=\"https:\/\/www.deutsche-gesellschaft-fuer-ordenskunde.de\/DGOWP\/wp-content\/uploads\/2013\/01\/JB2014-210x300.jpg\" width=\"210\" height=\"300\" srcset=\"https:\/\/www.deutsche-gesellschaft-fuer-ordenskunde.de\/DGOWP\/wp-content\/uploads\/2013\/01\/JB2014-210x300.jpg 210w, https:\/\/www.deutsche-gesellschaft-fuer-ordenskunde.de\/DGOWP\/wp-content\/uploads\/2013\/01\/JB2014-105x150.jpg 105w, https:\/\/www.deutsche-gesellschaft-fuer-ordenskunde.de\/DGOWP\/wp-content\/uploads\/2013\/01\/JB2014.jpg 497w\" sizes=\"auto, (max-width: 210px) 100vw, 210px\" \/><\/a>Jahrbuch 2014<br \/>\nDie Amtsmedaillen der gro\u00dfherzoglich hessischen B\u00fcrgermeister und Beigeordneten<br \/>\nBemerkungen zu dem Orden vom Totenkopf der w\u00fcrttembergischen Nebenlinie Oels<br \/>\nKriegsdenkm\u00fcnzen in Vergangenheit und Gegenwart<br \/>\nDie Ehrenkreuze des Bayerischen Landes-Feuerwehrverbandes e.V. (1924\u20131936)<br \/>\nDie Verleihung von Auszeichnungen f\u00fcr die Rettung von Menschen aus Lebensgefahr in Baden-W\u00fcrttemberg<br \/>\nOberst Herbert Schwender<br \/>\nDie Orden und Ehrenzeichen der Geschwister August Thyssen und Balbina Bicheroux<br \/>\nFundierte Verleihungszahlen des Eisernen Kreuzes von 1939<br \/>\nDie Ordensschnalle des Sergeanten Florian Plewa<br \/>\nDas Loewenfeldkreuz<\/p>\n<p>&nbsp;<\/p>\n<p>&nbsp;<\/p>\n<p>&nbsp;<\/p>\n<p><a href=\"https:\/\/www.deutsche-gesellschaft-fuer-ordenskunde.de\/DGOWP\/wp-content\/uploads\/2012\/09\/jb12.jpg\"><img loading=\"lazy\" decoding=\"async\" class=\"size-medium wp-image-614 alignleft\" title=\"jb12\" alt=\"\" src=\"https:\/\/www.deutsche-gesellschaft-fuer-ordenskunde.de\/DGOWP\/wp-content\/uploads\/2012\/09\/jb12-211x300.jpg\" width=\"211\" height=\"300\" srcset=\"https:\/\/www.deutsche-gesellschaft-fuer-ordenskunde.de\/DGOWP\/wp-content\/uploads\/2012\/09\/jb12-211x300.jpg 211w, https:\/\/www.deutsche-gesellschaft-fuer-ordenskunde.de\/DGOWP\/wp-content\/uploads\/2012\/09\/jb12.jpg 500w\" sizes=\"auto, (max-width: 211px) 100vw, 211px\" \/><\/a>Jahrbuch 2012<br \/>\nHausorden vom Hohenzollern im Exil<br \/>\nBemerkungen z. w\u00fcrttembergischen Medaillen<br \/>\nPhaleristik u. ihre Nachbarwissenschaften<br \/>\nHersteller bayerischer Orden<br \/>\nKrone zum Roten-Adlerorden<br \/>\nDie Florence-Nightingale-Medaille<br \/>\nPreu\u00dfische Orden im 18. Jahrhundert<br \/>\nKruppsche Jubil\u00e4umsnadeln<br \/>\nDie Orden der Kruppfrauen<br \/>\nDie Congressional Medal of Honor<\/p>\n<p>&nbsp;<\/p>\n<p>&nbsp;<\/p>\n<p>&nbsp;<\/p>\n<p>&nbsp;<\/p>\n<p><a href=\"https:\/\/www.deutsche-gesellschaft-fuer-ordenskunde.de\/DGOWP\/wp-content\/uploads\/2012\/09\/jb07.jpg\"><img loading=\"lazy\" decoding=\"async\" class=\"wp-image-615 alignleft\" title=\"jb07\" alt=\"\" src=\"https:\/\/www.deutsche-gesellschaft-fuer-ordenskunde.de\/DGOWP\/wp-content\/uploads\/2012\/09\/jb07-211x300.jpg\" width=\"211\" height=\"300\" srcset=\"https:\/\/www.deutsche-gesellschaft-fuer-ordenskunde.de\/DGOWP\/wp-content\/uploads\/2012\/09\/jb07-211x300.jpg 211w, https:\/\/www.deutsche-gesellschaft-fuer-ordenskunde.de\/DGOWP\/wp-content\/uploads\/2012\/09\/jb07.jpg 500w\" sizes=\"auto, (max-width: 211px) 100vw, 211px\" \/><\/a>Jahrbuch 2007<br \/>\nKetten zum RAO<br \/>\nKreigsauszeichnungen in Baden<br \/>\nBeurkundungen pr. Massenauszeichnungen<br \/>\nDeutsches Kreuz in Silber<br \/>\nOrden der UdSSR u. d. Mongolei<br \/>\nErinnerungsabz. Kreuz der Steppen<br \/>\nRum\u00e4nische Orden an Deutsche<br \/>\nDeutsches Sportabzeichen<br \/>\nOdenshersteller Sachsen-W.-E.<br \/>\nStern der Komoren<\/p>\n<p>&nbsp;<\/p>\n<p>&nbsp;<\/p>\n<p>&nbsp;<\/p>\n<p>&nbsp;<\/p>\n<p><a href=\"https:\/\/www.deutsche-gesellschaft-fuer-ordenskunde.de\/DGOWP\/wp-content\/uploads\/2012\/09\/jb05.jpg\"><img loading=\"lazy\" decoding=\"async\" class=\"size-medium wp-image-616 alignleft\" title=\"jb05\" alt=\"\" src=\"https:\/\/www.deutsche-gesellschaft-fuer-ordenskunde.de\/DGOWP\/wp-content\/uploads\/2012\/09\/jb05-211x300.jpg\" width=\"211\" height=\"300\" srcset=\"https:\/\/www.deutsche-gesellschaft-fuer-ordenskunde.de\/DGOWP\/wp-content\/uploads\/2012\/09\/jb05-211x300.jpg 211w, https:\/\/www.deutsche-gesellschaft-fuer-ordenskunde.de\/DGOWP\/wp-content\/uploads\/2012\/09\/jb05.jpg 500w\" sizes=\"auto, (max-width: 211px) 100vw, 211px\" \/><\/a>Jahrbuch 2005<br \/>\nAuszeichnungen Finnlands<br \/>\nFeldzugs-Ehrenzeichen f\u00fcr 1848 und 1849<br \/>\nDas Bild der Familie<br \/>\nGesellschaftsorden<br \/>\nDiamantorden f\u00fcr einen Pr\u00e4sidenten<br \/>\nHerstellungsvarianten des Dtsch. Kreuzes<br \/>\nRheinische Feuerwehr-Denkm\u00fcnze<\/p>\n<p>&nbsp;<\/p>\n<p>&nbsp;<\/p>\n<p>&nbsp;<\/p>\n<p>&nbsp;<\/p>\n<p>&nbsp;<\/p>\n<p><a href=\"https:\/\/www.deutsche-gesellschaft-fuer-ordenskunde.de\/DGOWP\/wp-content\/uploads\/2012\/09\/jb04.jpg\"><img loading=\"lazy\" decoding=\"async\" class=\"size-medium wp-image-617 alignleft\" title=\"jb04\" alt=\"\" src=\"https:\/\/www.deutsche-gesellschaft-fuer-ordenskunde.de\/DGOWP\/wp-content\/uploads\/2012\/09\/jb04-211x300.jpg\" width=\"211\" height=\"300\" srcset=\"https:\/\/www.deutsche-gesellschaft-fuer-ordenskunde.de\/DGOWP\/wp-content\/uploads\/2012\/09\/jb04-211x300.jpg 211w, https:\/\/www.deutsche-gesellschaft-fuer-ordenskunde.de\/DGOWP\/wp-content\/uploads\/2012\/09\/jb04.jpg 500w\" sizes=\"auto, (max-width: 211px) 100vw, 211px\" \/><\/a>Jahrbuch 2004<br \/>\nOrdenskette des Schwanenordens<br \/>\nFeldzugs-Ehrenzeichen f\u00fcr 1848 und 1849<br \/>\nPour le merite<br \/>\nPreu\u00dfische Verdienstkreuze<br \/>\nS\u00e4chsische Medaille<br \/>\n57er Orden<br \/>\nEhrenzeichen der Volkspolizei<br \/>\nRum\u00e4nische Treuedienstorden<br \/>\nPreu\u00dfische Staatsmedaillen<br \/>\nSowijetisches Auszeichnungswesen<br \/>\nInteralliierte Siegesmedaillen<\/p>\n<p>&nbsp;<\/p>\n<p>&nbsp;<\/p>\n<p>&nbsp;<\/p>\n<p><a href=\"https:\/\/www.deutsche-gesellschaft-fuer-ordenskunde.de\/DGOWP\/wp-content\/uploads\/2012\/09\/titelbildjb2003gr.jpg\"><img loading=\"lazy\" decoding=\"async\" class=\"size-medium wp-image-346 alignleft\" title=\"titelbildjb2003gr\" alt=\"\" src=\"https:\/\/www.deutsche-gesellschaft-fuer-ordenskunde.de\/DGOWP\/wp-content\/uploads\/2012\/09\/titelbildjb2003gr-212x300.jpg\" width=\"212\" height=\"300\" srcset=\"https:\/\/www.deutsche-gesellschaft-fuer-ordenskunde.de\/DGOWP\/wp-content\/uploads\/2012\/09\/titelbildjb2003gr-212x300.jpg 212w, https:\/\/www.deutsche-gesellschaft-fuer-ordenskunde.de\/DGOWP\/wp-content\/uploads\/2012\/09\/titelbildjb2003gr.jpg 500w\" sizes=\"auto, (max-width: 212px) 100vw, 212px\" \/><\/a>Jahrbuch 2003<br \/>\nAnmerkungen zu Ehrenzeichen und Erinnerungszeichen f\u00fcr Mitglieder der internationalen Brigaden im Spanischen B\u00fcrgerkrieg 1936-1939<br \/>\nDer Vit\u00e8z-Ritterorden &#8211; Stand der Tapferen<br \/>\nDer rum\u00e4nische Sternorden im Bild<br \/>\nDer Ritterorden der heiligen Mauritius und Lazarus und der Verdienstorden der Krone Italiens<br \/>\nDer K\u00f6niglich S\u00e4chsische Albrechtsorden<\/p>\n<p>&nbsp;<\/p>\n<p>&nbsp;<\/p>\n<p>&nbsp;<\/p>\n<p>&nbsp;<\/p>\n<p>&nbsp;<\/p>\n<p><a href=\"https:\/\/www.deutsche-gesellschaft-fuer-ordenskunde.de\/DGOWP\/wp-content\/uploads\/2012\/09\/titelbildjb2002gr.jpg\"><img loading=\"lazy\" decoding=\"async\" class=\"size-medium wp-image-345 alignleft\" title=\"titelbildjb2002gr\" alt=\"\" src=\"https:\/\/www.deutsche-gesellschaft-fuer-ordenskunde.de\/DGOWP\/wp-content\/uploads\/2012\/09\/titelbildjb2002gr-211x300.jpg\" width=\"211\" height=\"300\" srcset=\"https:\/\/www.deutsche-gesellschaft-fuer-ordenskunde.de\/DGOWP\/wp-content\/uploads\/2012\/09\/titelbildjb2002gr-211x300.jpg 211w, https:\/\/www.deutsche-gesellschaft-fuer-ordenskunde.de\/DGOWP\/wp-content\/uploads\/2012\/09\/titelbildjb2002gr.jpg 500w\" sizes=\"auto, (max-width: 211px) 100vw, 211px\" \/><\/a>Jahrbuch 2002<br \/>\nDie Tschechoslowakische Legion w\u00e4hrend des I. Weltkrieges in Russland\/Sibirien<br \/>\nDer portugiesische Orden vom Turm und Schwert<br \/>\nEine britische Kriegsmedaille f\u00fcr Angeh\u00f6rige der deutschen Schutztruppe in Kamerun<br \/>\nDas preu\u00dfische Frauenverdienstkreuz<br \/>\nDie St.-Helena-Medaille des Christian G. Scholze<br \/>\nWehrmachtsoberpfarrer und Hauptmann der Reserve Friedrich Hilzinger<\/p>\n<p>&nbsp;<\/p>\n<p>&nbsp;<\/p>\n<p>&nbsp;<\/p>\n<p>&nbsp;<\/p>\n<p>&nbsp;<\/p>\n<p><a href=\"https:\/\/www.deutsche-gesellschaft-fuer-ordenskunde.de\/DGOWP\/wp-content\/uploads\/2012\/09\/jb01.jpg\"><img loading=\"lazy\" decoding=\"async\" class=\"wp-image-612 alignleft\" title=\"jb01\" alt=\"\" src=\"https:\/\/www.deutsche-gesellschaft-fuer-ordenskunde.de\/DGOWP\/wp-content\/uploads\/2012\/09\/jb01-211x300.jpg\" width=\"211\" height=\"300\" srcset=\"https:\/\/www.deutsche-gesellschaft-fuer-ordenskunde.de\/DGOWP\/wp-content\/uploads\/2012\/09\/jb01-211x300.jpg 211w, https:\/\/www.deutsche-gesellschaft-fuer-ordenskunde.de\/DGOWP\/wp-content\/uploads\/2012\/09\/jb01.jpg 500w\" sizes=\"auto, (max-width: 211px) 100vw, 211px\" \/><\/a>Jahrbuch 2001<br \/>\nDas K\u00f6niglich Preu\u00dfische Verdienstkreuz f\u00fcr Kriegshilfe<br \/>\nR\u00e4tsel um ein altes Deckengew\u00f6lbe<br \/>\nDer K\u00f6nigliche Hausorden von Hohenzollern<br \/>\nDie Kappenabzeichen der \u00f6sterreich-Ungarischen Armee<br \/>\nLuftwaffenhelfer<\/p>\n<p>&nbsp;<\/p>\n<p>&nbsp;<\/p>\n<p>&nbsp;<\/p>\n<p>&nbsp;<\/p>\n<p>&nbsp;<\/p>\n<p><a href=\"https:\/\/www.deutsche-gesellschaft-fuer-ordenskunde.de\/DGOWP\/wp-content\/uploads\/2012\/09\/titelbildjb2000gr.jpg\"><img loading=\"lazy\" decoding=\"async\" class=\"size-medium wp-image-343 alignleft\" title=\"titelbildjb2000gr\" alt=\"\" src=\"https:\/\/www.deutsche-gesellschaft-fuer-ordenskunde.de\/DGOWP\/wp-content\/uploads\/2012\/09\/titelbildjb2000gr-212x300.jpg\" width=\"212\" height=\"300\" srcset=\"https:\/\/www.deutsche-gesellschaft-fuer-ordenskunde.de\/DGOWP\/wp-content\/uploads\/2012\/09\/titelbildjb2000gr-212x300.jpg 212w, https:\/\/www.deutsche-gesellschaft-fuer-ordenskunde.de\/DGOWP\/wp-content\/uploads\/2012\/09\/titelbildjb2000gr.jpg 500w\" sizes=\"auto, (max-width: 212px) 100vw, 212px\" \/><\/a>Jahrbuch 2000<br \/>\nLohn der Tapferkeit<br \/>\nFeldzugs-Ehrenzeichen f\u00fcr 1848 und 1849<br \/>\nDas Bild der Familie<br \/>\nPreu\u00dfische Dienstauszeichnungen<br \/>\nKrone zum Roten-Adlerorden<br \/>\nGegenstand der Phaleristik<br \/>\nEin Hesse an der Seite Bolivars<br \/>\nKruppsche Jubil\u00e4umsnadeln<br \/>\nDer Hausorden de parfaite amiti\u00e9<br \/>\nDDR-Auszeichnungen<br \/>\nHJ-Fw-Scharen<\/p>\n<p>&nbsp;<\/p>\n<p>&nbsp;<\/p>\n<p>&nbsp;<\/p>\n<p><a href=\"https:\/\/www.deutsche-gesellschaft-fuer-ordenskunde.de\/DGOWP\/wp-content\/uploads\/2012\/09\/jb1999.jpg\"><img loading=\"lazy\" decoding=\"async\" class=\"size-medium wp-image-613 alignleft\" title=\"jb1999\" alt=\"\" src=\"https:\/\/www.deutsche-gesellschaft-fuer-ordenskunde.de\/DGOWP\/wp-content\/uploads\/2012\/09\/jb1999-211x300.jpg\" width=\"211\" height=\"300\" srcset=\"https:\/\/www.deutsche-gesellschaft-fuer-ordenskunde.de\/DGOWP\/wp-content\/uploads\/2012\/09\/jb1999-211x300.jpg 211w, https:\/\/www.deutsche-gesellschaft-fuer-ordenskunde.de\/DGOWP\/wp-content\/uploads\/2012\/09\/jb1999.jpg 500w\" sizes=\"auto, (max-width: 211px) 100vw, 211px\" \/><\/a>Jahrbuch 1999<br \/>\nDas Eiserner Kreuz 1870 f\u00fcr russ. Offiziere<br \/>\nDamendeko des HO der Wendischen Krone<br \/>\nCarl-Friedrich-Wilhelm-Wander-Medaille<br \/>\nDer Dank des Abtes<br \/>\nWas tr\u00e4gt der denn da?<br \/>\nOrden Nischan el Niftikhar<br \/>\nDas Hunzar Nagar Abzeichen<br \/>\nDer Ernestinische Hausorden<br \/>\nVO der Heiligen Rupert und Virgil<br \/>\nDas Signum Laudis<br \/>\nEin Deutsches Kreuz in Silber<\/p>\n","protected":false},"excerpt":{"rendered":"<p>Jahrb\u00fccher Jahrbuch 2014 Die Amtsmedaillen der gro\u00dfherzoglich hessischen B\u00fcrgermeister und Beigeordneten Bemerkungen zu dem Orden vom Totenkopf der w\u00fcrttembergischen Nebenlinie Oels Kriegsdenkm\u00fcnzen in Vergangenheit und Gegenwart Die Ehrenkreuze des Bayerischen Landes-Feuerwehrverbandes e.V. (1924\u20131936) Die Verleihung von Auszeichnungen f\u00fcr die Rettung von Menschen aus Lebensgefahr in Baden-W\u00fcrttemberg Oberst Herbert Schwender Die Orden und Ehrenzeichen der Geschwister &hellip; <\/p>\n<p class=\"link-more\"><a href=\"https:\/\/www.deutsche-gesellschaft-fuer-ordenskunde.de\/DGOWP\/vereinsmagazin\/jahrbucher\/\" class=\"more-link\"><span class=\"screen-reader-text\">\u201eJahrb\u00fccher\u201c <\/span>weiterlesen<\/a><\/p>\n","protected":false},"author":2,"featured_media":0,"parent":135,"menu_order":0,"comment_status":"closed","ping_status":"closed","template":"","meta":{"ngg_post_thumbnail":0,"footnotes":""},"class_list":["post-1053","page","type-page","status-publish","hentry"],"_links":{"self":[{"href":"https:\/\/www.deutsche-gesellschaft-fuer-ordenskunde.de\/DGOWP\/wp-json\/wp\/v2\/pages\/1053","targetHints":{"allow":["GET"]}}],"collection":[{"href":"https:\/\/www.deutsche-gesellschaft-fuer-ordenskunde.de\/DGOWP\/wp-json\/wp\/v2\/pages"}],"about":[{"href":"https:\/\/www.deutsche-gesellschaft-fuer-ordenskunde.de\/DGOWP\/wp-json\/wp\/v2\/types\/page"}],"author":[{"embeddable":true,"href":"https:\/\/www.deutsche-gesellschaft-fuer-ordenskunde.de\/DGOWP\/wp-json\/wp\/v2\/users\/2"}],"replies":[{"embeddable":true,"href":"https:\/\/www.deutsche-gesellschaft-fuer-ordenskunde.de\/DGOWP\/wp-json\/wp\/v2\/comments?post=1053"}],"version-history":[{"count":0,"href":"https:\/\/www.deutsche-gesellschaft-fuer-ordenskunde.de\/DGOWP\/wp-json\/wp\/v2\/pages\/1053\/revisions"}],"up":[{"embeddable":true,"href":"https:\/\/www.deutsche-gesellschaft-fuer-ordenskunde.de\/DGOWP\/wp-json\/wp\/v2\/pages\/135"}],"wp:attachment":[{"href":"https:\/\/www.deutsche-gesellschaft-fuer-ordenskunde.de\/DGOWP\/wp-json\/wp\/v2\/media?parent=1053"}],"curies":[{"name":"wp","href":"https:\/\/api.w.org\/{rel}","templated":true}]}}